{"id":1203,"date":"2022-09-22T08:21:38","date_gmt":"2022-09-22T08:21:38","guid":{"rendered":"https:\/\/labone.vn\/bacterlab\/?page_id=1203"},"modified":"2023-05-30T07:11:42","modified_gmt":"2023-05-30T07:11:42","slug":"recruitment","status":"publish","type":"page","link":"https:\/\/labone.vn\/bacterlab\/en\/recruitment\/","title":{"rendered":"Career"},"content":{"rendered":"<div class=\"row\"  id=\"row-1835282393\">\n\n\t<div id=\"col-2069752128\" class=\"col small-12 large-12\"  >\n\t\t\t\t<div class=\"col-inner\"  >\n\t\t\t\n\t\t\t\n\t<div class=\"img has-hover x md-x lg-x y md-y lg-y\" id=\"image_817278539\">\n\t\t\t\t\t\t\t\t<div class=\"img-inner dark\" >\n\t\t\t<img loading=\"lazy\" decoding=\"async\" width=\"1465\" height=\"460\" src=\"https:\/\/labone.vn\/bacterlab\/wp-content\/uploads\/2022\/10\/icon-tuyen-dung-phong-thi-nghiem.png\" class=\"attachment-original size-original\" alt=\"\" srcset=\"https:\/\/labone.vn\/bacterlab\/wp-content\/uploads\/2022\/10\/icon-tuyen-dung-phong-thi-nghiem.png 1465w, https:\/\/labone.vn\/bacterlab\/wp-content\/uploads\/2022\/10\/icon-tuyen-dung-phong-thi-nghiem-600x188.png 600w, https:\/\/labone.vn\/bacterlab\/wp-content\/uploads\/2022\/10\/icon-tuyen-dung-phong-thi-nghiem-1000x314.png 1000w, https:\/\/labone.vn\/bacterlab\/wp-content\/uploads\/2022\/10\/icon-tuyen-dung-phong-thi-nghiem-768x241.png 768w, https:\/\/labone.vn\/bacterlab\/wp-content\/uploads\/2022\/10\/icon-tuyen-dung-phong-thi-nghiem-100x31.png 100w\" sizes=\"auto, (max-width: 1465px) 100vw, 1465px\" \/>\t\t\t\t\t\t\n\t\t\t\t\t<\/div>\n\t\t\t\t\t\t\t\t\n<style>\n#image_817278539 {\n  width: 100%;\n}\n<\/style>\n\t<\/div>\n\t\n\t\t<\/div>\n\t\t\t\t\t<\/div>\n\n\t\n<\/div>\n\n\t\t<div class=\"tabbed-content\">\n\t\t\t\n\t\t\t<ul class=\"nav nav-tabs nav-normal nav-size-normal nav-left\"><li class=\"tab active has-icon\"><a href=\"#tab_ch\u00fang-t\u00f4i-l\u00e0-ai?\"><span>Ch\u00fang t\u00f4i l\u00e0 ai?<\/span><\/a><\/li>\n<li class=\"tab has-icon\"><a href=\"#tab_ch\u00fang-t\u00f4i-l\u00e0m-vi\u1ec7c-th\u1ebf-n\u00e0o?\"><span>Ch\u00fang t\u00f4i l\u00e0m vi\u1ec7c th\u1ebf n\u00e0o?<\/span><\/a><\/li>\n<li class=\"tab has-icon\"><a href=\"#tab_c\u00f4ng-vi\u1ec7c-b\u1ea1n-mu\u1ed1n-\u1ee9ng-tuy\u1ec3n\"><span>C\u00f4ng vi\u1ec7c b\u1ea1n mu\u1ed1n \u1ee9ng tuy\u1ec3n<\/span><\/a><\/li>\n<li class=\"tab has-icon\"><a href=\"#tab_n\u01a1i-b\u1ea1n-l\u00e0m-vi\u1ec7c\"><span>N\u01a1i b\u1ea1n l\u00e0m vi\u1ec7c<\/span><\/a><\/li><\/ul><div class=\"tab-panels\"><div class=\"panel active entry-content\" id=\"tab_ch\u00fang-t\u00f4i-l\u00e0-ai?\">\n<p style=\"text-align: justify;\">Bacterlab l\u00e0 b\u1ed9 ph\u00e2n c\u1ee7a C\u00f4ng ty TNHH Thi\u1ebft b\u1ecb Khoa H\u1ecdc LABone chuy\u00ean v\u1ec1 m\u00f4i tr\u01b0\u1eddng nu\u00f4i c\u1ea5y vi khu\u1ea9n, thu\u1ed1c th\u1eed, b\u1ed9 \u0111\u1ecbnh danh vi sinh v\u1eadt, kh\u00e1ng sinh \u0111\u1ed3, b\u1ed9 d\u1ee5ng c\u1ee5 nh\u1eadn d\u1ea1ng nhanh \u0111\u1ec3 x\u00e9t nghi\u1ec7m vi sinh trong c\u00e1c ph\u00f2ng th\u00ed nghi\u1ec7m l\u00e2m s\u00e0ng, nghi\u00ean c\u1ee9u v\u00e0 c\u00f4ng nghi\u1ec7p th\u1ef1c ph\u1ea9m, th\u00fa \u00fd, thu\u1ef7 s\u1ea3n,\u2026<\/p>\n<p style=\"text-align: justify;\">\u201c<strong>Con ng\u01b0\u1eddi l\u00e0 ch\u00eca kh\u00f3a c\u1ee7a th\u00e0nh c\u00f4ng<\/strong>\u201d \u2013 T\u00e0i s\u1ea3n l\u1edbn nh\u1ea5t c\u1ee7a\u00a0<strong>Bacterlab<\/strong> l\u00e0 ngu\u1ed3n nh\u00e2n l\u1ef1c. Do v\u1eady ch\u00fang t\u00f4i lu\u00f4n quan t\u00e2m x\u00e2y d\u1ef1ng \u0111\u1ed9i ng\u0169 C\u00e1n b\u1ed9 qu\u1ea3n l\u00fd v\u00e0 nh\u00e2n vi\u00ean chuy\u00ean nghi\u1ec7p \u0111\u1ec3 \u0111\u01b0a Bacterlab tr\u1edf th\u00e0nh th\u01b0\u01a1ng hi\u1ec7u h\u00e0ng \u0111\u1ea7u trong l\u0129nh v\u1ef1c c\u00f4ng ngh\u1ec7 sinh h\u1ecdc. V\u00ec v\u1eady, Ch\u00fang lu\u00f4n t\u1ea1o m\u1ed9t m\u00f4i tr\u01b0\u1eddng l\u00e0m vi\u1ec7c chuy\u00ean nghi\u1ec7p v\u00e0 tr\u00e1ch nhi\u1ec7m v\u1edbi nh\u00e2n vi\u00ean c\u1ee7a m\u00ecnh. V\u00e0 vi\u1ec7c tuy\u1ec3n d\u1ee5ng di\u1ec5n ra li\u00ean t\u1ee5c v\u00e0 n\u1ebfu b\u1ea1n mu\u1ed1n tham gia v\u00e0o Bacterlab v\u1edbi mong mu\u1ed1n \u1ee9ng tuy\u1ec3n v\u00e0 ph\u1ecfng v\u1ea5n vui l\u00f2ng email: info@labone.vn ho\u1eb7c g\u1ecdi \u0111i\u1ec7n tho\u1ea1i 0919 990 267<\/p>\n<\/div>\n<div class=\"panel entry-content\" id=\"tab_ch\u00fang-t\u00f4i-l\u00e0m-vi\u1ec7c-th\u1ebf-n\u00e0o?\">\n<p style=\"text-align: justify;\">T\u1ea1i\u00a0<strong>Bacterlab<\/strong>\u00a0t\u1ea5t c\u1ea3 v\u00ec m\u1ee5c ti\u00eau chung mang l\u1ea1i s\u1ea3n ph\u1ea9m t\u1ed1t nh\u1ea5t, gi\u00e1 th\u00e0nh c\u1ea1nh tranh, d\u1ecbch v\u1ee5 t\u1ed1t nh\u1ea5t cho kh\u00e1ch h\u00e0ng. V\u00e0 \u0111\u1ed3ng th\u1eddi \u0111\u1ea3m b\u1ea3o to\u00e0n b\u1ed9 nh\u00e2n vi\u00ean c\u00f3 c\u01a1 h\u1ed9i ph\u00e1t tri\u1ec3n s\u1ef1 nghi\u1ec7p, c\u00f3 cu\u1ed9c s\u1ed1ng t\u1ed1t nh\u1ea5t v\u00e0 th\u1ea3o nh\u1eefng \u0111am m\u00ea \u0111\u1ec3 cho cu\u1ed9c s\u1ed1ng \u0111\u1ea7y \u00fd ngh\u0129a h\u01a1n.<\/p>\n<div class=\"row row-full-width align-equal row-dashed\"  id=\"row-982299414\">\n\n\t<div id=\"col-1897192609\" class=\"col medium-3 small-12 large-3\"  >\n\t\t\t\t<div class=\"col-inner\"  >\n\t\t\t\n\t\t\t\n\t<div class=\"img has-hover x md-x lg-x y md-y lg-y\" id=\"image_1393434037\">\n\t\t\t\t\t\t\t\t<div class=\"img-inner dark\" >\n\t\t\t<img loading=\"lazy\" decoding=\"async\" width=\"629\" height=\"420\" src=\"https:\/\/labone.vn\/bacterlab\/wp-content\/uploads\/2022\/10\/a-629x420-1.jpeg\" class=\"attachment-large size-large\" alt=\"\" srcset=\"https:\/\/labone.vn\/bacterlab\/wp-content\/uploads\/2022\/10\/a-629x420-1.jpeg 629w, https:\/\/labone.vn\/bacterlab\/wp-content\/uploads\/2022\/10\/a-629x420-1-600x401.jpeg 600w, https:\/\/labone.vn\/bacterlab\/wp-content\/uploads\/2022\/10\/a-629x420-1-100x67.jpeg 100w\" sizes=\"auto, (max-width: 629px) 100vw, 629px\" \/>\t\t\t\t\t\t\n\t\t\t\t\t<\/div>\n\t\t\t\t\t\t\t\t\n<style>\n#image_1393434037 {\n  width: 100%;\n}\n<\/style>\n\t<\/div>\n\t\n\t\t<\/div>\n\t\t\t\t\t<\/div>\n\n\t\n\n\t<div id=\"col-1911860044\" class=\"col medium-9 small-12 large-9\"  >\n\t\t\t\t<div class=\"col-inner\"  >\n\t\t\t\n\t\t\t\n<p style=\"text-align: justify;\"><strong>C\u1ea3i ti\u1ebfn s\u1ea3n ph\u1ea9m m\u1ed7i ng\u00e0y<br \/><\/strong>Ch\u00fang t\u00f4i bi\u1ebft r\u1eb1ng \u0111\u1ec3 s\u1ea3n ph\u1ea9m ng\u00e0y \u0111\u01b0\u1ee3c t\u1ed1t h\u01a1n v\u1ec1 ch\u1ea5t l\u01b0\u1ee3ng,ki\u1ec3u d\u00e1ng, d\u1ecbch v\u1ee5,..v\u00e0 ng\u00e0y c\u00e0ng c\u1ea1nh tranh tr\u00ean th\u1ebf gi\u1edbi c\u0169ng nh\u01b0 thay \u0111\u1ed5i c\u00f4ng ngh\u1ec7 h\u00e0ng ng\u00e0y. V\u00ec v\u1eady, to\u00e0n b\u1ed9 nh\u00e2n vi\u00ean c\u1ee7a Bacterlab kh\u00f4ng ng\u1eebng c\u1ea3i ti\u1ebfn c\u00f4ng ngh\u1ec7 s\u1ea3n xu\u1ea5t, s\u1ea3n ph\u1ea9m v\u00e0 ki\u1ec3u d\u00e1n. T\u1ea1i Bacterlab lu\u00f4n lu\u00f4n m\u1ed7i n\u0103m c\u00f3 2 cu\u1ed9c thi v\u1ec1 c\u1ea3i ti\u1ebfn s\u1ea3n ph\u1ea9m, s\u1ea3n xu\u1ea5t v\u00e0 d\u1ecbch v\u1ee5 nh\u1eb1m n\u00e2ng cao t\u00ednh s\u00e1ng t\u1ea1o cho to\u00e0n b\u1ed9 nh\u00e2n vi\u00ean<\/p>\n\t\t<\/div>\n\t\t\t\t\t<\/div>\n\n\t\n\n<style>\n#row-982299414 > .col > .col-inner {\n  background-color: rgb(227, 227, 227);\n}\n<\/style>\n<\/div>\n\t<div id=\"gap-526727867\" class=\"gap-element clearfix\" style=\"display:block; height:auto;\">\n\t\t\n<style>\n#gap-526727867 {\n  padding-top: 10px;\n}\n<\/style>\n\t<\/div>\n\t\n<div class=\"row row-full-width align-equal row-dashed\"  id=\"row-987081195\">\n\n\t<div id=\"col-886531240\" class=\"col medium-3 small-12 large-3\"  >\n\t\t\t\t<div class=\"col-inner\"  >\n\t\t\t\n\t\t\t\n\t<div class=\"img has-hover x md-x lg-x y md-y lg-y\" id=\"image_1123707551\">\n\t\t\t\t\t\t\t\t<div class=\"img-inner dark\" >\n\t\t\t<img loading=\"lazy\" decoding=\"async\" width=\"640\" height=\"640\" src=\"https:\/\/labone.vn\/bacterlab\/wp-content\/uploads\/2022\/10\/pngtree-handshake-vector-background-material-image_124931.jpg\" class=\"attachment-large size-large\" alt=\"\" srcset=\"https:\/\/labone.vn\/bacterlab\/wp-content\/uploads\/2022\/10\/pngtree-handshake-vector-background-material-image_124931.jpg 640w, https:\/\/labone.vn\/bacterlab\/wp-content\/uploads\/2022\/10\/pngtree-handshake-vector-background-material-image_124931-600x600.jpg 600w, https:\/\/labone.vn\/bacterlab\/wp-content\/uploads\/2022\/10\/pngtree-handshake-vector-background-material-image_124931-100x100.jpg 100w, https:\/\/labone.vn\/bacterlab\/wp-content\/uploads\/2022\/10\/pngtree-handshake-vector-background-material-image_124931-500x500.jpg 500w\" sizes=\"auto, (max-width: 640px) 100vw, 640px\" \/>\t\t\t\t\t\t\n\t\t\t\t\t<\/div>\n\t\t\t\t\t\t\t\t\n<style>\n#image_1123707551 {\n  width: 100%;\n}\n<\/style>\n\t<\/div>\n\t\n\t\t<\/div>\n\t\t\t\t\t<\/div>\n\n\t\n\n\t<div id=\"col-1641449731\" class=\"col medium-9 small-12 large-9\"  >\n\t\t\t\t<div class=\"col-inner\"  >\n\t\t\t\n\t\t\t\n<p style=\"text-align: justify;\"><strong>C\u00f9ng nhau ph\u00e1t tri\u1ec3n v\u00e0 tr\u01b0\u1edfng th\u00e0nh<br \/><\/strong>T\u1ea1i Bacterlab, t\u1ea5t c\u1ea3 nh\u00e2n vi\u00ean \u0111\u01b0\u1ee3c \u0111\u00e0o t\u1ea1o n\u00e2ng cao tay ngh\u1ec1 nghi\u1ec7p v\u1ee5 h\u00e0ng ng\u00e0y v\u00e0 \u0111\u01b0\u1ee3c ch\u1ec9 d\u1eabn nhi\u1ec7t t\u00ecnh c\u1ee7a c\u00e1c nh\u00e2n vi\u00ean, chuy\u00ean gia c\u00f3 kinh nghi\u1ec7m. \u0110\u01b0\u1ee3c m\u1eddi c\u00e1c chuy\u00ean gia h\u00e0ng \u0111\u1ea7u v\u1ec1 \u0111\u00e0o t\u1ea1o b\u1ed5 sung c\u00e1i m\u1edbi<\/p>\n\t\t<\/div>\n\t\t\t\t\t<\/div>\n\n\t\n\n<style>\n#row-987081195 > .col > .col-inner {\n  background-color: rgb(227, 227, 227);\n}\n<\/style>\n<\/div>\n<div class=\"row\"  id=\"row-387371935\">\n\n\t<div id=\"col-1364843300\" class=\"col small-12 large-12\"  >\n\t\t\t\t<div class=\"col-inner\"  >\n\t\t\t\n\t\t\t\n<p style=\"text-align: justify;\">\u201c<strong>Con ng\u01b0\u1eddi l\u00e0 ch\u00eca kh\u00f3a c\u1ee7a th\u00e0nh c\u00f4ng<\/strong>\u201d \u2013 T\u00e0i s\u1ea3n l\u1edbn nh\u1ea5t c\u1ee7a\u00a0<strong>Bacterlab<\/strong> l\u00e0 ngu\u1ed3n nh\u00e2n l\u1ef1c. Do v\u1eady ch\u00fang t\u00f4i lu\u00f4n quan t\u00e2m x\u00e2y d\u1ef1ng \u0111\u1ed9i ng\u0169 C\u00e1n b\u1ed9 qu\u1ea3n l\u00fd v\u00e0 nh\u00e2n vi\u00ean chuy\u00ean nghi\u1ec7p \u0111\u1ec3 \u0111\u01b0a <strong>Bacterlab<\/strong> tr\u1edf th\u00e0nh th\u01b0\u01a1ng hi\u1ec7u h\u00e0ng \u0111\u1ea7u trong l\u0129nh v\u1ef1c c\u00f4ng ngh\u1ec7 sinh h\u1ecdc. V\u00ec v\u1eady, Ch\u00fang lu\u00f4n t\u1ea1o m\u1ed9t m\u00f4i tr\u01b0\u1eddng l\u00e0m vi\u1ec7c chuy\u00ean nghi\u1ec7p v\u00e0 tr\u00e1ch nhi\u1ec7m v\u1edbi nh\u00e2n vi\u00ean c\u1ee7a m\u00ecnh. V\u00e0 vi\u1ec7c tuy\u1ec3n d\u1ee5ng di\u1ec5n ra li\u00ean t\u1ee5c v\u00e0 n\u1ebfu b\u1ea1n mu\u1ed1n tham gia v\u00e0o <strong>Bacterlab<\/strong> v\u1edbi mong mu\u1ed1n \u1ee9ng tuy\u1ec3n v\u00e0 ph\u1ecfng v\u1ea5n vui l\u00f2ng email: info@labone.vn\u00a0ho\u1eb7c g\u1ecdi \u0111i\u1ec7n tho\u1ea1i 0919 990 267<\/p>\n\t\t<\/div>\n\t\t\t\t\t<\/div>\n\n\t\n<\/div>\n<\/div>\n<div class=\"panel entry-content\" id=\"tab_c\u00f4ng-vi\u1ec7c-b\u1ea1n-mu\u1ed1n-\u1ee9ng-tuy\u1ec3n\">\n<p style=\"text-align: justify;\">\u0110\u1ec3 th\u00e0nh c\u00f4ng v\u00e0 h\u1ea1nh ph\u00fac trong t\u01b0\u01a1ng l\u1ea1i th\u00ec vi\u1ec7c l\u1ef1a ch\u1ecdn c\u00f4ng vi\u1ec7c ph\u00f9 h\u1ee3p v\u1edbi chuy\u00ean m\u00f4n, tr\u00ecnh \u0111\u1ed9, n\u0103ng l\u1ef1c, s\u1edf th\u00edch,\u2026l\u00e0 quan tr\u1ecdng nh\u1ea5t. Ch\u00fang t\u00f4i m\u1eddi b\u1ea1n t\u00ecm hi\u1ec3u c\u00e1c v\u1ecb tr\u00ed sau v\u00e0 xem b\u1ea1n ph\u00f9 h\u1ee3p v\u1edbi v\u1ecb tr\u00ed n\u00e0o.<\/p>\n<div class=\"row row-small align-equal row-dashed\"  id=\"row-957300575\">\n\n\t<div id=\"col-152825174\" class=\"col medium-3 small-12 large-3\"  >\n\t\t\t\t<div class=\"col-inner\"  >\n\t\t\t\n\t\t\t\n\t<div class=\"img has-hover x md-x lg-x y md-y lg-y\" id=\"image_240442289\">\n\t\t\t\t\t\t\t\t<div class=\"img-inner dark\" >\n\t\t\t<img loading=\"lazy\" decoding=\"async\" width=\"900\" height=\"900\" src=\"https:\/\/labone.vn\/bacterlab\/wp-content\/uploads\/2022\/10\/hinh-anh-background-tuyen-dung_060000554.jpg\" class=\"attachment-large size-large\" alt=\"\" srcset=\"https:\/\/labone.vn\/bacterlab\/wp-content\/uploads\/2022\/10\/hinh-anh-background-tuyen-dung_060000554.jpg 900w, https:\/\/labone.vn\/bacterlab\/wp-content\/uploads\/2022\/10\/hinh-anh-background-tuyen-dung_060000554-600x600.jpg 600w, https:\/\/labone.vn\/bacterlab\/wp-content\/uploads\/2022\/10\/hinh-anh-background-tuyen-dung_060000554-100x100.jpg 100w, https:\/\/labone.vn\/bacterlab\/wp-content\/uploads\/2022\/10\/hinh-anh-background-tuyen-dung_060000554-500x500.jpg 500w, https:\/\/labone.vn\/bacterlab\/wp-content\/uploads\/2022\/10\/hinh-anh-background-tuyen-dung_060000554-768x768.jpg 768w\" sizes=\"auto, (max-width: 900px) 100vw, 900px\" \/>\t\t\t\t\t\t\n\t\t\t\t\t<\/div>\n\t\t\t\t\t\t\t\t\n<style>\n#image_240442289 {\n  width: 100%;\n}\n<\/style>\n\t<\/div>\n\t\n\t\t<\/div>\n\t\t\t\t\t<\/div>\n\n\t\n\n\t<div id=\"col-712829310\" class=\"col medium-9 small-12 large-9\"  >\n\t\t\t\t<div class=\"col-inner\"  >\n\t\t\t\n\t\t\t\n<p style=\"text-align: justify;\"><strong>Ph\u00f2ng nghi\u00ean c\u1ee9u v\u00e0 ph\u00e1t tri\u1ec3n s\u1ea3n ph\u1ea9m(R&amp;D)<\/strong><\/p>\n<p style=\"text-align: justify;\">V\u1ecb tr\u00ed tr\u01b0\u1edfng nh\u00f3m, chuy\u00ean vi\u00ean cho l\u0129nh v\u1ef1c sinh h\u1ecdc ph\u00e2n t\u1eed<\/p>\n<p style=\"text-align: justify;\">Tr\u00ecnh \u0111\u1ed9: th\u1ea1c s\u1ef9 v\u00e0 Ti\u1ebfn s\u1ef9(\u01b0u ti\u00ean)<\/p>\n\t\t<\/div>\n\t\t\t\t\t<\/div>\n\n\t\n\n<style>\n#row-957300575 > .col > .col-inner {\n  background-color: rgb(241, 241, 241);\n}\n<\/style>\n<\/div>\n\t<div id=\"gap-1486173725\" class=\"gap-element clearfix\" style=\"display:block; height:auto;\">\n\t\t\n<style>\n#gap-1486173725 {\n  padding-top: 10px;\n}\n<\/style>\n\t<\/div>\n\t\n<div class=\"row row-small align-equal row-dashed\"  id=\"row-451821497\">\n\n\t<div id=\"col-54996535\" class=\"col medium-3 small-12 large-3\"  >\n\t\t\t\t<div class=\"col-inner\"  >\n\t\t\t\n\t\t\t\n\t<div class=\"img has-hover x md-x lg-x y md-y lg-y\" id=\"image_1129031995\">\n\t\t\t\t\t\t\t\t<div class=\"img-inner dark\" >\n\t\t\t<img loading=\"lazy\" decoding=\"async\" width=\"900\" height=\"900\" src=\"https:\/\/labone.vn\/bacterlab\/wp-content\/uploads\/2022\/10\/hinh-anh-background-tuyen-dung_060000554.jpg\" class=\"attachment-large size-large\" alt=\"\" srcset=\"https:\/\/labone.vn\/bacterlab\/wp-content\/uploads\/2022\/10\/hinh-anh-background-tuyen-dung_060000554.jpg 900w, https:\/\/labone.vn\/bacterlab\/wp-content\/uploads\/2022\/10\/hinh-anh-background-tuyen-dung_060000554-600x600.jpg 600w, https:\/\/labone.vn\/bacterlab\/wp-content\/uploads\/2022\/10\/hinh-anh-background-tuyen-dung_060000554-100x100.jpg 100w, https:\/\/labone.vn\/bacterlab\/wp-content\/uploads\/2022\/10\/hinh-anh-background-tuyen-dung_060000554-500x500.jpg 500w, https:\/\/labone.vn\/bacterlab\/wp-content\/uploads\/2022\/10\/hinh-anh-background-tuyen-dung_060000554-768x768.jpg 768w\" sizes=\"auto, (max-width: 900px) 100vw, 900px\" \/>\t\t\t\t\t\t\n\t\t\t\t\t<\/div>\n\t\t\t\t\t\t\t\t\n<style>\n#image_1129031995 {\n  width: 100%;\n}\n<\/style>\n\t<\/div>\n\t\n\t\t<\/div>\n\t\t\t\t\t<\/div>\n\n\t\n\n\t<div id=\"col-1513224777\" class=\"col medium-9 small-12 large-9\"  >\n\t\t\t\t<div class=\"col-inner\"  >\n\t\t\t\n\t\t\t\n<p style=\"text-align: justify;\"><strong>Ph\u00f2ng Kinh doanh v\u00e0 D\u1ecbch v\u1ee5<\/strong><\/p>\n<p style=\"text-align: justify;\">V\u1ecb tr\u00ed tr\u01b0\u1edfng nh\u00f3m v\u00e0 chuy\u00ean vi\u00ean kinh doanh trong n\u01b0\u1edbc v\u00e0 qu\u1ed1c t\u1ebf l\u0129nh v\u1ef1c sinh h\u1ecdc ph\u00e2n t\u1eed<\/p>\n<p style=\"text-align: justify;\">Tr\u00ecnh \u0111\u1ed9: \u0110\u1ea1i h\u1ecdc, th\u1ea1c s\u1ef9.<\/p>\n<p style=\"text-align: justify;\">Ngo\u1ea1i ng\u1eef: Giao ti\u1ebfp thanh th\u1ea1o ti\u1ebfng anh.<\/p>\n\t\t<\/div>\n\t\t\t\t\t<\/div>\n\n\t\n\n<style>\n#row-451821497 > .col > .col-inner {\n  background-color: rgb(241, 241, 241);\n}\n<\/style>\n<\/div>\n<p>\u201c<strong>Con ng\u01b0\u1eddi l\u00e0 ch\u00eca kh\u00f3a c\u1ee7a th\u00e0nh c\u00f4ng<\/strong>\u201d \u2013 T\u00e0i s\u1ea3n l\u1edbn nh\u1ea5t c\u1ee7a Bacterlab l\u00e0 ngu\u1ed3n nh\u00e2n l\u1ef1c. Do v\u1eady ch\u00fang t\u00f4i lu\u00f4n quan t\u00e2m x\u00e2y d\u1ef1ng \u0111\u1ed9i ng\u0169 C\u00e1n b\u1ed9 qu\u1ea3n l\u00fd v\u00e0 nh\u00e2n vi\u00ean chuy\u00ean nghi\u1ec7p \u0111\u1ec3 \u0111\u01b0a Bacterlab tr\u1edf th\u00e0nh th\u01b0\u01a1ng hi\u1ec7u h\u00e0ng \u0111\u1ea7u trong l\u0129nh v\u1ef1c c\u00f4ng ngh\u1ec7 sinh h\u1ecdc. V\u00ec v\u1eady, Ch\u00fang lu\u00f4n t\u1ea1o m\u1ed9t m\u00f4i tr\u01b0\u1eddng l\u00e0m vi\u1ec7c chuy\u00ean nghi\u1ec7p v\u00e0 tr\u00e1ch nhi\u1ec7m v\u1edbi nh\u00e2n vi\u00ean c\u1ee7a m\u00ecnh. V\u00e0 vi\u1ec7c tuy\u1ec3n d\u1ee5ng di\u1ec5n ra li\u00ean t\u1ee5c v\u00e0 n\u1ebfu b\u1ea1n mu\u1ed1n tham gia v\u00e0o Bacterlab v\u1edbi mong mu\u1ed1n \u1ee9ng tuy\u1ec3n v\u00e0 ph\u1ecfng v\u1ea5n vui l\u00f2ng email: info@labone.vn\u00a0ho\u1eb7c g\u1ecdi \u0111i\u1ec7n tho\u1ea1i 0919 990 267<\/p>\n<\/div>\n<div class=\"panel entry-content\" id=\"tab_n\u01a1i-b\u1ea1n-l\u00e0m-vi\u1ec7c\">\n<p>Bacterlab c\u00f3 3 \u0111\u1ecba ch\u1ec9 l\u00e0m vi\u1ec7c nh\u01b0 sau:<\/p>\n<ul>\n<li><strong>Nh\u00e0 m\u00e1y:<\/strong>\u00a0228\/13\/3 Nguy\u1ec5n Th\u1ecb L\u1eafng, Huy\u1ec7n C\u1ee7 chi, TP. HCM (Ph\u00f2ng R&amp;D)<\/li>\n<li><strong>V\u0103n Ph\u00f2ng Kinh doanh HCM:<\/strong>\u00a023\/30 \u0110\u01b0\u1eddng C1. Ph\u01b0\u1eddng 13, Qu\u1eadn T\u00e2n B\u00ecnh, TP.HCM (Ph\u00f2ng kinh doanh v\u00e0 d\u1ecbch v\u1ee5)<\/li>\n<li><strong>V\u0103n Ph\u00f2ng H\u00e0 N\u1ed9i:<\/strong>\u00a0S\u1ed1 1-Ng\u00e1ch 19\/8 \u2013 Ng\u00f5 19 \u2013 Ph\u1ed1 Tr\u1ea7n Quang Di\u1ec7u, \u00d4 Ch\u1ee3 D\u1eeba, \u0110\u1ed1ng \u0110a, H\u00e0 N\u1ed9i (Ph\u00f2ng Kinh doanh v\u00e0 d\u1ecbch v\u1ee5)<\/li>\n<\/ul>\n<div id=\"row-836565685\" class=\"row\">\n<div id=\"col-432579955\" class=\"col small-12 large-12\">\n<div class=\"col-inner\">\n<p>\u201c<strong>Con ng\u01b0\u1eddi l\u00e0 ch\u00eca kh\u00f3a c\u1ee7a th\u00e0nh c\u00f4ng<\/strong>\u201d \u2013 T\u00e0i s\u1ea3n l\u1edbn nh\u1ea5t c\u1ee7a Bacterlab l\u00e0 ngu\u1ed3n nh\u00e2n l\u1ef1c. Do v\u1eady ch\u00fang t\u00f4i lu\u00f4n quan t\u00e2m x\u00e2y d\u1ef1ng \u0111\u1ed9i ng\u0169 C\u00e1n b\u1ed9 qu\u1ea3n l\u00fd v\u00e0 nh\u00e2n vi\u00ean chuy\u00ean nghi\u1ec7p \u0111\u1ec3 \u0111\u01b0a Bacterlab tr\u1edf th\u00e0nh th\u01b0\u01a1ng hi\u1ec7u h\u00e0ng \u0111\u1ea7u trong l\u0129nh v\u1ef1c c\u00f4ng ngh\u1ec7 sinh h\u1ecdc. V\u00ec v\u1eady, Ch\u00fang lu\u00f4n t\u1ea1o m\u1ed9t m\u00f4i tr\u01b0\u1eddng l\u00e0m vi\u1ec7c chuy\u00ean nghi\u1ec7p v\u00e0 tr\u00e1ch nhi\u1ec7m v\u1edbi nh\u00e2n vi\u00ean c\u1ee7a m\u00ecnh. V\u00e0 vi\u1ec7c tuy\u1ec3n d\u1ee5ng di\u1ec5n ra li\u00ean t\u1ee5c v\u00e0 n\u1ebfu b\u1ea1n mu\u1ed1n tham gia v\u00e0o Bacterlab v\u1edbi mong mu\u1ed1n \u1ee9ng tuy\u1ec3n v\u00e0 ph\u1ecfng v\u1ea5n vui l\u00f2ng email: info@labone.vn\u00a0ho\u1eb7c g\u1ecdi \u0111i\u1ec7n tho\u1ea1i 0919 990 267<\/p>\n<\/div>\n<\/div>\n<\/div>\n<\/div><\/div><\/div>\n","protected":false},"excerpt":{"rendered":"","protected":false},"author":1,"featured_media":0,"parent":0,"menu_order":0,"comment_status":"closed","ping_status":"closed","template":"","meta":{"footnotes":""},"class_list":["post-1203","page","type-page","status-publish","hentry"],"_links":{"self":[{"href":"https:\/\/labone.vn\/bacterlab\/wp-json\/wp\/v2\/pages\/1203","targetHints":{"allow":["GET"]}}],"collection":[{"href":"https:\/\/labone.vn\/bacterlab\/wp-json\/wp\/v2\/pages"}],"about":[{"href":"https:\/\/labone.vn\/bacterlab\/wp-json\/wp\/v2\/types\/page"}],"author":[{"embeddable":true,"href":"https:\/\/labone.vn\/bacterlab\/wp-json\/wp\/v2\/users\/1"}],"replies":[{"embeddable":true,"href":"https:\/\/labone.vn\/bacterlab\/wp-json\/wp\/v2\/comments?post=1203"}],"version-history":[{"count":4,"href":"https:\/\/labone.vn\/bacterlab\/wp-json\/wp\/v2\/pages\/1203\/revisions"}],"predecessor-version":[{"id":1447,"href":"https:\/\/labone.vn\/bacterlab\/wp-json\/wp\/v2\/pages\/1203\/revisions\/1447"}],"wp:attachment":[{"href":"https:\/\/labone.vn\/bacterlab\/wp-json\/wp\/v2\/media?parent=1203"}],"curies":[{"name":"wp","href":"https:\/\/api.w.org\/{rel}","templated":true}]}}