{"id":356,"date":"2022-07-13T04:30:01","date_gmt":"2022-07-13T04:30:01","guid":{"rendered":"https:\/\/labone.vn\/bacterlab\/?page_id=356"},"modified":"2023-05-15T08:16:54","modified_gmt":"2023-05-15T08:16:54","slug":"about-us","status":"publish","type":"page","link":"https:\/\/labone.vn\/bacterlab\/en\/about-us\/","title":{"rendered":"About us"},"content":{"rendered":"\t<section class=\"section\" id=\"section_1100648699\">\n\t\t<div class=\"bg section-bg fill bg-fill  bg-loaded\" >\n\n\t\t\t\n\t\t\t\n\t\t\t\n\n\t\t<\/div>\n\n\t\t<div class=\"section-content relative\">\n\t\t\t\n<div class=\"row\"  id=\"row-1851916456\">\n\n\t<div id=\"col-1821522895\" class=\"col medium-6 small-12 large-6\"  >\n\t\t\t\t<div class=\"col-inner\"  >\n\t\t\t\n\t\t\t\n\t<div class=\"img has-hover x md-x lg-x y md-y lg-y\" id=\"image_2143622940\">\n\t\t\t\t\t\t\t\t<div class=\"img-inner dark\" >\n\t\t\t<img loading=\"lazy\" decoding=\"async\" width=\"1536\" height=\"1058\" src=\"https:\/\/labone.vn\/bacterlab\/wp-content\/uploads\/2023\/05\/DSC6786-1536x1058-1.jpg\" class=\"attachment-original size-original\" alt=\"\" srcset=\"https:\/\/labone.vn\/bacterlab\/wp-content\/uploads\/2023\/05\/DSC6786-1536x1058-1.jpg 1536w, https:\/\/labone.vn\/bacterlab\/wp-content\/uploads\/2023\/05\/DSC6786-1536x1058-1-600x413.jpg 600w, https:\/\/labone.vn\/bacterlab\/wp-content\/uploads\/2023\/05\/DSC6786-1536x1058-1-1000x689.jpg 1000w, https:\/\/labone.vn\/bacterlab\/wp-content\/uploads\/2023\/05\/DSC6786-1536x1058-1-768x529.jpg 768w\" sizes=\"auto, (max-width: 1536px) 100vw, 1536px\" \/>\t\t\t\t\t\t\n\t\t\t\t\t<\/div>\n\t\t\t\t\t\t\t\t\n<style>\n#image_2143622940 {\n  width: 100%;\n}\n<\/style>\n\t<\/div>\n\t\n\t\t<\/div>\n\t\t\t\t\n<style>\n#col-1821522895 > .col-inner {\n  padding: 0px 0px 20px 0px;\n}\n<\/style>\n\t<\/div>\n\n\t\n\n\t<div id=\"col-286987475\" class=\"col medium-6 small-12 large-6\"  >\n\t\t\t\t<div class=\"col-inner\"  >\n\t\t\t\n\t\t\t\n<h2><span style=\"color: #009444;\">V\u1ec1 LabCollect<\/span><\/h2>\n<div class=\"is-divider divider clearfix\" ><\/div>\n<p>LabCollect cam k\u1ebft s\u1ea3n xu\u1ea5t v\u00e0 cung c\u1ea5p c\u00e1c s\u1ea3n ph\u1ea9m y t\u1ebf ch\u1ea5t l\u01b0\u1ee3ng cao, \u0111\u00e1p \u1ee9ng c\u00e1c ti\u00eau chu\u1ea9n v\u00e0 y\u00eau c\u1ea7u c\u1ee7a kh\u00e1ch h\u00e0ng trong l\u0129nh v\u1ef1c y t\u1ebf. C\u00e1c s\u1ea3n ph\u1ea9m c\u1ee7a LabCollect \u0111\u01b0\u1ee3c s\u1ea3n xu\u1ea5t v\u1edbi c\u00e1c ti\u00eau chu\u1ea9n ch\u1ea5t l\u01b0\u1ee3ng cao v\u00e0 \u0111\u01b0\u1ee3c ki\u1ec3m so\u00e1t ch\u1ea5t l\u01b0\u1ee3ng nghi\u00eam ng\u1eb7t, gi\u00fap \u0111\u1ea3m b\u1ea3o t\u00ednh \u0111\u1ed3ng nh\u1ea5t v\u00e0 \u0111\u1ed9 ch\u00ednh x\u00e1c trong qu\u00e1 tr\u00ecnh s\u1eed d\u1ee5ng.V\u1edbi n\u0103ng l\u1ef1c s\u1ea3n xu\u1ea5t h\u00e0ng tri\u1ec7u s\u1ea3n ph\u1ea9m m\u1ed7i th\u00e1ng, LabCollect \u0111\u00e1p \u1ee9ng \u0111\u01b0\u1ee3c nhu c\u1ea7u s\u1ea3n xu\u1ea5t v\u00e0 cung c\u1ea5p c\u00e1c s\u1ea3n ph\u1ea9m y t\u1ebf tr\u00ean to\u00e0n th\u1ebf gi\u1edbi. C\u00f4ng ty \u0111\u00e3 \u0111\u1ea1t \u0111\u01b0\u1ee3c nhi\u1ec1u ch\u1ee9ng nh\u1eadn v\u1ec1 ch\u1ea5t l\u01b0\u1ee3ng s\u1ea3n ph\u1ea9m, bao g\u1ed3m ch\u1ee9ng nh\u1eadn ISO9001, ISO 13485 v\u00e0 CE, gi\u00fap \u0111\u1ea3m b\u1ea3o r\u1eb1ng c\u00e1c s\u1ea3n ph\u1ea9m \u0111\u00e1p \u1ee9ng \u0111\u01b0\u1ee3c c\u00e1c ti\u00eau chu\u1ea9n v\u00e0 y\u00eau c\u1ea7u c\u1ee7a c\u00e1c c\u01a1 quan qu\u1ea3n l\u00fd.<\/p>\n\t\t<\/div>\n\t\t\t\t\t<\/div>\n\n\t\n<\/div>\n<div class=\"row\"  id=\"row-404426887\">\n\n\t<div id=\"col-1593635199\" class=\"col small-12 large-12\"  >\n\t\t\t\t<div class=\"col-inner\"  >\n\t\t\t\n\t\t\t\n<div class=\"row row-small align-center\"  id=\"row-758855039\">\n\n\t<div id=\"col-900379321\" class=\"col medium-4 small-12 large-4\"  >\n\t\t\t\t<div class=\"col-inner\"  >\n\t\t\t\n\t\t\t\n<div class=\"row align-middle\"  id=\"row-400742290\">\n\n\t<div id=\"col-1278105781\" class=\"col small-12 large-12\"  >\n\t\t\t\t<div class=\"col-inner text-center\"  >\n\t\t\t\n\t\t\t\n\t<div class=\"img has-hover x md-x lg-x y md-y lg-y\" id=\"image_1201950807\">\n\t\t\t\t\t\t\t\t<div class=\"img-inner dark\" >\n\t\t\t<img loading=\"lazy\" decoding=\"async\" width=\"1536\" height=\"1536\" src=\"https:\/\/labone.vn\/bacterlab\/wp-content\/uploads\/2023\/05\/icon-8-03-1536x1536-1.png\" class=\"attachment-original size-original\" alt=\"\" srcset=\"https:\/\/labone.vn\/bacterlab\/wp-content\/uploads\/2023\/05\/icon-8-03-1536x1536-1.png 1536w, https:\/\/labone.vn\/bacterlab\/wp-content\/uploads\/2023\/05\/icon-8-03-1536x1536-1-600x600.png 600w, https:\/\/labone.vn\/bacterlab\/wp-content\/uploads\/2023\/05\/icon-8-03-1536x1536-1-100x100.png 100w, https:\/\/labone.vn\/bacterlab\/wp-content\/uploads\/2023\/05\/icon-8-03-1536x1536-1-1000x1000.png 1000w, https:\/\/labone.vn\/bacterlab\/wp-content\/uploads\/2023\/05\/icon-8-03-1536x1536-1-500x500.png 500w, https:\/\/labone.vn\/bacterlab\/wp-content\/uploads\/2023\/05\/icon-8-03-1536x1536-1-768x768.png 768w\" sizes=\"auto, (max-width: 1536px) 100vw, 1536px\" \/>\t\t\t\t\t\t\n\t\t\t\t\t<\/div>\n\t\t\t\t\t\t\t\t\n<style>\n#image_1201950807 {\n  width: 50%;\n}\n<\/style>\n\t<\/div>\n\t\n\t<div id=\"text-375745910\" class=\"text\">\n\t\t\n<h1><span style=\"color: #ffffff;\">CH\u1ea4T L\u01af\u1ee2NG<\/span><\/h1>\n\t\t\n<style>\n#text-375745910 {\n  font-size: 0.75rem;\n  color: rgb(255, 255, 255);\n}\n#text-375745910 > * {\n  color: rgb(255, 255, 255);\n}\n<\/style>\n\t<\/div>\n\t\n<span style=\"color: #ffffff;\">Nh\u00e0 m\u00e1y s\u1ea3n xu\u1ea5t c\u1ee7a ch\u00fang t\u00f4i \u0111\u01b0\u1ee3c ch\u1ee9ng nh\u1eadn ISO 9001, ISO 13485\u00a0v\u00e0 \u0111\u00e3 \u0111\u0103ng k\u00fd\u00a0CE IVD mark. V\u00ec v\u1eady ch\u00fang t\u00f4i tu\u00e2n th\u1ee7 c\u00e1c nguy\u00ean t\u1eafc ch\u1ea5t l\u01b0\u1ee3ng nghi\u00eam ng\u1eb7t nh\u1ea5t n\u00ean c\u00e1c kh\u00e1ch h\u00e0ng y\u00ean t\u00e2m v\u1ec1 ch\u1ea5t l\u01b0\u1ee3ng v\u00e0 \u0111\u1ed9 \u1ed5n \u0111\u1ecbnh c\u1ee7a s\u1ea3n ph\u1ea9m ch\u00fang t\u00f4i s\u1ea3n xu\u1ea5t.<\/span><\/p>\n\t\t<\/div>\n\t\t\t\t\t<\/div>\n\n\t\n<\/div>\n\t\t<\/div>\n\t\t\t\t\t<\/div>\n\n\t\n\n\t<div id=\"col-1937507572\" class=\"col medium-4 small-12 large-4\"  >\n\t\t\t\t<div class=\"col-inner\"  >\n\t\t\t\n\t\t\t\n<div class=\"row align-middle\"  id=\"row-675228837\">\n\n\t<div id=\"col-1446076000\" class=\"col small-12 large-12\"  >\n\t\t\t\t<div class=\"col-inner text-center\"  >\n\t\t\t\n\t\t\t\n\t<div class=\"img has-hover x md-x lg-x y md-y lg-y\" id=\"image_1804925183\">\n\t\t\t\t\t\t\t\t<div class=\"img-inner dark\" >\n\t\t\t<img loading=\"lazy\" decoding=\"async\" width=\"1536\" height=\"1536\" src=\"https:\/\/labone.vn\/bacterlab\/wp-content\/uploads\/2023\/05\/icon-6-03-1536x1536-1.png\" class=\"attachment-original size-original\" alt=\"\" srcset=\"https:\/\/labone.vn\/bacterlab\/wp-content\/uploads\/2023\/05\/icon-6-03-1536x1536-1.png 1536w, https:\/\/labone.vn\/bacterlab\/wp-content\/uploads\/2023\/05\/icon-6-03-1536x1536-1-600x600.png 600w, https:\/\/labone.vn\/bacterlab\/wp-content\/uploads\/2023\/05\/icon-6-03-1536x1536-1-100x100.png 100w, https:\/\/labone.vn\/bacterlab\/wp-content\/uploads\/2023\/05\/icon-6-03-1536x1536-1-1000x1000.png 1000w, https:\/\/labone.vn\/bacterlab\/wp-content\/uploads\/2023\/05\/icon-6-03-1536x1536-1-500x500.png 500w, https:\/\/labone.vn\/bacterlab\/wp-content\/uploads\/2023\/05\/icon-6-03-1536x1536-1-768x768.png 768w\" sizes=\"auto, (max-width: 1536px) 100vw, 1536px\" \/>\t\t\t\t\t\t\n\t\t\t\t\t<\/div>\n\t\t\t\t\t\t\t\t\n<style>\n#image_1804925183 {\n  width: 50%;\n}\n<\/style>\n\t<\/div>\n\t\n\t<div id=\"text-3311958802\" class=\"text\">\n\t\t\n<h1><strong>N\u0102NG L\u1ef0C NH\u00c0 M\u00c1Y<\/strong><\/h1>\n\t\t\n<style>\n#text-3311958802 {\n  font-size: 0.75rem;\n  color: rgb(255, 255, 255);\n}\n#text-3311958802 > * {\n  color: rgb(255, 255, 255);\n}\n<\/style>\n\t<\/div>\n\t\n<span style=\"color: #ffffff;\">Ch\u00fang t\u00f4i c\u00f3 5 ph\u00f2ng s\u1ea1ch \u0111\u1ea1t ISO 6 v\u00e0 ISO 7. C\u00f9ng v\u1edbi 4 h\u1ec7 th\u1ed1ng chi\u1ebft r\u00f3t, \u0111\u00f3ng g\u00f3i t\u1ef1 \u0111\u1ed9ng ho\u00e0n to\u00e0n. Ph\u00f2ng Th\u00ed nghi\u1ec7m QC hi\u1ec7n \u0111\u1ea1i. Trang b\u1ecb kho l\u1ea1nh l\u01b0u tr\u1eef s\u1ea3n ph\u1ea9m theo c\u00e1c ti\u00eau chu\u1ea9n GMP.\u00a0<\/span><\/p>\n\t\t<\/div>\n\t\t\t\t\t<\/div>\n\n\t\n<\/div>\n\t\t<\/div>\n\t\t\t\t\t<\/div>\n\n\t\n\n\t<div id=\"col-26983178\" class=\"col medium-4 small-12 large-4\"  >\n\t\t\t\t<div class=\"col-inner\"  >\n\t\t\t\n\t\t\t\n<div class=\"row align-middle\"  id=\"row-835918328\">\n\n\t<div id=\"col-451008648\" class=\"col small-12 large-12\"  >\n\t\t\t\t<div class=\"col-inner text-center\"  >\n\t\t\t\n\t\t\t\n\t<div class=\"img has-hover x md-x lg-x y md-y lg-y\" id=\"image_133874479\">\n\t\t\t\t\t\t\t\t<div class=\"img-inner dark\" >\n\t\t\t<img loading=\"lazy\" decoding=\"async\" width=\"1536\" height=\"1536\" src=\"https:\/\/labone.vn\/bacterlab\/wp-content\/uploads\/2023\/05\/icon-07-03-1536x1536-1.png\" class=\"attachment-original size-original\" alt=\"\" srcset=\"https:\/\/labone.vn\/bacterlab\/wp-content\/uploads\/2023\/05\/icon-07-03-1536x1536-1.png 1536w, https:\/\/labone.vn\/bacterlab\/wp-content\/uploads\/2023\/05\/icon-07-03-1536x1536-1-600x600.png 600w, https:\/\/labone.vn\/bacterlab\/wp-content\/uploads\/2023\/05\/icon-07-03-1536x1536-1-100x100.png 100w, https:\/\/labone.vn\/bacterlab\/wp-content\/uploads\/2023\/05\/icon-07-03-1536x1536-1-1000x1000.png 1000w, https:\/\/labone.vn\/bacterlab\/wp-content\/uploads\/2023\/05\/icon-07-03-1536x1536-1-500x500.png 500w, https:\/\/labone.vn\/bacterlab\/wp-content\/uploads\/2023\/05\/icon-07-03-1536x1536-1-768x768.png 768w\" sizes=\"auto, (max-width: 1536px) 100vw, 1536px\" \/>\t\t\t\t\t\t\n\t\t\t\t\t<\/div>\n\t\t\t\t\t\t\t\t\n<style>\n#image_133874479 {\n  width: 50%;\n}\n<\/style>\n\t<\/div>\n\t\n\t<div id=\"text-3657097524\" class=\"text\">\n\t\t\n<h1><strong>C\u00d4NG XU\u1ea4T NH\u00c0 M\u00c1Y<\/strong><\/h1>\n\t\t\n<style>\n#text-3657097524 {\n  font-size: 0.75rem;\n  color: rgb(255, 255, 255);\n}\n#text-3657097524 > * {\n  color: rgb(255, 255, 255);\n}\n<\/style>\n\t<\/div>\n\t\n<span style=\"color: #ffffff;\">Trang b\u1ecb h\u1ec7 th\u1ed1ng m\u00e1y m\u00f3c thi\u1ebft b\u1ecb t\u1ef1 \u0111\u1ed9ng v\u00e0 \u0111\u1ed3ng b\u1ed9 v\u1edbi vi\u1ec7c c\u00f3 5 ph\u00f2ng s\u1ea1ch theo ISO 7&amp;8. Ch\u00fang t\u00f4i c\u00f3 th\u1ec3 \u0111\u00e1p \u1ee9ng \u0111\u1ea7y \u0111\u1ee7 y\u00eau c\u1ea7u c\u1ee7a qu\u00fd kh\u00e1ch m\u1ed9t c\u00e1ch nhanh ch\u00f3ng v\u00e0 ti\u1ec7n l\u1ee3i nh\u1ea5t.<\/span><\/p>\n\t\t<\/div>\n\t\t\t\t\t<\/div>\n\n\t\n<\/div>\n\t\t<\/div>\n\t\t\t\t\t<\/div>\n\n\t\n<\/div>\n\t\t<\/div>\n\t\t\t\t\t<\/div>\n\n\t\n\n<style>\n#row-404426887 > .col > .col-inner {\n  padding: 10px 0px 0px 0px;\n  background-color: rgb(0, 148, 68);\n}\n<\/style>\n<\/div>\n\t\t<\/div>\n\n\t\t\n<style>\n#section_1100648699 {\n  padding-top: 30px;\n  padding-bottom: 30px;\n}\n<\/style>\n\t<\/section>\n\t\n","protected":false},"excerpt":{"rendered":"","protected":false},"author":1,"featured_media":0,"parent":0,"menu_order":0,"comment_status":"closed","ping_status":"closed","template":"page-blank.php","meta":{"footnotes":""},"class_list":["post-356","page","type-page","status-publish","hentry"],"_links":{"self":[{"href":"https:\/\/labone.vn\/bacterlab\/wp-json\/wp\/v2\/pages\/356","targetHints":{"allow":["GET"]}}],"collection":[{"href":"https:\/\/labone.vn\/bacterlab\/wp-json\/wp\/v2\/pages"}],"about":[{"href":"https:\/\/labone.vn\/bacterlab\/wp-json\/wp\/v2\/types\/page"}],"author":[{"embeddable":true,"href":"https:\/\/labone.vn\/bacterlab\/wp-json\/wp\/v2\/users\/1"}],"replies":[{"embeddable":true,"href":"https:\/\/labone.vn\/bacterlab\/wp-json\/wp\/v2\/comments?post=356"}],"version-history":[{"count":5,"href":"https:\/\/labone.vn\/bacterlab\/wp-json\/wp\/v2\/pages\/356\/revisions"}],"predecessor-version":[{"id":1232,"href":"https:\/\/labone.vn\/bacterlab\/wp-json\/wp\/v2\/pages\/356\/revisions\/1232"}],"wp:attachment":[{"href":"https:\/\/labone.vn\/bacterlab\/wp-json\/wp\/v2\/media?parent=356"}],"curies":[{"name":"wp","href":"https:\/\/api.w.org\/{rel}","templated":true}]}}