{"id":1615,"date":"2023-08-08T07:41:37","date_gmt":"2023-08-08T07:41:37","guid":{"rendered":"https:\/\/labone.vn\/bacterlab\/?post_type=product&#038;p=1615"},"modified":"2025-03-31T07:02:01","modified_gmt":"2025-03-31T07:02:01","slug":"bacterstain-bo-thuoc-nhuom-ziehl-neelsen","status":"publish","type":"product","link":"https:\/\/labone.vn\/bacterlab\/product\/bacterstain-bo-thuoc-nhuom-ziehl-neelsen\/","title":{"rendered":"BacterStain\u2122 B\u1ed9 thu\u1ed1c nhu\u1ed9m Ziehl Neelsen"},"content":{"rendered":"<p><span style=\"color: #3366ff;\"><strong>M\u1ee4C \u0110\u00cdCH S\u1eec D\u1ee4NG<\/strong><\/span><\/p>\n<ul>\n<li><strong>BacterStrain\u2122 <\/strong><strong>B\u1ed9 thu\u1ed1c nhu\u1ed9m Ziehl Neelsen <\/strong>\u0111\u01b0\u1ee3c s\u1eed d\u1ee5ng \u0111\u1ec3 nhu\u1ed9m vi khu\u1ea9n \u0111\u1ec3 kh\u1ea3o s\u00e1t t\u00ednh ch\u1ea5t \u0111\u1ec3 ph\u00e1t hi\u1ec7n vi khu\u1ea9n kh\u00e1ng c\u1ed3n kh\u00e1ng acid.<\/li>\n<\/ul>\n<p><span style=\"color: #3366ff;\"><strong> NGUY\u00caN T\u1eaeC<\/strong><\/span><\/p>\n<ul>\n<li><strong>BacterStain\u2122 B\u1ed9 thu\u1ed1c nhu\u1ed9m Ziehl Neelsen\u00a0<\/strong>d\u1ef1a tr\u00ean s\u1ef1 kh\u00e1c nhau v\u1ec1 c\u1ea5u tr\u00fac c\u1ee7a v\u00e1ch t\u1ebf b\u00e0o m\u1ed9t s\u1ed1 Mycobacteria c\u00f3 m\u1ed9t l\u01b0\u1ee3ng l\u1edbn acid mycolic n\u00ean khi s\u1eed d\u1ee5ng ph\u01b0\u01a1ng ph\u00e1p nhu\u1ed9m Gram truy\u1ec1n th\u1ed1ng m\u1ed9t s\u1ed1 vi khu\u1ea9n n\u00e0y r\u1ea5t kh\u00f3 b\u1eaft m\u00e0u. V\u00ec v\u1eady, ph\u1ea3i s\u1eed d\u1ee5ng ph\u01b0\u01a1ng ph\u00e1p nhu\u1ed9m kh\u00e1ng c\u1ed3n kh\u00e1ng acid \u0111\u1ec3 quan s\u00e1t m\u1ed9t s\u1ed1 vi khu\u1ea9n.<\/li>\n<li>Ph\u01b0\u01a1ng ph\u00e1p nhu\u1ed9m Ziehl-Neelsen s\u1eed d\u1ee5ng hai ho\u00e1 ch\u1ea5t nhu\u1ed9m m\u00e0u l\u00e0 carbol fuchsin v\u00e0 xanh methylen k\u1ebft h\u1ee3p v\u1edbi ch\u1ea5t t\u1ea9y m\u00e0u (h\u1ed7n h\u1ee3p acid-alcohol) \u0111\u1ec3 ph\u00e1t hi\u1ec7n m\u1ed9t s\u1ed1 tr\u1ef1c khu\u1ea9n kh\u00e1ng c\u1ed3n kh\u00e1ng acid<\/li>\n<\/ul>\n","protected":false},"excerpt":{"rendered":"<ul>\n<li>M\u1ed9t b\u1ed9 thu\u1ed1c nhu\u1ed9m \u0111\u01b0\u1ee3c s\u1eed d\u1ee5ng \u0111\u1ec3 ph\u00e1t hi\u1ec7n vi khu\u1ea9n kh\u00e1ng acid &#8211; \u00a0c\u1ed3n.<\/li>\n<li><span style=\"color: #;\"><strong>Code:<\/strong> <strong>04002<\/strong><\/span><\/li>\n<li><strong>\u0110\u00f3ng g\u00f3i th\u00e0nh ph\u1ea7n:<\/strong> Alcohol acid; Carbol fuchsin; Methylene blue: 3 chai100 mL\/ chai ho\u1eb7c theo y\u00eau c\u1ea7u c\u1ee7a kh\u00e1ch h\u00e0ng.<\/li>\n<li><strong>B\u1ea3o qu\u1ea3n v\u00e0 l\u01b0u tr\u1eef:<\/strong> 18 \u2013 25\u00b0C.<\/li>\n<li><strong>V\u1eadn chuy\u1ec3n<\/strong>: Nhi\u1ec7t \u0111\u1ed9 m\u00f4i tr\u01b0\u1eddng<\/li>\n<li><strong>H\u1ea1n s\u1eed d\u1ee5ng:<\/strong> 24 th\u00e1ng k\u1ec3 t\u1eeb ng\u00e0y s\u1ea3n xu\u1ea5t.<\/li>\n<\/ul>\n","protected":false},"featured_media":3108,"template":"","meta":[],"product_cat":[157],"product_tag":[],"class_list":["post-1615","product","type-product","status-publish","has-post-thumbnail","hentry","product_cat-thuoc-nhuom-vi-sinh-vat"],"_links":{"self":[{"href":"https:\/\/labone.vn\/bacterlab\/wp-json\/wp\/v2\/product\/1615","targetHints":{"allow":["GET"]}}],"collection":[{"href":"https:\/\/labone.vn\/bacterlab\/wp-json\/wp\/v2\/product"}],"about":[{"href":"https:\/\/labone.vn\/bacterlab\/wp-json\/wp\/v2\/types\/product"}],"wp:featuredmedia":[{"embeddable":true,"href":"https:\/\/labone.vn\/bacterlab\/wp-json\/wp\/v2\/media\/3108"}],"wp:attachment":[{"href":"https:\/\/labone.vn\/bacterlab\/wp-json\/wp\/v2\/media?parent=1615"}],"wp:term":[{"taxonomy":"product_cat","embeddable":true,"href":"https:\/\/labone.vn\/bacterlab\/wp-json\/wp\/v2\/product_cat?post=1615"},{"taxonomy":"product_tag","embeddable":true,"href":"https:\/\/labone.vn\/bacterlab\/wp-json\/wp\/v2\/product_tag?post=1615"}],"curies":[{"name":"wp","href":"https:\/\/api.w.org\/{rel}","templated":true}]}}