{"id":1621,"date":"2023-08-08T07:54:47","date_gmt":"2023-08-08T07:54:47","guid":{"rendered":"https:\/\/labone.vn\/bacterlab\/?post_type=product&#038;p=1621"},"modified":"2025-04-01T01:54:59","modified_gmt":"2025-04-01T01:54:59","slug":"bacterstain-alkaline-methylene-blue","status":"publish","type":"product","link":"https:\/\/labone.vn\/bacterlab\/product\/bacterstain-alkaline-methylene-blue\/","title":{"rendered":"BacterStain\u2122 Methylene Blue"},"content":{"rendered":"<p><span style=\"color: #3366ff;\"><strong>M\u1ee4C \u0110\u00cdCH S\u1eec D\u1ee4NG<\/strong><\/span><\/p>\n<ul>\n<li><strong>BacterStrain\u2122 <\/strong><strong>Methylene blue <\/strong>\u0111\u01b0\u1ee3c s\u1eed d\u1ee5ng trong nhu\u1ed9m t\u1ebf b\u00e0o v\u00e0 nghi\u00ean c\u1ee9u vi sinh v\u1eadt.<\/li>\n<\/ul>\n<p><span style=\"color: #3366ff;\"><strong> NGUY\u00caN T\u1eaeC<\/strong><\/span><\/p>\n<ul>\n<li><strong>BacterStain\u2122 <\/strong><strong>Methylene blue <\/strong>ho\u1ea1t \u0111\u1ed9ng nh\u01b0 m\u1ed9t thu\u1ed1c nhu\u1ed9m \u0111\u1ed1i kh\u00e1ng trong ph\u01b0\u01a1ng ph\u00e1p Ziehl Neelsen. Sau khi vi khu\u1ea9n \u0111\u01b0\u1ee3c nhu\u1ed9m b\u1eb1ng Carbon Fuchsin v\u00e0 r\u1eeda v\u1edbi acid alcohol, c\u00e1c vi khu\u1ea9n kh\u00e1ng acid &#8211;\u00a0 c\u1ed3n gi\u1eef l\u1ea1i m\u00e0u \u0111\u1ecf, trong khi vi khu\u1ea9n kh\u00f4ng kh\u00e1ng acid &#8211;\u00a0 c\u1ed3n m\u1ea5t m\u00e0u v\u00e0 \u0111\u01b0\u1ee3c nhu\u1ed9m l\u1ea1i b\u1eb1ng Methylene blue, cho m\u00e0u xanh d\u01b0\u01a1ng. Methylene blue kh\u00f4ng b\u1ecb \u1ea3nh h\u01b0\u1edfng b\u1edfi qu\u00e1 tr\u00ecnh decolorization, gi\u00fap ph\u00e2n bi\u1ec7t gi\u1eefa c\u00e1c vi khu\u1ea9n kh\u00e1ng v\u00e0 kh\u00f4ng kh\u00e1ng acid \u2013 c\u1ed3n.<\/li>\n<\/ul>\n","protected":false},"excerpt":{"rendered":"<ul>\n<li>Thu\u1ed1c th\u1eed \u0111\u01b0\u1ee3c s\u1eed d\u1ee5ng trong chu\u1ea9n \u0111o\u00e1n l\u00e2m s\u00e0ng c\u00e1c m\u1eabu b\u1ec7nh ph\u1ea9m t\u1eeb ng\u01b0\u1eddi v\u00e0 ph\u1ee5c v\u1ee5 cho m\u1ee5c \u0111\u00edch nghi\u00ean c\u1ee9u vi khu\u1ea9n h\u1ecdc, m\u00f4 h\u1ecdc t\u1eeb m\u1eabu v\u1eadt c\u00f3 ngu\u1ed3n g\u1ed1c t\u1eeb ng\u01b0\u1eddi.<\/li>\n<li><strong>Code: 04006<\/strong><\/li>\n<li><strong>Quy c\u00e1ch:<\/strong> 100mL\/chai ho\u1eb7c theo y\u00eau c\u1ea7u c\u1ee7a kh\u00e1ch h\u00e0ng.<\/li>\n<li><strong>B\u1ea3o qu\u1ea3n l\u01b0u tr\u1eef:<\/strong> 18 \u2013 25\u00b0C.<\/li>\n<li><strong>V\u1eadn chuy\u1ec3n:<\/strong> Nhi\u1ec7t \u0111\u1ed9 m\u00f4i tr\u01b0\u1eddng.<\/li>\n<li><strong>H\u1ea1n s\u1eed d\u1ee5ng:<\/strong> 24 th\u00e1ng k\u1ec3 t\u1eeb ng\u00e0y s\u1ea3n xu\u1ea5t.<\/li>\n<\/ul>\n","protected":false},"featured_media":3118,"template":"","meta":[],"product_cat":[157],"product_tag":[],"class_list":["post-1621","product","type-product","status-publish","has-post-thumbnail","hentry","product_cat-thuoc-nhuom-vi-sinh-vat"],"_links":{"self":[{"href":"https:\/\/labone.vn\/bacterlab\/wp-json\/wp\/v2\/product\/1621","targetHints":{"allow":["GET"]}}],"collection":[{"href":"https:\/\/labone.vn\/bacterlab\/wp-json\/wp\/v2\/product"}],"about":[{"href":"https:\/\/labone.vn\/bacterlab\/wp-json\/wp\/v2\/types\/product"}],"wp:featuredmedia":[{"embeddable":true,"href":"https:\/\/labone.vn\/bacterlab\/wp-json\/wp\/v2\/media\/3118"}],"wp:attachment":[{"href":"https:\/\/labone.vn\/bacterlab\/wp-json\/wp\/v2\/media?parent=1621"}],"wp:term":[{"taxonomy":"product_cat","embeddable":true,"href":"https:\/\/labone.vn\/bacterlab\/wp-json\/wp\/v2\/product_cat?post=1621"},{"taxonomy":"product_tag","embeddable":true,"href":"https:\/\/labone.vn\/bacterlab\/wp-json\/wp\/v2\/product_tag?post=1621"}],"curies":[{"name":"wp","href":"https:\/\/api.w.org\/{rel}","templated":true}]}}