{"id":1625,"date":"2023-08-08T08:04:55","date_gmt":"2023-08-08T08:04:55","guid":{"rendered":"https:\/\/labone.vn\/bacterlab\/?post_type=product&#038;p=1625"},"modified":"2025-04-02T09:01:42","modified_gmt":"2025-04-02T09:01:42","slug":"bacterstain-eosin","status":"publish","type":"product","link":"https:\/\/labone.vn\/bacterlab\/product\/bacterstain-eosin\/","title":{"rendered":"BacterStain\u2122 Eosin"},"content":{"rendered":"<p><span style=\"color: #3366ff;\"><strong>M\u1ee4C \u0110\u00cdCH S\u1eec D\u1ee4NG<\/strong><\/span><\/p>\n<ul>\n<li><strong>BacterStrain\u2122 <\/strong><strong>Eosin <\/strong>\u0111\u01b0\u1ee3c s\u1eed d\u1ee5ng ch\u1ee7 y\u1ebfu trong nhu\u1ed9m m\u00f4 h\u1ecdc v\u00e0 t\u1ebf b\u00e0o h\u1ecdc, \u0111\u1eb7c bi\u1ec7t trong ph\u01b0\u01a1ng ph\u00e1p nhu\u1ed9m Hematoxylin v\u00e0 Eosin (H&amp;E). N\u00f3 gi\u00fap nhu\u1ed9m b\u00e0o t\u01b0\u01a1ng, ma tr\u1eadn ngo\u1ea1i b\u00e0o v\u00e0 c\u00e1c th\u00e0nh ph\u1ea7n kh\u00e1c c\u1ee7a m\u00f4, l\u00e0m n\u1ed5i b\u1eadt c\u1ea5u tr\u00fac c\u1ee7a t\u1ebf b\u00e0o v\u00e0 m\u00f4, gi\u00fap ph\u00e2n bi\u1ec7t c\u00e1c th\u00e0nh ph\u1ea7n trong m\u1eabu m\u00f4. Eosin c\u0169ng \u0111\u01b0\u1ee3c s\u1eed d\u1ee5ng trong c\u00e1c k\u1ef9 thu\u1eadt nhu\u1ed9m kh\u00e1c \u0111\u1ec3 ph\u00e2n bi\u1ec7t c\u00e1c th\u00e0nh ph\u1ea7n c\u00f3 t\u00ednh axit trong t\u1ebf b\u00e0o.<\/li>\n<\/ul>\n<p><span style=\"color: #3366ff;\"><strong> NGUY\u00caN T\u1eaeC<\/strong><\/span><\/p>\n<ul>\n<li><strong>BacterStain\u2122 <\/strong><strong>Eosin <\/strong>l\u00e0 m\u1ed9t thu\u1ed1c nhu\u1ed9m axit c\u00f3 kh\u1ea3 n\u0103ng li\u00ean k\u1ebft v\u1edbi c\u00e1c th\u00e0nh ph\u1ea7n ki\u1ec1m trong t\u1ebf b\u00e0o v\u00e0 m\u00f4, \u0111\u1eb7c bi\u1ec7t l\u00e0 b\u00e0o t\u01b0\u01a1ng v\u00e0 c\u00e1c protein c\u01a1 b\u1ea3n. Khi s\u1eed d\u1ee5ng trong nhu\u1ed9m H&amp;E, eosin nhu\u1ed9m c\u00e1c th\u00e0nh ph\u1ea7n n\u00e0y m\u00e0u \u0111\u1ecf ho\u1eb7c h\u1ed3ng, trong khi hematoxylin nhu\u1ed9m c\u00e1c nh\u00e2n t\u1ebf b\u00e0o m\u00e0u xanh ho\u1eb7c t\u00edm. S\u1ef1 k\u1ebft h\u1ee3p gi\u1eefa hematoxylin v\u00e0 eosin gi\u00fap t\u1ea1o ra s\u1ef1 t\u01b0\u01a1ng ph\u1ea3n r\u00f5 r\u00e0ng, l\u00e0m n\u1ed5i b\u1eadt c\u00e1c c\u1ea5u tr\u00fac t\u1ebf b\u00e0o v\u00e0 m\u00f4 d\u01b0\u1edbi k\u00ednh hi\u1ec3n vi.<\/li>\n<\/ul>\n","protected":false},"excerpt":{"rendered":"<ul>\n<li>Thu\u1ed1c nhu\u1ed9m t\u1ed5ng h\u1ee3p, \u0111\u01b0\u1ee3c s\u1eed d\u1ee5ng trong nhi\u1ec1u k\u1ef9 thu\u1eadt nhu\u1ed9m, \u0111\u1eb7c bi\u1ec7t l\u00e0 trong m\u00f4 h\u1ecdc v\u00e0 t\u1ebf b\u00e0o h\u1ecdc.<\/li>\n<li><strong>Code: 04010<\/strong><\/li>\n<li><strong>Quy c\u00e1ch:<\/strong> 100mL\/chai ho\u1eb7c theo y\u00eau c\u1ea7u c\u1ee7a kh\u00e1ch h\u00e0ng.<\/li>\n<li><strong>B\u1ea3o qu\u1ea3n l\u01b0u tr\u1eef:<\/strong> 18 \u2013 25\u00b0C.<\/li>\n<li><strong>V\u1eadn chuy\u1ec3n:<\/strong> Nhi\u1ec7t \u0111\u1ed9 m\u00f4i tr\u01b0\u1eddng.<\/li>\n<li><strong>H\u1ea1n s\u1eed d\u1ee5ng:<\/strong> 24 th\u00e1ng k\u1ec3 t\u1eeb ng\u00e0y s\u1ea3n xu\u1ea5t.<\/li>\n<\/ul>\n","protected":false},"featured_media":3141,"template":"","meta":[],"product_cat":[157],"product_tag":[],"class_list":["post-1625","product","type-product","status-publish","has-post-thumbnail","hentry","product_cat-thuoc-nhuom-vi-sinh-vat"],"_links":{"self":[{"href":"https:\/\/labone.vn\/bacterlab\/wp-json\/wp\/v2\/product\/1625","targetHints":{"allow":["GET"]}}],"collection":[{"href":"https:\/\/labone.vn\/bacterlab\/wp-json\/wp\/v2\/product"}],"about":[{"href":"https:\/\/labone.vn\/bacterlab\/wp-json\/wp\/v2\/types\/product"}],"wp:featuredmedia":[{"embeddable":true,"href":"https:\/\/labone.vn\/bacterlab\/wp-json\/wp\/v2\/media\/3141"}],"wp:attachment":[{"href":"https:\/\/labone.vn\/bacterlab\/wp-json\/wp\/v2\/media?parent=1625"}],"wp:term":[{"taxonomy":"product_cat","embeddable":true,"href":"https:\/\/labone.vn\/bacterlab\/wp-json\/wp\/v2\/product_cat?post=1625"},{"taxonomy":"product_tag","embeddable":true,"href":"https:\/\/labone.vn\/bacterlab\/wp-json\/wp\/v2\/product_tag?post=1625"}],"curies":[{"name":"wp","href":"https:\/\/api.w.org\/{rel}","templated":true}]}}