{"id":1627,"date":"2023-08-08T08:13:45","date_gmt":"2023-08-08T08:13:45","guid":{"rendered":"https:\/\/labone.vn\/bacterlab\/?post_type=product&#038;p=1627"},"modified":"2025-04-01T01:32:50","modified_gmt":"2025-04-01T01:32:50","slug":"bacterstain-carbon-fuchsin","status":"publish","type":"product","link":"https:\/\/labone.vn\/bacterlab\/product\/bacterstain-carbon-fuchsin\/","title":{"rendered":"BacterStain\u2122 Carbon Fuchsin"},"content":{"rendered":"<p><span style=\"color: #3366ff;\"><strong>M\u1ee4C \u0110\u00cdCH S\u1eec D\u1ee4NG<\/strong><\/span><\/p>\n<ul>\n<li><strong>BacterStrain\u2122 <\/strong><strong>Carbon Fuchsin <\/strong>l\u00e0 m\u1ed9t h\u1ed7n h\u1ee3p c\u1ee7a phenol v\u00e0 basic fuchsin \u0111\u01b0\u1ee3c s\u1eed d\u1ee5ng trong c\u00e1c quy tr\u00ecnh nhu\u1ed9m vi khu\u1ea9n. N\u00f3 th\u01b0\u1eddng \u0111\u01b0\u1ee3c s\u1eed d\u1ee5ng trong vi\u1ec7c nhu\u1ed9m vi khu\u1ea9n Mycobacteria v\u00ec n\u00f3 c\u00f3 \u00e1i l\u1ef1c v\u1edbi axit mycolic c\u00f3 trong m\u00e0ng t\u1ebf b\u00e0o c\u1ee7a ch\u00fang.<\/li>\n<\/ul>\n<p><span style=\"color: #3366ff;\"><strong> NGUY\u00caN T\u1eaeC<\/strong><\/span><\/p>\n<ul>\n<li><strong>BacterStain\u2122 <\/strong><strong>Carbon Fuchsin <\/strong>l\u00e0 th\u00e0nh ph\u1ea7n c\u1ee7a b\u1ed9 thu\u1ed1c nhu\u1ed9m Ziehl Neelsen. Carbon fuchsin \u0111\u01b0\u1ee3c s\u1eed d\u1ee5ng nh\u01b0 thu\u1ed1c nhu\u1ed9m ch\u00ednh \u0111\u1ec3 ph\u00e1t hi\u1ec7n vi khu\u1ea9n acid-fast v\u00ec n\u00f3 d\u1ec5 h\u00f2a tan trong lipid c\u1ee7a th\u00e0nh t\u1ebf b\u00e0o h\u01a1n l\u00e0 trong dung d\u1ecbch acid alcohol. N\u1ebfu vi khu\u1ea9n kh\u00e1ng acid, ch\u00fang s\u1ebd gi\u1eef l\u1ea1i m\u00e0u \u0111\u1ecf ban \u0111\u1ea7u c\u1ee7a thu\u1ed1c nhu\u1ed9m v\u00ec ch\u00fang c\u00f3 kh\u1ea3 n\u0103ng ch\u1ed1ng l\u1ea1i vi\u1ec7c t\u1ea9y m\u00e0u b\u1eb1ng dung d\u1ecbch acid alcohol (0,4\u20131% HCl trong 70% EtOH). Ngo\u00e0i ra, n\u00f3 c\u0169ng c\u00f3 th\u1ec3 \u0111\u01b0\u1ee3c s\u1eed d\u1ee5ng \u0111\u1ec3 nhu\u1ed9m b\u00e0o t\u1eed vi khu\u1ea9n.<\/li>\n<li>Carbon fuchsin c\u0169ng \u0111\u01b0\u1ee3c s\u1eed d\u1ee5ng nh\u01b0 m\u1ed9t ch\u1ea5t s\u00e1t khu\u1ea9n v\u00e0 ch\u1ed1ng n\u1ea5m b\u00f4i ngo\u00e0i da.<\/li>\n<\/ul>\n","protected":false},"excerpt":{"rendered":"<ul>\n<li>Thu\u1ed1c nhu\u1ed9m \u0111\u01b0\u1ee3c s\u1eed d\u1ee5ng trong ph\u01b0\u01a1ng ph\u00e1p nhu\u1ed9m kh\u00e1ng acid.<\/li>\n<li><strong>Code: 04004<\/strong><\/li>\n<li><strong>Quy c\u00e1ch: <\/strong>100mL\/chai ho\u1eb7c theo y\u00eau c\u1ea7u c\u1ee7a kh\u00e1ch h\u00e0ng.<\/li>\n<li><strong>B\u1ea3o qu\u1ea3n l\u01b0u tr\u1eef:<\/strong> 18 \u2013 25\u00b0C.<\/li>\n<li><strong>V\u1eadn chuy\u1ec3n:<\/strong> Nhi\u1ec7t \u0111\u1ed9 m\u00f4i tr\u01b0\u1eddng.<\/li>\n<li><strong>H\u1ea1n s\u1eed d\u1ee5ng:<\/strong> 24 th\u00e1ng k\u1ec3 t\u1eeb ng\u00e0y s\u1ea3n xu\u1ea5t.<\/li>\n<\/ul>\n","protected":false},"featured_media":3113,"template":"","meta":[],"product_cat":[157],"product_tag":[],"class_list":["post-1627","product","type-product","status-publish","has-post-thumbnail","hentry","product_cat-thuoc-nhuom-vi-sinh-vat"],"_links":{"self":[{"href":"https:\/\/labone.vn\/bacterlab\/wp-json\/wp\/v2\/product\/1627","targetHints":{"allow":["GET"]}}],"collection":[{"href":"https:\/\/labone.vn\/bacterlab\/wp-json\/wp\/v2\/product"}],"about":[{"href":"https:\/\/labone.vn\/bacterlab\/wp-json\/wp\/v2\/types\/product"}],"wp:featuredmedia":[{"embeddable":true,"href":"https:\/\/labone.vn\/bacterlab\/wp-json\/wp\/v2\/media\/3113"}],"wp:attachment":[{"href":"https:\/\/labone.vn\/bacterlab\/wp-json\/wp\/v2\/media?parent=1627"}],"wp:term":[{"taxonomy":"product_cat","embeddable":true,"href":"https:\/\/labone.vn\/bacterlab\/wp-json\/wp\/v2\/product_cat?post=1627"},{"taxonomy":"product_tag","embeddable":true,"href":"https:\/\/labone.vn\/bacterlab\/wp-json\/wp\/v2\/product_tag?post=1627"}],"curies":[{"name":"wp","href":"https:\/\/api.w.org\/{rel}","templated":true}]}}