{"id":1631,"date":"2023-08-08T08:26:50","date_gmt":"2023-08-08T08:26:50","guid":{"rendered":"https:\/\/labone.vn\/bacterlab\/?post_type=product&#038;p=1631"},"modified":"2025-04-01T02:05:10","modified_gmt":"2025-04-01T02:05:10","slug":"bacterstain-crystal-violet","status":"publish","type":"product","link":"https:\/\/labone.vn\/bacterlab\/product\/bacterstain-crystal-violet\/","title":{"rendered":"BacterStain\u2122 Crystal Violet"},"content":{"rendered":"<p><span style=\"color: #3366ff;\"><strong>M\u1ee4C \u0110\u00cdCH S\u1eec D\u1ee4NG<\/strong><\/span><\/p>\n<ul>\n<li><strong>BacterStrain\u2122 <\/strong><strong>Crystal Violet <\/strong>\u0111\u01b0\u1ee3c s\u1eed d\u1ee5ng ch\u1ee7 y\u1ebfu trong ph\u01b0\u01a1ng ph\u00e1p nhu\u1ed9m Gram \u0111\u1ec3 ph\u00e2n bi\u1ec7t vi khu\u1ea9n Gram d\u01b0\u01a1ng v\u00e0 Gram \u00e2m. Ngo\u00e0i ra, n\u00f3 c\u00f2n \u0111\u01b0\u1ee3c s\u1eed d\u1ee5ng trong nhu\u1ed9m t\u1ebf b\u00e0o h\u1ecdc, nghi\u00ean c\u1ee9u m\u00f4 h\u1ecdc v\u00e0 x\u00e1c \u0111\u1ecbnh ho\u1ea1t \u0111\u1ed9ng enzyme<\/li>\n<\/ul>\n<p><span style=\"color: #3366ff;\"><strong> NGUY\u00caN T\u1eaeC<\/strong><\/span><\/p>\n<ul>\n<li><strong>BacterStrain\u2122 Crystal Violet <\/strong>l\u00e0 thu\u1ed1c nhu\u1ed9m cationic, li\u00ean k\u1ebft v\u1edbi th\u00e0nh t\u1ebf b\u00e0o vi khu\u1ea9n, \u0111\u1eb7c bi\u1ec7t l\u00e0 c\u00e1c polysaccharides v\u00e0 peptidoglycan trong vi khu\u1ea9n Gram d\u01b0\u01a1ng. Khi nhu\u1ed9m, vi khu\u1ea9n Gram d\u01b0\u01a1ng gi\u1eef l\u1ea1i m\u00e0u t\u00edm do c\u1ea5u tr\u00fac t\u1ebf b\u00e0o m\u1ea1nh m\u1ebd c\u1ee7a ch\u00fang, trong khi vi khu\u1ea9n Gram \u00e2m m\u1ea5t m\u00e0u v\u00e0 s\u1ebd \u0111\u01b0\u1ee3c nhu\u1ed9m l\u1ea1i b\u1eb1ng safranine.<\/li>\n<\/ul>\n","protected":false},"excerpt":{"rendered":"<ul>\n<li>Thu\u1ed1c nhu\u1ed9m \u0111\u01b0\u1ee3c s\u1eed d\u1ee5ng \u0111\u1ec3 nhu\u1ed9m m\u00f4 v\u00e0 \u0111\u01b0\u1ee3c s\u1eed d\u1ee5ng trong ph\u01b0\u01a1ng ph\u00e1p Gram \u0111\u1ec3 ph\u00e2n lo\u1ea1i vi khu\u1ea9n.<\/li>\n<li><strong>Code: 04007<\/strong><\/li>\n<li><strong>Quy c\u00e1ch:<\/strong> 100mL\/chai ho\u1eb7c theo y\u00eau c\u1ea7u c\u1ee7a kh\u00e1ch h\u00e0ng.<\/li>\n<li><strong>B\u1ea3o qu\u1ea3n l\u01b0u tr\u1eef:<\/strong> 18 \u2013 25\u00b0C.<\/li>\n<li><strong>V\u1eadn chuy\u1ec3n:<\/strong> Nhi\u1ec7t \u0111\u1ed9 m\u00f4i tr\u01b0\u1eddng.<\/li>\n<li><strong>H\u1ea1n s\u1eed d\u1ee5ng:<\/strong> 24 th\u00e1ng k\u1ec3 t\u1eeb ng\u00e0y s\u1ea3n xu\u1ea5t.<\/li>\n<\/ul>\n","protected":false},"featured_media":3121,"template":"","meta":[],"product_cat":[157],"product_tag":[],"class_list":["post-1631","product","type-product","status-publish","has-post-thumbnail","hentry","product_cat-thuoc-nhuom-vi-sinh-vat"],"_links":{"self":[{"href":"https:\/\/labone.vn\/bacterlab\/wp-json\/wp\/v2\/product\/1631","targetHints":{"allow":["GET"]}}],"collection":[{"href":"https:\/\/labone.vn\/bacterlab\/wp-json\/wp\/v2\/product"}],"about":[{"href":"https:\/\/labone.vn\/bacterlab\/wp-json\/wp\/v2\/types\/product"}],"wp:featuredmedia":[{"embeddable":true,"href":"https:\/\/labone.vn\/bacterlab\/wp-json\/wp\/v2\/media\/3121"}],"wp:attachment":[{"href":"https:\/\/labone.vn\/bacterlab\/wp-json\/wp\/v2\/media?parent=1631"}],"wp:term":[{"taxonomy":"product_cat","embeddable":true,"href":"https:\/\/labone.vn\/bacterlab\/wp-json\/wp\/v2\/product_cat?post=1631"},{"taxonomy":"product_tag","embeddable":true,"href":"https:\/\/labone.vn\/bacterlab\/wp-json\/wp\/v2\/product_tag?post=1631"}],"curies":[{"name":"wp","href":"https:\/\/api.w.org\/{rel}","templated":true}]}}