{"id":1633,"date":"2023-08-08T08:55:28","date_gmt":"2023-08-08T08:55:28","guid":{"rendered":"https:\/\/labone.vn\/bacterlab\/?post_type=product&#038;p=1633"},"modified":"2025-03-31T08:04:07","modified_gmt":"2025-03-31T08:04:07","slug":"bacterstain-safranine","status":"publish","type":"product","link":"https:\/\/labone.vn\/bacterlab\/product\/bacterstain-safranine\/","title":{"rendered":"BacterStain\u2122 Safranine"},"content":{"rendered":"<p><span style=\"color: #3366ff;\"><strong>M\u1ee4C \u0110\u00cdCH S\u1eec D\u1ee4NG<\/strong><\/span><\/p>\n<ul>\n<li><strong>BacterStrain\u2122<\/strong><strong> Safranine <\/strong>l\u00e0 m\u1ed9t lo\u1ea1i thu\u1ed1c nhu\u1ed9m \u0111\u1ecf t\u1ed5ng h\u1ee3p \u0111\u01b0\u1ee3c s\u1eed d\u1ee5ng trong ph\u01b0\u01a1ng ph\u00e1p nhu\u1ed9m Gram, ch\u1ee7 y\u1ebfu l\u00e0m thu\u1ed1c nhu\u1ed9m \u0111\u1ed1i kh\u00e1ng cho vi khu\u1ea9n Gram \u00e2m.<\/li>\n<\/ul>\n<p><span style=\"color: #3366ff;\"><strong> NGUY\u00caN T\u1eaeC<\/strong><\/span><\/p>\n<ul>\n<li>Sau khi vi khu\u1ea9n Gram \u00e2m \u0111\u01b0\u1ee3c t\u1ea9y m\u00e0u b\u1eb1ng alcohol, ch\u00fang kh\u00f4ng gi\u1eef l\u1ea1i m\u00e0u Crystal Violet v\u00e0 s\u1ebd \u0111\u01b0\u1ee3c nhu\u1ed9m l\u1ea1i b\u1eb1ng Safranine. K\u1ebft qu\u1ea3 l\u00e0 vi khu\u1ea9n Gram \u00e2m s\u1ebd c\u00f3 m\u00e0u h\u1ed3ng ho\u1eb7c \u0111\u1ecf, trong khi vi khu\u1ea9n Gram d\u01b0\u01a1ng gi\u1eef nguy\u00ean m\u00e0u t\u00edm, t\u1ea1o ra s\u1ef1 ph\u00e2n bi\u1ec7t r\u00f5 r\u1ec7t gi\u1eefa hai lo\u1ea1i vi khu\u1ea9n<\/li>\n<\/ul>\n","protected":false},"excerpt":{"rendered":"<ul>\n<li>M\u1ed9t lo\u1ea1i thu\u1ed1c nhu\u1ed9m \u0111\u1ecf t\u1ed5ng h\u1ee3p th\u01b0\u1eddng \u0111\u01b0\u1ee3c s\u1eed d\u1ee5ng trong vi sinh h\u1ecdc v\u00e0 m\u00f4 h\u1ecdc.<\/li>\n<li><strong>Code: 04008<\/strong><\/li>\n<li><strong>Quy c\u00e1ch:<\/strong> 100mL\/chai ho\u1eb7c theo y\u00eau c\u1ea7u c\u1ee7a kh\u00e1ch h\u00e0ng.<\/li>\n<li><strong>B\u1ea3o qu\u1ea3n l\u01b0u tr\u1eef:<\/strong> 18 \u2013 25\u00b0C.<\/li>\n<li><strong>V\u1eadn chuy\u1ec3n:<\/strong> Nhi\u1ec7t \u0111\u1ed9 m\u00f4i tr\u01b0\u1eddng.<\/li>\n<li><strong>H\u1ea1n s\u1eed d\u1ee5ng:<\/strong> 24 th\u00e1ng k\u1ec3 t\u1eeb ng\u00e0y s\u1ea3n xu\u1ea5t.<\/li>\n<\/ul>\n","protected":false},"featured_media":3129,"template":"","meta":[],"product_cat":[157],"product_tag":[],"class_list":["post-1633","product","type-product","status-publish","has-post-thumbnail","hentry","product_cat-thuoc-nhuom-vi-sinh-vat"],"_links":{"self":[{"href":"https:\/\/labone.vn\/bacterlab\/wp-json\/wp\/v2\/product\/1633","targetHints":{"allow":["GET"]}}],"collection":[{"href":"https:\/\/labone.vn\/bacterlab\/wp-json\/wp\/v2\/product"}],"about":[{"href":"https:\/\/labone.vn\/bacterlab\/wp-json\/wp\/v2\/types\/product"}],"wp:featuredmedia":[{"embeddable":true,"href":"https:\/\/labone.vn\/bacterlab\/wp-json\/wp\/v2\/media\/3129"}],"wp:attachment":[{"href":"https:\/\/labone.vn\/bacterlab\/wp-json\/wp\/v2\/media?parent=1633"}],"wp:term":[{"taxonomy":"product_cat","embeddable":true,"href":"https:\/\/labone.vn\/bacterlab\/wp-json\/wp\/v2\/product_cat?post=1633"},{"taxonomy":"product_tag","embeddable":true,"href":"https:\/\/labone.vn\/bacterlab\/wp-json\/wp\/v2\/product_tag?post=1633"}],"curies":[{"name":"wp","href":"https:\/\/api.w.org\/{rel}","templated":true}]}}