{"id":1635,"date":"2023-08-08T08:58:57","date_gmt":"2023-08-08T08:58:57","guid":{"rendered":"https:\/\/labone.vn\/bacterlab\/?post_type=product&#038;p=1635"},"modified":"2025-04-02T08:49:49","modified_gmt":"2025-04-02T08:49:49","slug":"bacterstain-alcohol-acid","status":"publish","type":"product","link":"https:\/\/labone.vn\/bacterlab\/product\/bacterstain-alcohol-acid\/","title":{"rendered":"BacterStain\u2122 Alcohol Acid"},"content":{"rendered":"<p><span style=\"color: #3366ff;\"><strong>M\u1ee4C \u0110\u00cdCH S\u1eec D\u1ee4NG<\/strong><\/span><\/p>\n<ul>\n<li><strong>BacterStrain\u2122 <\/strong><strong>Alcohol <\/strong>\u0111\u01b0\u1ee3c s\u1eed d\u1ee5ng trong ph\u01b0\u01a1ng ph\u00e1p nhu\u1ed9m Gram \u0111\u1ec3 t\u1ea9y m\u00e0u Crystal Violet t\u1eeb vi khu\u1ea9n Gram \u00e2m trong khi gi\u1eef m\u00e0u cho vi khu\u1ea9n Gram d\u01b0\u01a1ng. \u0110i\u1ec1u n\u00e0y gi\u00fap ph\u00e2n bi\u1ec7t gi\u1eefa hai lo\u1ea1i vi khu\u1ea9n d\u1ef1a tr\u00ean c\u1ea5u tr\u00fac th\u00e0nh t\u1ebf b\u00e0o c\u1ee7a ch\u00fang.<\/li>\n<\/ul>\n<p><span style=\"color: #3366ff;\"><strong> NGUY\u00caN T\u1eaeC<\/strong><\/span><\/p>\n<ul>\n<li>Trong ph\u01b0\u01a1ng ph\u00e1p Ziehl Neelsen, alcohol acid (th\u01b0\u1eddng l\u00e0 dung d\u1ecbch ethanol pha v\u1edbi m\u1ed9t l\u01b0\u1ee3ng nh\u1ecf acid HCl) \u0111\u01b0\u1ee3c s\u1eed d\u1ee5ng \u0111\u1ec3 t\u1ea9y m\u00e0u Carbon Fuchsin t\u1eeb c\u00e1c vi khu\u1ea9n kh\u00f4ng kh\u00e1ng acid &#8211;\u00a0 c\u1ed3n sau khi nhu\u1ed9m. Vi khu\u1ea9n kh\u00e1ng acid \u2013 c\u1ed3n c\u00f3 kh\u1ea3 n\u0103ng gi\u1eef l\u1ea1i m\u00e0u nhu\u1ed9m \u0111\u1ecf do th\u00e0nh t\u1ebf b\u00e0o \u0111\u1eb7c bi\u1ec7t c\u1ee7a ch\u00fang, trong khi vi khu\u1ea9n vi khu\u1ea9n kh\u00f4ng kh\u00e1ng acid &#8211;\u00a0 c\u1ed3n s\u1ebd m\u1ea5t m\u00e0u v\u00e0 \u0111\u01b0\u1ee3c nhu\u1ed9m l\u1ea1i b\u1eb1ng Methylene Blue, t\u1ea1o s\u1ef1 ph\u00e2n bi\u1ec7t r\u00f5 r\u00e0ng gi\u1eefa hai nh\u00f3m vi khu\u1ea9n n\u00e0y.<\/li>\n<\/ul>\n","protected":false},"excerpt":{"rendered":"<ul>\n<li>M\u1ed9t dung d\u1ecbch \u0111\u01b0\u1ee3c s\u1eed d\u1ee5ng trong c\u00e1c ph\u01b0\u01a1ng ph\u00e1p nhu\u1ed9m vi sinh v\u1eadt, \u0111\u1eb7c bi\u1ec7t l\u00e0 trong ph\u01b0\u01a1ng ph\u00e1p nhu\u1ed9m Ziehl Neelsen.<\/li>\n<li><strong>Code: 04009<\/strong><\/li>\n<li><strong>Quy c\u00e1ch:<\/strong> 100mL\/chai ho\u1eb7c theo y\u00eau c\u1ea7u c\u1ee7a kh\u00e1ch h\u00e0ng.<\/li>\n<li><strong>B\u1ea3o qu\u1ea3n l\u01b0u tr\u1eef:<\/strong> 18 \u2013 25\u00b0C.<\/li>\n<li><strong>V\u1eadn chuy\u1ec3n:<\/strong> Nhi\u1ec7t \u0111\u1ed9 m\u00f4i tr\u01b0\u1eddng.<\/li>\n<li><strong>H\u1ea1n s\u1eed d\u1ee5ng:<\/strong> 24 th\u00e1ng k\u1ec3 t\u1eeb ng\u00e0y s\u1ea3n xu\u1ea5t.<\/li>\n<\/ul>\n","protected":false},"featured_media":3133,"template":"","meta":[],"product_cat":[157],"product_tag":[],"class_list":["post-1635","product","type-product","status-publish","has-post-thumbnail","hentry","product_cat-thuoc-nhuom-vi-sinh-vat"],"_links":{"self":[{"href":"https:\/\/labone.vn\/bacterlab\/wp-json\/wp\/v2\/product\/1635","targetHints":{"allow":["GET"]}}],"collection":[{"href":"https:\/\/labone.vn\/bacterlab\/wp-json\/wp\/v2\/product"}],"about":[{"href":"https:\/\/labone.vn\/bacterlab\/wp-json\/wp\/v2\/types\/product"}],"wp:featuredmedia":[{"embeddable":true,"href":"https:\/\/labone.vn\/bacterlab\/wp-json\/wp\/v2\/media\/3133"}],"wp:attachment":[{"href":"https:\/\/labone.vn\/bacterlab\/wp-json\/wp\/v2\/media?parent=1635"}],"wp:term":[{"taxonomy":"product_cat","embeddable":true,"href":"https:\/\/labone.vn\/bacterlab\/wp-json\/wp\/v2\/product_cat?post=1635"},{"taxonomy":"product_tag","embeddable":true,"href":"https:\/\/labone.vn\/bacterlab\/wp-json\/wp\/v2\/product_tag?post=1635"}],"curies":[{"name":"wp","href":"https:\/\/api.w.org\/{rel}","templated":true}]}}