{"id":1736,"date":"2023-08-09T04:59:28","date_gmt":"2023-08-09T04:59:28","guid":{"rendered":"https:\/\/labone.vn\/bacterlab\/?post_type=product&#038;p=1736"},"modified":"2024-01-26T08:23:15","modified_gmt":"2024-01-26T08:23:15","slug":"bactertest-dia-giay-bacitracin","status":"publish","type":"product","link":"https:\/\/labone.vn\/bacterlab\/product\/bactertest-dia-giay-bacitracin\/","title":{"rendered":"BacterTest\u2122 \u0110\u0129a gi\u1ea5y Bacitracin"},"content":{"rendered":"<p><span style=\"color: #3366ff;\"><strong> M\u1ee4C \u0110\u00cdCH S\u1eec D\u1ee4NG<\/strong><\/span><\/p>\n<p><strong>BacterTest\u2122 \u0110\u0129a gi\u1ea5y Bacitracin<\/strong> ki\u1ec3m tra \u0111\u1ed9 nh\u1ea1y c\u1ea3m \u0111\u01b0\u1ee3c s\u1eed d\u1ee5ng trong h\u1ea7u h\u1ebft c\u00e1c ph\u00f2ng th\u00ed nghi\u1ec7m vi sinh l\u00e2m s\u00e0ng ng\u00e0y nay. N\u00f3 d\u00f9ng \u0111\u1ec3 ph\u00e2n bi\u1ec7t\u00a0<em>Streptococcus pyogenes<\/em>\u00a0v\u1edbi c\u00e1c li\u00ean c\u1ea7u tan m\u00e1u (ti\u00eau huy\u1ebft) \u03b2 kh\u00e1c, li\u00ean c\u1ea7u nh\u00f3m A nh\u1ea1y c\u1ea3m v\u1edbi bacitracin.<\/p>\n<p><span style=\"color: #3366ff;\"><strong> NGUY\u00caN T\u1eaeC<\/strong><\/span><\/p>\n<p><strong>BacterTest\u2122 \u0110\u0129a gi\u1ea5y Bacitracin<\/strong><\/p>\n<ul>\n<li>\u0110\u0129a th\u1eed nghi\u1ec7m \u0111\u1ed9 nh\u1ea1y c\u1ea3m v\u1edbi Bacitracin l\u00e0 nh\u1eefng mi\u1ebfng gi\u1ea5y l\u1ecdc h\u00ecnh tr\u00f2n \u0111\u01b0\u1ee3c ng\u00e2m trong 0.04 \u0111\u01a1n v\u1ecb kh\u00e1ng sinh. Sau khi ng\u00e2m t\u1ea9m, c\u00e1c \u0111\u0129a \u0111\u01b0\u1ee3c \u0111\u1eb7t tr\u00ean m\u00f4i tr\u01b0\u1eddng th\u1ea1ch \u0111\u1ec3 ch\u1ea5t kh\u00e1ng khu\u1ea9n lan v\u00e0o m\u00f4i tr\u01b0\u1eddng v\u00e0 k\u00ecm h\u00e3m s\u1ef1 ph\u00e1t tri\u1ec3n c\u1ee7a vi sinh v\u1eadt. Sau khi \u1ee7, k\u1ebft qu\u1ea3 th\u1eed nghi\u1ec7m \u0111\u01b0\u1ee3c ph\u00e2n t\u00edch d\u1ef1a tr\u00ean k\u00edch th\u01b0\u1edbc c\u1ee7a v\u00f9ng \u1ee9c ch\u1ebf xung quanh \u0111\u0129a.<\/li>\n<li>Khi quan s\u00e1t s\u1ef1 t\u0103ng tr\u01b0\u1edfng, vi sinh v\u1eadt \u0111\u01b0\u1ee3c coi l\u00e0 \u0111\u1ed1i kh\u00e1ng khi m\u1ed9t v\u00f9ng h\u00ecnh tr\u00f2n h\u00ecnh th\u00e0nh xung quanh \u0111\u0129a gi\u1ea5y, vi sinh v\u1eadt \u0111\u01b0\u1ee3c coi l\u00e0 b\u1ecb \u1ee9c ch\u1ebf v\u00e0 nh\u1ea1y c\u1ea3m. N\u1ebfu c\u00e1c \u0111\u0129a bacitracin \u0111\u01b0\u1ee3c s\u1eed d\u1ee5ng l\u00e0m x\u00e9t nghi\u1ec7m s\u01a1 b\u1ed9 tr\u01b0\u1edbc khi ph\u00e2n nh\u00f3m huy\u1ebft thanh h\u1ecdc, r\u1ea5t nhi\u1ec1u ngu\u1ed3n l\u1ef1c (th\u1eddi gian, nh\u00e2n l\u1ef1c v\u00e0 ngu\u1ed3n cung c\u1ea5p) c\u00f3 th\u1ec3 \u0111\u01b0\u1ee3c ti\u1ebft ki\u1ec7m. B\u1eb1ng ch\u1ee9ng cho th\u1ea5y <em>Streptococci<\/em> nh\u00f3m A nh\u1ea1y c\u1ea3m v\u1edbi Bacitracin h\u01a1n c\u00e1c ch\u1ee7ng beta-tan huy\u1ebft kh\u00e1c.<\/li>\n<li>\u0110\u0129a kh\u00e1ng khu\u1ea9n \u0111\u1ec3 ki\u1ec3m tra t\u00ednh nh\u1ea1y c\u1ea3m v\u1edbi Bacitracin \u0111\u00e3 \u0111\u01b0\u1ee3c \u0111\u1ec1 xu\u1ea5t nh\u01b0 m\u1ed9t c\u00f4ng c\u1ee5 ch\u1ea9n \u0111o\u00e1n nhanh \u0111\u1ed1i v\u1edbi <em>Streptococci <\/em>Nh\u00f3m A.<\/li>\n<\/ul>\n","protected":false},"excerpt":{"rendered":"<ul>\n<li><span style=\"color: #000000;\">\\<\/span><\/li>\n<li><strong>\u0110\u0129a gi\u1ea5y sinh h\u00f3a d\u00f9ng th\u1ef1c hi\u1ec7n th\u1eed nghi\u1ec7m ph\u00e1t hi\u1ec7n nh\u1ea1y c\u1ea3m Bacitracin<\/strong><\/li>\n<li><span style=\"color: #000000;\">Code: <strong>06019<\/strong><\/span><\/li>\n<li><span style=\"color: #000000;\">Quy c\u00e1ch: 50 \u0111\u0129a\/ l\u1ecd ho\u1eb7c theo y\u00eau c\u1ea7u c\u1ee7a kh\u00e1ch h\u00e0ng.<\/span><\/li>\n<li><span style=\"color: #000000;\">\u0110\u01b0\u1eddng k\u00ednh \u0111\u0129a: 6mm<\/span><\/li>\n<li><span style=\"color: #000000;\">B\u1ea3o qu\u1ea3n l\u01b0u tr\u1eef: 2 \u2013 8\u00b0C<\/span><\/li>\n<li><span style=\"color: #000000;\">V\u1eadn chuy\u1ec3n: Nhi\u1ec7t \u0111\u1ed9 m\u00f4i tr\u01b0\u1eddng<\/span><\/li>\n<li><span style=\"font-size: 100%; color: #000000;\">H\u1ea1n s\u1eed d\u1ee5ng: 24 th\u00e1ng k\u1ec3 t\u1eeb ng\u00e0y s\u1ea3n xu\u1ea5t<\/span><\/li>\n<\/ul>\n","protected":false},"featured_media":2332,"template":"","meta":[],"product_cat":[17],"product_tag":[],"class_list":["post-1736","product","type-product","status-publish","has-post-thumbnail","hentry","product_cat-mac-dinh"],"_links":{"self":[{"href":"https:\/\/labone.vn\/bacterlab\/wp-json\/wp\/v2\/product\/1736","targetHints":{"allow":["GET"]}}],"collection":[{"href":"https:\/\/labone.vn\/bacterlab\/wp-json\/wp\/v2\/product"}],"about":[{"href":"https:\/\/labone.vn\/bacterlab\/wp-json\/wp\/v2\/types\/product"}],"wp:featuredmedia":[{"embeddable":true,"href":"https:\/\/labone.vn\/bacterlab\/wp-json\/wp\/v2\/media\/2332"}],"wp:attachment":[{"href":"https:\/\/labone.vn\/bacterlab\/wp-json\/wp\/v2\/media?parent=1736"}],"wp:term":[{"taxonomy":"product_cat","embeddable":true,"href":"https:\/\/labone.vn\/bacterlab\/wp-json\/wp\/v2\/product_cat?post=1736"},{"taxonomy":"product_tag","embeddable":true,"href":"https:\/\/labone.vn\/bacterlab\/wp-json\/wp\/v2\/product_tag?post=1736"}],"curies":[{"name":"wp","href":"https:\/\/api.w.org\/{rel}","templated":true}]}}