{"id":1741,"date":"2023-08-09T06:18:18","date_gmt":"2023-08-09T06:18:18","guid":{"rendered":"https:\/\/labone.vn\/bacterlab\/?post_type=product&#038;p=1741"},"modified":"2024-01-26T07:36:55","modified_gmt":"2024-01-26T07:36:55","slug":"bactertest-dia-giay-malonate","status":"publish","type":"product","link":"https:\/\/labone.vn\/bacterlab\/product\/bactertest-dia-giay-malonate\/","title":{"rendered":"BacterTest\u2122 \u0110\u0129a gi\u1ea5y Malonate"},"content":{"rendered":"<p><span style=\"color: #3366ff;\"><strong> M\u1ee4C \u0110\u00cdCH S\u1eec D\u1ee4NG<\/strong><\/span><\/p>\n<p><strong>BacterTest\u2122 \u0110\u0129a gi\u1ea5y Malonate<\/strong> \u0111\u01b0\u1ee3c khuy\u1ebfn kh\u00edch \u0111\u1ec3 ph\u00e2n bi\u1ec7t gi\u1eefa c\u00e1c <em>Enterobacteriaceae<\/em> , \u0111\u1eb7c bi\u1ec7t l\u00e0 c\u00e1c lo\u00e0i <em>Klebsiella<\/em> v\u00e0 <em>Salmonella<\/em> d\u1ef1a tr\u00ean c\u00e1ch ch\u00fang s\u1eed d\u1ee5ng natri malonate. Ngo\u00e0i ra c\u00f2n d\u00f9ng \u0111\u1ec3 th\u1ea5y \u0111\u01b0\u1ee3c s\u1ef1 kh\u00e1c bi\u1ec7t gi\u1eefa Enterobacter v\u00e0 Escherichia d\u1ef1a tr\u00ean c\u00e1ch ch\u00fang s\u1eed d\u1ee5ng malonate v\u00e0 xem li\u1ec7u sinh v\u1eadt c\u00f3 th\u1ec3 s\u1ed1ng nh\u1edd malonat nh\u01b0 ngu\u1ed3n carbon duy nh\u1ea5t c\u1ee7a n\u00f3 hay kh\u00f4ng.<\/p>\n<p><span style=\"color: #3366ff;\"><strong> NGUY\u00caN T\u1eaeC<\/strong><\/span><\/p>\n<p><strong>BacterTest\u2122 \u0110\u0129a gi\u1ea5y Malonate<\/strong><\/p>\n<ul>\n<li>Th\u1eed nghi\u1ec7m s\u1eed d\u1ee5ng Malonat s\u1eed d\u1ee5ng c\u01a1 ch\u1ea5t \u0111\u01a1n l\u1ebb ch\u1ee9a natri malonat d\u01b0\u1edbi d\u1ea1ng ngu\u1ed3n cacbon duy nh\u1ea5t. Ngo\u00e0i Natri Malonat, c\u00f2n ch\u1ee9a m\u1ed9t l\u01b0\u1ee3ng nh\u1ecf glucose \u0111\u1ec3 k\u00edch th\u00edch s\u1ef1 ph\u00e1t tri\u1ec3n c\u1ee7a vi sinh v\u1eadt.<\/li>\n<li>C\u00e1c sinh v\u1eadt l\u00ean men Natri Malonat v\u00e0 s\u1eed d\u1ee5ng l\u00e0m ngu\u1ed3n carbon s\u1ebd ph\u00e1t tri\u1ec3n trong m\u00f4i tr\u01b0\u1eddng n\u00e0y. M\u00f4i tr\u01b0\u1eddng c\u0169ng ch\u1ee9a mu\u1ed1i Amoni v\u00f4 c\u01a1 l\u00e0 ngu\u1ed3n nit\u01a1 duy nh\u1ea5t.<\/li>\n<li>Qu\u00e1 tr\u00ecnh l\u00ean men Natri Malonat t\u1ea1o ra natri Hydroxit v\u00e0 natri Bicarbonate, l\u00e0m t\u0103ng \u0111\u1ed9 ki\u1ec1m c\u1ee7a m\u00f4i tr\u01b0\u1eddng.<\/li>\n<li>\u0110\u1ed9 pH t\u0103ng l\u00e0m ch\u1ea5t ch\u1ec9 th\u1ecb m\u00e0u xanh bromthymol t\u1eeb m\u00e0u xanh l\u00e1 c\u00e2y sang m\u00e0u xanh lam .C\u00e1c sinh v\u1eadt \u00e2m t\u00ednh v\u1edbi Malonate l\u00ean men glucose l\u00e0m cho ch\u1ea5t ch\u1ec9 th\u1ecb chuy\u1ec3n sang m\u00e0u h\u01a1i v\u00e0ng. Ho\u1eb7c kh\u00f4ng thay \u0111\u1ed5i m\u00e0u s\u1eafc.<\/li>\n<\/ul>\n","protected":false},"excerpt":{"rendered":"<ul>\n<li>\u0110\u0129a gi\u1ea5y sinh h\u00f3a d\u00f9ng th\u1ef1c hi\u1ec7n th\u1eed nghi\u1ec7m s\u1eed d\u1ee5ng Malonate<\/li>\n<li><span style=\"color: #000000;\">Code: <strong>06017<\/strong><\/span><\/li>\n<li><span style=\"color: #000000;\">Quy c\u00e1ch: 50 \u0111\u0129a\/ l\u1ecd.<\/span><\/li>\n<li><span style=\"color: #000000;\">\u0110\u01b0\u1eddng k\u00ednh \u0111\u0129a: 6mm.<\/span><\/li>\n<li><span style=\"color: #000000;\">B\u1ea3o qu\u1ea3n l\u01b0u tr\u1eef: 2 \u2013 8\u00b0C.<\/span><\/li>\n<li><span style=\"color: #000000;\">V\u1eadn chuy\u1ec3n: Nhi\u1ec7t \u0111\u1ed9 m\u00f4i tr\u01b0\u1eddng.<\/span><\/li>\n<li><span style=\"font-size: 100%; color: #000000;\">H\u1ea1n s\u1eed d\u1ee5ng: 24 th\u00e1ng k\u1ec3 t\u1eeb ng\u00e0y s\u1ea3n xu\u1ea5t.<\/span><\/li>\n<\/ul>\n","protected":false},"featured_media":2332,"template":"","meta":[],"product_cat":[17],"product_tag":[],"class_list":["post-1741","product","type-product","status-publish","has-post-thumbnail","hentry","product_cat-mac-dinh"],"_links":{"self":[{"href":"https:\/\/labone.vn\/bacterlab\/wp-json\/wp\/v2\/product\/1741","targetHints":{"allow":["GET"]}}],"collection":[{"href":"https:\/\/labone.vn\/bacterlab\/wp-json\/wp\/v2\/product"}],"about":[{"href":"https:\/\/labone.vn\/bacterlab\/wp-json\/wp\/v2\/types\/product"}],"wp:featuredmedia":[{"embeddable":true,"href":"https:\/\/labone.vn\/bacterlab\/wp-json\/wp\/v2\/media\/2332"}],"wp:attachment":[{"href":"https:\/\/labone.vn\/bacterlab\/wp-json\/wp\/v2\/media?parent=1741"}],"wp:term":[{"taxonomy":"product_cat","embeddable":true,"href":"https:\/\/labone.vn\/bacterlab\/wp-json\/wp\/v2\/product_cat?post=1741"},{"taxonomy":"product_tag","embeddable":true,"href":"https:\/\/labone.vn\/bacterlab\/wp-json\/wp\/v2\/product_tag?post=1741"}],"curies":[{"name":"wp","href":"https:\/\/api.w.org\/{rel}","templated":true}]}}