{"id":1743,"date":"2023-08-09T06:27:12","date_gmt":"2023-08-09T06:27:12","guid":{"rendered":"https:\/\/labone.vn\/bacterlab\/?post_type=product&#038;p=1743"},"modified":"2024-01-26T08:32:54","modified_gmt":"2024-01-26T08:32:54","slug":"bactertest-dia-giay-novobiocinbactertest-dia-giay-novobiocin","status":"publish","type":"product","link":"https:\/\/labone.vn\/bacterlab\/product\/bactertest-dia-giay-novobiocinbactertest-dia-giay-novobiocin\/","title":{"rendered":"BacterTest\u2122 \u0110\u0129a gi\u1ea5y Novobiocin"},"content":{"rendered":"<p><span style=\"color: #3366ff;\"><strong> M\u1ee4C \u0110\u00cdCH S\u1eec D\u1ee4NG<\/strong><\/span><\/p>\n<ul>\n<li><strong>BacterTest\u2122 \u0110\u0129a gi\u1ea5y Novobiocin<\/strong> c\u00f3 th\u1ec3 \u0111\u01b0\u1ee3c s\u1eed d\u1ee5ng trong th\u1eed nghi\u1ec7m \u0111\u1ed9 nh\u1ea1y c\u1ea3m v\u1edbi Novobiocin \u0111\u1ec3 gi\u00fap ph\u00e2n bi\u1ec7t s\u01a1 b\u1ed9 gi\u1eefa <em>Staphylococcus saprophyticus<\/em> v\u00e0 c\u00e1c t\u1ee5 c\u1ea7u khu\u1ea9n coagulase \u00e2m t\u00ednh (CoNS) kh\u00e1c trong c\u00e1c m\u1eabu b\u1ec7nh ph\u1ea9m l\u00e2m s\u00e0ng (n\u01b0\u1edbc ti\u1ec3u).<\/li>\n<li>Th\u1eed nghi\u1ec7m n\u00e0y nh\u1eb1m t\u00ecm hi\u1ec3u v\u00e0 ph\u00e1t hi\u1ec7n m\u1ed9t s\u1ed1 vi sinh v\u1eadt c\u00f3 ph\u1ea3n \u1ee9ng v\u1edbi novobiocin nh\u1eb1m ti\u00eau di\u1ec7t nh\u1eefng vi sinh v\u1eadt g\u00e2y h\u1ea1i.<em> Staphylococcus saprophyticus<\/em> t\u1eebng \u0111\u01b0\u1ee3c cho l\u00e0 ch\u1ea5t g\u00e2y \u00f4 nhi\u1ec5m da, nh\u01b0ng nghi\u00ean c\u1ee9u g\u1ea7n \u0111\u00e2y \u0111\u00e3 ch\u1ec9 ra r\u1eb1ng n\u00f3 l\u00e0 t\u00e1c nh\u00e2n g\u00e2y b\u1ec7nh \u0111\u01b0\u1eddng ti\u1ebft ni\u1ec7u ch\u00ednh, ngay c\u1ea3 \u1edf nh\u1eefng ng\u01b0\u1eddi kh\u1ecfe m\u1ea1nh.<\/li>\n<li><em>Streptomyces nivens<\/em> l\u00e0 x\u1ea1 khu\u1ea9n ch\u1ecbu tr\u00e1ch nhi\u1ec7m s\u1ea3n xu\u1ea5t novobiocin.<\/li>\n<\/ul>\n<p><span style=\"color: #3366ff;\"><strong> NGUY\u00caN T\u1eaeC<\/strong><\/span><\/p>\n<p><strong>BacterTest\u2122 \u0110\u0129a gi\u1ea5y Novobiocin<\/strong><\/p>\n<ul>\n<li>Thu\u1ed1c kh\u00e1ng sinh novobiocin ng\u0103n ch\u1eb7n vi khu\u1ea9n b\u1eb1ng c\u00e1ch can thi\u1ec7p v\u00e0o sao ch\u00e9p DNA. N\u00f3 \u1ee9c ch\u1ebf ho\u1ea1t \u0111\u1ed9ng c\u1ee7a adenosine triphosphatase (ATPase) b\u1eb1ng c\u00e1ch li\u00ean k\u1ebft v\u1edbi DNA gyrase.<\/li>\n<li><em> saprophyticus<\/em> c\u00f3 th\u1ec3 \u0111\u01b0\u1ee3c cho l\u00e0 c\u00f3 m\u1eb7t m\u1ed9t c\u00e1ch \u0111\u00e1ng tin c\u1eady khi s\u00e0ng l\u1ecdc c\u00e1c sinh v\u1eadt t\u1eeb n\u01b0\u1edbc ti\u1ec3u \u0111\u1ec3 t\u00ecm kh\u00e1ng novobiocin d\u1ef1a tr\u00ean c\u00e1c \u0111\u1eb7c \u0111i\u1ec3m sau: kh\u00f4ng tan huy\u1ebft tr\u00ean th\u1ea1ch m\u00e1u; coagulase \u00e2m t\u00ednh; ph\u1ea3n \u1ee9ng gram; s\u1ef1 hi\u1ec7n di\u1ec7n c\u1ee7a c\u1ea7u khu\u1ea9n Gram d\u01b0\u01a1ng \u1edf d\u1ea1ng \u0111\u01a1n, c\u1eb7p v\u00e0 c\u1ee5m.<\/li>\n<li>\u0110\u1eb7t m\u1ed9t \u0111\u0129a c\u00f3 ch\u1ee9a kh\u00e1ng sinh Novobiocin v\u00e0o \u0111\u0129a th\u1ea1ch \u0111\u00e3 \u0111\u01b0\u1ee3c tr\u1ea3i \u0111\u1ec1u huy\u1ec1n d\u1ecbch vi khu\u1ea9n. \u0110\u1eb7t \u0111\u0129a \u1ee7 hi\u1ebfu kh\u00ed 18-24 gi\u1edd \u1edf nhi\u1ec7t \u0111\u1ed9 35-37\u00b0C, k\u00edch th\u01b0\u1edbc c\u1ee7a v\u00f9ng \u1ee9c ch\u1ebf xung quanh \u0111\u0129a c\u00f3 th\u1ec3 \u0111\u01b0\u1ee3c \u0111o v\u00e0 ghi nh\u1eadn l\u00e0 m\u1eabn c\u1ea3m ho\u1eb7c kh\u00e1ng thu\u1ed1c. V\u00f9ng \u1ee9c ch\u1ebf nh\u1ea1y c\u1ea3m l\u1edbn h\u01a1n 16 mm, trong khi v\u00f9ng \u1ee9c ch\u1ebf kh\u00e1ng thu\u1ed1c nh\u1ecf h\u01a1n ho\u1eb7c b\u1eb1ng 16 mm.<\/li>\n<\/ul>\n","protected":false},"excerpt":{"rendered":"<ul>\n<li>\u0110\u0129a gi\u1ea5y sinh h\u00f3a d\u00f9ng th\u1ef1c hi\u1ec7n th\u1eed nghi\u1ec7m ph\u00e1t hi\u1ec7n \u0111\u1ec1 kh\u00e1ng Novobiocin<\/li>\n<li><span style=\"color: #000000;\">Code: \u00a006020<\/span><\/li>\n<li><span style=\"color: #000000;\">Quy c\u00e1ch: 50 \u0111\u0129a\/ l\u1ecd ho\u1eb7c theo y\u00eau c\u1ea7u c\u1ee7a kh\u00e1ch h\u00e0ng.<\/span><\/li>\n<li><span style=\"color: #000000;\">\u0110\u01b0\u1eddng k\u00ednh \u0111\u0129a: 6mm<\/span><\/li>\n<li><span style=\"color: #000000;\">B\u1ea3o qu\u1ea3n l\u01b0u tr\u1eef: 2 \u2013 8\u00b0C<\/span><\/li>\n<li><span style=\"color: #000000;\">V\u1eadn chuy\u1ec3n: Nhi\u1ec7t \u0111\u1ed9 m\u00f4i tr\u01b0\u1eddng<\/span><\/li>\n<li>H\u1ea1n s\u1eed d\u1ee5ng: 24 th\u00e1ng k\u1ec3 t\u1eeb ng\u00e0y s\u1ea3n xu\u1ea5t<\/li>\n<\/ul>\n","protected":false},"featured_media":2332,"template":"","meta":[],"product_cat":[17],"product_tag":[],"class_list":["post-1743","product","type-product","status-publish","has-post-thumbnail","hentry","product_cat-mac-dinh"],"_links":{"self":[{"href":"https:\/\/labone.vn\/bacterlab\/wp-json\/wp\/v2\/product\/1743","targetHints":{"allow":["GET"]}}],"collection":[{"href":"https:\/\/labone.vn\/bacterlab\/wp-json\/wp\/v2\/product"}],"about":[{"href":"https:\/\/labone.vn\/bacterlab\/wp-json\/wp\/v2\/types\/product"}],"wp:featuredmedia":[{"embeddable":true,"href":"https:\/\/labone.vn\/bacterlab\/wp-json\/wp\/v2\/media\/2332"}],"wp:attachment":[{"href":"https:\/\/labone.vn\/bacterlab\/wp-json\/wp\/v2\/media?parent=1743"}],"wp:term":[{"taxonomy":"product_cat","embeddable":true,"href":"https:\/\/labone.vn\/bacterlab\/wp-json\/wp\/v2\/product_cat?post=1743"},{"taxonomy":"product_tag","embeddable":true,"href":"https:\/\/labone.vn\/bacterlab\/wp-json\/wp\/v2\/product_tag?post=1743"}],"curies":[{"name":"wp","href":"https:\/\/api.w.org\/{rel}","templated":true}]}}