{"id":1744,"date":"2023-08-09T06:30:32","date_gmt":"2023-08-09T06:30:32","guid":{"rendered":"https:\/\/labone.vn\/bacterlab\/?post_type=product&#038;p=1744"},"modified":"2024-01-26T08:46:41","modified_gmt":"2024-01-26T08:46:41","slug":"bactertest-dia-giay-pad","status":"publish","type":"product","link":"https:\/\/labone.vn\/bacterlab\/product\/bactertest-dia-giay-pad\/","title":{"rendered":"BacterTest\u2122 \u0110\u0129a gi\u1ea5y PAD"},"content":{"rendered":"<p><span style=\"color: #3366ff;\"><strong> M\u1ee4C \u0110\u00cdCH S\u1eec D\u1ee4NG<\/strong><\/span><\/p>\n<p><strong>BacterTest\u2122 \u0110\u0129a gi\u1ea5y PAD<\/strong> d\u1ef1a tr\u00ean vi\u1ec7c ph\u00e1t hi\u1ec7n acid phenylpyruvic trong m\u00f4i tr\u01b0\u1eddng (phenylalanin) \u0111\u1ec3 x\u00e1c \u0111\u1ecbnh kh\u1ea3 n\u0103ng t\u1ed5ng h\u1ee3p enzyme phenylalanine deaminase c\u1ee7a vi khu\u1ea9n. Ngo\u00e0i ra c\u00f2n d\u00f9ng \u0111\u1ec3 ph\u00e2n bi\u1ec7t <em>Enterobacterales<\/em> v\u00e0 x\u00e1c \u0111\u1ecbnh <em>Proteus spp<\/em>.<\/p>\n<p><strong>\u00a0<\/strong><strong style=\"color: #3366ff; font-size: 14.4px;\">NGUY\u00caN T\u1eaeC<\/strong><\/p>\n<p><strong>BacterTest\u2122 \u0110\u0129a gi\u1ea5y PAD<\/strong><\/p>\n<ul>\n<li>M\u1ed9t s\u1ed1 vi khu\u1ea9n c\u00f3 kh\u1ea3 n\u0103ng kh\u1eed amin axit phenylalanine, v\u00ec ch\u00fang c\u00f3 th\u1ec3 t\u1ea1o ra enzyme phenylalanine deaminase.<\/li>\n<li>Enzim n\u00e0y kh\u1eed phenylalanine b\u1eb1ng c\u00e1ch lo\u1ea1i b\u1ecf nh\u00f3m amin c\u1ee7a n\u00f3, do \u0111\u00f3 t\u1ea1o ra axit phenylpyruvic (m\u1ed9t lo\u1ea1i axit keto) v\u00e0 amoniac (NH<sub>3<\/sub> ). Axit phenylpyruvic t\u1ea1o th\u00e0nh m\u00e0u xanh l\u1ee5c v\u1edbi dung d\u1ecbch clorua s\u1eaft.<\/li>\n<li>Trong th\u1eed nghi\u1ec7m phenylalanine deaminase, vi khu\u1ea9n th\u1eed nghi\u1ec7m \u0111\u01b0\u1ee3c \u0111\u01b0a v\u00e0o m\u00f4i tr\u01b0\u1eddng c\u00f3 ch\u1ee9a phenylalanine. N\u1ebfu vi khu\u1ea9n c\u00f3 kh\u1ea3 n\u0103ng kh\u1eed phenylalanine, m\u00e0u c\u1ee7a c\u00e1c ch\u1ea5t thay \u0111\u1ed5i t\u1eeb m\u00e0u v\u00e0ng sang m\u00e0u xanh l\u00e1 c\u00e2y, khi cho dung d\u1ecbch 10% clorua s\u1eaft v\u00e0o n\u00f3. N\u1ebfu m\u00f4i tr\u01b0\u1eddng v\u1eabn c\u00f3 m\u00e0u r\u01a1m, sinh v\u1eadt \u00e2m t\u00ednh v\u1edbi vi\u1ec7c s\u1ea3n xu\u1ea5t phenylalanine deaminase.<\/li>\n<\/ul>\n","protected":false},"excerpt":{"rendered":"<ul>\n<li>\u0110\u0129a gi\u1ea5y sinh h\u00f3a d\u00f9ng th\u1ef1c hi\u1ec7n th\u1eed nghi\u1ec7m Phenyl Alanine Deaminase<\/li>\n<li><span style=\"color: #000000;\">Code: \u00a006023<\/span><\/li>\n<li><span style=\"color: #000000;\">Quy c\u00e1ch: 50 \u0111\u0129a\/ l\u1ecd ho\u1eb7c theo y\u00eau c\u1ea7u c\u1ee7a kh\u00e1ch h\u00e0ng.<\/span><\/li>\n<li><span style=\"color: #000000;\">\u0110\u01b0\u1eddng k\u00ednh \u0111\u0129a: 6mm<\/span><\/li>\n<li><span style=\"color: #000000;\">B\u1ea3o qu\u1ea3n l\u01b0u tr\u1eef: 2 \u2013 8\u00b0C<\/span><\/li>\n<li><span style=\"color: #000000;\">V\u1eadn chuy\u1ec3n: Nhi\u1ec7t \u0111\u1ed9 m\u00f4i tr\u01b0\u1eddng<\/span><\/li>\n<li>H\u1ea1n s\u1eed d\u1ee5ng: 24 th\u00e1ng k\u1ec3 t\u1eeb ng\u00e0y s\u1ea3n xu\u1ea5t<\/li>\n<\/ul>\n","protected":false},"featured_media":2332,"template":"","meta":[],"product_cat":[17],"product_tag":[],"class_list":["post-1744","product","type-product","status-publish","has-post-thumbnail","hentry","product_cat-mac-dinh"],"_links":{"self":[{"href":"https:\/\/labone.vn\/bacterlab\/wp-json\/wp\/v2\/product\/1744","targetHints":{"allow":["GET"]}}],"collection":[{"href":"https:\/\/labone.vn\/bacterlab\/wp-json\/wp\/v2\/product"}],"about":[{"href":"https:\/\/labone.vn\/bacterlab\/wp-json\/wp\/v2\/types\/product"}],"wp:featuredmedia":[{"embeddable":true,"href":"https:\/\/labone.vn\/bacterlab\/wp-json\/wp\/v2\/media\/2332"}],"wp:attachment":[{"href":"https:\/\/labone.vn\/bacterlab\/wp-json\/wp\/v2\/media?parent=1744"}],"wp:term":[{"taxonomy":"product_cat","embeddable":true,"href":"https:\/\/labone.vn\/bacterlab\/wp-json\/wp\/v2\/product_cat?post=1744"},{"taxonomy":"product_tag","embeddable":true,"href":"https:\/\/labone.vn\/bacterlab\/wp-json\/wp\/v2\/product_tag?post=1744"}],"curies":[{"name":"wp","href":"https:\/\/api.w.org\/{rel}","templated":true}]}}