{"id":1771,"date":"2023-08-10T03:11:32","date_gmt":"2023-08-10T03:11:32","guid":{"rendered":"https:\/\/labone.vn\/bacterlab\/?post_type=product&#038;p=1771"},"modified":"2025-03-13T02:31:26","modified_gmt":"2025-03-13T02:31:26","slug":"bactertube-bhi-bo-sung-chloramphenicol","status":"publish","type":"product","link":"https:\/\/labone.vn\/bacterlab\/product\/bactertube-bhi-bo-sung-chloramphenicol\/","title":{"rendered":"BacterTube\u2122 BHI b\u1ed5 sung Chloramphenicol"},"content":{"rendered":"<p><span style=\"color: #3366ff;\"><strong> M\u1ee4C \u0110\u00cdCH S\u1eec D\u1ee4NG<\/strong><\/span><\/p>\n<ul>\n<li><strong>BacterTube\u2122 BHI b\u1ed5 sung Chloramphenicol <\/strong>l\u00e0 m\u00f4i tr\u01b0\u1eddng l\u00e0m gi\u00e0u kh\u00f4ng ch\u1ecdn l\u1ecdc, h\u1ed7 tr\u1ee3 s\u1ef1 ph\u00e1t tri\u1ec3n c\u1ee7a t\u1ea5t c\u1ea3 c\u00e1c vi khu\u1ea9n, bao g\u1ed3m <em>Haemophilus influenzae<\/em>. M\u00f4i tr\u01b0\u1eddng n\u00e0y \u0111\u01b0\u1ee3c thi\u1ebft k\u1ebf \u0111\u1ec3 th\u00fac \u0111\u1ea9y s\u1ef1 ph\u00e1t tri\u1ec3n c\u1ee7a nhi\u1ec1u lo\u1ea1i vi sinh v\u1eadt m\u00e0 kh\u00f4ng \u1ee9c ch\u1ebf b\u1ea5t k\u1ef3 lo\u00e0i vi khu\u1ea9n c\u1ee5 th\u1ec3 n\u00e0o.<\/li>\n<\/ul>\n<p><span style=\"color: #3366ff;\"><strong> NGUY\u00caN T\u1eaeC<\/strong><\/span><\/p>\n<ul>\n<li><strong>BacterTube\u2122 BHI b\u1ed5 sung Chloramphenicol<\/strong> v\u1edbi th\u00e0nh ph\u1ea7n ch\u00ednh l\u00e0 peptone, axit amin, nit\u01a1, l\u01b0u hu\u1ef3nh, carbon, c\u00e1c th\u00e0nh ph\u1ea7n vi l\u01b0\u1ee3ng v\u00e0 agar cung c\u1ea5p dinh d\u01b0\u1ee1ng c\u1ea7n thi\u1ebft cho s\u1ef1 ph\u00e1t tri\u1ec3n c\u1ee7a vi khu\u1ea9n. Dextrose l\u00e0 ngu\u1ed3n n\u0103ng l\u01b0\u1ee3ng cho qu\u00e1 tr\u00ecnh trao \u0111\u1ed5i ch\u1ea5t c\u1ee7a vi sinh v\u1eadt. Natri clorua cung c\u1ea5p ch\u1ea5t \u0111i\u1ec7n gi\u1ea3i c\u1ea7n thi\u1ebft. K\u1ebft h\u1ee3p v\u1edbi Cloramphenicol l\u00e0 kh\u00e1ng sinh ph\u1ed5 r\u1ed9ng c\u00f3 t\u00e1c d\u1ee5ng \u1ee9c ch\u1ebf r\u1ed9ng r\u00e3i nhi\u1ec1u lo\u1ea1i vi khu\u1ea9n gram d\u01b0\u01a1ng v\u00e0 gram \u00e2m.<\/li>\n<\/ul>\n","protected":false},"excerpt":{"rendered":"<ul>\n<li>M\u00f4i tr\u01b0\u1eddng gi\u00e0u dinh d\u01b0\u1ee1ng cung c\u1ea5p c\u00e1c ch\u1ea5t thi\u1ebft y\u1ebfu ph\u00f9 h\u1ee3p \u0111\u1ec3 nu\u00f4i c\u1ea5y vi n\u1ea5m<\/li>\n<li><strong>Code: 08013<\/strong><\/li>\n<li><strong>Quy c\u00e1ch:<\/strong>50 \u1ed1ng\/ h\u1ed9p ho\u1eb7c theo y\u00eau c\u1ea7u c\u1ee7a kh\u00e1ch h\u00e0ng.<\/li>\n<li><strong>B\u1ea3o qu\u1ea3n l\u01b0u tr\u1eef:<\/strong> 2 \u2013 8\u00b0C.<\/li>\n<li><strong>V\u1eadn chuy\u1ec3n:<\/strong> Nhi\u1ec7t \u0111\u1ed9 m\u00f4i tr\u01b0\u1eddng.<\/li>\n<li><strong>H\u1ea1n s\u1eed d\u1ee5ng:<\/strong> 06 th\u00e1ng k\u1ec3 t\u1eeb ng\u00e0y s\u1ea3n xu\u1ea5t.<\/li>\n<\/ul>\n","protected":false},"featured_media":2525,"template":"","meta":[],"product_cat":[394,147],"product_tag":[],"class_list":["post-1771","product","type-product","status-publish","has-post-thumbnail","hentry","product_cat-moi-truong-tang-sinh","product_cat-dem-pha-loang-va-tang-sinh"],"_links":{"self":[{"href":"https:\/\/labone.vn\/bacterlab\/wp-json\/wp\/v2\/product\/1771","targetHints":{"allow":["GET"]}}],"collection":[{"href":"https:\/\/labone.vn\/bacterlab\/wp-json\/wp\/v2\/product"}],"about":[{"href":"https:\/\/labone.vn\/bacterlab\/wp-json\/wp\/v2\/types\/product"}],"wp:featuredmedia":[{"embeddable":true,"href":"https:\/\/labone.vn\/bacterlab\/wp-json\/wp\/v2\/media\/2525"}],"wp:attachment":[{"href":"https:\/\/labone.vn\/bacterlab\/wp-json\/wp\/v2\/media?parent=1771"}],"wp:term":[{"taxonomy":"product_cat","embeddable":true,"href":"https:\/\/labone.vn\/bacterlab\/wp-json\/wp\/v2\/product_cat?post=1771"},{"taxonomy":"product_tag","embeddable":true,"href":"https:\/\/labone.vn\/bacterlab\/wp-json\/wp\/v2\/product_tag?post=1771"}],"curies":[{"name":"wp","href":"https:\/\/api.w.org\/{rel}","templated":true}]}}