{"id":1772,"date":"2023-08-10T03:13:42","date_gmt":"2023-08-10T03:13:42","guid":{"rendered":"https:\/\/labone.vn\/bacterlab\/?post_type=product&#038;p=1772"},"modified":"2025-03-13T03:29:13","modified_gmt":"2025-03-13T03:29:13","slug":"bactertube-bhi-ge-cl","status":"publish","type":"product","link":"https:\/\/labone.vn\/bacterlab\/product\/bactertube-bhi-ge-cl\/","title":{"rendered":"BacterTube\u2122 BHI Ge\/Cl"},"content":{"rendered":"<p><span style=\"color: #3366ff;\"><strong> M\u1ee4C \u0110\u00cdCH S\u1eec D\u1ee4NG<\/strong><\/span><\/p>\n<ul>\n<li><strong>BacterTube\u2122 BHI Ge\/Cl<\/strong> l\u00e0 m\u00f4i tr\u01b0\u1eddng dinh d\u01b0\u1ee1ng \u0111a d\u1ee5ng \u0111\u01b0\u1ee3c khuy\u1ebfn ngh\u1ecb s\u1eed d\u1ee5ng \u0111\u1ec3 nu\u00f4i c\u1ea5y v\u00e0 ph\u00e2n l\u1eadp nhi\u1ec1u lo\u1ea1i vi sinh v\u1eadt, bao g\u1ed3m vi khu\u1ea9n, n\u1ea5m men v\u00e0 n\u1ea5m m\u1ed1c. Vi\u1ec7c b\u1ed5 sung c\u00e1c t\u00e1c nh\u00e2n kh\u00e1ng khu\u1ea9n gi\u00fap t\u1ea1o ra m\u00f4i tr\u01b0\u1eddng ch\u1ecdn l\u1ecdc, d\u00f9ng \u0111\u1ec3 ph\u00e2n l\u1eadp n\u1ea5m g\u00e2y b\u1ec7nh t\u1eeb c\u00e1c m\u1eabu b\u1ecb nhi\u1ec5m khu\u1ea9n n\u1eb7ng v\u00e0 n\u1ea5m ho\u1ea1i sinh. M\u1ed9t s\u1ed1 vi khu\u1ea9n Gram d\u01b0\u01a1ng v\u00e0 Gram \u00e2m b\u1ecb \u1ee9c ch\u1ebf b\u1edfi chloramphenicol, m\u1ed9t kh\u00e1ng sinh ph\u1ed5 r\u1ed9ng.<\/li>\n<\/ul>\n<p><span style=\"color: #3366ff;\"><strong> NGUY\u00caN T\u1eaeC<\/strong><\/span><\/p>\n<ul>\n<li><strong>BacterTube\u2122 BHI Ge\/Cl <\/strong>v\u1edbi c\u00e1c th\u00e0nh ph\u1ea7n ch\u00ednh bao g\u1ed3m peptone, axit amin, nit\u01a1, l\u01b0u hu\u1ef3nh, carbon, nguy\u00ean t\u1ed1 vi l\u01b0\u1ee3ng v\u00e0 agar cung c\u1ea5p c\u00e1c ch\u1ea5t dinh d\u01b0\u1ee1ng thi\u1ebft y\u1ebfu cho s\u1ef1 ph\u00e1t tri\u1ec3n c\u1ee7a vi khu\u1ea9n. Dextrose \u0111\u00f3ng vai tr\u00f2 l\u00e0 ngu\u1ed3n n\u0103ng l\u01b0\u1ee3ng cho qu\u00e1 tr\u00ecnh trao \u0111\u1ed5i ch\u1ea5t c\u1ee7a vi sinh v\u1eadt. Sodium chloride cung c\u1ea5p c\u00e1c ch\u1ea5t \u0111i\u1ec7n gi\u1ea3i c\u1ea7n thi\u1ebft. K\u1ebft h\u1ee3p v\u1edbi chloramphenicol, m\u1ed9t kh\u00e1ng sinh ph\u1ed5 r\u1ed9ng c\u00f3 kh\u1ea3 n\u0103ng \u1ee9c ch\u1ebf nhi\u1ec1u lo\u1ea1i vi khu\u1ea9n Gram d\u01b0\u01a1ng v\u00e0 Gram \u00e2m. Gentamycin, m\u1ed9t kh\u00e1ng sinh aminoglycoside, c\u00f3 t\u00e1c d\u1ee5ng di\u1ec7t khu\u1ea9n. N\u00f3 th\u00e2m nh\u1eadp v\u00e0o m\u00e0ng vi khu\u1ea9n Gram \u00e2m th\u00f4ng qua c\u01a1 ch\u1ebf v\u1eadn chuy\u1ec3n ch\u1ee7 \u0111\u1ed9ng ph\u1ee5 thu\u1ed9c oxy. Y\u00eau c\u1ea7u oxy n\u00e0y l\u00e0 l\u00fd do aminoglycoside kh\u00f4ng c\u00f3 hi\u1ec7u qu\u1ea3 \u0111\u1ed1i v\u1edbi vi khu\u1ea9n k\u1ef5 kh\u00ed.<\/li>\n<\/ul>\n","protected":false},"excerpt":{"rendered":"<ul>\n<li>M\u00f4i tr\u01b0\u1eddng l\u00e0m gi\u00e0u c\u00f3 ch\u1ecdn l\u1ecdc d\u00e0nh cho <em>Streptococcus<\/em> v\u00e0 n\u1ea5m.<\/li>\n<li><strong>Code: 08015<\/strong><\/li>\n<li><strong>Quy c\u00e1ch:<\/strong>50 \u1ed1ng\/ h\u1ed9p ho\u1eb7c theo y\u00eau c\u1ea7u c\u1ee7a kh\u00e1ch h\u00e0ng.<\/li>\n<li><strong>B\u1ea3o qu\u1ea3n l\u01b0u tr\u1eef:<\/strong> 2 \u2013 8\u00b0C.<\/li>\n<li><strong>V\u1eadn chuy\u1ec3n:<\/strong> Nhi\u1ec7t \u0111\u1ed9 m\u00f4i tr\u01b0\u1eddng.<\/li>\n<li><strong>H\u1ea1n s\u1eed d\u1ee5ng:<\/strong> 06 th\u00e1ng k\u1ec3 t\u1eeb ng\u00e0y s\u1ea3n xu\u1ea5t.<\/li>\n<\/ul>\n","protected":false},"featured_media":2528,"template":"","meta":[],"product_cat":[394,147],"product_tag":[],"class_list":["post-1772","product","type-product","status-publish","has-post-thumbnail","hentry","product_cat-moi-truong-tang-sinh","product_cat-dem-pha-loang-va-tang-sinh"],"_links":{"self":[{"href":"https:\/\/labone.vn\/bacterlab\/wp-json\/wp\/v2\/product\/1772","targetHints":{"allow":["GET"]}}],"collection":[{"href":"https:\/\/labone.vn\/bacterlab\/wp-json\/wp\/v2\/product"}],"about":[{"href":"https:\/\/labone.vn\/bacterlab\/wp-json\/wp\/v2\/types\/product"}],"wp:featuredmedia":[{"embeddable":true,"href":"https:\/\/labone.vn\/bacterlab\/wp-json\/wp\/v2\/media\/2528"}],"wp:attachment":[{"href":"https:\/\/labone.vn\/bacterlab\/wp-json\/wp\/v2\/media?parent=1772"}],"wp:term":[{"taxonomy":"product_cat","embeddable":true,"href":"https:\/\/labone.vn\/bacterlab\/wp-json\/wp\/v2\/product_cat?post=1772"},{"taxonomy":"product_tag","embeddable":true,"href":"https:\/\/labone.vn\/bacterlab\/wp-json\/wp\/v2\/product_tag?post=1772"}],"curies":[{"name":"wp","href":"https:\/\/api.w.org\/{rel}","templated":true}]}}