{"id":1773,"date":"2023-08-10T03:17:28","date_gmt":"2023-08-10T03:17:28","guid":{"rendered":"https:\/\/labone.vn\/bacterlab\/?post_type=product&#038;p=1773"},"modified":"2023-09-26T07:40:43","modified_gmt":"2023-09-26T07:40:43","slug":"bactertube-kliggler-iron-agar","status":"publish","type":"product","link":"https:\/\/labone.vn\/bacterlab\/product\/bactertube-kliggler-iron-agar\/","title":{"rendered":"BacterTube\u2122 Kliggler Iron Agar"},"content":{"rendered":"","protected":false},"excerpt":{"rendered":"<ul>\n<li>M\u00f4i tr\u01b0\u1eddng th\u1ef1c hi\u1ec7n th\u1eed nghi\u1ec7m sinh h\u00f3a l\u00ean men Glucose, Lactose (c\u00f3 ho\u1eb7c kh\u00f4ng c\u00f3 t\u1ea1o kh\u00ed), ph\u1ea3n \u1ee9ng t\u1ea1o Hydrogen sulfide v\u00e0 sinh kh\u00ed \u0111\u1ec3 \u0111\u1ecbnh danh tr\u1ef1c khu\u1ea9n Gram \u00e2m d\u1ec5 m\u1ecdc.<\/li>\n<li>Code: TM3722<\/li>\n<li>Quy c\u00e1ch: 10, 20, 50 \u1ed1ng\/ h\u1ed9p<\/li>\n<li>B\u1ea3o qu\u1ea3n l\u01b0u tr\u1eef: 2 \u2013 8\u00b0C<\/li>\n<li>V\u1eadn chuy\u1ec3n: Nhi\u1ec7t \u0111\u1ed9 m\u00f4i tr\u01b0\u1eddng<\/li>\n<li>H\u1ea1n s\u1eed d\u1ee5ng: 03 th\u00e1ng<\/li>\n<\/ul>\n","protected":false},"featured_media":1751,"template":"","meta":[],"product_cat":[252],"product_tag":[],"class_list":["post-1773","product","type-product","status-publish","has-post-thumbnail","hentry","product_cat-moi-truong-chuyen-cho-van-chuyen"],"_links":{"self":[{"href":"https:\/\/labone.vn\/bacterlab\/wp-json\/wp\/v2\/product\/1773","targetHints":{"allow":["GET"]}}],"collection":[{"href":"https:\/\/labone.vn\/bacterlab\/wp-json\/wp\/v2\/product"}],"about":[{"href":"https:\/\/labone.vn\/bacterlab\/wp-json\/wp\/v2\/types\/product"}],"wp:featuredmedia":[{"embeddable":true,"href":"https:\/\/labone.vn\/bacterlab\/wp-json\/wp\/v2\/media\/1751"}],"wp:attachment":[{"href":"https:\/\/labone.vn\/bacterlab\/wp-json\/wp\/v2\/media?parent=1773"}],"wp:term":[{"taxonomy":"product_cat","embeddable":true,"href":"https:\/\/labone.vn\/bacterlab\/wp-json\/wp\/v2\/product_cat?post=1773"},{"taxonomy":"product_tag","embeddable":true,"href":"https:\/\/labone.vn\/bacterlab\/wp-json\/wp\/v2\/product_tag?post=1773"}],"curies":[{"name":"wp","href":"https:\/\/api.w.org\/{rel}","templated":true}]}}