{"id":1783,"date":"2023-08-10T03:45:22","date_gmt":"2023-08-10T03:45:22","guid":{"rendered":"https:\/\/labone.vn\/bacterlab\/?post_type=product&#038;p=1783"},"modified":"2025-03-12T00:57:32","modified_gmt":"2025-03-12T00:57:32","slug":"bactertube-pyruvate-broth","status":"publish","type":"product","link":"https:\/\/labone.vn\/bacterlab\/product\/bactertube-pyruvate-broth\/","title":{"rendered":"BacterTube\u2122 Pyruvate Broth"},"content":{"rendered":"<p><span style=\"font-size: 120%;\"><strong><span style=\"color: #3366ff;\">M\u1ee4C \u0110\u00cdCH S\u1eec D\u1ee4NG<\/span><\/strong><\/span><\/p>\n<ul>\n<li><strong>BacterTube\u2122 Pyruvate Broth <\/strong>\u0111\u01b0\u1ee3c khuy\u1ebfn ngh\u1ecb \u0111\u1ec3 ph\u00e2n bi\u1ec7t vi sinh v\u1eadt d\u1ef1a tr\u00ean kh\u1ea3 n\u0103ng s\u1eed d\u1ee5ng pyruvate.<\/li>\n<\/ul>\n<p><strong><span style=\"color: #3366ff; font-size: 120%;\">NGUY\u00caN T\u1eaeC<\/span><\/strong><\/p>\n<ul>\n<li>M\u00f4i tr\u01b0\u1eddng h\u1ed7 tr\u1ee3 ph\u00e2n bi\u1ec7t vi sinh v\u1eadt th\u00f4ng qua c\u00e1c th\u00e0nh ph\u1ea7n sau:\n<ul>\n<li>Natri Pyruvate: L\u00e0 carbohydrate c\u00f3 th\u1ec3 l\u00ean men.<\/li>\n<li>Bromothymol Blue: Ch\u1ec9 th\u1ecb acid-base, chuy\u1ec3n sang m\u00e0u v\u00e0ng khi c\u00f3 axit \u0111\u01b0\u1ee3c t\u1ea1o ra trong qu\u00e1 tr\u00ecnh l\u00ean men.<\/li>\n<li>Cao n\u1ea5m men: Cung c\u1ea5p c\u00e1c d\u01b0\u1ee1ng ch\u1ea5t thi\u1ebft y\u1ebfu cho s\u1ef1 ph\u00e1t tri\u1ec3n.<\/li>\n<li>\u0110\u1ec7m Diphosphate: Duy tr\u00ec s\u1ef1 \u1ed5n \u0111\u1ecbnh pH trong su\u1ed1t qu\u00e1 tr\u00ecnh \u1ee7<\/li>\n<\/ul>\n<\/li>\n<\/ul>\n","protected":false},"excerpt":{"rendered":"<ul>\n<li>M\u00f4i tr\u01b0\u1eddng th\u1eed nghi\u1ec7m \u0111\u01b0\u1ee3c s\u1eed d\u1ee5ng \u0111\u1ec3 x\u00e1c \u0111\u1ecbnh kh\u1ea3 n\u0103ng c\u1ee7a vi sinh v\u1eadt trong vi\u1ec7c s\u1eed d\u1ee5ng c\u01a1 ch\u1ea5t pyruvate<\/li>\n<li><strong>Code: 08034<\/strong><\/li>\n<li><strong>Quy c\u00e1ch:<\/strong>50 \u1ed1ng\/ h\u1ed9p ho\u1eb7c theo y\u00eau c\u1ea7u c\u1ee7a kh\u00e1ch h\u00e0ng.<\/li>\n<li><strong>B\u1ea3o qu\u1ea3n l\u01b0u tr\u1eef:<\/strong> 2 \u2013 8\u00b0C.<\/li>\n<li><strong>V\u1eadn chuy\u1ec3n:<\/strong> Nhi\u1ec7t \u0111\u1ed9 m\u00f4i tr\u01b0\u1eddng.<\/li>\n<li><strong>H\u1ea1n s\u1eed d\u1ee5ng:<\/strong> 06 th\u00e1ng k\u1ec3 t\u1eeb ng\u00e0y s\u1ea3n xu\u1ea5t.<\/li>\n<\/ul>\n","protected":false},"featured_media":3072,"template":"","meta":[],"product_cat":[401],"product_tag":[],"class_list":["post-1783","product","type-product","status-publish","has-post-thumbnail","hentry","product_cat-moi-truong-sinh-hoa"],"_links":{"self":[{"href":"https:\/\/labone.vn\/bacterlab\/wp-json\/wp\/v2\/product\/1783","targetHints":{"allow":["GET"]}}],"collection":[{"href":"https:\/\/labone.vn\/bacterlab\/wp-json\/wp\/v2\/product"}],"about":[{"href":"https:\/\/labone.vn\/bacterlab\/wp-json\/wp\/v2\/types\/product"}],"wp:featuredmedia":[{"embeddable":true,"href":"https:\/\/labone.vn\/bacterlab\/wp-json\/wp\/v2\/media\/3072"}],"wp:attachment":[{"href":"https:\/\/labone.vn\/bacterlab\/wp-json\/wp\/v2\/media?parent=1783"}],"wp:term":[{"taxonomy":"product_cat","embeddable":true,"href":"https:\/\/labone.vn\/bacterlab\/wp-json\/wp\/v2\/product_cat?post=1783"},{"taxonomy":"product_tag","embeddable":true,"href":"https:\/\/labone.vn\/bacterlab\/wp-json\/wp\/v2\/product_tag?post=1783"}],"curies":[{"name":"wp","href":"https:\/\/api.w.org\/{rel}","templated":true}]}}