{"id":1786,"date":"2023-08-10T04:16:29","date_gmt":"2023-08-10T04:16:29","guid":{"rendered":"https:\/\/labone.vn\/bacterlab\/?post_type=product&#038;p=1786"},"modified":"2025-03-13T07:56:59","modified_gmt":"2025-03-13T07:56:59","slug":"bactertube-urea-broth","status":"publish","type":"product","link":"https:\/\/labone.vn\/bacterlab\/product\/bactertube-urea-broth\/","title":{"rendered":"BacterTube\u2122 Urea broth"},"content":{"rendered":"<p><span style=\"color: #3366ff;\"><strong><span style=\"font-size: 120%;\">M\u1ee4C \u0110\u00cdCH S\u1eec D\u1ee4NG<\/span><\/strong><\/span><\/p>\n<ul>\n<li><strong>BacterTube\u2122 Urea Broth <\/strong>\u0111\u01b0\u1ee3c khuy\u1ebfn ngh\u1ecb \u0111\u1ec3 nh\u1eadn d\u1ea1ng vi khu\u1ea9n d\u1ef1a tr\u00ean kh\u1ea3 n\u0103ng s\u1eed d\u1ee5ng ure, \u0111\u1eb7c bi\u1ec7t l\u00e0 \u0111\u1ec3 ph\u00e2n bi\u1ec7t c\u00e1c lo\u00e0i <em>Proteus<\/em>, <em>Salmonella<\/em> v\u00e0 <em>Shigella<\/em> t\u1eeb c\u00e1c m\u1eabu l\u00e2m s\u00e0ng v\u00e0 phi l\u00e2m s\u00e0ng<\/li>\n<\/ul>\n<p><span style=\"font-size: 120%; color: #3366ff;\">NGUY\u00caN T\u1eaeC<\/span><\/p>\n<ul>\n<li>M\u00f4i tr\u01b0\u1eddng n\u00e0y ph\u00e2n bi\u1ec7t vi khu\u1ea9n d\u1ef1a tr\u00ean kh\u1ea3 n\u0103ng th\u1ee7y ph\u00e2n ure s\u1eed d\u1ee5ng enzyme urease:\n<ul>\n<li>Th\u1ee7y ph\u00e2n Ure: Th\u1ee7y ph\u00e2n ure gi\u1ea3i ph\u00f3ng amoniac, l\u00e0m t\u0103ng \u0111\u1ed9 pH c\u1ee7a m\u00f4i tr\u01b0\u1eddng, khi\u1ebfn m\u00e0u ch\u1ec9 th\u1ecb chuy\u1ec3n sang \u0111\u1ecf h\u1ed3ng.<\/li>\n<li>Ngh\u00e8o dinh d\u01b0\u1ee1ng: Ng\u0103n ng\u1eeba k\u1ebft qu\u1ea3 d\u01b0\u01a1ng t\u00ednh gi\u1ea3 do th\u1ee7y ph\u00e2n protein.<\/li>\n<li>Ki\u1ec3m so\u00e1t \u00e2m T\u00ednh: Kh\u00f4ng ch\u1ee9a ure \u0111\u1ec3 \u0111\u1ea3m b\u1ea3o k\u1ebft qu\u1ea3 ch\u00ednh x\u00e1c b\u1eb1ng c\u00e1ch lo\u1ea1i tr\u1eeb k\u1ebft qu\u1ea3 d\u01b0\u01a1ng t\u00ednh gi\u1ea3.<\/li>\n<\/ul>\n<\/li>\n<\/ul>\n","protected":false},"excerpt":{"rendered":"<ul>\n<li>M\u00f4i tr\u01b0\u1eddng th\u1eed nghi\u1ec7m \u0111\u01b0\u1ee3c s\u1eed d\u1ee5ng \u0111\u1ec3 ph\u00e1t hi\u1ec7n c\u00e1c vi sinh v\u1eadt s\u1ea3n xu\u1ea5t urease.<\/li>\n<li><strong>Code: 08036<\/strong><\/li>\n<li><strong>Quy c\u00e1ch:<\/strong>50 \u1ed1ng\/ h\u1ed9p ho\u1eb7c theo y\u00eau c\u1ea7u c\u1ee7a kh\u00e1ch h\u00e0ng.<\/li>\n<li><strong>B\u1ea3o qu\u1ea3n l\u01b0u tr\u1eef:<\/strong> 2 \u2013 8\u00b0C.<\/li>\n<li><strong>V\u1eadn chuy\u1ec3n:<\/strong> Nhi\u1ec7t \u0111\u1ed9 m\u00f4i tr\u01b0\u1eddng.<\/li>\n<li><strong>H\u1ea1n s\u1eed d\u1ee5ng:<\/strong> 06 th\u00e1ng k\u1ec3 t\u1eeb ng\u00e0y s\u1ea3n xu\u1ea5t.<\/li>\n<\/ul>\n","protected":false},"featured_media":3074,"template":"","meta":[],"product_cat":[401],"product_tag":[],"class_list":["post-1786","product","type-product","status-publish","has-post-thumbnail","hentry","product_cat-moi-truong-sinh-hoa"],"_links":{"self":[{"href":"https:\/\/labone.vn\/bacterlab\/wp-json\/wp\/v2\/product\/1786","targetHints":{"allow":["GET"]}}],"collection":[{"href":"https:\/\/labone.vn\/bacterlab\/wp-json\/wp\/v2\/product"}],"about":[{"href":"https:\/\/labone.vn\/bacterlab\/wp-json\/wp\/v2\/types\/product"}],"wp:featuredmedia":[{"embeddable":true,"href":"https:\/\/labone.vn\/bacterlab\/wp-json\/wp\/v2\/media\/3074"}],"wp:attachment":[{"href":"https:\/\/labone.vn\/bacterlab\/wp-json\/wp\/v2\/media?parent=1786"}],"wp:term":[{"taxonomy":"product_cat","embeddable":true,"href":"https:\/\/labone.vn\/bacterlab\/wp-json\/wp\/v2\/product_cat?post=1786"},{"taxonomy":"product_tag","embeddable":true,"href":"https:\/\/labone.vn\/bacterlab\/wp-json\/wp\/v2\/product_tag?post=1786"}],"curies":[{"name":"wp","href":"https:\/\/api.w.org\/{rel}","templated":true}]}}