{"id":1793,"date":"2023-08-11T01:34:31","date_gmt":"2023-08-11T01:34:31","guid":{"rendered":"https:\/\/labone.vn\/bacterlab\/?post_type=product&#038;p=1793"},"modified":"2023-09-26T09:03:42","modified_gmt":"2023-09-26T09:03:42","slug":"bactertube-koh","status":"publish","type":"product","link":"https:\/\/labone.vn\/bacterlab\/product\/bactertube-koh\/","title":{"rendered":"BacterTube\u2122 KOH"},"content":{"rendered":"","protected":false},"excerpt":{"rendered":"<ul>\n<li><span style=\"color: #000000;\">K\u1ebft h\u1ee3p c\u00f9ng v\u1edbi m\u00f4i tr\u01b0\u1eddng (MR-VP) ho\u1eb7c \u0111\u0129a gi\u1ea5y sinh h\u00f3a sinh h\u00f3a VP v\u00e0 thu\u1ed1c th\u1eed \u03b1-naphol \u0111\u1ec3 th\u1ef1c hi\u1ec7n th\u1eed nghi\u1ec7m VP.<\/span><\/li>\n<li><span style=\"color: #000000;\">Code: TM6922.<\/span><\/li>\n<li><span style=\"color: #000000;\">Quy c\u00e1ch: 10, 20, 50 \u1ed1ng\/ h\u1ed9p.<\/span><\/li>\n<li><span style=\"color: #000000;\">B\u1ea3o qu\u1ea3n l\u01b0u tr\u1eef: 2 \u2013 8\u00b0C.<\/span><\/li>\n<li><span style=\"color: #000000;\">V\u1eadn chuy\u1ec3n: Nhi\u1ec7t \u0111\u1ed9 m\u00f4i tr\u01b0\u1eddng.<\/span><\/li>\n<li><span style=\"color: #000000;\">H\u1ea1n s\u1eed d\u1ee5ng: 03 th\u00e1ng.<\/span><\/li>\n<\/ul>\n","protected":false},"featured_media":1751,"template":"","meta":[],"product_cat":[252],"product_tag":[],"class_list":["post-1793","product","type-product","status-publish","has-post-thumbnail","hentry","product_cat-moi-truong-chuyen-cho-van-chuyen"],"_links":{"self":[{"href":"https:\/\/labone.vn\/bacterlab\/wp-json\/wp\/v2\/product\/1793","targetHints":{"allow":["GET"]}}],"collection":[{"href":"https:\/\/labone.vn\/bacterlab\/wp-json\/wp\/v2\/product"}],"about":[{"href":"https:\/\/labone.vn\/bacterlab\/wp-json\/wp\/v2\/types\/product"}],"wp:featuredmedia":[{"embeddable":true,"href":"https:\/\/labone.vn\/bacterlab\/wp-json\/wp\/v2\/media\/1751"}],"wp:attachment":[{"href":"https:\/\/labone.vn\/bacterlab\/wp-json\/wp\/v2\/media?parent=1793"}],"wp:term":[{"taxonomy":"product_cat","embeddable":true,"href":"https:\/\/labone.vn\/bacterlab\/wp-json\/wp\/v2\/product_cat?post=1793"},{"taxonomy":"product_tag","embeddable":true,"href":"https:\/\/labone.vn\/bacterlab\/wp-json\/wp\/v2\/product_tag?post=1793"}],"curies":[{"name":"wp","href":"https:\/\/api.w.org\/{rel}","templated":true}]}}