{"id":1798,"date":"2023-08-11T01:46:37","date_gmt":"2023-08-11T01:46:37","guid":{"rendered":"https:\/\/labone.vn\/bacterlab\/?post_type=product&#038;p=1798"},"modified":"2025-04-14T06:38:20","modified_gmt":"2025-04-14T06:38:20","slug":"bactertube-nuoc-muoi-sinh-ly-vo-trung-ns-085","status":"publish","type":"product","link":"https:\/\/labone.vn\/bacterlab\/product\/bactertube-nuoc-muoi-sinh-ly-vo-trung-ns-085\/","title":{"rendered":"BacterTube\u2122 N\u01b0\u1edbc mu\u1ed1i sinh l\u00fd v\u00f4 tr\u00f9ng (NS 0,85%)"},"content":{"rendered":"<p><span style=\"color: #3366ff;\"><strong> M\u1ee4C \u0110\u00cdCH S\u1eec D\u1ee4NG<\/strong><\/span><\/p>\n<ul>\n<li><strong>BacterTube\u2122 N\u01b0\u1edbc mu\u1ed1i sinh l\u00fd v\u00f4 tr\u00f9ng (NS 0,85%) <\/strong>\u0111\u01b0\u1ee3c khuy\u1ebfn ngh\u1ecb cho c\u00e1c quy tr\u00ecnh y\u00eau c\u1ea7u s\u1eed d\u1ee5ng dung d\u1ecbch pha lo\u00e3ng \u0111\u1eb3ng tr\u01b0\u01a1ng. N\u00f3 c\u0169ng \u0111\u01b0\u1ee3c khuy\u1ebfn ngh\u1ecb \u0111\u1ec3 chu\u1ea9n b\u1ecb huy\u1ec1n ph\u00f9 m\u1eabu vi khu\u1ea9n cho c\u00e1c th\u1eed nghi\u1ec7m.<\/li>\n<\/ul>\n<p><span style=\"color: #3366ff;\"><strong> NGUY\u00caN T\u1eaeC<\/strong><\/span><\/p>\n<ul>\n<li>Dung d\u1ecbch <strong>BacterTube\u2122 N\u01b0\u1edbc mu\u1ed1i sinh l\u00fd v\u00f4 tr\u00f9ng (NS 0,85%)<\/strong> c\u00f3 t\u00e1c d\u1ee5ng pha lo\u00e3ng gi\u00fap duy tr\u00ec t\u00ednh to\u00e0n v\u1eb9n v\u00e0 s\u1ef1 s\u1ed1ng c\u1ee7a t\u1ebf b\u00e0o v\u00ec n\u00f3 kh\u00f4ng ch\u1ee9a c\u00e1c th\u00e0nh ph\u1ea7n c\u00f3 th\u1ec3 \u1ea3nh h\u01b0\u1edfng \u0111\u1ebfn c\u00e1c ph\u1ea3n \u1ee9ng sinh h\u00f3a ho\u1eb7c th\u1eed nghi\u1ec7m \u0111\u1ed9 nh\u1ea1y kh\u00e1ng sinh. N\u1ed3ng \u0111\u1ed9 natri clorua 0,85% trong dung d\u1ecbch saline gi\u00fap b\u1ea3o v\u1ec7 t\u1ebf b\u00e0o vi khu\u1ea9n kh\u1ecfi s\u1ef1 thay \u0111\u1ed5i th\u1ea9m th\u1ea5u. Saline th\u00f4ng th\u01b0\u1eddng \u0111\u01b0\u1ee3c d\u00f9ng \u0111\u1ec3 chu\u1ea9n b\u1ecb huy\u1ec1n ph\u00f9 vi khu\u1ea9n khi c\u1ea7n cung c\u1ea5p m\u1ed9t s\u1ed1 l\u01b0\u1ee3ng vi khu\u1ea9n nh\u1ea5t \u0111\u1ecbnh cho c\u00e1c b\u00e0i ki\u1ec3m tra nh\u1eadn di\u1ec7n, th\u1eed nghi\u1ec7m kh\u00e1ng sinh ho\u1eb7c m\u00f4i tr\u01b0\u1eddng nu\u00f4i c\u1ea5y \u0111\u1ec3 ki\u1ec3m tra \u0111\u1ed9 nh\u1ea1y. N\u00f3 c\u0169ng \u0111\u01b0\u1ee3c d\u00f9ng \u0111\u1ec3 pha lo\u00e3ng c\u00e1c dung d\u1ecbch kh\u00e1ng sinh. Vi\u1ec7n Ti\u00eau chu\u1ea9n L\u00e2m s\u00e0ng v\u00e0 X\u00e9t nghi\u1ec7m (CLSI) khuy\u1ebfn c\u00e1o s\u1eed d\u1ee5ng saline 0,85% \u0111\u1ec3 \u0111i\u1ec1u ch\u1ec9nh \u0111\u1ed9 \u0111\u1ee5c c\u1ee7a huy\u1ec1n ph\u00f9 vi khu\u1ea9n, gi\u00fap duy tr\u00ec t\u00ednh to\u00e0n v\u1eb9n v\u00e0 s\u1ef1 s\u1ed1ng c\u1ee7a t\u1ebf b\u00e0o.<\/li>\n<\/ul>\n","protected":false},"excerpt":{"rendered":"<ul>\n<li>Dung d\u1ecbch \u0111\u01b0\u1ee3c s\u1eed d\u1ee5ng \u0111\u1ec3 pha lo\u00e3ng m\u1eabu v\u00e0 chu\u1ea9n b\u1ecb huy\u1ec1n ph\u00f9 vi khu\u1ea9n cho vi\u1ec7c nh\u1eadn di\u1ec7n v\u00e0 th\u1eed \u0111\u1ed9 nh\u1ea1y kh\u00e1ng sinh<\/li>\n<li><strong>Code: 08019<\/strong><\/li>\n<li><strong>Quy c\u00e1ch:<\/strong>50 \u1ed1ng\/ h\u1ed9p ho\u1eb7c theo y\u00eau c\u1ea7u c\u1ee7a kh\u00e1ch h\u00e0ng.<\/li>\n<li><strong>B\u1ea3o qu\u1ea3n l\u01b0u tr\u1eef:<\/strong> 2 \u2013 8\u00b0C.<\/li>\n<li><strong>V\u1eadn chuy\u1ec3n:<\/strong> Nhi\u1ec7t \u0111\u1ed9 m\u00f4i tr\u01b0\u1eddng.<\/li>\n<li><strong>H\u1ea1n s\u1eed d\u1ee5ng:<\/strong> 06 th\u00e1ng k\u1ec3 t\u1eeb ng\u00e0y s\u1ea3n xu\u1ea5t.<\/li>\n<\/ul>\n","protected":false},"featured_media":2536,"template":"","meta":[],"product_cat":[675],"product_tag":[],"class_list":["post-1798","product","type-product","status-publish","has-post-thumbnail","hentry","product_cat-moi-truong-pha-loang"],"_links":{"self":[{"href":"https:\/\/labone.vn\/bacterlab\/wp-json\/wp\/v2\/product\/1798","targetHints":{"allow":["GET"]}}],"collection":[{"href":"https:\/\/labone.vn\/bacterlab\/wp-json\/wp\/v2\/product"}],"about":[{"href":"https:\/\/labone.vn\/bacterlab\/wp-json\/wp\/v2\/types\/product"}],"wp:featuredmedia":[{"embeddable":true,"href":"https:\/\/labone.vn\/bacterlab\/wp-json\/wp\/v2\/media\/2536"}],"wp:attachment":[{"href":"https:\/\/labone.vn\/bacterlab\/wp-json\/wp\/v2\/media?parent=1798"}],"wp:term":[{"taxonomy":"product_cat","embeddable":true,"href":"https:\/\/labone.vn\/bacterlab\/wp-json\/wp\/v2\/product_cat?post=1798"},{"taxonomy":"product_tag","embeddable":true,"href":"https:\/\/labone.vn\/bacterlab\/wp-json\/wp\/v2\/product_tag?post=1798"}],"curies":[{"name":"wp","href":"https:\/\/api.w.org\/{rel}","templated":true}]}}