{"id":1799,"date":"2023-08-11T01:48:49","date_gmt":"2023-08-11T01:48:49","guid":{"rendered":"https:\/\/labone.vn\/bacterlab\/?post_type=product&#038;p=1799"},"modified":"2025-03-07T04:05:52","modified_gmt":"2025-03-07T04:05:52","slug":"bactertube-bhi-bo-sung-xv","status":"publish","type":"product","link":"https:\/\/labone.vn\/bacterlab\/product\/bactertube-bhi-bo-sung-xv\/","title":{"rendered":"BacterTube\u2122 BHI b\u1ed5 sung XV"},"content":{"rendered":"<p><span style=\"color: #0000ff;\"><strong> M\u1ee4C \u0110\u00cdCH S\u1eec D\u1ee4NG<\/strong><\/span><\/p>\n<ul>\n<li><strong>BacterTube\u2122 BHI b\u1ed5 sung XV <\/strong>l\u00e0 m\u00f4i tr\u01b0\u1eddng l\u00e0m gi\u00e0u kh\u00f4ng ch\u1ecdn l\u1ecdc, h\u1ed7 tr\u1ee3 s\u1ef1 ph\u00e1t tri\u1ec3n c\u1ee7a t\u1ea5t c\u1ea3 c\u00e1c vi khu\u1ea9n, bao g\u1ed3m <em>Haemophilus influenzae<\/em>. M\u00f4i tr\u01b0\u1eddng n\u00e0y \u0111\u01b0\u1ee3c thi\u1ebft k\u1ebf \u0111\u1ec3 th\u00fac \u0111\u1ea9y s\u1ef1 ph\u00e1t tri\u1ec3n c\u1ee7a nhi\u1ec1u lo\u1ea1i vi sinh v\u1eadt m\u00e0 kh\u00f4ng \u1ee9c ch\u1ebf b\u1ea5t k\u1ef3 lo\u00e0i vi khu\u1ea9n n\u00e0o.<\/li>\n<\/ul>\n<p><span style=\"color: #0000ff;\"><strong> NGUY\u00caN T\u1eaeC<\/strong><\/span><\/p>\n<ul>\n<li><strong>BacterTube\u2122 BHI b\u1ed5 sung XV <\/strong>\u0111\u01b0\u1ee3c b\u00e0o ch\u1ebf \u0111\u1ec3 cung c\u1ea5p c\u00e1c ch\u1ea5t dinh d\u01b0\u1ee1ng thi\u1ebft y\u1ebfu nh\u1eb1m h\u1ed7 tr\u1ee3 s\u1ef1 ph\u00e1t tri\u1ec3n c\u1ee7a nhi\u1ec1u lo\u1ea1i vi sinh v\u1eadt, \u0111\u1eb7c bi\u1ec7t l\u00e0 nh\u1eefng lo\u00e0i c\u00f3 nhu c\u1ea7u dinh d\u01b0\u1ee1ng ph\u1ee9c t\u1ea1p. Th\u00e0nh ph\u1ea7n bao g\u1ed3m:\n<ul>\n<li><strong>Brain-Heart Infusion:<\/strong> Cung c\u1ea5p c\u00e1c h\u1ee3p ch\u1ea5t dinh d\u01b0\u1ee1ng phong ph\u00fa \u0111\u1ec3 h\u1ed7 tr\u1ee3 s\u1ef1 ph\u00e1t tri\u1ec3n c\u1ee7a vi khu\u1ea9n kh\u00f3 t\u00ednh.<\/li>\n<li><strong>IsoVitaleX\u2122 Enrichment:<\/strong> Ch\u1ea5t b\u1ed5 sung ch\u1ee9a vitamin, axit amin v\u00e0 c\u00e1c y\u1ebfu t\u1ed1 t\u0103ng tr\u01b0\u1edfng kh\u00e1c, gi\u00fap t\u0103ng c\u01b0\u1eddng s\u1ef1 ph\u00e1t tri\u1ec3n c\u1ee7a vi sinh v\u1eadt, \u0111\u1eb7c bi\u1ec7t l\u00e0 c\u00e1c lo\u00e0i c\u00f3 nhu c\u1ea7u dinh d\u01b0\u1ee1ng cao.<\/li>\n<li><strong>Sodium chloride:<\/strong> Duy tr\u00ec c\u00e2n b\u1eb1ng th\u1ea9m th\u1ea5u trong m\u00f4i tr\u01b0\u1eddng.<\/li>\n<li><strong>Disodium phosphate:<\/strong> Ho\u1ea1t \u0111\u1ed9ng nh\u01b0 m\u1ed9t ch\u1ea5t \u0111\u1ec7m \u0111\u1ec3 duy tr\u00ec \u0111\u1ed9 \u1ed5n \u0111\u1ecbnh pH.<\/li>\n<li><strong>Glucose:<\/strong> \u0110\u00f3ng vai tr\u00f2 l\u00e0 ngu\u1ed3n n\u0103ng l\u01b0\u1ee3ng \u0111\u1ec3 th\u00fac \u0111\u1ea9y s\u1ef1 ph\u00e1t tri\u1ec3n c\u1ee7a vi sinh v\u1eadt.<\/li>\n<\/ul>\n<\/li>\n<\/ul>\n","protected":false},"excerpt":{"rendered":"<ul>\n<li>M\u00f4i tr\u01b0\u1eddng gi\u00e0u dinh d\u01b0\u1ee1ng cung c\u1ea5p c\u00e1c ch\u1ea5t thi\u1ebft y\u1ebfu cho s\u1ef1 ph\u00e1t tri\u1ec3n c\u1ee7a vi sinh v\u1eadt, ph\u00f9 h\u1ee3p \u0111\u1ec3 nu\u00f4i c\u1ea5y nhi\u1ec1u lo\u1ea1i vi sinh v\u1eadt kh\u00e1c nhau.<\/li>\n<li><strong>Code: 08010<\/strong><\/li>\n<li><strong>Quy c\u00e1ch:<\/strong>50 \u1ed1ng\/ h\u1ed9p ho\u1eb7c theo y\u00eau c\u1ea7u c\u1ee7a kh\u00e1ch h\u00e0ng.<\/li>\n<li><strong>B\u1ea3o qu\u1ea3n l\u01b0u tr\u1eef:<\/strong> 2 \u2013 8\u00b0C.<\/li>\n<li><strong>V\u1eadn chuy\u1ec3n:<\/strong> Nhi\u1ec7t \u0111\u1ed9 m\u00f4i tr\u01b0\u1eddng.<\/li>\n<li><strong>H\u1ea1n s\u1eed d\u1ee5ng:<\/strong> 06 th\u00e1ng k\u1ec3 t\u1eeb ng\u00e0y s\u1ea3n xu\u1ea5t.<\/li>\n<\/ul>\n","protected":false},"featured_media":2520,"template":"","meta":[],"product_cat":[394,147],"product_tag":[],"class_list":["post-1799","product","type-product","status-publish","has-post-thumbnail","hentry","product_cat-moi-truong-tang-sinh","product_cat-dem-pha-loang-va-tang-sinh"],"_links":{"self":[{"href":"https:\/\/labone.vn\/bacterlab\/wp-json\/wp\/v2\/product\/1799","targetHints":{"allow":["GET"]}}],"collection":[{"href":"https:\/\/labone.vn\/bacterlab\/wp-json\/wp\/v2\/product"}],"about":[{"href":"https:\/\/labone.vn\/bacterlab\/wp-json\/wp\/v2\/types\/product"}],"wp:featuredmedia":[{"embeddable":true,"href":"https:\/\/labone.vn\/bacterlab\/wp-json\/wp\/v2\/media\/2520"}],"wp:attachment":[{"href":"https:\/\/labone.vn\/bacterlab\/wp-json\/wp\/v2\/media?parent=1799"}],"wp:term":[{"taxonomy":"product_cat","embeddable":true,"href":"https:\/\/labone.vn\/bacterlab\/wp-json\/wp\/v2\/product_cat?post=1799"},{"taxonomy":"product_tag","embeddable":true,"href":"https:\/\/labone.vn\/bacterlab\/wp-json\/wp\/v2\/product_tag?post=1799"}],"curies":[{"name":"wp","href":"https:\/\/api.w.org\/{rel}","templated":true}]}}