{"id":1827,"date":"2023-08-11T03:17:05","date_gmt":"2023-08-11T03:17:05","guid":{"rendered":"https:\/\/labone.vn\/bacterlab\/?post_type=product&#038;p=1827"},"modified":"2023-08-11T03:17:06","modified_gmt":"2023-08-11T03:17:06","slug":"que-tam-bong-lay-mau-voi-half-fraiser-broth","status":"publish","type":"product","link":"https:\/\/labone.vn\/bacterlab\/product\/que-tam-bong-lay-mau-voi-half-fraiser-broth\/","title":{"rendered":"Que t\u0103m b\u00f4ng l\u1ea5y m\u1eabu v\u1edbi Half-Fraiser Broth"},"content":{"rendered":"<ul>\n<li>Canh thang\u00a0 \u0111\u01b0\u1ee3c s\u1eed d\u1ee5ng \u0111\u1ec3 t\u0103ng sinh ch\u1ecdn l\u1ecdc th\u1ee9 c\u1ea5p <em>Listeria monocytogenes<\/em> v\u00e0 <em>Listeria<\/em> kh\u00e1c trong c\u00e1c s\u1ea3n ph\u1ea9m th\u1ef1c ph\u1ea9m.<\/li>\n<li>Gi\u00e1m s\u00e1t v\u1ec7 sinh trong ng\u00e0nh c\u00f4ng nghi\u1ec7p th\u1ef1c ph\u1ea9m \u00a0v\u00e0 s\u1ea3n xu\u1ea5t d\u01b0\u1ee3c ph\u1ea9m \u0111\u00e3 v\u00e0 \u0111ang v\u00f4 c\u00f9ng c\u1ea7n thi\u1ebft cho nhu c\u1ea7u \u0111\u1ea3m b\u1ea3o v\u1ec7 sinh v\u00e0 an to\u00e0n th\u1ef1c ph\u1ea9m trong ng\u00e0nh c\u00f4ng nghi\u1ec7p d\u01b0\u1ee3c ph\u1ea9m v\u00e0 F&amp;B hi\u1ec7n nay. Vi\u1ec7c ki\u1ec3m so\u00e1t b\u1ec1 m\u1eb7t \u0111\u00f2i h\u1ecfi s\u1ef1 nghi\u00eam ng\u1eb7t t\u1eeb quy tr\u00ecnh \u0111\u1ebfn k\u1ef9 thu\u1eadt.<\/li>\n<li>T\u00ednh \u0111\u1ebfn hi\u1ec7n nay, s\u1eed d\u1ee5ng swab l\u00e0 m\u1ed9t trong nh\u1eefng ph\u01b0\u01a1ng ph\u00e1p l\u00e2u \u0111\u1eddi nh\u1ea5t v\u00e0 \u0111\u01b0\u1ee3c \u1ee9ng d\u1ee5ng r\u1ed9ng r\u00e3i nh\u1ea5t \u0111\u1ec3 ki\u1ec3m tra vi sinh b\u1ec1 m\u1eb7t. B\u1ed9 d\u1ee5ng c\u1ee5 t\u0103m b\u00f4ng v\u00e0 m\u00f4i tr\u01b0\u1eddng \u0111\u01b0\u1ee3c cung c\u1ea5p c\u00f9ng nhau ph\u1ee5c v\u1ee5 cho nhu c\u1ea7u l\u1ea5y m\u1eabu b\u1ec1 m\u1eb7t ti\u1ebfp x\u00fac,ho\u1eb7c l\u00e0 m\u1eabu th\u1ef1c ph\u1ea9m nh\u1eb1m ki\u1ec3m tra s\u1ef1 ph\u00e1t hi\u1ec7n v\u00e0 \u0111\u1ecbnh l\u01b0\u1ee3ng vi sinh v\u1eadt ch\u00ednh x\u00e1c v\u00e0 nhanh ch\u00f3ng.<\/li>\n<li>LabCollect \u0111\u00e3 cho ra \u0111\u1eddi d\u00f2ng s\u1ea3n ph\u1ea9m swab v\u1edbi m\u1ee5c ti\u00eau r\u00fat ng\u1eafn th\u1eddi gian l\u1ea5y m\u1eabu ki\u1ec3m nghi\u1ec7m, t\u1ed1i \u01b0u chi ph\u00ed nh\u01b0ng v\u1eabn \u0111\u1ea3m b\u1ea3o \u0111\u01b0\u1ee3c ch\u1ea5t l\u01b0\u1ee3ng c\u1ee7a quy tr\u00ecnh.<\/li>\n<\/ul>\n","protected":false},"excerpt":{"rendered":"<ul>\n<li>Ki\u1ec3m tra b\u1ec1 m\u1eb7t nh\u1eb1m ph\u00e1t hi\u1ec7n v\u00e0 \u0111\u1ecbnh l\u01b0\u1ee3ng<em> Listeria moNocytogenes<\/em> ho\u1eb7c <em>Listeria<\/em> spp.<\/li>\n<li>K\u00edch th\u01b0\u1edbc \u1ed1ng: 16x100mm, 16x125mm.<\/li>\n<li>Th\u1ec3 t\u00edch:1mL, 4mL, 10mL.<\/li>\n<li>\u0110\u00f3ng g\u00f3i: 100 \u1ed1ng\/khay.<\/li>\n<\/ul>\n","protected":false},"featured_media":1828,"template":"","meta":[],"product_cat":[175],"product_tag":[],"class_list":["post-1827","product","type-product","status-publish","has-post-thumbnail","hentry","product_cat-que-tam-bong-lay-mau-voi-moi-truong"],"_links":{"self":[{"href":"https:\/\/labone.vn\/bacterlab\/wp-json\/wp\/v2\/product\/1827","targetHints":{"allow":["GET"]}}],"collection":[{"href":"https:\/\/labone.vn\/bacterlab\/wp-json\/wp\/v2\/product"}],"about":[{"href":"https:\/\/labone.vn\/bacterlab\/wp-json\/wp\/v2\/types\/product"}],"wp:featuredmedia":[{"embeddable":true,"href":"https:\/\/labone.vn\/bacterlab\/wp-json\/wp\/v2\/media\/1828"}],"wp:attachment":[{"href":"https:\/\/labone.vn\/bacterlab\/wp-json\/wp\/v2\/media?parent=1827"}],"wp:term":[{"taxonomy":"product_cat","embeddable":true,"href":"https:\/\/labone.vn\/bacterlab\/wp-json\/wp\/v2\/product_cat?post=1827"},{"taxonomy":"product_tag","embeddable":true,"href":"https:\/\/labone.vn\/bacterlab\/wp-json\/wp\/v2\/product_tag?post=1827"}],"curies":[{"name":"wp","href":"https:\/\/api.w.org\/{rel}","templated":true}]}}