{"id":1837,"date":"2023-08-11T03:56:49","date_gmt":"2023-08-11T03:56:49","guid":{"rendered":"https:\/\/labone.vn\/bacterlab\/?post_type=product&#038;p=1837"},"modified":"2023-08-11T03:56:49","modified_gmt":"2023-08-11T03:56:49","slug":"tracemedia-rodac-trypone-soy-agar","status":"publish","type":"product","link":"https:\/\/labone.vn\/bacterlab\/product\/tracemedia-rodac-trypone-soy-agar\/","title":{"rendered":"TraceMedia\u2122 Rodac Trypone Soy Agar"},"content":{"rendered":"<p><strong><span style=\"color: #3366ff;\">M\u1ee4C \u0110\u00cdCH S\u1eec D\u1ee4NG<\/span><\/strong><\/p>\n<ul>\n<li><span style=\"color: #000000;\"><span style=\"color: #3366ff;\"><strong>TraceMedia\u2122 Rodac Trypone Soy Agar <\/strong><\/span>l\u00e0 m\u00f4i tr\u01b0\u1eddng \u0111\u1ed5 s\u1eb5n tr\u00ean \u0111\u0129a rodac 55mm \u0111\u01b0\u1ee3c s\u1eed d\u1ee5ng ch\u1ee7 y\u1ebfu nh\u01b0 m\u1ed9t m\u00f4i tr\u01b0\u1eddng sinh tr\u01b0\u1edfng ban \u0111\u1ea7u cho m\u1ee5c \u0111\u00edch quan s\u00e1t h\u00ecnh th\u00e1i khu\u1ea9n l\u1ea1c, ph\u00e1t tri\u1ec3n nu\u00f4i c\u1ea5y thu\u1ea7n v\u00e0 \u0111\u1ea1t \u0111\u01b0\u1ee3c s\u1ef1 ph\u00e1t tri\u1ec3n \u0111\u1ee7 cho x\u00e9t nghi\u1ec7m h\u00f3a sinh v\u00e0 b\u1ea3o qu\u1ea3n sau \u0111\u00f3.<\/span><\/li>\n<\/ul>\n<p><span style=\"color: #3366ff;\"><strong>NGUY\u00caN T\u1eaeC<\/strong><\/span><\/p>\n<ul>\n<li><span style=\"color: #3366ff;\"><strong>TraceMedia\u2122 Rodac Tryptic Soy Agar<\/strong>:<\/span> <span style=\"color: #000000;\">Pancreatic Digest of Casein l\u00e0 m\u1ed9t lo\u1ea1i peptit bao g\u1ed3m c\u00e1c axit amin \u0111uc\u1ee3 tr\u00edch xu\u1ea5t t\u1eeb protein s\u1eefa, t\u1ea1o \u0111i\u1ec1u ki\u1ec7n \u0111\u1ec3 c\u00e1c vi khu\u1ea9n t\u0103ng tr\u01b0\u1edfng; Peptic Digest of Soybean Meal l\u00e0 m\u1ed9t lo\u1ea1i peptit \u0111\u01b0\u1ee3c tr\u00edch xu\u1ea5t t\u1eeb \u0111\u1eadu n\u00e0nh, cung c\u1ea5p c\u00e1c ch\u1ea5t dinh d\u01b0\u1ee1ng v\u00e0 c\u00e1c y\u1ebfu t\u1ed1 t\u0103ng tr\u01b0\u1edfng; Sodium Chloride t\u1ea1o m\u00f4i tr\u01b0\u1eddng mu\u1ed1i \u0111\u1ec3 duy tr\u00ec s\u1ef1 c\u00e2n b\u1eb1ng pH b\u00ean trong v\u00e0 b\u00ean ngo\u00e0i vi khu\u1ea9n.<\/span><\/li>\n<\/ul>\n<p><span style=\"color: #3366ff;\"><strong>\u0110\u1eccC K\u1ebeT QU\u1ea2<\/strong><\/span><\/p>\n<ul>\n<li><span style=\"color: #000000;\">Sau khi \u1ee7 theo th\u1eddi gian y\u00eau c\u1ea7u th\u01b0\u1eddng t\u1eeb 3\u20135 ng\u00e0y, ki\u1ec3m tra \u0111\u0129a \u0111\u1ec3 xem c\u00f3 s\u1ef1 xu\u1ea5t hi\u1ec7n c\u1ee7a vi sinh v\u1eadt hay kh\u00f4ng. K\u1ebft qu\u1ea3 s\u1ebd \u0111\u01b0\u1ee3c \u0111\u00e1nh gi\u00e1 b\u1eb1ng c\u00e1ch \u0111\u1ebfm s\u1ed1 l\u01b0\u1ee3ng vi sinh v\u1eadt tr\u00ean \u0111\u0129a.<\/span><\/li>\n<\/ul>\n","protected":false},"excerpt":{"rendered":"<ul>\n<li><span style=\"color: #000000;\">M\u00f4i tr\u01b0\u1eddng dinh d\u01b0\u1ee1ng c\u01a1 b\u1ea3n nu\u00f4i c\u1ea5y nhi\u1ec1u lo\u1ea1i vi sinh v\u1eadt d\u00f9ng l\u1ea5y m\u1eabu vi sinh b\u1ec1 m\u1eb7t.<\/span><\/li>\n<li><span style=\"color: #000000;\">Code: TM12622.<\/span><\/li>\n<li><span style=\"color: #000000;\">Quy c\u00e1ch: 10 \u0111\u0129a\/ h\u1ed9p.<\/span><\/li>\n<li><span style=\"color: #000000;\">B\u1ea3o qu\u1ea3n l\u01b0u tr\u1eef: 2 \u2013 8\u00b0C.<\/span><\/li>\n<li><span style=\"color: #000000;\">V\u1eadn chuy\u1ec3n: Nhi\u1ec7t \u0111\u1ed9 m\u00f4i tr\u01b0\u1eddng.<\/span><\/li>\n<li><span style=\"color: #000000;\">H\u1ea1n s\u1eed d\u1ee5ng: 03 th\u00e1ng\/ 06 th\u00e1ng\/ 09 th\u00e1ng k\u1ec3 t\u1eeb ng\u00e0y s\u1ea3n xu\u1ea5t.<\/span><\/li>\n<\/ul>\n","protected":false},"featured_media":1838,"template":"","meta":[],"product_cat":[177],"product_tag":[],"class_list":["post-1837","product","type-product","status-publish","has-post-thumbnail","hentry","product_cat-moi-truong-lay-mau-be-mat"],"_links":{"self":[{"href":"https:\/\/labone.vn\/bacterlab\/wp-json\/wp\/v2\/product\/1837","targetHints":{"allow":["GET"]}}],"collection":[{"href":"https:\/\/labone.vn\/bacterlab\/wp-json\/wp\/v2\/product"}],"about":[{"href":"https:\/\/labone.vn\/bacterlab\/wp-json\/wp\/v2\/types\/product"}],"wp:featuredmedia":[{"embeddable":true,"href":"https:\/\/labone.vn\/bacterlab\/wp-json\/wp\/v2\/media\/1838"}],"wp:attachment":[{"href":"https:\/\/labone.vn\/bacterlab\/wp-json\/wp\/v2\/media?parent=1837"}],"wp:term":[{"taxonomy":"product_cat","embeddable":true,"href":"https:\/\/labone.vn\/bacterlab\/wp-json\/wp\/v2\/product_cat?post=1837"},{"taxonomy":"product_tag","embeddable":true,"href":"https:\/\/labone.vn\/bacterlab\/wp-json\/wp\/v2\/product_tag?post=1837"}],"curies":[{"name":"wp","href":"https:\/\/api.w.org\/{rel}","templated":true}]}}