{"id":1840,"date":"2023-08-11T04:08:42","date_gmt":"2023-08-11T04:08:42","guid":{"rendered":"https:\/\/labone.vn\/bacterlab\/?post_type=product&#038;p=1840"},"modified":"2025-04-25T09:10:21","modified_gmt":"2025-04-25T09:10:21","slug":"bacterplate-sabouraud-dextrose-agar-sda","status":"publish","type":"product","link":"https:\/\/labone.vn\/bacterlab\/product\/bacterplate-sabouraud-dextrose-agar-sda\/","title":{"rendered":"BacterPlate\u2122 Sabouraud Dextrose Agar (SDA)"},"content":{"rendered":"<p><span style=\"color: #3366ff;\"><strong> M\u1ee4C \u0110\u00cdCH S\u1eec D\u1ee4NG<\/strong><\/span><\/p>\n<ul>\n<li><strong>BacterPlate\u2122 Sabouraud Dextrose Agar (SDA) <\/strong>l\u00e0 m\u00f4i tr\u01b0\u1eddng c\u1ed5 \u0111i\u1ec3n d\u00f9ng \u0111\u1ec3 nu\u00f4i c\u1ea5y, ph\u00e2n l\u1eadp v\u00e0 nh\u1eadn di\u1ec7n n\u1ea5m men v\u00e0 n\u1ea5m m\u1ed1c trong c\u00e1c th\u1eed nghi\u1ec7m v\u00f4 tr\u00f9ng c\u1ee7a c\u00e1c s\u1ea3n ph\u1ea9m d\u01b0\u1ee3c ph\u1ea9m v\u00e0 m\u1ef9 ph\u1ea9m. M\u00f4i tr\u01b0\u1eddng n\u00e0y c\u0169ng \u0111\u01b0\u1ee3c s\u1eed d\u1ee5ng trong vi\u1ec7c ph\u00e1t hi\u1ec7n \u0111\u1eb7c hi\u1ec7u <em>Candida albicans<\/em> trong c\u00e1c s\u1ea3n ph\u1ea9m d\u01b0\u1ee3c ph\u1ea9m.<\/li>\n<li>L\u1ea5y m\u1eabu kh\u00f4ng kh\u00ed c\u00e1c ch\u1ec9 ti\u00eau ki\u1ec3m so\u00e1t ph\u00f2ng s\u1ea1ch<\/li>\n<li>Bao g\u00f3i b\u1eb1ng m\u00e0ng b\u00e1n th\u1ea5m Cellophane film gi\u00fap c\u00e2n b\u1eb1ng \u0111\u1ed9 \u1ea9m m\u00f4i tr\u01b0\u1eddng trong qu\u00e1 tr\u00ecnh b\u1ea3o qu\u1ea3n.<\/li>\n<\/ul>\n<p><span style=\"color: #3366ff;\"><strong> NGUY\u00caN T\u1eaeC<\/strong><\/span><\/p>\n<ul>\n<li>Sabouraud Dextrose Agar l\u00e0 m\u00f4i tr\u01b0\u1eddng peptone glucose gi\u00fap h\u1ed7 tr\u1ee3 s\u1ef1 ph\u00e1t tri\u1ec3n c\u1ee7a n\u1ea5m men v\u00e0 n\u1ea5m m\u1ed1c.<\/li>\n<li>\u0110\u1ed9 pH acid c\u1ee7a m\u00f4i tr\u01b0\u1eddng gi\u00fap \u1ee9c ch\u1ebf h\u1ea7u h\u1ebft c\u00e1c vi khu\u1ea9n t\u1ea1p nhi\u1ec5m.<\/li>\n<\/ul>\n","protected":false},"excerpt":{"rendered":"<ul>\n<li>M\u00f4i tr\u01b0\u1eddng s\u1eb5n s\u00e0ng s\u1eed d\u1ee5ng tr\u00ean \u0111\u0129a th\u1ea1ch 90mm d\u00e0nh cho nu\u00f4i c\u1ea5y, ph\u00e2n bi\u1ec7t v\u00e0 \u0111\u1ecbnh l\u01b0\u1ee3ng n\u1ea5m men v\u00e0 n\u1ea5m m\u1ed1c.<\/li>\n<li><strong>Code: 05027<\/strong><\/li>\n<li><strong>Quy c\u00e1ch:<\/strong> 10 \u0111\u0129a\/ h\u1ed9p ho\u1eb7c theo y\u00eau c\u1ea7u c\u1ee7a kh\u00e1ch h\u00e0ng.<\/li>\n<li><strong>B\u1ea3o qu\u1ea3n l\u01b0u tr\u1eef:<\/strong> 2 \u2013 8\u00b0C.<\/li>\n<li><strong>V\u1eadn chuy\u1ec3n:<\/strong> Nhi\u1ec7t \u0111\u1ed9 m\u00f4i tr\u01b0\u1eddng.<\/li>\n<li><strong>H\u1ea1n s\u1eed d\u1ee5ng:<\/strong> 04 th\u00e1ng k\u1ec3 t\u1eeb ng\u00e0y s\u1ea3n xu\u1ea5t.<\/li>\n<\/ul>\n","protected":false},"featured_media":3263,"template":"","meta":[],"product_cat":[326,179],"product_tag":[],"class_list":["post-1840","product","type-product","status-publish","has-post-thumbnail","hentry","product_cat-moi-truong-nuoi-cay-vi-sinh-vat","product_cat-dia-agar-90mm"],"_links":{"self":[{"href":"https:\/\/labone.vn\/bacterlab\/wp-json\/wp\/v2\/product\/1840","targetHints":{"allow":["GET"]}}],"collection":[{"href":"https:\/\/labone.vn\/bacterlab\/wp-json\/wp\/v2\/product"}],"about":[{"href":"https:\/\/labone.vn\/bacterlab\/wp-json\/wp\/v2\/types\/product"}],"wp:featuredmedia":[{"embeddable":true,"href":"https:\/\/labone.vn\/bacterlab\/wp-json\/wp\/v2\/media\/3263"}],"wp:attachment":[{"href":"https:\/\/labone.vn\/bacterlab\/wp-json\/wp\/v2\/media?parent=1840"}],"wp:term":[{"taxonomy":"product_cat","embeddable":true,"href":"https:\/\/labone.vn\/bacterlab\/wp-json\/wp\/v2\/product_cat?post=1840"},{"taxonomy":"product_tag","embeddable":true,"href":"https:\/\/labone.vn\/bacterlab\/wp-json\/wp\/v2\/product_tag?post=1840"}],"curies":[{"name":"wp","href":"https:\/\/api.w.org\/{rel}","templated":true}]}}