{"id":1878,"date":"2023-08-11T08:10:32","date_gmt":"2023-08-11T08:10:32","guid":{"rendered":"https:\/\/labone.vn\/bacterlab\/?post_type=product&#038;p=1878"},"modified":"2025-04-05T08:21:33","modified_gmt":"2025-04-05T08:21:33","slug":"bacterplate-bhi-agar","status":"publish","type":"product","link":"https:\/\/labone.vn\/bacterlab\/product\/bacterplate-bhi-agar\/","title":{"rendered":"BacterPlate\u2122 BHI Agar"},"content":{"rendered":"<p><span style=\"color: #3366ff;\"><strong> M\u1ee4C \u0110\u00cdCH S\u1eec D\u1ee4NG<\/strong><\/span><\/p>\n<ul>\n<li><strong>BacterPlate\u2122 BHI Agar<\/strong> \u0111\u01b0\u1ee3c khuy\u1ebfn ngh\u1ecb s\u1eed d\u1ee5ng \u0111\u1ec3 nu\u00f4i c\u1ea5y c\u00e1c vi khu\u1ea9n g\u00e2y b\u1ec7nh \u0111\u00f2i h\u1ecfi dinh d\u01b0\u1ee1ng cao, n\u1ea5m men v\u00e0 n\u1ea5m m\u1ed1c t\u1eeb c\u00e1c m\u1eabu l\u00e2m s\u00e0ng v\u00e0 phi l\u00e2m s\u00e0ng.<\/li>\n<li>Bao g\u00f3i b\u1eb1ng m\u00e0ng b\u00e1n th\u1ea5m Cellophane film gi\u00fap c\u00e2n b\u1eb1ng \u0111\u1ed9 \u1ea9m m\u00f4i tr\u01b0\u1eddng trong qu\u00e1 tr\u00ecnh b\u1ea3o qu\u1ea3n.<\/li>\n<\/ul>\n<p><span style=\"color: #3366ff;\"><strong> NGUY\u00caN T\u1eaeC<\/strong><\/span><\/p>\n<ul>\n<li><strong>BacterPlate\u2122 BHI Agar<\/strong> ch\u1ee9a c\u00e1c chi\u1ebft xu\u1ea5t t\u1eeb n\u00e3o v\u00e0 tim, cung c\u1ea5p c\u00e1c ch\u1ea5t dinh d\u01b0\u1ee1ng thi\u1ebft y\u1ebfu cho s\u1ef1 ph\u00e1t tri\u1ec3n c\u1ee7a vi sinh v\u1eadt. Peptone v\u00e0 dextrose cung c\u1ea5p ngu\u1ed3n nit\u01a1, carbon v\u00e0 n\u0103ng l\u01b0\u1ee3ng b\u1ed5 sung. Natri clorua duy tr\u00ec c\u00e2n b\u1eb1ng th\u1ea9m th\u1ea5u, trong khi agar l\u00e0 t\u00e1c nh\u00e2n \u0111\u00f4ng \u0111\u1eb7c. Th\u00e0nh ph\u1ea7n phong ph\u00fa c\u1ee7a m\u00f4i tr\u01b0\u1eddng n\u00e0y l\u00fd t\u01b0\u1edfng cho s\u1ef1 ph\u00e1t tri\u1ec3n c\u1ee7a nhi\u1ec1u lo\u1ea1i vi sinh v\u1eadt, bao g\u1ed3m c\u1ea3 nh\u1eefng lo\u00e0i y\u00eau c\u1ea7u dinh d\u01b0\u1ee1ng cao.<\/li>\n<\/ul>\n","protected":false},"excerpt":{"rendered":"<ul>\n<li>M\u00f4i tr\u01b0\u1eddng \u0111\u1ed5 s\u1eb5n tr\u00ean \u0111\u0129a petri 90mm d\u00f9ng nu\u00f4i c\u1ea5y vi khu\u1ea9n d\u1ec5 m\u1ecdc, n\u1ea5m men, n\u1ea5m m\u1ed1c.<\/li>\n<li><strong>Code: 05054<\/strong><\/li>\n<li><strong>Quy c\u00e1ch:<\/strong> 10 \u0111\u0129a\/ h\u1ed9p ho\u1eb7c theo y\u00eau c\u1ea7u c\u1ee7a kh\u00e1ch h\u00e0ng.<\/li>\n<li><strong>B\u1ea3o qu\u1ea3n l\u01b0u tr\u1eef:<\/strong> 2 \u2013 8\u00b0C.<\/li>\n<li><strong>V\u1eadn chuy\u1ec3n:<\/strong> Nhi\u1ec7t \u0111\u1ed9 m\u00f4i tr\u01b0\u1eddng.<\/li>\n<li><strong>H\u1ea1n s\u1eed d\u1ee5ng:<\/strong> 03 th\u00e1ng k\u1ec3 t\u1eeb ng\u00e0y s\u1ea3n xu\u1ea5t.<\/li>\n<\/ul>\n","protected":false},"featured_media":3319,"template":"","meta":[],"product_cat":[326],"product_tag":[],"class_list":["post-1878","product","type-product","status-publish","has-post-thumbnail","hentry","product_cat-moi-truong-nuoi-cay-vi-sinh-vat"],"_links":{"self":[{"href":"https:\/\/labone.vn\/bacterlab\/wp-json\/wp\/v2\/product\/1878","targetHints":{"allow":["GET"]}}],"collection":[{"href":"https:\/\/labone.vn\/bacterlab\/wp-json\/wp\/v2\/product"}],"about":[{"href":"https:\/\/labone.vn\/bacterlab\/wp-json\/wp\/v2\/types\/product"}],"wp:featuredmedia":[{"embeddable":true,"href":"https:\/\/labone.vn\/bacterlab\/wp-json\/wp\/v2\/media\/3319"}],"wp:attachment":[{"href":"https:\/\/labone.vn\/bacterlab\/wp-json\/wp\/v2\/media?parent=1878"}],"wp:term":[{"taxonomy":"product_cat","embeddable":true,"href":"https:\/\/labone.vn\/bacterlab\/wp-json\/wp\/v2\/product_cat?post=1878"},{"taxonomy":"product_tag","embeddable":true,"href":"https:\/\/labone.vn\/bacterlab\/wp-json\/wp\/v2\/product_tag?post=1878"}],"curies":[{"name":"wp","href":"https:\/\/api.w.org\/{rel}","templated":true}]}}