{"id":1880,"date":"2023-08-11T08:31:51","date_gmt":"2023-08-11T08:31:51","guid":{"rendered":"https:\/\/labone.vn\/bacterlab\/?post_type=product&#038;p=1880"},"modified":"2025-04-04T02:57:32","modified_gmt":"2025-04-04T02:57:32","slug":"bacterplate-columbia-agar-cba","status":"publish","type":"product","link":"https:\/\/labone.vn\/bacterlab\/product\/bacterplate-columbia-agar-cba\/","title":{"rendered":"BacterPlate\u2122 Columbia Agar (CBA)"},"content":{"rendered":"<p><span style=\"color: #3366ff;\"><strong> M\u1ee4C \u0110\u00cdCH S\u1eec D\u1ee4NG<\/strong><\/span><\/p>\n<ul>\n<li><strong>BacterPlate\u2122 Columbia Agar <\/strong>l\u00e0 m\u00f4i tr\u01b0\u1eddng gi\u00e0u dinh d\u01b0\u1ee1ng, \u0111\u01b0\u1ee3c s\u1eed d\u1ee5ng \u0111\u1ec3 nu\u00f4i c\u1ea5y v\u00e0 ph\u00e2n l\u1eadp nhi\u1ec1u lo\u1ea1i vi sinh v\u1eadt, \u0111\u1eb7c bi\u1ec7t l\u00e0 c\u00e1c vi khu\u1ea9n kh\u00f3 t\u00ednh nh\u01b0 <em>Streptococcus<\/em> v\u00e0 <em>Pneumococcus<\/em> trong m\u1eabu \u0111\u1ed9ng v\u1eadt. Khi b\u1ed5 sung m\u00e1u, ch\u1ea5t ch\u1ecdn l\u1ecdc ho\u1eb7c ch\u1ea5t t\u0103ng tr\u01b0\u1edfng, m\u00f4i tr\u01b0\u1eddng c\u00f3 th\u1ec3 \u0111\u01b0\u1ee3c \u0111i\u1ec1u ch\u1ec9nh \u0111\u1ec3 ph\u00f9 h\u1ee3p v\u1edbi nhi\u1ec1u m\u1ee5c \u0111\u00edch s\u1eed d\u1ee5ng c\u1ee5 th\u1ec3.<\/li>\n<li>Bao g\u00f3i b\u1eb1ng m\u00e0ng b\u00e1n th\u1ea5m Cellophane film gi\u00fap c\u00e2n b\u1eb1ng \u0111\u1ed9 \u1ea9m m\u00f4i tr\u01b0\u1eddng trong qu\u00e1 tr\u00ecnh b\u1ea3o qu\u1ea3n.<\/li>\n<\/ul>\n<p><span style=\"color: #3366ff;\"><strong> NGUY\u00caN T\u1eaeC<\/strong><\/span><\/p>\n<ul>\n<li>Peptone trong th\u00e0nh ph\u1ea7n m\u00f4i tr\u01b0\u1eddng h\u1ed7 tr\u1ee3 s\u1ef1 ph\u00e1t tri\u1ec3n m\u1ea1nh m\u1ebd c\u1ee7a khu\u1ea9n l\u1ea1c.<\/li>\n<li>Chi\u1ebft xu\u1ea5t n\u1ea5m men cung c\u1ea5p vitamin B ph\u1ee9c h\u1ee3p.<\/li>\n<li>Tinh b\u1ed9t ho\u1ea1t \u0111\u1ed9ng nh\u01b0 m\u1ed9t ch\u1ea5t kh\u1eed \u0111\u1ed9c v\u00e0 c\u0169ng l\u00e0 ngu\u1ed3n n\u0103ng l\u01b0\u1ee3ng.<\/li>\n<li>M\u00e1u c\u1eebu \u0111\u00e3 kh\u1eed fibrin, c\u00f3 th\u1ec3 \u0111\u01b0\u1ee3c b\u1ed5 sung v\u00e0o m\u00f4i tr\u01b0\u1eddng, h\u1ed7 tr\u1ee3 ph\u00e1t hi\u1ec7n c\u00e1c ph\u1ea3n \u1ee9ng tan m\u00e1u v\u00e0 cung c\u1ea5p y\u1ebfu t\u1ed1 X (heme) c\u1ea7n thi\u1ebft cho s\u1ef1 ph\u00e1t tri\u1ec3n c\u1ee7a nhi\u1ec1u lo\u1ea1i vi khu\u1ea9n. Tuy nhi\u00ean, m\u00e1u c\u1eebu thi\u1ebfu y\u1ebfu t\u1ed1 V (NAD) do s\u1ef1 hi\u1ec7n di\u1ec7n c\u1ee7a NADase ph\u00e1 h\u1ee7y NAD. Do \u0111\u00f3, Haemophilus influenzae, c\u1ea7n c\u1ea3 y\u1ebfu t\u1ed1 X v\u00e0 V, kh\u00f4ng ph\u00e1t tri\u1ec3n tr\u00ean m\u00f4i tr\u01b0\u1eddng ch\u1ee9a m\u00e1u th\u00f4ng th\u01b0\u1eddng.<\/li>\n<li>C\u00e1c m\u00f4i tr\u01b0\u1eddng c\u00f3 th\u1ec3 \u0111\u01b0\u1ee3c chu\u1ea9n b\u1ecb t\u1eeb Columbia Agar:<\/li>\n<li style=\"list-style-type: none;\">\n<ul>\n<li>Th\u1ea1ch m\u00e1u: B\u1ed5 sung 5\u201310% m\u00e1u c\u1eebu v\u00f4 tr\u00f9ng sau khi ti\u1ec7t tr\u00f9ng v\u00e0 l\u00e0m ngu\u1ed9i. Ph\u00f9 h\u1ee3p \u0111\u1ec3 nu\u00f4i c\u1ea5y <em>Streptococcus<\/em>, <em>Pneumococcus<\/em>, <em>Staphylococcus<\/em>, <em>Listeria<\/em> v\u00e0 <em>Erysipelothrix<\/em>. C\u00f3 th\u1ec3 l\u00e0m ch\u1ecdn l\u1ecdc b\u1eb1ng c\u00e1ch th\u00eam colistin v\u00e0 nalidixic acid \u0111\u1ec3 \u1ee9c ch\u1ebf vi khu\u1ea9n Gram \u00e2m v\u00e0 <em>Bacillus<\/em>.<\/li>\n<li>Th\u1ea1ch n\u00e2u: Th\u00eam 10% m\u00e1u c\u1eebu ho\u1eb7c ng\u1ef1a v\u00e0o Columbia Agar v\u00f4 tr\u00f9ng v\u00e0 \u0111un \u1edf 70\u00b0C trong 5 ph\u00fat cho \u0111\u1ebfn khi c\u00f3 m\u00e0u chocolate. Ph\u00f9 h\u1ee3p \u0111\u1ec3 nu\u00f4i c\u1ea5y <em>Haemophilus, Neisseria, Taylorella <\/em>ho\u1eb7c<\/li>\n<li>M\u00f4i tr\u01b0\u1eddng c\u01a1 b\u1ea3n kh\u00f4ng t\u0103ng c\u01b0\u1eddng: Columbia Agar c\u00f3 th\u1ec3 s\u1eed d\u1ee5ng \u0111\u1ec3 nu\u00f4i c\u1ea5y <em>Brucella abortus, Yersinia pestis, Clostridium perfringens<\/em> v\u00e0 t\u1ea5t c\u1ea3 vi khu\u1ea9n \u0111\u01b0\u1eddng ru\u1ed9t (Enterobacteria).<\/li>\n<\/ul>\n<\/li>\n<\/ul>\n<p>&nbsp;<\/p>\n","protected":false},"excerpt":{"rendered":"<ul>\n<li>M\u00f4i tr\u01b0\u1eddng s\u1eb5n s\u00e0ng s\u1eed d\u1ee5ng tr\u00ean \u0111\u0129a petri 90mm \u0111\u1ec3 \u0111\u1ec3 nu\u00f4i c\u1ea5y v\u00e0 ph\u00e2n l\u1eadp c\u00e1c vi sinh v\u1eadt kh\u00f3 t\u00ednh.<\/li>\n<li><strong>Code: 05008<\/strong><\/li>\n<li><strong>Quy c\u00e1ch:<\/strong> 10 \u0111\u0129a\/ h\u1ed9p ho\u1eb7c theo y\u00eau c\u1ea7u c\u1ee7a kh\u00e1ch h\u00e0ng.<\/li>\n<li><strong>B\u1ea3o qu\u1ea3n l\u01b0u tr\u1eef:<\/strong> 2 \u2013 8\u00b0C.<\/li>\n<li><strong>V\u1eadn chuy\u1ec3n:<\/strong> Nhi\u1ec7t \u0111\u1ed9 m\u00f4i tr\u01b0\u1eddng.<\/li>\n<li><strong>H\u1ea1n s\u1eed d\u1ee5ng:<\/strong> 03 th\u00e1ng k\u1ec3 t\u1eeb ng\u00e0y s\u1ea3n xu\u1ea5t.<\/li>\n<\/ul>\n","protected":false},"featured_media":2174,"template":"","meta":[],"product_cat":[326],"product_tag":[],"class_list":["post-1880","product","type-product","status-publish","has-post-thumbnail","hentry","product_cat-moi-truong-nuoi-cay-vi-sinh-vat"],"_links":{"self":[{"href":"https:\/\/labone.vn\/bacterlab\/wp-json\/wp\/v2\/product\/1880","targetHints":{"allow":["GET"]}}],"collection":[{"href":"https:\/\/labone.vn\/bacterlab\/wp-json\/wp\/v2\/product"}],"about":[{"href":"https:\/\/labone.vn\/bacterlab\/wp-json\/wp\/v2\/types\/product"}],"wp:featuredmedia":[{"embeddable":true,"href":"https:\/\/labone.vn\/bacterlab\/wp-json\/wp\/v2\/media\/2174"}],"wp:attachment":[{"href":"https:\/\/labone.vn\/bacterlab\/wp-json\/wp\/v2\/media?parent=1880"}],"wp:term":[{"taxonomy":"product_cat","embeddable":true,"href":"https:\/\/labone.vn\/bacterlab\/wp-json\/wp\/v2\/product_cat?post=1880"},{"taxonomy":"product_tag","embeddable":true,"href":"https:\/\/labone.vn\/bacterlab\/wp-json\/wp\/v2\/product_tag?post=1880"}],"curies":[{"name":"wp","href":"https:\/\/api.w.org\/{rel}","templated":true}]}}