{"id":1888,"date":"2023-08-11T08:50:25","date_gmt":"2023-08-11T08:50:25","guid":{"rendered":"https:\/\/labone.vn\/bacterlab\/?post_type=product&#038;p=1888"},"modified":"2025-04-04T07:56:12","modified_gmt":"2025-04-04T07:56:12","slug":"tracemedia-mannitol-salt-agar","status":"publish","type":"product","link":"https:\/\/labone.vn\/bacterlab\/product\/tracemedia-mannitol-salt-agar\/","title":{"rendered":"BacterPlate\u2122 Mannitol Salt Agar (MSA)"},"content":{"rendered":"<p><span style=\"color: #3366ff;\"><strong> M\u1ee4C \u0110\u00cdCH S\u1eec D\u1ee4NG<\/strong><\/span><\/p>\n<ul>\n<li><strong>BacterPlate\u2122 Mannitol Salt Agar (MSA) <\/strong>\u0111\u01b0\u1ee3c s\u1eed d\u1ee5ng \u0111\u1ec3 ph\u00e2n l\u1eadp, ph\u00e1t hi\u1ec7n v\u00e0 \u0111\u1ecbnh l\u01b0\u1ee3ng vi khu\u1ea9n <em>Staphylococcus<\/em> g\u00e2y b\u1ec7nh trong c\u00e1c ngu\u1ed3n n\u01b0\u1edbc c\u00f3 th\u1ec3 l\u1ecdc \u0111\u01b0\u1ee3c nh\u01b0 n\u01b0\u1edbc h\u1ed3 b\u01a1i, n\u01b0\u1edbc u\u1ed1ng ho\u1eb7c n\u01b0\u1edbc t\u1ea1i spa. Ngo\u00e0i ra, m\u00f4i tr\u01b0\u1eddng n\u00e0y c\u0169ng \u0111\u01b0\u1ee3c d\u00f9ng \u0111\u1ec3 ph\u00e1t hi\u1ec7n <em>Staphylococcus aureus<\/em> theo ti\u00eau chu\u1ea9n c\u1ee7a D\u01b0\u1ee3c \u0111i\u1ec3n v\u00e0 trong c\u00e1c s\u1ea3n ph\u1ea9m m\u1ef9 ph\u1ea9m.<\/li>\n<li>Bao g\u00f3i b\u1eb1ng m\u00e0ng b\u00e1n th\u1ea5m Cellophane film gi\u00fap c\u00e2n b\u1eb1ng \u0111\u1ed9 \u1ea9m m\u00f4i tr\u01b0\u1eddng trong qu\u00e1 tr\u00ecnh b\u1ea3o qu\u1ea3n.<\/li>\n<\/ul>\n<p><span style=\"color: #3366ff;\"><strong> NGUY\u00caN T\u1eaeC<\/strong><\/span><\/p>\n<ul>\n<li>N\u1ed3ng \u0111\u1ed9 mu\u1ed1i sodium chloride cao gi\u00fap \u1ee9c ch\u1ebf s\u1ef1 ph\u00e1t tri\u1ec3n c\u1ee7a h\u1ea7u h\u1ebft vi khu\u1ea9n, ngo\u1ea1i tr\u1eeb vi khu\u1ea9n <em>Staphylococcus<\/em>.<\/li>\n<li>L\u00ean men mannitol \u0111\u01b0\u1ee3c nh\u1eadn bi\u1ebft qua s\u1ef1 thay \u0111\u1ed5i m\u00e0u s\u1eafc c\u1ee7a ch\u1ec9 th\u1ecb pH (phenol \u0111\u1ecf) t\u1eeb \u0111\u1ecf sang v\u00e0ng, h\u1ed7 tr\u1ee3 ch\u1ea9n \u0111o\u00e1n.<\/li>\n<li>Vi\u1ec7c x\u00e1c nh\u1eadn vi khu\u1ea9n <em>Staphylococcus<\/em> g\u00e2y b\u1ec7nh th\u01b0\u1eddng \u0111\u01b0\u1ee3c th\u1ef1c hi\u1ec7n b\u1eb1ng x\u00e9t nghi\u1ec7m coagulase.<\/li>\n<\/ul>\n","protected":false},"excerpt":{"rendered":"<ul>\n<li>M\u00f4i tr\u01b0\u1eddng s\u1eb5n s\u00e0ng s\u1eed d\u1ee5ng tr\u00ean \u0111\u0129a 90mm, \u0111\u01b0\u1ee3c thi\u1ebft k\u1ebf \u0111\u1ec3 nu\u00f4i c\u1ea5y ch\u1ecdn l\u1ecdc vi khu\u1ea9n <em>Staphylococcus<\/em>, gi\u00fap ph\u00e2n bi\u1ec7t gi\u1eefa <em>Staphylococcus aureus<\/em> v\u00e0 <em>Staphylococcus epidermidis<\/em><\/li>\n<li><strong>Code: 05021<\/strong><\/li>\n<li><strong>Quy c\u00e1ch:<\/strong> 10 \u0111\u0129a\/ h\u1ed9p ho\u1eb7c theo y\u00eau c\u1ea7u c\u1ee7a kh\u00e1ch h\u00e0ng.<\/li>\n<li><strong>B\u1ea3o qu\u1ea3n l\u01b0u tr\u1eef:<\/strong> 2 \u2013 8\u00b0C.<\/li>\n<li><strong>V\u1eadn chuy\u1ec3n:<\/strong> Nhi\u1ec7t \u0111\u1ed9 m\u00f4i tr\u01b0\u1eddng.<\/li>\n<li><strong>H\u1ea1n s\u1eed d\u1ee5ng:<\/strong> 04 th\u00e1ng k\u1ec3 t\u1eeb ng\u00e0y s\u1ea3n xu\u1ea5t.<\/li>\n<\/ul>\n","protected":false},"featured_media":3244,"template":"","meta":[],"product_cat":[326],"product_tag":[],"class_list":["post-1888","product","type-product","status-publish","has-post-thumbnail","hentry","product_cat-moi-truong-nuoi-cay-vi-sinh-vat"],"_links":{"self":[{"href":"https:\/\/labone.vn\/bacterlab\/wp-json\/wp\/v2\/product\/1888","targetHints":{"allow":["GET"]}}],"collection":[{"href":"https:\/\/labone.vn\/bacterlab\/wp-json\/wp\/v2\/product"}],"about":[{"href":"https:\/\/labone.vn\/bacterlab\/wp-json\/wp\/v2\/types\/product"}],"wp:featuredmedia":[{"embeddable":true,"href":"https:\/\/labone.vn\/bacterlab\/wp-json\/wp\/v2\/media\/3244"}],"wp:attachment":[{"href":"https:\/\/labone.vn\/bacterlab\/wp-json\/wp\/v2\/media?parent=1888"}],"wp:term":[{"taxonomy":"product_cat","embeddable":true,"href":"https:\/\/labone.vn\/bacterlab\/wp-json\/wp\/v2\/product_cat?post=1888"},{"taxonomy":"product_tag","embeddable":true,"href":"https:\/\/labone.vn\/bacterlab\/wp-json\/wp\/v2\/product_tag?post=1888"}],"curies":[{"name":"wp","href":"https:\/\/api.w.org\/{rel}","templated":true}]}}