{"id":1892,"date":"2023-08-11T08:57:29","date_gmt":"2023-08-11T08:57:29","guid":{"rendered":"https:\/\/labone.vn\/bacterlab\/?post_type=product&#038;p=1892"},"modified":"2025-04-04T01:47:37","modified_gmt":"2025-04-04T01:47:37","slug":"bacterplate-plate-count-agar","status":"publish","type":"product","link":"https:\/\/labone.vn\/bacterlab\/product\/bacterplate-plate-count-agar\/","title":{"rendered":"BacterPlate\u2122 Plate Count Agar (PCA)"},"content":{"rendered":"<p><span style=\"color: #3366ff;\"><strong>M\u1ee4C \u0110\u00cdCH S\u1eec D\u1ee4NG<\/strong><\/span><\/p>\n<ul>\n<li><strong>BacterPlate\u2122 Plate Count Agar (PCA) <\/strong>\u0111\u01b0\u1ee3c b\u1ed5 sung glucose v\u00e0 cao n\u1ea5m men, l\u00e0 m\u00f4i tr\u01b0\u1eddng d\u00f9ng trong vi sinh th\u1ef1c ph\u1ea9m \u0111\u1ec3 \u0111\u1ecbnh l\u01b0\u1ee3ng vi khu\u1ea9n hi\u1ebfu kh\u00ed trong s\u1eefa, th\u1ecbt, c\u00e1c s\u1ea3n ph\u1ea9m t\u1eeb th\u1ecbt v\u00e0 c\u00e1c s\u1ea3n ph\u1ea9m th\u1ef1c ph\u1ea9m kh\u00e1c. Ngo\u00e0i ra, m\u00f4i tr\u01b0\u1eddng n\u00e0y c\u00f2n \u0111\u01b0\u1ee3c \u1ee9ng d\u1ee5ng trong ph\u00e2n t\u00edch vi sinh c\u1ee7a d\u01b0\u1ee3c ph\u1ea9m, m\u1ef9 ph\u1ea9m v\u00e0 nguy\u00ean li\u1ec7u th\u00f4 li\u00ean quan.<\/li>\n<li>M\u00f4i tr\u01b0\u1eddng n\u00e0y c\u0169ng \u0111\u01b0\u1ee3c s\u1eed d\u1ee5ng \u0111\u1ec3 \u0111\u1ecbnh l\u01b0\u1ee3ng c\u00e1c vi sinh v\u1eadt \u01b0a l\u1ea1nh.<\/li>\n<li>Th\u00e0nh ph\u1ea7n \u0111i\u1ec3n h\u00ecnh c\u1ee7a PCA \u0111\u01b0\u1ee3c x\u00e2y d\u1ef1ng theo c\u00e1c ti\u00eau chu\u1ea9n NF EN ISO 4833-1 &amp; 2, NF ISO 17410, XP V08-034, T90-425 v\u00e0 ISO 14461-1.<\/li>\n<li>Bao g\u00f3i b\u1eb1ng m\u00e0ng b\u00e1n th\u1ea5m Cellophane film gi\u00fap c\u00e2n b\u1eb1ng \u0111\u1ed9 \u1ea9m m\u00f4i tr\u01b0\u1eddng trong qu\u00e1 tr\u00ecnh b\u1ea3o qu\u1ea3n.<\/li>\n<\/ul>\n<p><strong> <span style=\"color: #3366ff;\"><strong>NGUY\u00caN T\u1eaeC<\/strong><\/span>\u00a0<\/strong><\/p>\n<ul>\n<li>C\u00e1c ch\u1ea5t dinh d\u01b0\u1ee1ng \u0111\u01b0\u1ee3c cung c\u1ea5p b\u1edfi Tryptone, vitamin t\u1eeb cao n\u1ea5m men v\u00e0 glucose l\u00e0m ngu\u1ed3n n\u0103ng l\u01b0\u1ee3ng gi\u00fap h\u1ed7 tr\u1ee3 s\u1ef1 ph\u00e1t tri\u1ec3n c\u1ee7a h\u1ea7u h\u1ebft c\u00e1c lo\u1ea1i vi khu\u1ea9n. Trong vi sinh h\u1ecdc s\u1eefa, khuy\u1ebfn ngh\u1ecb b\u1ed5 sung 1g s\u1eefa t\u00e1ch b\u00e9o d\u1ea1ng b\u1ed9t v\u00e0o m\u1ed7i l\u00edt m\u00f4i tr\u01b0\u1eddng \u0111\u00e3 pha (PCA v\u1edbi Skimmed Milk).<\/li>\n<\/ul>\n","protected":false},"excerpt":{"rendered":"<ul>\n<li>M\u00f4i tr\u01b0\u1eddng \u0111\u1ed5 s\u1eb5n tr\u00ean \u0111\u0129a petri 90mm d\u00f9ng \u0111\u1ec3 \u0111\u1ebfm khu\u1ea9n l\u1ea1c. \u00c1p d\u1ee5ng \u0111\u1ec3 x\u00e1c \u0111\u1ecbnh t\u1ed5ng s\u1ed1 vi khu\u1ea9n hi\u1ebfu kh\u00ed.<\/li>\n<li><strong>Code: 05001<\/strong><\/li>\n<li><strong>Quy c\u00e1ch:<\/strong> 10 \u0111\u0129a\/ h\u1ed9p ho\u1eb7c theo y\u00eau c\u1ea7u c\u1ee7a kh\u00e1ch h\u00e0ng.<\/li>\n<li><strong>B\u1ea3o qu\u1ea3n l\u01b0u tr\u1eef:<\/strong> 2 \u2013 8\u00b0C.<\/li>\n<li><strong>V\u1eadn chuy\u1ec3n:<\/strong> Nhi\u1ec7t \u0111\u1ed9 m\u00f4i tr\u01b0\u1eddng.<\/li>\n<li><strong>H\u1ea1n s\u1eed d\u1ee5ng:<\/strong> 04 th\u00e1ng k\u1ec3 t\u1eeb ng\u00e0y s\u1ea3n xu\u1ea5t.<\/li>\n<\/ul>\n","protected":false},"featured_media":3177,"template":"","meta":[],"product_cat":[326],"product_tag":[],"class_list":["post-1892","product","type-product","status-publish","has-post-thumbnail","hentry","product_cat-moi-truong-nuoi-cay-vi-sinh-vat"],"_links":{"self":[{"href":"https:\/\/labone.vn\/bacterlab\/wp-json\/wp\/v2\/product\/1892","targetHints":{"allow":["GET"]}}],"collection":[{"href":"https:\/\/labone.vn\/bacterlab\/wp-json\/wp\/v2\/product"}],"about":[{"href":"https:\/\/labone.vn\/bacterlab\/wp-json\/wp\/v2\/types\/product"}],"wp:featuredmedia":[{"embeddable":true,"href":"https:\/\/labone.vn\/bacterlab\/wp-json\/wp\/v2\/media\/3177"}],"wp:attachment":[{"href":"https:\/\/labone.vn\/bacterlab\/wp-json\/wp\/v2\/media?parent=1892"}],"wp:term":[{"taxonomy":"product_cat","embeddable":true,"href":"https:\/\/labone.vn\/bacterlab\/wp-json\/wp\/v2\/product_cat?post=1892"},{"taxonomy":"product_tag","embeddable":true,"href":"https:\/\/labone.vn\/bacterlab\/wp-json\/wp\/v2\/product_tag?post=1892"}],"curies":[{"name":"wp","href":"https:\/\/api.w.org\/{rel}","templated":true}]}}