{"id":1895,"date":"2023-08-11T09:01:48","date_gmt":"2023-08-11T09:01:48","guid":{"rendered":"https:\/\/labone.vn\/bacterlab\/?post_type=product&#038;p=1895"},"modified":"2025-04-05T04:07:25","modified_gmt":"2025-04-05T04:07:25","slug":"bacterplate-potato-dextrose-agar","status":"publish","type":"product","link":"https:\/\/labone.vn\/bacterlab\/product\/bacterplate-potato-dextrose-agar\/","title":{"rendered":"BacterPlate\u2122 Potato Dextrose Agar"},"content":{"rendered":"<p><span style=\"color: #3366ff;\"><strong> M\u1ee4C \u0110\u00cdCH S\u1eec D\u1ee4NG<\/strong><\/span><\/p>\n<ul>\n<li><strong>BacterPlate\u2122 Potato Dextrose Agar<\/strong> \u0111\u01b0\u1ee3c s\u1eed d\u1ee5ng \u0111\u1ec3 nu\u00f4i c\u1ea5y, ph\u00e2n l\u1eadp v\u00e0 \u0111\u1ecbnh l\u01b0\u1ee3ng n\u1ea5m men v\u00e0 n\u1ea5m m\u1ed1c t\u1eeb th\u1ef1c ph\u1ea9m v\u00e0 c\u00e1c v\u1eadt li\u1ec7u kh\u00e1c.<\/li>\n<li>Bao g\u00f3i b\u1eb1ng m\u00e0ng b\u00e1n th\u1ea5m Cellophane film gi\u00fap c\u00e2n b\u1eb1ng \u0111\u1ed9 \u1ea9m m\u00f4i tr\u01b0\u1eddng trong qu\u00e1 tr\u00ecnh b\u1ea3o qu\u1ea3n.<\/li>\n<\/ul>\n<p><span style=\"color: #3366ff;\"><strong> NGUY\u00caN T\u1eaeC<\/strong><\/span><\/p>\n<ul>\n<li>Carbohydrate (Glucose) v\u00e0 chi\u1ebft xu\u1ea5t khoai t\u00e2y th\u00fac \u0111\u1ea9y s\u1ef1 ph\u00e1t tri\u1ec3n c\u1ee7a n\u1ea5m men v\u00e0 n\u1ea5m m\u1ed1c, trong khi gi\u00e1 tr\u1ecb pH th\u1ea5p ph\u1ea7n n\u00e0o \u1ee9c ch\u1ebf s\u1ef1 ph\u00e1t tri\u1ec3n c\u1ee7a h\u1ec7 vi khu\u1ea9n \u0111i k\u00e8m.<\/li>\n<li>N\u1ebfu m\u00f4i tr\u01b0\u1eddng \u0111\u01b0\u1ee3c s\u1eed d\u1ee5ng \u0111\u1ec3 \u0111\u1ebfm s\u1ed1 l\u01b0\u1ee3ng n\u1ea5m, pH c\u1ea7n \u0111\u01b0\u1ee3c \u0111i\u1ec1u ch\u1ec9nh v\u1ec1 kho\u1ea3ng 3,5.<\/li>\n<li>N\u1ea5m ph\u00e1t tri\u1ec3n tr\u00ean m\u00f4i tr\u01b0\u1eddng n\u00e0y \u0111\u1ec3 h\u00ecnh th\u00e0nh h\u00ecnh th\u00e1i \u0111i\u1ec3n h\u00ecnh<\/li>\n<\/ul>\n","protected":false},"excerpt":{"rendered":"<ul>\n<li>M\u00f4i tr\u01b0\u1eddng s\u1eb5n s\u00e0ng s\u1eed d\u1ee5ng tr\u00ean \u0111\u0129a petri 90mm \u0111\u1ec3 ph\u00e1t hi\u1ec7n v\u00e0 \u0111\u1ecbnh l\u01b0\u1ee3ng n\u1ea5m men v\u00e0 n\u1ea5m m\u1ed1c.<\/li>\n<li><strong>Code: 05035<\/strong><\/li>\n<li><strong>Quy c\u00e1ch:<\/strong> 10 \u0111\u0129a\/ h\u1ed9p ho\u1eb7c theo y\u00eau c\u1ea7u c\u1ee7a kh\u00e1ch h\u00e0ng.<\/li>\n<li><strong>B\u1ea3o qu\u1ea3n l\u01b0u tr\u1eef:<\/strong> 2 \u2013 8\u00b0C.<\/li>\n<li><strong>V\u1eadn chuy\u1ec3n:<\/strong> Nhi\u1ec7t \u0111\u1ed9 m\u00f4i tr\u01b0\u1eddng.<\/li>\n<li><strong>H\u1ea1n s\u1eed d\u1ee5ng:<\/strong> 03 th\u00e1ng k\u1ec3 t\u1eeb ng\u00e0y s\u1ea3n xu\u1ea5t.<\/li>\n<\/ul>\n","protected":false},"featured_media":3290,"template":"","meta":[],"product_cat":[326],"product_tag":[],"class_list":["post-1895","product","type-product","status-publish","has-post-thumbnail","hentry","product_cat-moi-truong-nuoi-cay-vi-sinh-vat"],"_links":{"self":[{"href":"https:\/\/labone.vn\/bacterlab\/wp-json\/wp\/v2\/product\/1895","targetHints":{"allow":["GET"]}}],"collection":[{"href":"https:\/\/labone.vn\/bacterlab\/wp-json\/wp\/v2\/product"}],"about":[{"href":"https:\/\/labone.vn\/bacterlab\/wp-json\/wp\/v2\/types\/product"}],"wp:featuredmedia":[{"embeddable":true,"href":"https:\/\/labone.vn\/bacterlab\/wp-json\/wp\/v2\/media\/3290"}],"wp:attachment":[{"href":"https:\/\/labone.vn\/bacterlab\/wp-json\/wp\/v2\/media?parent=1895"}],"wp:term":[{"taxonomy":"product_cat","embeddable":true,"href":"https:\/\/labone.vn\/bacterlab\/wp-json\/wp\/v2\/product_cat?post=1895"},{"taxonomy":"product_tag","embeddable":true,"href":"https:\/\/labone.vn\/bacterlab\/wp-json\/wp\/v2\/product_tag?post=1895"}],"curies":[{"name":"wp","href":"https:\/\/api.w.org\/{rel}","templated":true}]}}