{"id":1899,"date":"2023-08-11T09:09:08","date_gmt":"2023-08-11T09:09:08","guid":{"rendered":"https:\/\/labone.vn\/bacterlab\/?post_type=product&#038;p=1899"},"modified":"2025-04-04T08:08:20","modified_gmt":"2025-04-04T08:08:20","slug":"bacterplate-tcbs-agar","status":"publish","type":"product","link":"https:\/\/labone.vn\/bacterlab\/product\/bacterplate-tcbs-agar\/","title":{"rendered":"BacterPlate\u2122 TCBS Agar"},"content":{"rendered":"<p><span style=\"color: #3366ff;\"><strong> M\u1ee4C \u0110\u00cdCH S\u1eec D\u1ee4NG<\/strong><\/span><\/p>\n<ul>\n<li><strong>BacterPlate\u2122 TCBS Agar <\/strong>l\u00e0 m\u00f4i tr\u01b0\u1eddng ch\u1ecdn l\u1ecdc d\u00f9ng \u0111\u1ec3 ph\u00e2n l\u1eadp <em>Vibrio cholerae<\/em> v\u00e0 c\u00e1c lo\u00e0i <em>Vibrio<\/em> g\u00e2y b\u1ec7nh \u0111\u01b0\u1eddng ru\u1ed9t kh\u00e1c (\u0111\u1eb7c bi\u1ec7t l\u00e0 <em>Vibrio parahaemolyticus<\/em>) t\u1eeb c\u00e1, h\u1ea3i s\u1ea3n v\u00e0 c\u00e1c m\u1eabu sinh h\u1ecdc c\u00f3 ngu\u1ed3n g\u1ed1c \u0111\u1ed9ng v\u1eadt.<\/li>\n<li>Bao g\u00f3i b\u1eb1ng m\u00e0ng b\u00e1n th\u1ea5m Cellophane film gi\u00fap c\u00e2n b\u1eb1ng \u0111\u1ed9 \u1ea9m m\u00f4i tr\u01b0\u1eddng trong qu\u00e1 tr\u00ecnh b\u1ea3o qu\u1ea3n.<\/li>\n<\/ul>\n<p><span style=\"color: #3366ff;\"><strong> NGUY\u00caN T\u1eaeC<\/strong><\/span><\/p>\n<ul>\n<li>N\u1ed3ng \u0111\u1ed9 cao c\u1ee7a thiosulfate v\u00e0 natri citrate c\u00f9ng v\u1edbi t\u00ednh ki\u1ec1m c\u1ee7a m\u00f4i tr\u01b0\u1eddng gi\u00fap \u1ee9c ch\u1ebf \u0111\u00e1ng k\u1ec3 s\u1ef1 ph\u00e1t tri\u1ec3n c\u1ee7a vi khu\u1ea9n \u0111\u01b0\u1eddng ru\u1ed9t (<em>Enterobacteriaceae<\/em>).<\/li>\n<li>Ox bile (mu\u1ed1i m\u1eadt) v\u00e0 natri cholate l\u00e0m ch\u1eadm s\u1ef1 ph\u00e1t tri\u1ec3n c\u1ee7a enterococci v\u00e0 \u1ee9c ch\u1ebf vi khu\u1ea9n Gram d\u01b0\u01a1ng.<\/li>\n<li>S\u1ef1 l\u00ean men sucrose b\u1edfi <em>Vibrio<\/em> t\u1ea1o ra acid, l\u00e0m \u0111\u1ed5i m\u00e0u bromothymol blue th\u00e0nh v\u00e0ng.<\/li>\n<li>Khi s\u1eed d\u1ee5ng thiosulfate nh\u01b0 m\u1ed9t ngu\u1ed3n l\u01b0u hu\u1ef3nh, qu\u00e1 tr\u00ecnh s\u1ea3n sinh hydrogen sulfide (H\u2082S) \u0111\u01b0\u1ee3c bi\u1ec3u hi\u1ec7n qua s\u1ef1 hi\u1ec7n di\u1ec7n c\u1ee7a ferric citrate. Tuy nhi\u00ean, t\u1ea5t c\u1ea3 c\u00e1c lo\u00e0i <em>Vibrio<\/em> \u0111\u1ec1u \u00e2m t\u00ednh v\u1edbi H\u2082S.<\/li>\n<\/ul>\n","protected":false},"excerpt":{"rendered":"<ul>\n<li>M\u00f4i tr\u01b0\u1eddng s\u1eb5n s\u00e0ng s\u1eed d\u1ee5ng tr\u00ean \u0111\u0129a th\u1ea1ch 90mm d\u00e0nh cho vi\u1ec7c ph\u00e2n l\u1eadp v\u00e0 ch\u1ecdn l\u1ecdc <em>Vibrio<\/em>. M\u00f4i tr\u01b0\u1eddng n\u00e0y ph\u00e2n bi\u1ec7t <em>Vibrio<\/em> <em>cholerae<\/em> v\u1edbi c\u00e1c lo\u00e0i <em>Vibrio<\/em> kh\u00e1c d\u1ef1a tr\u00ean kh\u1ea3 n\u0103ng l\u00ean men sucrose.<\/li>\n<li><strong>Code: 05022<\/strong><\/li>\n<li><strong>Quy c\u00e1ch:<\/strong> 10 \u0111\u0129a\/ h\u1ed9p ho\u1eb7c theo y\u00eau c\u1ea7u c\u1ee7a kh\u00e1ch h\u00e0ng.<\/li>\n<li><strong>B\u1ea3o qu\u1ea3n l\u01b0u tr\u1eef:<\/strong> 2 \u2013 8\u00b0C.<\/li>\n<li><strong>V\u1eadn chuy\u1ec3n:<\/strong> Nhi\u1ec7t \u0111\u1ed9 m\u00f4i tr\u01b0\u1eddng.<\/li>\n<li><strong>H\u1ea1n s\u1eed d\u1ee5ng:<\/strong> 03 th\u00e1ng k\u1ec3 t\u1eeb ng\u00e0y s\u1ea3n xu\u1ea5t.<\/li>\n<\/ul>\n","protected":false},"featured_media":3247,"template":"","meta":[],"product_cat":[326],"product_tag":[],"class_list":["post-1899","product","type-product","status-publish","has-post-thumbnail","hentry","product_cat-moi-truong-nuoi-cay-vi-sinh-vat"],"_links":{"self":[{"href":"https:\/\/labone.vn\/bacterlab\/wp-json\/wp\/v2\/product\/1899","targetHints":{"allow":["GET"]}}],"collection":[{"href":"https:\/\/labone.vn\/bacterlab\/wp-json\/wp\/v2\/product"}],"about":[{"href":"https:\/\/labone.vn\/bacterlab\/wp-json\/wp\/v2\/types\/product"}],"wp:featuredmedia":[{"embeddable":true,"href":"https:\/\/labone.vn\/bacterlab\/wp-json\/wp\/v2\/media\/3247"}],"wp:attachment":[{"href":"https:\/\/labone.vn\/bacterlab\/wp-json\/wp\/v2\/media?parent=1899"}],"wp:term":[{"taxonomy":"product_cat","embeddable":true,"href":"https:\/\/labone.vn\/bacterlab\/wp-json\/wp\/v2\/product_cat?post=1899"},{"taxonomy":"product_tag","embeddable":true,"href":"https:\/\/labone.vn\/bacterlab\/wp-json\/wp\/v2\/product_tag?post=1899"}],"curies":[{"name":"wp","href":"https:\/\/api.w.org\/{rel}","templated":true}]}}