{"id":1901,"date":"2023-08-11T09:12:55","date_gmt":"2023-08-11T09:12:55","guid":{"rendered":"https:\/\/labone.vn\/bacterlab\/?post_type=product&#038;p=1901"},"modified":"2025-04-05T07:54:16","modified_gmt":"2025-04-05T07:54:16","slug":"bacterplate-xld-agar","status":"publish","type":"product","link":"https:\/\/labone.vn\/bacterlab\/product\/bacterplate-xld-agar\/","title":{"rendered":"BacterPlate\u2122 XLD Agar"},"content":{"rendered":"<p><span style=\"color: #3366ff;\"><strong> M\u1ee4C \u0110\u00cdCH S\u1eec D\u1ee4NG<\/strong><\/span><\/p>\n<ul>\n<li><strong>BacterPlate\u2122 XLD Agar <\/strong>\u0111\u01b0\u1ee3c s\u1eed d\u1ee5ng \u0111\u1ec3 ph\u00e2n l\u1eadp <em>Salmonella<\/em> trong c\u00e1c s\u1ea3n ph\u1ea9m d\u01b0\u1ee3c ph\u1ea9m. N\u00f3 c\u0169ng c\u00f3 th\u1ec3 \u0111\u01b0\u1ee3c s\u1eed d\u1ee5ng nh\u01b0 m\u1ed9t m\u00f4i tr\u01b0\u1eddng th\u1ee9 hai trong c\u00e1c ph\u01b0\u01a1ng ph\u00e1p chu\u1ea9n h\u00f3a \u0111\u1ec3 ph\u00e1t hi\u1ec7n <em>Salmonella<\/em> trong c\u00e1c s\u1ea3n ph\u1ea9m th\u1ef1c ph\u1ea9m v\u00e0 n\u01b0\u1edbc.<\/li>\n<li>Bao g\u00f3i b\u1eb1ng m\u00e0ng b\u00e1n th\u1ea5m Cellophane film gi\u00fap c\u00e2n b\u1eb1ng \u0111\u1ed9 \u1ea9m m\u00f4i tr\u01b0\u1eddng trong qu\u00e1 tr\u00ecnh b\u1ea3o qu\u1ea3n.<\/li>\n<\/ul>\n<p><span style=\"color: #3366ff;\"><strong> NGUY\u00caN T\u1eaeC<\/strong><\/span><\/p>\n<ul>\n<li>Natri desoxycholate \u1ee9c ch\u1ebf s\u1ef1 ph\u00e1t tri\u1ec3n c\u1ee7a vi khu\u1ea9n Gram d\u01b0\u01a1ng g\u00e2y nhi\u1ec5m b\u1ea9n. Xylose \u0111\u01b0\u1ee3c l\u00ean men b\u1edfi h\u1ea7u h\u1ebft c\u00e1c vi khu\u1ea9n g\u00e2y b\u1ec7nh \u0111\u01b0\u1eddng ru\u1ed9t, ngo\u1ea1i tr\u1eeb <em>Shigella<\/em>, do \u0111\u00f3 <em>Shigella<\/em> \u0111\u01b0\u1ee3c ph\u00e2n bi\u1ec7t v\u1edbi c\u00e1c lo\u00e0i kh\u00e1c. Sau khi xylose b\u1ecb ti\u00eau th\u1ee5 h\u1ebft, <em>Salmonella<\/em> kh\u1eed carboxyl lysine (th\u00f4ng qua enzyme lysine decarboxylase) th\u00e0nh cadaverine, l\u00e0m pH t\u0103ng l\u00ean. C\u00e1c khu\u1ea9n l\u1ea1c c\u1ee7a Salmonella c\u00f3 d\u1ea1ng gi\u1ed1ng <em>Shigella<\/em> khi m\u00f4i tr\u01b0\u1eddng \u0111\u00e3 tr\u1edf n\u00ean ki\u1ec1m.<\/li>\n<li>C\u00e1c khu\u1ea9n l\u1ea1c \u0111\u01b0\u1ee3c h\u00ecnh th\u00e0nh c\u00f3 m\u00e0u \u0111\u1ecf khi c\u00f3 m\u1eb7t ch\u1ec9 th\u1ecb phenol \u0111\u1ecf.<\/li>\n<li>Vi\u1ec7c b\u1ed5 sung lactose v\u00e0 sucrose v\u00e0o m\u00f4i tr\u01b0\u1eddng gi\u00fap vi khu\u1ea9n coliform kh\u1eed carboxyl lysine, t\u1ea1o ra s\u1ef1 axit d\u01b0 th\u1eeba, khi\u1ebfn ch\u1ec9 th\u1ecb chuy\u1ec3n sang m\u00e0u v\u00e0ng, gi\u00fap ph\u00e2n bi\u1ec7t ch\u00fang.<\/li>\n<li>Trong m\u00f4i tr\u01b0\u1eddng ki\u1ec1m, c\u00e1c t\u00e1c nh\u00e2n sinh H<sub>2<\/sub>S g\u00e2y b\u1ec7nh gi\u1ea3m ferric ammonium citrate v\u00e0 t\u1ea1o th\u00e0nh m\u00e0u \u0111en do s\u1ef1 s\u1ea3n xu\u1ea5t sulfide s\u1eaft \u1edf trung t\u00e2m c\u1ee7a c\u00e1c khu\u1ea9n l\u1ea1c. C\u00e1c vi khu\u1ea9n kh\u00f4ng g\u00e2y b\u1ec7nh, kh\u00f4ng kh\u1eed carboxyl lysine, l\u00e0m m\u00f4i tr\u01b0\u1eddng acid h\u00f3a do qu\u00e1 tr\u00ecnh l\u00ean men \u0111\u01b0\u1eddng. S\u1ef1 gi\u1ea3m pH ng\u0103n c\u1ea3n c\u00e1c khu\u1ea9n l\u1ea1c kh\u00f4ng tr\u1edf n\u00ean \u0111en<\/li>\n<\/ul>\n","protected":false},"excerpt":{"rendered":"<ul>\n<li>M\u00f4i tr\u01b0\u1eddng s\u1eb5n s\u00e0ng s\u1eed d\u1ee5ng tr\u00ean \u0111\u0129a 90mm \u0111\u1ec3 ph\u00e1t hi\u1ec7n <em>Salmonella<\/em> v\u00e0 <em>Shigella<\/em><\/li>\n<li><strong>Code: 05043<\/strong><\/li>\n<li><strong>Quy c\u00e1ch:<\/strong> 10 \u0111\u0129a\/ h\u1ed9p ho\u1eb7c theo y\u00eau c\u1ea7u c\u1ee7a kh\u00e1ch h\u00e0ng.<\/li>\n<li><strong>B\u1ea3o qu\u1ea3n l\u01b0u tr\u1eef:<\/strong> 2 \u2013 8\u00b0C.<\/li>\n<li><strong>V\u1eadn chuy\u1ec3n:<\/strong> Nhi\u1ec7t \u0111\u1ed9 m\u00f4i tr\u01b0\u1eddng.<\/li>\n<li><strong>H\u1ea1n s\u1eed d\u1ee5ng:<\/strong> 04 th\u00e1ng k\u1ec3 t\u1eeb ng\u00e0y s\u1ea3n xu\u1ea5t.<\/li>\n<\/ul>\n","protected":false},"featured_media":3315,"template":"","meta":[],"product_cat":[326],"product_tag":[],"class_list":["post-1901","product","type-product","status-publish","has-post-thumbnail","hentry","product_cat-moi-truong-nuoi-cay-vi-sinh-vat"],"_links":{"self":[{"href":"https:\/\/labone.vn\/bacterlab\/wp-json\/wp\/v2\/product\/1901","targetHints":{"allow":["GET"]}}],"collection":[{"href":"https:\/\/labone.vn\/bacterlab\/wp-json\/wp\/v2\/product"}],"about":[{"href":"https:\/\/labone.vn\/bacterlab\/wp-json\/wp\/v2\/types\/product"}],"wp:featuredmedia":[{"embeddable":true,"href":"https:\/\/labone.vn\/bacterlab\/wp-json\/wp\/v2\/media\/3315"}],"wp:attachment":[{"href":"https:\/\/labone.vn\/bacterlab\/wp-json\/wp\/v2\/media?parent=1901"}],"wp:term":[{"taxonomy":"product_cat","embeddable":true,"href":"https:\/\/labone.vn\/bacterlab\/wp-json\/wp\/v2\/product_cat?post=1901"},{"taxonomy":"product_tag","embeddable":true,"href":"https:\/\/labone.vn\/bacterlab\/wp-json\/wp\/v2\/product_tag?post=1901"}],"curies":[{"name":"wp","href":"https:\/\/api.w.org\/{rel}","templated":true}]}}