{"id":1941,"date":"2023-08-14T02:22:48","date_gmt":"2023-08-14T02:22:48","guid":{"rendered":"https:\/\/labone.vn\/bacterlab\/?post_type=product&#038;p=1941"},"modified":"2024-09-17T01:57:57","modified_gmt":"2024-09-17T01:57:57","slug":"bacterplate-moi-truong-2-ngan-mrsa-esbl","status":"publish","type":"product","link":"https:\/\/labone.vn\/bacterlab\/product\/bacterplate-moi-truong-2-ngan-mrsa-esbl\/","title":{"rendered":"BacterPlate\u2122 M\u00f4i tr\u01b0\u1eddng 2 ng\u0103n MRSA \/ ESBL"},"content":{"rendered":"<p><span style=\"color: #0000ff;\"><strong> M\u1ee4C \u0110\u00cdCH S\u1eec D\u1ee4NG<\/strong><\/span><\/p>\n<ul>\n<li><strong>BacterPlate\u2122 M\u00f4i tr\u01b0\u1eddng 2 ng\u0103n MRSA \/ ESBL <\/strong>l\u00e0 m\u00f4i tr\u01b0\u1eddng sinh m\u00e0u d\u00f9ng ph\u00e1t hi\u1ec7n v\u00e0 ph\u00e2n bi\u1ec7t MRSA (Methicillin Resistant Staphylococcus Aureus) v\u00e0 vi khu\u1ea9n ti\u1ebft ESBL (Extended-spectrum \u03b2-lactamase).<\/li>\n<li>Bao g\u00f3i b\u1eb1ng m\u00e0ng b\u00e1n th\u1ea5m Cellulose film gi\u00fap c\u00e2n b\u1eb1ng \u0111\u1ed9 \u1ea9m m\u00f4i tr\u01b0\u1eddng trong qu\u00e1 tr\u00ecnh b\u1ea3o qu\u1ea3n.<\/li>\n<\/ul>\n<p><span style=\"color: #0000ff;\"><strong> NGUY\u00caN T\u1eaeC<\/strong><\/span><\/p>\n<p><strong>BacterPlate\u2122 M\u00f4i tr\u01b0\u1eddng 2 ng\u0103n MRSA \/ ESBL:<\/strong><\/p>\n<ul>\n<li>Ng\u0103n MRSA ph\u00e1t hi\u1ec7n v\u00e0 x\u00e1c \u0111\u1ecbnh tr\u1ef1c ti\u1ebfp MRSA th\u00f4ng qua k\u1ebft h\u1ee3p c\u00e1c ch\u1ea5t n\u1ec1n t\u1ea1o m\u00e0u v\u00e0 cefoxitin. Vi khu\u1ea9n MRSA s\u1ebd ph\u00e1t tri\u1ec3n khi c\u00f3 cefoxitin v\u00e0 t\u1ea1o ra c\u00e1c khu\u1ea9n l\u1ea1c m\u00e0u h\u1ed3ng \u0111\u1ebfn t\u00edm nh\u1ea1t do s\u1ef1 th\u1ee7y ph\u00e2n c\u1ee7a ch\u1ea5t n\u1ec1n sinh s\u1eafc t\u1ed1. C\u00e1c t\u00e1c nh\u00e2n ch\u1ecdn l\u1ecdc ng\u0103n ch\u1eb7n c\u00e1c sinh v\u1eadt gram \u00e2m, n\u1ea5m men v\u00e0 m\u1ed9t s\u1ed1 c\u1ea7u khu\u1ea9n gram d\u01b0\u01a1ng kh\u00e1c.<\/li>\n<li>Ng\u0103n ESBL l\u00e0 m\u00f4i tr\u01b0\u1eddng sinh m\u00e0u ph\u00e1t hi\u1ec7n vi khu\u1ea9n Gram \u00e2m sinh beta-lactamase kh\u00e1ng v\u1edbi c\u00e1c penicilin,cephalosporin th\u1ebf h\u1ec7 th\u1ee9 ba ph\u1ed5 m\u1edf r\u1ed9ng (C3G) v\u00e0 monobactam. Ng\u0103n ESBL ch\u1ee9a h\u1ed7n h\u1ee3p peptone l\u00e0 ngu\u1ed3n cung c\u1ea5p dinh d\u01b0\u1ee1ng cho visinh v\u1eadt ph\u00e1t tri\u1ec3n. Chromogenic mix v\u00e0 selective mix gi\u00fap ch\u1ecdn l\u1ecdc, t\u1ea1o s\u1eafc t\u1ed1 cho vi khu\u1ea9n ti\u1ebft ESBL.<\/li>\n<\/ul>\n","protected":false},"excerpt":{"rendered":"<ul>\n<li>M\u00f4i tr\u01b0\u1eddng \u0111\u1ed5 s\u1eb5n tr\u00ean \u0111\u0129a petri 90mm \u0111\u01b0\u1ee3c d\u00f9ng \u0111\u1ec3 nu\u00f4i c\u1ea5y s\u00e0ng l\u1ecdc ph\u00e1t hi\u1ec7n vi khu\u1ea9n ti\u1ebft ESBL v\u00e0 MRSA.<\/li>\n<li><span style=\"color: #000000;\">Code: <strong>05049<\/strong><\/span><\/li>\n<li><span style=\"color: #000000;\">Quy c\u00e1ch: 10 \u0111\u0129a\/ h\u1ed9p ho\u1eb7c theo y\u00eau c\u1ea7u c\u1ee7a kh\u00e1ch h\u00e0ng.<\/span><\/li>\n<li><span style=\"color: #000000;\">B\u1ea3o qu\u1ea3n l\u01b0u tr\u1eef: 2 \u2013 8\u00b0C.<\/span><\/li>\n<li><span style=\"color: #000000;\">V\u1eadn chuy\u1ec3n: Nhi\u1ec7t \u0111\u1ed9 m\u00f4i tr\u01b0\u1eddng.<\/span><\/li>\n<li><span style=\"color: #000000;\">H\u1ea1n s\u1eed d\u1ee5ng: 03 th\u00e1ng k\u1ec3 t\u1eeb ng\u00e0y s\u1ea3n xu\u1ea5t.<\/span><\/li>\n<\/ul>\n","protected":false},"featured_media":2160,"template":"","meta":[],"product_cat":[330],"product_tag":[],"class_list":["post-1941","product","type-product","status-publish","has-post-thumbnail","hentry","product_cat-moi-truong-nuoi-cay-hai-ngan"],"_links":{"self":[{"href":"https:\/\/labone.vn\/bacterlab\/wp-json\/wp\/v2\/product\/1941","targetHints":{"allow":["GET"]}}],"collection":[{"href":"https:\/\/labone.vn\/bacterlab\/wp-json\/wp\/v2\/product"}],"about":[{"href":"https:\/\/labone.vn\/bacterlab\/wp-json\/wp\/v2\/types\/product"}],"wp:featuredmedia":[{"embeddable":true,"href":"https:\/\/labone.vn\/bacterlab\/wp-json\/wp\/v2\/media\/2160"}],"wp:attachment":[{"href":"https:\/\/labone.vn\/bacterlab\/wp-json\/wp\/v2\/media?parent=1941"}],"wp:term":[{"taxonomy":"product_cat","embeddable":true,"href":"https:\/\/labone.vn\/bacterlab\/wp-json\/wp\/v2\/product_cat?post=1941"},{"taxonomy":"product_tag","embeddable":true,"href":"https:\/\/labone.vn\/bacterlab\/wp-json\/wp\/v2\/product_tag?post=1941"}],"curies":[{"name":"wp","href":"https:\/\/api.w.org\/{rel}","templated":true}]}}