{"id":2107,"date":"2023-11-16T07:48:52","date_gmt":"2023-11-16T07:48:52","guid":{"rendered":"https:\/\/labone.vn\/bacterlab\/?post_type=product&#038;p=2107"},"modified":"2025-04-11T09:18:56","modified_gmt":"2025-04-11T09:18:56","slug":"bactercontact-tryptic-soy-agar","status":"publish","type":"product","link":"https:\/\/labone.vn\/bacterlab\/product\/bactercontact-tryptic-soy-agar\/","title":{"rendered":"BacterContact\u2122 Tryptic Soy Agar"},"content":{"rendered":"<p><span style=\"color: #3366ff;\"><strong> M\u1ee4C \u0110\u00cdCH S\u1eec D\u1ee4NG<\/strong><\/span><\/p>\n<ul>\n<li><strong>BacterContact\u2122 Tryptic Soy Agar<\/strong><strong>\u00a0<\/strong>l\u00e0 m\u00f4i tr\u01b0\u1eddng dinh d\u01b0\u1ee1ng c\u01a1 b\u1ea3n nu\u00f4i c\u1ea5y nhi\u1ec1u lo\u1ea1i vi sinh v\u1eadt d\u00f9ng l\u1ea5y m\u1eabu vi sinh b\u1ec1 m\u1eb7t.<\/li>\n<li>Bao g\u00f3i b\u1eb1ng m\u00e0ng b\u00e1n th\u1ea5m Cellophane film gi\u00fap c\u00e2n b\u1eb1ng \u0111\u1ed9 \u1ea9m m\u00f4i tr\u01b0\u1eddng trong qu\u00e1 tr\u00ecnh b\u1ea3o qu\u1ea3n.<\/li>\n<\/ul>\n<p><span style=\"color: #3366ff;\"><strong> NGUY\u00caN T\u1eaeC<\/strong><\/span><\/p>\n<ul>\n<li><strong>BacterContact\u2122 Tryptic Soy Agar: <\/strong>Pancreatic Digest of Casein l\u00e0 m\u1ed9t lo\u1ea1i peptit bao g\u1ed3m c\u00e1c axit amin \u0111\u01b0\u1ee3c tr\u00edch xu\u1ea5t t\u1eeb protein s\u1eefa, t\u1ea1o \u0111i\u1ec1u ki\u1ec7n \u0111\u1ec3 c\u00e1c vi khu\u1ea9n t\u0103ng tr\u01b0\u1edfng; Peptic Digest of Soybean Meal l\u00e0 m\u1ed9t lo\u1ea1i peptit \u0111\u01b0\u1ee3c tr\u00edch xu\u1ea5t t\u1eeb \u0111\u1eadu n\u00e0nh, cung c\u1ea5p c\u00e1c ch\u1ea5t dinh d\u01b0\u1ee1ng v\u00e0 c\u00e1c y\u1ebfu t\u1ed1 t\u0103ng tr\u01b0\u1edfng; Sodium Chloride t\u1ea1o m\u00f4i tr\u01b0\u1eddng mu\u1ed1i \u0111\u1ec3 duy tr\u00ec s\u1ef1 c\u00e2n b\u1eb1ng pH b\u00ean trong v\u00e0 b\u00ean ngo\u00e0i vi khu\u1ea9n.<\/li>\n<\/ul>\n","protected":false},"excerpt":{"rendered":"<ul>\n<li>M\u00f4i tr\u01b0\u1eddng dinh d\u01b0\u1ee1ng c\u01a1 b\u1ea3n nu\u00f4i c\u1ea5y nhi\u1ec1u lo\u1ea1i vi sinh v\u1eadt d\u00f9ng l\u1ea5y m\u1eabu vi sinh b\u1ec1 m\u1eb7t<\/li>\n<li><strong>Code: 12007<\/strong><\/li>\n<li><strong>Quy c\u00e1ch:<\/strong> 10 \u0111\u0129a\/ h\u1ed9p ho\u1eb7c theo y\u00eau c\u1ea7u c\u1ee7a kh\u00e1ch h\u00e0ng.<\/li>\n<li><strong>B\u1ea3o qu\u1ea3n l\u01b0u tr\u1eef:<\/strong> 2 \u2013 8\u00b0C.<\/li>\n<li><strong>V\u1eadn chuy\u1ec3n:<\/strong> Nhi\u1ec7t \u0111\u1ed9 m\u00f4i tr\u01b0\u1eddng.<\/li>\n<li><strong>H\u1ea1n s\u1eed d\u1ee5ng:<\/strong> 06 th\u00e1ng k\u1ec3 t\u1eeb ng\u00e0y s\u1ea3n xu\u1ea5t.<\/li>\n<\/ul>\n","protected":false},"featured_media":3416,"template":"","meta":[],"product_cat":[371,177],"product_tag":[],"class_list":["post-2107","product","type-product","status-publish","has-post-thumbnail","hentry","product_cat-bactercontact","product_cat-moi-truong-lay-mau-be-mat"],"_links":{"self":[{"href":"https:\/\/labone.vn\/bacterlab\/wp-json\/wp\/v2\/product\/2107","targetHints":{"allow":["GET"]}}],"collection":[{"href":"https:\/\/labone.vn\/bacterlab\/wp-json\/wp\/v2\/product"}],"about":[{"href":"https:\/\/labone.vn\/bacterlab\/wp-json\/wp\/v2\/types\/product"}],"wp:featuredmedia":[{"embeddable":true,"href":"https:\/\/labone.vn\/bacterlab\/wp-json\/wp\/v2\/media\/3416"}],"wp:attachment":[{"href":"https:\/\/labone.vn\/bacterlab\/wp-json\/wp\/v2\/media?parent=2107"}],"wp:term":[{"taxonomy":"product_cat","embeddable":true,"href":"https:\/\/labone.vn\/bacterlab\/wp-json\/wp\/v2\/product_cat?post=2107"},{"taxonomy":"product_tag","embeddable":true,"href":"https:\/\/labone.vn\/bacterlab\/wp-json\/wp\/v2\/product_tag?post=2107"}],"curies":[{"name":"wp","href":"https:\/\/api.w.org\/{rel}","templated":true}]}}