{"id":2110,"date":"2023-11-16T07:53:53","date_gmt":"2023-11-16T07:53:53","guid":{"rendered":"https:\/\/labone.vn\/bacterlab\/?post_type=product&#038;p=2110"},"modified":"2025-04-11T08:09:53","modified_gmt":"2025-04-11T08:09:53","slug":"bactercontact-sabouraud-dextrose-agar-plates","status":"publish","type":"product","link":"https:\/\/labone.vn\/bacterlab\/product\/bactercontact-sabouraud-dextrose-agar-plates\/","title":{"rendered":"BacterContact\u2122 Sabouraud Dextrose Agar"},"content":{"rendered":"<p><span style=\"color: #3366ff;\"><strong> M\u1ee4C \u0110\u00cdCH S\u1eec D\u1ee4NG<\/strong><\/span><\/p>\n<ul>\n<li><strong>BacterContact\u2122 Sabouraud Dextrose Agar<\/strong> l\u00e0 m\u00f4i tr\u01b0\u1eddng \u0111\u1ed5 s\u1eb5n tr\u00ean \u0111\u0129a rodac 60mm \u0111\u01b0\u1ee3c d\u00f9ng \u0111\u1ec3 m\u00f4i tr\u01b0\u1eddng nu\u00f4i c\u1ea5y n\u1ea5m d\u00f9ng l\u1ea5y m\u1eabu vi sinh b\u1ec1 m\u1eb7t.<\/li>\n<li>Bao g\u00f3i b\u1eb1ng m\u00e0ng b\u00e1n th\u1ea5m Cellophane film gi\u00fap c\u00e2n b\u1eb1ng \u0111\u1ed9 \u1ea9m m\u00f4i tr\u01b0\u1eddng trong qu\u00e1 tr\u00ecnh b\u1ea3o qu\u1ea3n.<\/li>\n<\/ul>\n<p><span style=\"color: #3366ff;\"><strong> NGUY\u00caN T\u1eaeC<\/strong><\/span><\/p>\n<ul>\n<li><strong>BacterContact\u2122 Sabouraud Dextrose Agar <\/strong>l\u00e0 m\u00f4i tr\u01b0\u1eddng \u0111\u01b0\u1ee3c x\u00e2y d\u1ef1ng v\u1edbi pH kho\u1ea3ng 5,6 th\u00fac \u0111\u1ea9y ph\u00e1t tri\u1ec3n c\u1ee7a c\u00e1c lo\u00e0i n\u1ea5m \u0111\u1eb7c bi\u1ec7t l\u00e0 chi dermatophyte \u0111\u1ed3ng th\u1eddi \u1ee9c ch\u1ebf s\u1ef1 sinh tr\u01b0\u1edfng v\u00e0 ph\u00e1t tri\u1ec3n c\u1ee7a c\u00e1c vi khu\u1ea9n kh\u00e1c trong m\u1eabu. S\u1ea3n ph\u1ea9m v\u1edbi th\u00e0nh ph\u1ea7n bao g\u1ed3m peptone cung c\u1ea5p ngu\u1ed3n dinh d\u01b0\u1ee1ng l\u00e0 amino acid, nit\u01a1 cho sinh tr\u01b0\u1edfng v\u00e0 ph\u00e1t tri\u1ec3n. Dextrose cung c\u1ea5p ngu\u1ed3n carbon v\u00e0 \u0111\u01b0\u1ee3c coi nh\u01b0 l\u00e0 m\u1ed9t ngu\u1ed3n n\u0103ng l\u01b0\u1ee3ng.<\/li>\n<\/ul>\n","protected":false},"excerpt":{"rendered":"<ul>\n<li>M\u00f4i tr\u01b0\u1eddng nu\u00f4i c\u1ea5y n\u1ea5m d\u00f9ng l\u1ea5y m\u1eabu vi sinh b\u1ec1 m\u1eb7t<\/li>\n<li><strong>Code: 12003<\/strong><\/li>\n<li><strong>Quy c\u00e1ch:<\/strong> 10 \u0111\u0129a\/ h\u1ed9p ho\u1eb7c theo y\u00eau c\u1ea7u c\u1ee7a kh\u00e1ch h\u00e0ng.<\/li>\n<li><strong>B\u1ea3o qu\u1ea3n l\u01b0u tr\u1eef:<\/strong> 2 \u2013 8\u00b0C.<\/li>\n<li><strong>V\u1eadn chuy\u1ec3n:<\/strong> Nhi\u1ec7t \u0111\u1ed9 m\u00f4i tr\u01b0\u1eddng.<\/li>\n<li><strong>H\u1ea1n s\u1eed d\u1ee5ng:<\/strong> 06 th\u00e1ng k\u1ec3 t\u1eeb ng\u00e0y s\u1ea3n xu\u1ea5t.<\/li>\n<\/ul>\n","protected":false},"featured_media":3404,"template":"","meta":[],"product_cat":[371],"product_tag":[],"class_list":["post-2110","product","type-product","status-publish","has-post-thumbnail","hentry","product_cat-bactercontact"],"_links":{"self":[{"href":"https:\/\/labone.vn\/bacterlab\/wp-json\/wp\/v2\/product\/2110","targetHints":{"allow":["GET"]}}],"collection":[{"href":"https:\/\/labone.vn\/bacterlab\/wp-json\/wp\/v2\/product"}],"about":[{"href":"https:\/\/labone.vn\/bacterlab\/wp-json\/wp\/v2\/types\/product"}],"wp:featuredmedia":[{"embeddable":true,"href":"https:\/\/labone.vn\/bacterlab\/wp-json\/wp\/v2\/media\/3404"}],"wp:attachment":[{"href":"https:\/\/labone.vn\/bacterlab\/wp-json\/wp\/v2\/media?parent=2110"}],"wp:term":[{"taxonomy":"product_cat","embeddable":true,"href":"https:\/\/labone.vn\/bacterlab\/wp-json\/wp\/v2\/product_cat?post=2110"},{"taxonomy":"product_tag","embeddable":true,"href":"https:\/\/labone.vn\/bacterlab\/wp-json\/wp\/v2\/product_tag?post=2110"}],"curies":[{"name":"wp","href":"https:\/\/api.w.org\/{rel}","templated":true}]}}