{"id":2114,"date":"2023-11-16T08:02:13","date_gmt":"2023-11-16T08:02:13","guid":{"rendered":"https:\/\/labone.vn\/bacterlab\/?post_type=product&#038;p=2114"},"modified":"2025-04-11T08:59:17","modified_gmt":"2025-04-11T08:59:17","slug":"bactercontact-dg-18-chloramphenicol","status":"publish","type":"product","link":"https:\/\/labone.vn\/bacterlab\/product\/bactercontact-dg-18-chloramphenicol\/","title":{"rendered":"BacterContact\u2122 DG 18 + Chloramphenicol"},"content":{"rendered":"<p><span style=\"color: #3366ff;\"><strong> M\u1ee4C \u0110\u00cdCH S\u1eec D\u1ee4NG<\/strong><\/span><\/p>\n<ul>\n<li><strong>BacterContact\u2122 DG 18 + Chloramphenicol <\/strong>l\u00e0 m\u00f4i tr\u01b0\u1eddng \u0111\u1ed5 s\u1eb5n tr\u00ean \u0111\u0129a rodac \u0111\u01b0\u1ee3c d\u00f9ng \u0111\u1ec3 m\u00f4i tr\u01b0\u1eddng nu\u00f4i c\u1ea5y n\u1ea5m d\u00f9ng l\u1ea5y m\u1eabu vi sinh b\u1ec1 m\u1eb7t.<\/li>\n<li>Bao g\u00f3i b\u1eb1ng m\u00e0ng b\u00e1n th\u1ea5m Cellophane film gi\u00fap c\u00e2n b\u1eb1ng \u0111\u1ed9 \u1ea9m m\u00f4i tr\u01b0\u1eddng trong qu\u00e1 tr\u00ecnh b\u1ea3o qu\u1ea3n.<\/li>\n<\/ul>\n<p><strong>\u00a0<\/strong><strong style=\"color: #3366ff;\">NGUY\u00caN T\u1eaeC<\/strong><\/p>\n<ul>\n<li><strong>BacterContact\u2122 DG 18 + Chloramphenicol: <\/strong>l\u00e0 m\u00f4i tr\u01b0\u1eddng b\u1ed5 sung Glycerol 18% gi\u1ea3m ho\u1ea1t \u0111\u1ed9ng c\u1ee7a n\u01b0\u1edbc t\u1eeb kho\u1ea3ng 0,99 \u0111\u1ebfn 0,95 v\u00e0 b\u1ed5 sung cloramphenicol h\u1ea1n ch\u1ebf s\u1ef1 ph\u00e1t tri\u1ec3n c\u1ee7a vi khu\u1ea9n, m\u00f4i tr\u01b0\u1eddng c\u00f3 ch\u1ee9a dichloran c\u00f3 t\u00e1c d\u1ee5ng ng\u0103n ch\u1eb7n s\u1ef1 ph\u00e1t tri\u1ec3n nhanh ch\u00f3ng s\u1ef1 l\u00e2y lan c\u1ee7a n\u1ea5m nh\u1ea7y v\u00e0 h\u1ea1n ch\u1ebf k\u00edch th\u01b0\u1edbc khu\u1ea9n l\u1ea1c c\u1ee7a c\u00e1c chi kh\u00e1c, l\u00e0m gi\u1ea3m s\u1ed1 l\u01b0\u1ee3ng khu\u1ea9n l\u1ea1c.<\/li>\n<\/ul>\n","protected":false},"excerpt":{"rendered":"<ul>\n<li>M\u00f4i tr\u01b0\u1eddng nu\u00f4i c\u1ea5y n\u1ea5m d\u00f9ng l\u1ea5y m\u1eabu vi sinh b\u1ec1 m\u1eb7t b\u1ed5 sung ch\u1ea5t trung h\u00f2a nh\u1eb1m v\u00f4 hi\u1ec7u h\u00f3a ch\u1ea5t kh\u1eed tr\u00f9ng b\u1ec1 m\u1eb7t<\/li>\n<li><strong>Code: 12006<\/strong><\/li>\n<li><strong>Quy c\u00e1ch:<\/strong> 10 \u0111\u0129a\/ h\u1ed9p ho\u1eb7c theo y\u00eau c\u1ea7u c\u1ee7a kh\u00e1ch h\u00e0ng.<\/li>\n<li><strong>B\u1ea3o qu\u1ea3n l\u01b0u tr\u1eef:<\/strong> 2 \u2013 8\u00b0C.<\/li>\n<li><strong>V\u1eadn chuy\u1ec3n:<\/strong> Nhi\u1ec7t \u0111\u1ed9 m\u00f4i tr\u01b0\u1eddng.<\/li>\n<li><strong>H\u1ea1n s\u1eed d\u1ee5ng:<\/strong> 06 th\u00e1ng k\u1ec3 t\u1eeb ng\u00e0y s\u1ea3n xu\u1ea5t.<\/li>\n<\/ul>\n","protected":false},"featured_media":3413,"template":"","meta":[],"product_cat":[371,177],"product_tag":[],"class_list":["post-2114","product","type-product","status-publish","has-post-thumbnail","hentry","product_cat-bactercontact","product_cat-moi-truong-lay-mau-be-mat"],"_links":{"self":[{"href":"https:\/\/labone.vn\/bacterlab\/wp-json\/wp\/v2\/product\/2114","targetHints":{"allow":["GET"]}}],"collection":[{"href":"https:\/\/labone.vn\/bacterlab\/wp-json\/wp\/v2\/product"}],"about":[{"href":"https:\/\/labone.vn\/bacterlab\/wp-json\/wp\/v2\/types\/product"}],"wp:featuredmedia":[{"embeddable":true,"href":"https:\/\/labone.vn\/bacterlab\/wp-json\/wp\/v2\/media\/3413"}],"wp:attachment":[{"href":"https:\/\/labone.vn\/bacterlab\/wp-json\/wp\/v2\/media?parent=2114"}],"wp:term":[{"taxonomy":"product_cat","embeddable":true,"href":"https:\/\/labone.vn\/bacterlab\/wp-json\/wp\/v2\/product_cat?post=2114"},{"taxonomy":"product_tag","embeddable":true,"href":"https:\/\/labone.vn\/bacterlab\/wp-json\/wp\/v2\/product_tag?post=2114"}],"curies":[{"name":"wp","href":"https:\/\/api.w.org\/{rel}","templated":true}]}}