{"id":2118,"date":"2023-11-16T08:09:04","date_gmt":"2023-11-16T08:09:04","guid":{"rendered":"https:\/\/labone.vn\/bacterlab\/?post_type=product&#038;p=2118"},"modified":"2025-04-15T02:11:47","modified_gmt":"2025-04-15T02:11:47","slug":"bactercontact-macconkey-agar","status":"publish","type":"product","link":"https:\/\/labone.vn\/bacterlab\/product\/bactercontact-macconkey-agar\/","title":{"rendered":"BacterContact\u2122 MacConkey Agar"},"content":{"rendered":"<p><span style=\"color: #3366ff;\"><strong>M\u1ee4C \u0110\u00cdCH S\u1eec D\u1ee4NG<\/strong><\/span><\/p>\n<ul>\n<li><strong>BacterContact\u2122 MacConkey Agar<\/strong> l\u00e0 m\u00f4i tr\u01b0\u1eddng dinh d\u01b0\u1ee1ng nu\u00f4i c\u1ea5y ph\u00e2n l\u1eadp <em>Enterobacteriaceae<\/em> tr\u00ean b\u1ec1 m\u1eb7t d\u00f9ng l\u1ea5y m\u1eabu vi sinh b\u1ec1 m\u1eb7t.<\/li>\n<li>Bao g\u00f3i b\u1eb1ng m\u00e0ng b\u00e1n th\u1ea5m Cellophane film gi\u00fap c\u00e2n b\u1eb1ng \u0111\u1ed9 \u1ea9m m\u00f4i tr\u01b0\u1eddng trong qu\u00e1 tr\u00ecnh b\u1ea3o qu\u1ea3n.<\/li>\n<\/ul>\n<p><span style=\"color: #3366ff;\"><strong>NGUY\u00caN T<\/strong><strong>\u1eae<\/strong><strong>C<\/strong><\/span><\/p>\n<ul>\n<li><strong>BacterContact\u2122 MacConkey Agar <\/strong>v\u1edbi mu\u1ed1i m\u1eadt v\u00e0 tinh th\u1ec3 t\u00edm \u1ee9c ch\u1ebf s\u1ef1 ph\u00e1t tri\u1ec3n c\u1ee7a vi khu\u1ea9n gram d\u01b0\u01a1ng. Thu\u1ed1c nhu\u1ed9m \u1ee9c ch\u1ebf ch\u1ee7 y\u1ebfu s\u1ef1 ph\u00e1t tri\u1ec3n c\u1ee7a <em>enterococci<\/em> v\u00e0 <em>staphylococci<\/em>. Qu\u00e1 tr\u00ecnh l\u00ean men lactose th\u00e0nh axit \u0111\u01b0\u1ee3c th\u1ec3 hi\u1ec7n khi c\u00f3 m\u00e0u \u0111\u1ecf trung t\u00ednh do h\u00ecnh th\u00e0nh khu\u1ea9n l\u1ea1c m\u00e0u \u0111\u1ecf ho\u1eb7c h\u1ed3ng.C\u00e1c khu\u1ea9n l\u1ea1c \u00e2m t\u00ednh v\u1edbi Lactose t\u1ea1o th\u00e0nh c\u00e1c khu\u1ea9n l\u1ea1c kh\u00f4ng m\u00e0u.<\/li>\n<\/ul>\n","protected":false},"excerpt":{"rendered":"<ul>\n<li>M\u00f4i tr\u01b0\u1eddng dinh d\u01b0\u1ee1ng nu\u00f4i c\u1ea5y ph\u00e2n l\u1eadp <em>Enterobacteriaceae<\/em> tr\u00ean b\u1ec1 m\u1eb7t d\u00f9ng l\u1ea5y m\u1eabu vi sinh b\u1ec1 m\u1eb7t<\/li>\n<li><strong>Code: 12013<\/strong><\/li>\n<li><strong>Quy c\u00e1ch:<\/strong> 10 \u0111\u0129a\/ h\u1ed9p ho\u1eb7c theo y\u00eau c\u1ea7u c\u1ee7a kh\u00e1ch h\u00e0ng.<\/li>\n<li><strong>B\u1ea3o qu\u1ea3n l\u01b0u tr\u1eef:<\/strong> 2 \u2013 8\u00b0C.<\/li>\n<li><strong>V\u1eadn chuy\u1ec3n:<\/strong> Nhi\u1ec7t \u0111\u1ed9 m\u00f4i tr\u01b0\u1eddng.<\/li>\n<li><strong>H\u1ea1n s\u1eed d\u1ee5ng:<\/strong> 06 th\u00e1ng k\u1ec3 t\u1eeb ng\u00e0y s\u1ea3n xu\u1ea5t.<\/li>\n<\/ul>\n","protected":false},"featured_media":3436,"template":"","meta":[],"product_cat":[371,177],"product_tag":[],"class_list":["post-2118","product","type-product","status-publish","has-post-thumbnail","hentry","product_cat-bactercontact","product_cat-moi-truong-lay-mau-be-mat"],"_links":{"self":[{"href":"https:\/\/labone.vn\/bacterlab\/wp-json\/wp\/v2\/product\/2118","targetHints":{"allow":["GET"]}}],"collection":[{"href":"https:\/\/labone.vn\/bacterlab\/wp-json\/wp\/v2\/product"}],"about":[{"href":"https:\/\/labone.vn\/bacterlab\/wp-json\/wp\/v2\/types\/product"}],"wp:featuredmedia":[{"embeddable":true,"href":"https:\/\/labone.vn\/bacterlab\/wp-json\/wp\/v2\/media\/3436"}],"wp:attachment":[{"href":"https:\/\/labone.vn\/bacterlab\/wp-json\/wp\/v2\/media?parent=2118"}],"wp:term":[{"taxonomy":"product_cat","embeddable":true,"href":"https:\/\/labone.vn\/bacterlab\/wp-json\/wp\/v2\/product_cat?post=2118"},{"taxonomy":"product_tag","embeddable":true,"href":"https:\/\/labone.vn\/bacterlab\/wp-json\/wp\/v2\/product_tag?post=2118"}],"curies":[{"name":"wp","href":"https:\/\/api.w.org\/{rel}","templated":true}]}}