{"id":2119,"date":"2023-11-16T08:12:09","date_gmt":"2023-11-16T08:12:09","guid":{"rendered":"https:\/\/labone.vn\/bacterlab\/?post_type=product&#038;p=2119"},"modified":"2025-04-12T03:48:11","modified_gmt":"2025-04-12T03:48:11","slug":"bactercontact-malt-extract-agar","status":"publish","type":"product","link":"https:\/\/labone.vn\/bacterlab\/product\/bactercontact-malt-extract-agar\/","title":{"rendered":"BacterContact\u2122 Malt Extract Agar"},"content":{"rendered":"<p><span style=\"color: #3366ff;\"><strong> M\u1ee4C \u0110\u00cdCH S\u1eec D\u1ee4NG<\/strong><\/span><\/p>\n<ul>\n<li><strong>BacterContact\u2122 Malt Extract Agar<\/strong> l\u00e0 m\u00f4i tr\u01b0\u1eddng \u0111\u1ed5 s\u1eb5n tr\u00ean \u0111\u0129a rodac \u0111\u01b0\u1ee3c d\u00f9ng \u0111\u1ec3 m\u00f4i tr\u01b0\u1eddng nu\u00f4i c\u1ea5y n\u1ea5m d\u00f9ng l\u1ea5y m\u1eabu vi sinh b\u1ec1 m\u1eb7t.<\/li>\n<li>Bao g\u00f3i b\u1eb1ng m\u00e0ng b\u00e1n th\u1ea5m Cellophane film gi\u00fap c\u00e2n b\u1eb1ng \u0111\u1ed9 \u1ea9m m\u00f4i tr\u01b0\u1eddng trong qu\u00e1 tr\u00ecnh b\u1ea3o qu\u1ea3n.<\/li>\n<\/ul>\n<p><span style=\"color: #3366ff;\"><strong> NGUY\u00caN T\u1eaeC<\/strong><\/span><\/p>\n<ul>\n<li><strong>BacterContact\u2122 Malt Extract Agar<\/strong> l\u00e0 m\u00f4i tr\u01b0\u1eddng Malt Extract r\u1ea5t gi\u00e0u carbohydrate, n\u00f3 cung c\u1ea5p t\u1ea5t c\u1ea3 c\u00e1c nguy\u00ean t\u1ed1 dinh d\u01b0\u1ee1ng c\u1ea7n thi\u1ebft cho trao \u0111\u1ed5i ch\u1ea5t c\u1ee7a n\u1ea5m men v\u00e0 n\u1ea5m m\u1ed1c. Ngo\u00e0i ra, \u0111\u1ed9 axit c\u1ee7a m\u00f4i tr\u01b0\u1eddng \u1ee9c ch\u1ebf h\u1ea7u h\u1ebft c\u00e1c vi khu\u1ea9n g\u00e2y \u00f4 nhi\u1ec5m.<\/li>\n<\/ul>\n","protected":false},"excerpt":{"rendered":"<ul>\n<li>M\u00f4i tr\u01b0\u1eddng dinh d\u01b0\u1ee1ng c\u01a1 b\u1ea3n nu\u00f4i c\u1ea5y nhi\u1ec1u lo\u1ea1i vi sinh v\u1eadt d\u00f9ng l\u1ea5y m\u1eabu vi sinh b\u1ec1 m\u1eb7t<\/li>\n<li><strong>Code: 12011<\/strong><\/li>\n<li><strong>Quy c\u00e1ch:<\/strong> 10 \u0111\u0129a\/ h\u1ed9p ho\u1eb7c theo y\u00eau c\u1ea7u c\u1ee7a kh\u00e1ch h\u00e0ng.<\/li>\n<li><strong>B\u1ea3o qu\u1ea3n l\u01b0u tr\u1eef:<\/strong> 2 \u2013 8\u00b0C.<\/li>\n<li><strong>V\u1eadn chuy\u1ec3n:<\/strong> Nhi\u1ec7t \u0111\u1ed9 m\u00f4i tr\u01b0\u1eddng.<\/li>\n<li><strong>H\u1ea1n s\u1eed d\u1ee5ng:<\/strong> 06 th\u00e1ng k\u1ec3 t\u1eeb ng\u00e0y s\u1ea3n xu\u1ea5t.<\/li>\n<\/ul>\n","protected":false},"featured_media":3430,"template":"","meta":[],"product_cat":[371,177],"product_tag":[],"class_list":["post-2119","product","type-product","status-publish","has-post-thumbnail","hentry","product_cat-bactercontact","product_cat-moi-truong-lay-mau-be-mat"],"_links":{"self":[{"href":"https:\/\/labone.vn\/bacterlab\/wp-json\/wp\/v2\/product\/2119","targetHints":{"allow":["GET"]}}],"collection":[{"href":"https:\/\/labone.vn\/bacterlab\/wp-json\/wp\/v2\/product"}],"about":[{"href":"https:\/\/labone.vn\/bacterlab\/wp-json\/wp\/v2\/types\/product"}],"wp:featuredmedia":[{"embeddable":true,"href":"https:\/\/labone.vn\/bacterlab\/wp-json\/wp\/v2\/media\/3430"}],"wp:attachment":[{"href":"https:\/\/labone.vn\/bacterlab\/wp-json\/wp\/v2\/media?parent=2119"}],"wp:term":[{"taxonomy":"product_cat","embeddable":true,"href":"https:\/\/labone.vn\/bacterlab\/wp-json\/wp\/v2\/product_cat?post=2119"},{"taxonomy":"product_tag","embeddable":true,"href":"https:\/\/labone.vn\/bacterlab\/wp-json\/wp\/v2\/product_tag?post=2119"}],"curies":[{"name":"wp","href":"https:\/\/api.w.org\/{rel}","templated":true}]}}