{"id":2204,"date":"2024-01-24T04:49:10","date_gmt":"2024-01-24T04:49:10","guid":{"rendered":"https:\/\/labone.vn\/bacterlab\/?post_type=product&#038;p=2204"},"modified":"2025-04-05T01:43:48","modified_gmt":"2025-04-05T01:43:48","slug":"bacterplate-sda-co-chloramphenicol","status":"publish","type":"product","link":"https:\/\/labone.vn\/bacterlab\/product\/bacterplate-sda-co-chloramphenicol\/","title":{"rendered":"BacterPlate\u2122 SDA c\u00f3 Chloramphenicol"},"content":{"rendered":"<p><span style=\"color: #3366ff;\"><strong> M\u1ee4C \u0110\u00cdCH S\u1eec D\u1ee4NG<\/strong><\/span><\/p>\n<ul>\n<li><strong>BacterPlate\u2122 SDA c\u00f3 Chloramphenicol <\/strong>\u0111\u01b0\u1ee3c khuy\u1ebfn ngh\u1ecb s\u1eed d\u1ee5ng \u0111\u1ec3 ph\u00e2n l\u1eadp n\u1ea5m men v\u00e0 n\u1ea5m m\u1ed1c, \u0111\u1eb7c bi\u1ec7t khi m\u1eabu b\u1ecb nhi\u1ec5m khu\u1ea9n \u1edf m\u1ee9c \u0111\u1ed9 cao.<\/li>\n<li>Bao g\u00f3i b\u1eb1ng m\u00e0ng b\u00e1n th\u1ea5m Cellophane film gi\u00fap c\u00e2n b\u1eb1ng \u0111\u1ed9 \u1ea9m m\u00f4i tr\u01b0\u1eddng trong qu\u00e1 tr\u00ecnh b\u1ea3o qu\u1ea3n.<\/li>\n<\/ul>\n<p><span style=\"color: #3366ff;\"><strong> NGUY\u00caN T\u1eaeC<\/strong><\/span><\/p>\n<ul>\n<li>Peptic digest of Meat cung c\u1ea5p ngu\u1ed3n nit\u01a1 c\u1ea7n thi\u1ebft cho s\u1ef1 ph\u00e1t tri\u1ec3n c\u1ee7a n\u1ea5m.<\/li>\n<li>Glucose \u0111\u00f3ng vai tr\u00f2 l\u00e0 ngu\u1ed3n cung c\u1ea5p n\u0103ng l\u01b0\u1ee3ng.<\/li>\n<li>Chloramphenicol l\u00e0 m\u1ed9t kh\u00e1ng sinh b\u1ec1n nhi\u1ec7t, ph\u1ed5 r\u1ed9ng, gi\u00fap \u1ee9c ch\u1ebf s\u1ef1 ph\u00e1t tri\u1ec3n c\u1ee7a c\u00e1c vi sinh v\u1eadt g\u00e2y nhi\u1ec5m.<\/li>\n<li>\u0110\u1ed9 pH acid trong m\u00f4i tr\u01b0\u1eddng h\u1ed7 tr\u1ee3 s\u1ef1 ph\u00e1t tri\u1ec3n c\u1ee7a n\u1ea5m men v\u00e0 n\u1ea5m m\u1ed1c.<\/li>\n<\/ul>\n","protected":false},"excerpt":{"rendered":"<ul>\n<li>M\u00f4i tr\u01b0\u1eddng s\u1eb5n s\u00e0ng s\u1eed d\u1ee5ng tr\u00ean \u0111\u0129a 90mm d\u00e0nh cho nu\u00f4i c\u1ea5y ch\u1ecdn l\u1ecdc n\u1ea5m. \u0110\u01b0\u1ee3c \u00e1p d\u1ee5ng \u0111\u1ec3 ph\u00e2n l\u1eadp ch\u1ecdn l\u1ecdc c\u00e1c lo\u1ea1i n\u1ea5m t\u1eeb m\u1eabu b\u1ec7nh ph\u1ea9m l\u00e2m s\u00e0ng.<\/li>\n<li><strong>Code: 05028<\/strong><\/li>\n<li><strong>Quy c\u00e1ch:<\/strong> 10 \u0111\u0129a\/ h\u1ed9p ho\u1eb7c theo y\u00eau c\u1ea7u c\u1ee7a kh\u00e1ch h\u00e0ng.<\/li>\n<li><strong>B\u1ea3o qu\u1ea3n l\u01b0u tr\u1eef:<\/strong> 2 \u2013 8\u00b0C.<\/li>\n<li><strong>V\u1eadn chuy\u1ec3n:<\/strong> Nhi\u1ec7t \u0111\u1ed9 m\u00f4i tr\u01b0\u1eddng.<\/li>\n<li><strong>H\u1ea1n s\u1eed d\u1ee5ng:<\/strong> 04 th\u00e1ng k\u1ec3 t\u1eeb ng\u00e0y s\u1ea3n xu\u1ea5t.<\/li>\n<\/ul>\n","protected":false},"featured_media":3266,"template":"","meta":[],"product_cat":[326],"product_tag":[],"class_list":["post-2204","product","type-product","status-publish","has-post-thumbnail","hentry","product_cat-moi-truong-nuoi-cay-vi-sinh-vat"],"_links":{"self":[{"href":"https:\/\/labone.vn\/bacterlab\/wp-json\/wp\/v2\/product\/2204","targetHints":{"allow":["GET"]}}],"collection":[{"href":"https:\/\/labone.vn\/bacterlab\/wp-json\/wp\/v2\/product"}],"about":[{"href":"https:\/\/labone.vn\/bacterlab\/wp-json\/wp\/v2\/types\/product"}],"wp:featuredmedia":[{"embeddable":true,"href":"https:\/\/labone.vn\/bacterlab\/wp-json\/wp\/v2\/media\/3266"}],"wp:attachment":[{"href":"https:\/\/labone.vn\/bacterlab\/wp-json\/wp\/v2\/media?parent=2204"}],"wp:term":[{"taxonomy":"product_cat","embeddable":true,"href":"https:\/\/labone.vn\/bacterlab\/wp-json\/wp\/v2\/product_cat?post=2204"},{"taxonomy":"product_tag","embeddable":true,"href":"https:\/\/labone.vn\/bacterlab\/wp-json\/wp\/v2\/product_tag?post=2204"}],"curies":[{"name":"wp","href":"https:\/\/api.w.org\/{rel}","templated":true}]}}