{"id":2250,"date":"2024-01-24T08:53:17","date_gmt":"2024-01-24T08:53:17","guid":{"rendered":"https:\/\/labone.vn\/bacterlab\/?post_type=product&#038;p=2250"},"modified":"2025-04-04T06:46:31","modified_gmt":"2025-04-04T06:46:31","slug":"bacterplate-thach-nau-co-multivitox","status":"publish","type":"product","link":"https:\/\/labone.vn\/bacterlab\/product\/bacterplate-thach-nau-co-multivitox\/","title":{"rendered":"BacterPlate\u2122 Th\u1ea1ch n\u00e2u c\u00f3 Multivitox"},"content":{"rendered":"<p><span style=\"color: #3366ff;\"><strong> M\u1ee4C \u0110\u00cdCH S\u1eec D\u1ee4NG<\/strong><\/span><\/p>\n<ul>\n<li><strong>BacterPlate\u2122 Th\u1ea1ch N\u00e2u c\u00f3 Multivitox <\/strong>l\u00e0 m\u00f4i tr\u01b0\u1eddng nu\u00f4i c\u1ea5y gi\u00e0u dinh d\u01b0\u1ee1ng, \u0111\u01b0\u1ee3c \u0111\u1eb7c ch\u1ebf \u0111\u1ec3 ph\u00e2n l\u1eadp v\u00e0 nu\u00f4i c\u1ea5y <em>Haemophilus influenzae<\/em>, <em>Neisseria gonorrhoeae<\/em> v\u00e0 c\u00e1c vi sinh v\u1eadt kh\u00f3 t\u00ednh kh\u00e1c c\u1ea7n hemin (y\u1ebfu t\u1ed1 X) v\u00e0 NAD (y\u1ebfu t\u1ed1 V) \u0111\u1ec3 ph\u00e1t tri\u1ec3n. Th\u00e0nh ph\u1ea7n b\u1ed5 sung Multivitox, m\u1ed9t h\u1ed7n h\u1ee3p \u0111\u1ed9c quy\u1ec1n g\u1ed3m c\u00e1c vitamin, cofactor v\u00e0 ch\u1ea5t kh\u1eed \u0111\u1ed9c, gi\u00fap t\u0103ng c\u01b0\u1eddng s\u1ef1 ph\u00e1t tri\u1ec3n c\u1ee7a c\u00e1c vi sinh v\u1eadt n\u00e0y v\u00e0 c\u1ea3i thi\u1ec7n kh\u1ea3 n\u0103ng thu h\u1ed3i t\u1eeb m\u1eabu b\u1ec7nh ph\u1ea9m l\u00e2m s\u00e0ng. M\u00f4i tr\u01b0\u1eddng n\u00e0y \u0111\u01b0\u1ee3c s\u1eed d\u1ee5ng r\u1ed9ng r\u00e3i trong ch\u1ea9n \u0111o\u00e1n l\u00e2m s\u00e0ng v\u00e0 ki\u1ec3m so\u00e1t ch\u1ea5t l\u01b0\u1ee3ng vi sinh.<\/li>\n<li>M\u00f4i tr\u01b0\u1eddng n\u1ec1n c\u1ee7a m\u00f4i tr\u01b0\u1eddng (Columbia Agar) tu\u00e2n theo c\u00e1c ti\u00eau chu\u1ea9n \u0111\u01b0\u1ee3c \u0111\u1ecbnh ngh\u0129a trong D\u01b0\u1ee3c \u0111i\u1ec3n Ch\u00e2u \u00c2u (EP), Hoa K\u1ef3 (UP) v\u00e0 Nh\u1eadt B\u1ea3n (JP)<\/li>\n<\/ul>\n<p><span style=\"color: #3366ff;\"><strong> NGUY\u00caN T\u1eaeC<\/strong><\/span><\/p>\n<ul>\n<li>Peptones trong th\u00e0nh ph\u1ea7n m\u00f4i tr\u01b0\u1eddng th\u00fac \u0111\u1ea9y s\u1ef1 ph\u00e1t tri\u1ec3n t\u1ed1i \u01b0u c\u1ee7a c\u00e1c khu\u1ea9n l\u1ea1c.<\/li>\n<li>Chi\u1ebft xu\u1ea5t n\u1ea5m men l\u00e0 ngu\u1ed3n cung c\u1ea5p vitamin B ph\u1ee9c h\u1ee3p.<\/li>\n<li>Tinh b\u1ed9t c\u00f3 vai tr\u00f2 l\u00e0m ch\u1ea5t kh\u1eed \u0111\u1ed9c v\u00e0 c\u0169ng l\u00e0 ngu\u1ed3n n\u0103ng l\u01b0\u1ee3ng.<\/li>\n<li>Qu\u00e1 tr\u00ecnh x\u1eed l\u00fd nhi\u1ec7t c\u1ee7a m\u00e1u trong m\u00f4i tr\u01b0\u1eddng l\u00e0m v\u1ee1 h\u1ed3ng c\u1ea7u, gi\u1ea3i ph\u00f3ng c\u00e1c y\u1ebfu t\u1ed1 t\u0103ng tr\u01b0\u1edfng nh\u01b0 hemin (y\u1ebfu t\u1ed1 X) v\u00e0 NAD (y\u1ebfu t\u1ed1 V), c\u1ea7n thi\u1ebft cho s\u1ef1 ph\u00e1t tri\u1ec3n c\u1ee7a m\u1ed9t s\u1ed1 lo\u1ea1i vi khu\u1ea9n<\/li>\n<li>Multivitox Supplement: L\u00e0 m\u1ed9t h\u1ed7n h\u1ee3p \u0111\u1ed9c quy\u1ec1n g\u1ed3m c\u00e1c vitamin v\u00e0 cofactor, gi\u00fap th\u00fac \u0111\u1ea9y s\u1ef1 ph\u00e1t tri\u1ec3n c\u1ee7a c\u00e1c vi sinh v\u1eadt kh\u00f3 t\u00ednh, \u0111\u1ed3ng th\u1eddi ch\u1ee9a c\u00e1c ch\u1ea5t kh\u1eed \u0111\u1ed9c \u0111\u1ec3 trung h\u00f2a c\u00e1c ch\u1ea5t \u1ee9c ch\u1ebf trao \u0111\u1ed5i ch\u1ea5t c\u00f3 trong m\u1eabu b\u1ec7nh ph\u1ea9m.<\/li>\n<\/ul>\n","protected":false},"excerpt":{"rendered":"<ul>\n<li>M\u00f4i tr\u01b0\u1eddng d\u00e0nh cho nu\u00f4i c\u1ea5y c\u00e1c vi sinh v\u1eadt kh\u00f3 t\u00ednh, \u0111\u1eb7c bi\u1ec7t l\u00e0 <em>Neisseria<\/em> v\u00e0 <em>Haemophilus<\/em>.<\/li>\n<li><strong>Code: 05017<\/strong><\/li>\n<li><strong>Quy c\u00e1ch:<\/strong> 10 \u0111\u0129a\/ h\u1ed9p ho\u1eb7c theo y\u00eau c\u1ea7u c\u1ee7a kh\u00e1ch h\u00e0ng.<\/li>\n<li><strong>B\u1ea3o qu\u1ea3n l\u01b0u tr\u1eef:<\/strong> 2 \u2013 8\u00b0C.<\/li>\n<li><strong>V\u1eadn chuy\u1ec3n:<\/strong> Nhi\u1ec7t \u0111\u1ed9 m\u00f4i tr\u01b0\u1eddng.<\/li>\n<li><strong>H\u1ea1n s\u1eed d\u1ee5ng:<\/strong> 03 th\u00e1ng k\u1ec3 t\u1eeb ng\u00e0y s\u1ea3n xu\u1ea5t.<\/li>\n<\/ul>\n","protected":false},"featured_media":3232,"template":"","meta":[],"product_cat":[311],"product_tag":[],"class_list":["post-2250","product","type-product","status-publish","has-post-thumbnail","hentry","product_cat-moi-truong-nuoi-cay-bo-sung-mau"],"_links":{"self":[{"href":"https:\/\/labone.vn\/bacterlab\/wp-json\/wp\/v2\/product\/2250","targetHints":{"allow":["GET"]}}],"collection":[{"href":"https:\/\/labone.vn\/bacterlab\/wp-json\/wp\/v2\/product"}],"about":[{"href":"https:\/\/labone.vn\/bacterlab\/wp-json\/wp\/v2\/types\/product"}],"wp:featuredmedia":[{"embeddable":true,"href":"https:\/\/labone.vn\/bacterlab\/wp-json\/wp\/v2\/media\/3232"}],"wp:attachment":[{"href":"https:\/\/labone.vn\/bacterlab\/wp-json\/wp\/v2\/media?parent=2250"}],"wp:term":[{"taxonomy":"product_cat","embeddable":true,"href":"https:\/\/labone.vn\/bacterlab\/wp-json\/wp\/v2\/product_cat?post=2250"},{"taxonomy":"product_tag","embeddable":true,"href":"https:\/\/labone.vn\/bacterlab\/wp-json\/wp\/v2\/product_tag?post=2250"}],"curies":[{"name":"wp","href":"https:\/\/api.w.org\/{rel}","templated":true}]}}