{"id":2252,"date":"2024-01-24T09:06:08","date_gmt":"2024-01-24T09:06:08","guid":{"rendered":"https:\/\/labone.vn\/bacterlab\/?post_type=product&#038;p=2252"},"modified":"2025-04-04T08:43:37","modified_gmt":"2025-04-04T08:43:37","slug":"bacterplate-nutrient-agar-co-ampicillin","status":"publish","type":"product","link":"https:\/\/labone.vn\/bacterlab\/product\/bacterplate-nutrient-agar-co-ampicillin\/","title":{"rendered":"BacterPlate\u2122 Nutrient Agar c\u00f3 Ampicillin"},"content":{"rendered":"<p><span style=\"color: #3366ff;\"><strong> M\u1ee4C \u0110\u00cdCH S\u1eec D\u1ee4NG<\/strong><\/span><\/p>\n<ul>\n<li><strong>BacterPlate\u2122 Nutrient Agar c\u00f3 Ampicillin <\/strong>\u0111\u01b0\u1ee3c s\u1eed d\u1ee5ng trong vi sinh th\u1ef1c ph\u1ea9m, ki\u1ec3m tra n\u01b0\u1edbc v\u00e0 s\u1ee9c kh\u1ecfe \u0111\u1ed9ng v\u1eadt \u0111\u1ec3 nu\u00f4i c\u1ea5y nhi\u1ec1u lo\u1ea1i vi sinh v\u1eadt. S\u1ea3n ph\u1ea9m n\u00e0y \u0111\u01b0\u1ee3c d\u00f9ng \u0111\u1ec3 tinh s\u1ea1ch khu\u1ea9n l\u1ea1c, m\u1ed9t b\u01b0\u1edbc quan tr\u1ecdng trong quy tr\u00ecnh \u0111\u1ecbnh danh theo nhi\u1ec1u ti\u00eau chu\u1ea9n. M\u00f4i tr\u01b0\u1eddng n\u00e0y ph\u00f9 h\u1ee3p \u0111\u1ec3 nu\u00f4i c\u1ea5y vi khu\u1ea9n kh\u00f4ng c\u00f3 y\u00eau c\u1ea7u dinh d\u01b0\u1ee1ng \u0111\u1eb7c bi\u1ec7t<\/li>\n<li>Bao g\u00f3i b\u1eb1ng m\u00e0ng b\u00e1n th\u1ea5m Cellophane film gi\u00fap c\u00e2n b\u1eb1ng \u0111\u1ed9 \u1ea9m m\u00f4i tr\u01b0\u1eddng trong qu\u00e1 tr\u00ecnh b\u1ea3o qu\u1ea3n.<\/li>\n<\/ul>\n<p><span style=\"color: #3366ff;\"><strong> NGUY\u00caN T\u1eaeC<\/strong><\/span><\/p>\n<ul>\n<li>V\u1edbi c\u00f4ng th\u1ee9c t\u01b0\u01a1ng \u0111\u1ed1i \u0111\u01a1n gi\u1ea3n, m\u00f4i tr\u01b0\u1eddng cung c\u1ea5p c\u00e1c th\u00e0nh ph\u1ea7n dinh d\u01b0\u1ee1ng c\u1ea7n thi\u1ebft cho s\u1ef1 ph\u00e1t tri\u1ec3n c\u1ee7a nhi\u1ec1u lo\u1ea1i vi sinh v\u1eadt kh\u00f4ng kh\u00f3 t\u00ednh.<\/li>\n<\/ul>\n","protected":false},"excerpt":{"rendered":"<ul>\n<li>M\u00f4i tr\u01b0\u1eddng c\u01a1 b\u1ea3n gi\u00e0u dinh d\u01b0\u1ee1ng d\u00f9ng \u0111\u1ec3 nu\u00f4i c\u1ea5y c\u00e1c vi khu\u1ea9n d\u1ec5 nu\u00f4i c\u1ea5y.<\/li>\n<li><strong>Code: 05024<\/strong><\/li>\n<li><strong>Quy c\u00e1ch:<\/strong> 10 \u0111\u0129a\/ h\u1ed9p ho\u1eb7c theo y\u00eau c\u1ea7u c\u1ee7a kh\u00e1ch h\u00e0ng.<\/li>\n<li><strong>B\u1ea3o qu\u1ea3n l\u01b0u tr\u1eef:<\/strong> 2 \u2013 8\u00b0C.<\/li>\n<li><strong>V\u1eadn chuy\u1ec3n:<\/strong> Nhi\u1ec7t \u0111\u1ed9 m\u00f4i tr\u01b0\u1eddng.<\/li>\n<li><strong>H\u1ea1n s\u1eed d\u1ee5ng:<\/strong> 04 th\u00e1ng k\u1ec3 t\u1eeb ng\u00e0y s\u1ea3n xu\u1ea5t.<\/li>\n<\/ul>\n","protected":false},"featured_media":2253,"template":"","meta":[],"product_cat":[326],"product_tag":[],"class_list":["post-2252","product","type-product","status-publish","has-post-thumbnail","hentry","product_cat-moi-truong-nuoi-cay-vi-sinh-vat"],"_links":{"self":[{"href":"https:\/\/labone.vn\/bacterlab\/wp-json\/wp\/v2\/product\/2252","targetHints":{"allow":["GET"]}}],"collection":[{"href":"https:\/\/labone.vn\/bacterlab\/wp-json\/wp\/v2\/product"}],"about":[{"href":"https:\/\/labone.vn\/bacterlab\/wp-json\/wp\/v2\/types\/product"}],"wp:featuredmedia":[{"embeddable":true,"href":"https:\/\/labone.vn\/bacterlab\/wp-json\/wp\/v2\/media\/2253"}],"wp:attachment":[{"href":"https:\/\/labone.vn\/bacterlab\/wp-json\/wp\/v2\/media?parent=2252"}],"wp:term":[{"taxonomy":"product_cat","embeddable":true,"href":"https:\/\/labone.vn\/bacterlab\/wp-json\/wp\/v2\/product_cat?post=2252"},{"taxonomy":"product_tag","embeddable":true,"href":"https:\/\/labone.vn\/bacterlab\/wp-json\/wp\/v2\/product_tag?post=2252"}],"curies":[{"name":"wp","href":"https:\/\/api.w.org\/{rel}","templated":true}]}}