{"id":2424,"date":"2024-03-14T01:41:06","date_gmt":"2024-03-14T01:41:06","guid":{"rendered":"https:\/\/labone.vn\/bacterlab\/?post_type=product&#038;p=2424"},"modified":"2025-03-31T08:37:54","modified_gmt":"2025-03-31T08:37:54","slug":"bacterstain-dung-dich-auramine","status":"publish","type":"product","link":"https:\/\/labone.vn\/bacterlab\/product\/bacterstain-dung-dich-auramine\/","title":{"rendered":"BacterStain\u2122 Dung d\u1ecbch Auramine"},"content":{"rendered":"<p><span style=\"color: #3366ff;\"><strong>M\u1ee4C \u0110\u00cdCH S\u1eec D\u1ee4NG<\/strong><\/span><\/p>\n<ul>\n<li><strong>BacterStrain\u2122 <\/strong><strong>Dung d\u1ecbch Auramine <\/strong>ch\u1ee7 y\u1ebfu \u0111\u01b0\u1ee3c s\u1eed d\u1ee5ng trong k\u1ef9 thu\u1eadt nhu\u1ed9m Auramine-O \u0111\u1ec3 ph\u00e1t hi\u1ec7n vi khu\u1ea9n acid-fast, nh\u01b0 <em>Mycobacterium tuberculosis<\/em>, trong c\u00e1c m\u1eabu l\u00e2m s\u00e0ng, ch\u1eb3ng h\u1ea1n nh\u01b0 \u0111\u1eddm. Ph\u01b0\u01a1ng ph\u00e1p nhu\u1ed9m n\u00e0y l\u00e0m t\u0103ng \u0111\u1ed9 nh\u1ea1y c\u1ee7a vi\u1ec7c ph\u00e1t hi\u1ec7n vi khu\u1ea9n, gi\u00fap d\u1ec5 d\u00e0ng nh\u1eadn di\u1ec7n ch\u00fang d\u01b0\u1edbi \u00e1nh s\u00e1ng t\u1eed ngo\u1ea1i (UV)<\/li>\n<\/ul>\n<p><span style=\"color: #3366ff;\"><strong> NGUY\u00caN T\u1eaeC<\/strong><\/span><\/p>\n<ul>\n<li><strong>BacterStrain\u2122 Dung d\u1ecbch Auramine <\/strong>g\u1eafn k\u1ebft v\u1edbi mycolic acid trong th\u00e0nh t\u1ebf b\u00e0o c\u1ee7a vi khu\u1ea9n acid-fast, khi\u1ebfn ch\u00fang ph\u00e1t quang m\u00e0u v\u00e0ng ho\u1eb7c cam d\u01b0\u1edbi \u00e1nh s\u00e1ng UV. S\u1ef1 ph\u00e1t quang n\u00e0y gi\u00fap ph\u00e1t hi\u1ec7n vi khu\u1ea9n acid-fast m\u1ed9t c\u00e1ch nhanh ch\u00f3ng v\u00e0 hi\u1ec7u qu\u1ea3, h\u1ed7 tr\u1ee3 trong vi\u1ec7c ch\u1ea9n \u0111o\u00e1n b\u1ec7nh lao v\u00e0 c\u00e1c nhi\u1ec5m tr\u00f9ng do vi khu\u1ea9n mycobacteria.<\/li>\n<\/ul>\n","protected":false},"excerpt":{"rendered":"<ul>\n<li>Thu\u1ed1c nhu\u1ed9m hu\u1ef3nh quang \u0111\u01b0\u1ee3c s\u1eed d\u1ee5ng trong vi sinh h\u1ecdc \u0111\u1ec3 ph\u00e1t hi\u1ec7n vi khu\u1ea9n acid-fast , th\u00f4ng qua ph\u01b0\u01a1ng ph\u00e1p k\u00ednh hi\u1ec3n vi hu\u1ef3nh quang.<\/li>\n<li><strong>Code: 04012<\/strong><\/li>\n<li><strong>Quy c\u00e1ch:<\/strong> 100mL\/chai ho\u1eb7c theo y\u00eau c\u1ea7u c\u1ee7a kh\u00e1ch h\u00e0ng.<\/li>\n<li><strong>B\u1ea3o qu\u1ea3n l\u01b0u tr\u1eef:<\/strong> 18 \u2013 25\u00b0C.<\/li>\n<li><strong>V\u1eadn chuy\u1ec3n:<\/strong> Nhi\u1ec7t \u0111\u1ed9 m\u00f4i tr\u01b0\u1eddng.<\/li>\n<li><strong>H\u1ea1n s\u1eed d\u1ee5ng:<\/strong> 24 th\u00e1ng k\u1ec3 t\u1eeb ng\u00e0y s\u1ea3n xu\u1ea5t.<\/li>\n<\/ul>\n","protected":false},"featured_media":3144,"template":"","meta":[],"product_cat":[157],"product_tag":[],"class_list":["post-2424","product","type-product","status-publish","has-post-thumbnail","hentry","product_cat-thuoc-nhuom-vi-sinh-vat"],"_links":{"self":[{"href":"https:\/\/labone.vn\/bacterlab\/wp-json\/wp\/v2\/product\/2424","targetHints":{"allow":["GET"]}}],"collection":[{"href":"https:\/\/labone.vn\/bacterlab\/wp-json\/wp\/v2\/product"}],"about":[{"href":"https:\/\/labone.vn\/bacterlab\/wp-json\/wp\/v2\/types\/product"}],"wp:featuredmedia":[{"embeddable":true,"href":"https:\/\/labone.vn\/bacterlab\/wp-json\/wp\/v2\/media\/3144"}],"wp:attachment":[{"href":"https:\/\/labone.vn\/bacterlab\/wp-json\/wp\/v2\/media?parent=2424"}],"wp:term":[{"taxonomy":"product_cat","embeddable":true,"href":"https:\/\/labone.vn\/bacterlab\/wp-json\/wp\/v2\/product_cat?post=2424"},{"taxonomy":"product_tag","embeddable":true,"href":"https:\/\/labone.vn\/bacterlab\/wp-json\/wp\/v2\/product_tag?post=2424"}],"curies":[{"name":"wp","href":"https:\/\/api.w.org\/{rel}","templated":true}]}}