{"id":2432,"date":"2024-03-14T09:46:55","date_gmt":"2024-03-14T09:46:55","guid":{"rendered":"https:\/\/labone.vn\/bacterlab\/?post_type=product&#038;p=2432"},"modified":"2025-03-19T06:20:09","modified_gmt":"2025-03-19T06:20:09","slug":"bactertest-%ce%b1-naphthol","status":"publish","type":"product","link":"https:\/\/labone.vn\/bacterlab\/product\/bactertest-%ce%b1-naphthol\/","title":{"rendered":"BacterTest\u2122 \u03b1-Naphthol"},"content":{"rendered":"<p><span style=\"color: #3366ff;\"><strong> M\u1ee4C \u0110\u00cdCH S\u1eec D\u1ee4NG<\/strong><\/span><\/p>\n<ul>\n<li><strong>BacterTest\u2122 \u03b1-Naphthol<\/strong> l\u00e0 thu\u1ed1c th\u1eed th\u01b0\u1eddng \u0111\u01b0\u1ee3c s\u1eed d\u1ee5ng trong c\u00e1c ph\u1ea3n \u1ee9ng h\u00f3a h\u1ecdc v\u00e0 ph\u00e2n t\u00edch \u0111\u1ec3 ph\u00e1t hi\u1ec7n, x\u00e1c \u0111\u1ecbnh ho\u1eb7c \u0111\u1ecbnh l\u01b0\u1ee3ng m\u1ed9t s\u1ed1 ch\u1ea5t ho\u1eb7c ion trong m\u1eabu th\u1eed. Trong ph\u01b0\u01a1ng ph\u00e1p Voges-Proskauer, \u03b1-Naphthol l\u00e0 m\u1ed9t trong hai thu\u1ed1c th\u1eed ch\u00ednh (c\u00f9ng v\u1edbi KOH), v\u00e0 vai tr\u00f2 c\u1ee7a n\u00f3 l\u00e0 gi\u00fap ph\u00e1t hi\u1ec7n s\u1ef1 hi\u1ec7n di\u1ec7n c\u1ee7a acetoin trong m\u00f4i tr\u01b0\u1eddng nu\u00f4i c\u1ea5y.<\/li>\n<\/ul>\n<p><span style=\"color: #3366ff;\"><strong>\u0110\u1eccC K\u1ebeT QU\u1ea2<\/strong><\/span><\/p>\n<ul>\n<li><strong>BacterTest\u2122 \u03b1-Naphthol <\/strong>l\u00e0 m\u1ed9t trong hai thu\u1ed1c th\u1eed ch\u00ednh trong th\u1eed nghi\u1ec7m n\u00e0y, v\u1edbi vai tr\u00f2 quan tr\u1ecdng trong vi\u1ec7c ph\u00e1t hi\u1ec7n acetoin.\n<ul>\n<li>Acetoin (ho\u1eb7c 3-hydroxybutanone) \u0111\u01b0\u1ee3c s\u1ea3n xu\u1ea5t trong qu\u00e1 tr\u00ecnh l\u00ean men glucose (ho\u1eb7c c\u00e1c carbohydrate kh\u00e1c) b\u1edfi m\u1ed9t s\u1ed1 lo\u00e0i vi khu\u1ea9n.<\/li>\n<li>Khi m\u00f4i tr\u01b0\u1eddng nu\u00f4i c\u1ea5y ch\u1ee9a acetoin, thu\u1ed1c th\u1eed \u03b1-Naphthol s\u1ebd ph\u1ea3n \u1ee9ng v\u1edbi acetoin, t\u1ea1o th\u00e0nh m\u1ed9t ph\u1ee9c m\u00e0u \u0111\u1ecf ho\u1eb7c h\u1ed3ng.<\/li>\n<li>KOH l\u00e0 y\u1ebfu t\u1ed1 c\u1ea7n thi\u1ebft \u0111\u1ec3 l\u00e0m t\u0103ng t\u00ednh ki\u1ec1m c\u1ee7a m\u00f4i tr\u01b0\u1eddng, gi\u00fap acetoin chuy\u1ec3n h\u00f3a th\u00e0nh c\u00e1c ch\u1ea5t c\u00f3 kh\u1ea3 n\u0103ng ph\u1ea3n \u1ee9ng v\u1edbi \u03b1-Naphthol, t\u1ea1o ra m\u00e0u s\u1eafc d\u1ec5 nh\u1eadn bi\u1ebft.<\/li>\n<\/ul>\n<\/li>\n<\/ul>\n","protected":false},"excerpt":{"rendered":"<ul>\n<li>Thu\u1ed1c th\u1eed n\u00e0y v\u00e0 thu\u1ed1c th\u1eed KOH \u0111\u01b0\u1ee3c d\u00f9ng tr\u00ean m\u00f4i tr\u01b0\u1eddng (MR-VP) \u0111\u1ec3 th\u1ef1c hi\u1ec7n th\u1eed nghi\u1ec7m VP<\/li>\n<li><strong>Code: 06005<\/strong><\/li>\n<li><strong>Quy c\u00e1ch:<\/strong> 100 mL\/ chai nh\u1ecf gi\u1ecdt ho\u1eb7c theo y\u00eau c\u1ea7u c\u1ee7a kh\u00e1ch h\u00e0ng.<\/li>\n<li><strong>B\u1ea3o qu\u1ea3n l\u01b0u tr\u1eef:<\/strong> 8 \u2013 25\u00b0C.<\/li>\n<li><strong>V\u1eadn chuy\u1ec3n:<\/strong> Nhi\u1ec7t \u0111\u1ed9 m\u00f4i tr\u01b0\u1eddng.<\/li>\n<li><strong>H\u1ea1n s\u1eed d\u1ee5ng:<\/strong> 12 th\u00e1ng k\u1ec3 t\u1eeb ng\u00e0y s\u1ea3n xu\u1ea5t.<\/li>\n<\/ul>\n","protected":false},"featured_media":3157,"template":"","meta":[],"product_cat":[379],"product_tag":[],"class_list":["post-2432","product","type-product","status-publish","has-post-thumbnail","hentry","product_cat-thuoc-thu-sinh-hoa"],"_links":{"self":[{"href":"https:\/\/labone.vn\/bacterlab\/wp-json\/wp\/v2\/product\/2432","targetHints":{"allow":["GET"]}}],"collection":[{"href":"https:\/\/labone.vn\/bacterlab\/wp-json\/wp\/v2\/product"}],"about":[{"href":"https:\/\/labone.vn\/bacterlab\/wp-json\/wp\/v2\/types\/product"}],"wp:featuredmedia":[{"embeddable":true,"href":"https:\/\/labone.vn\/bacterlab\/wp-json\/wp\/v2\/media\/3157"}],"wp:attachment":[{"href":"https:\/\/labone.vn\/bacterlab\/wp-json\/wp\/v2\/media?parent=2432"}],"wp:term":[{"taxonomy":"product_cat","embeddable":true,"href":"https:\/\/labone.vn\/bacterlab\/wp-json\/wp\/v2\/product_cat?post=2432"},{"taxonomy":"product_tag","embeddable":true,"href":"https:\/\/labone.vn\/bacterlab\/wp-json\/wp\/v2\/product_tag?post=2432"}],"curies":[{"name":"wp","href":"https:\/\/api.w.org\/{rel}","templated":true}]}}