{"id":2433,"date":"2024-03-14T10:03:28","date_gmt":"2024-03-14T10:03:28","guid":{"rendered":"https:\/\/labone.vn\/bacterlab\/?post_type=product&#038;p=2433"},"modified":"2025-03-19T06:34:03","modified_gmt":"2025-03-19T06:34:03","slug":"bactertest-h2o2","status":"publish","type":"product","link":"https:\/\/labone.vn\/bacterlab\/product\/bactertest-h2o2\/","title":{"rendered":"BacterTest\u2122 H2O2"},"content":{"rendered":"<p><span style=\"color: #3366ff;\"><strong> M\u1ee4C \u0110\u00cdCH S\u1eec D\u1ee4NG<\/strong><\/span><\/p>\n<ul>\n<li><strong>BacterTest\u2122 H<sub>2<\/sub>O<sub>2<\/sub> <\/strong>l\u00e0 thu\u1ed1c th\u1eed th\u1ef1c hi\u1ec7n th\u1eed nghi\u1ec7m ph\u00e1t hi\u1ec7n Catalase \u0111\u1ec3 ph\u00e2n bi\u1ec7t <em>Staphylococcus<\/em> v\u1edbi <em>Streptococcus.<\/em> N\u1ebfu vi khu\u1ea9n c\u00f3 Catalase th\u00ec th\u1eed nghi\u1ec7m d\u01b0\u01a1ng t\u00ednh v\u1edbi hi\u1ec7n t\u01b0\u1ee3ng n\u1ed5i c\u00e1c b\u1ecdt kh\u00ed khi nh\u1ecf thu\u1ed1c th\u1eed v\u00e0o khu\u1ea9n l\u1ea1c, \u00e2m t\u00ednh th\u00ec kh\u00f4ng c\u00f3 hi\u1ec7n t\u01b0\u1ee3ng g\u00ec x\u1ea3y ra.<\/li>\n<\/ul>\n<p><span style=\"color: #3366ff;\"><strong>NGUY\u00caN T\u1eaeC<\/strong><\/span><\/p>\n<ul>\n<li><strong>BacterTest\u2122 H<sub>2<\/sub>O<sub>2<\/sub> <\/strong>(Hydrogen Peroxide) trong c\u00e1c x\u00e9t nghi\u1ec7m vi sinh h\u1ecdc ch\u1ee7 y\u1ebfu d\u1ef1a tr\u00ean t\u00ednh oxi h\u00f3a m\u1ea1nh c\u1ee7a n\u00f3. Hydrogen Peroxide (H\u2082O\u2082) l\u00e0 m\u1ed9t h\u1ee3p ch\u1ea5t c\u00f3 t\u00ednh oxi h\u00f3a cao, v\u00e0 trong c\u00e1c x\u00e9t nghi\u1ec7m vi sinh, n\u00f3 \u0111\u01b0\u1ee3c s\u1eed d\u1ee5ng \u0111\u1ec3 ki\u1ec3m tra s\u1ef1 hi\u1ec7n di\u1ec7n c\u1ee7a enzyme Catalase trong vi khu\u1ea9n. Enzyme Catalase c\u00f3 kh\u1ea3 n\u0103ng ph\u00e2n h\u1ee7y H\u2082O\u2082 th\u00e0nh n\u01b0\u1edbc (H\u2082O) v\u00e0 kh\u00ed oxy (O\u2082), gi\u00fap ph\u00e2n bi\u1ec7t c\u00e1c lo\u00e0i vi khu\u1ea9n.<\/li>\n<\/ul>\n<p>&nbsp;<\/p>\n","protected":false},"excerpt":{"rendered":"<ul>\n<li>Th\u1ef1c hi\u1ec7n th\u1eed nghi\u1ec7m ph\u00e1t hi\u1ec7n Catalase \u0111\u1ec3 ph\u00e2n bi\u1ec7t <em>Staphylococcus<\/em> v\u1edbi \u00a0<em>Streptococcus<\/em><\/li>\n<li><strong>Code: 06006<\/strong><\/li>\n<li><strong>Quy c\u00e1ch:<\/strong> 100 mL\/ chai nh\u1ecf gi\u1ecdt ho\u1eb7c theo y\u00eau c\u1ea7u c\u1ee7a kh\u00e1ch h\u00e0ng.<\/li>\n<li><strong>B\u1ea3o qu\u1ea3n l\u01b0u tr\u1eef:<\/strong> 8 \u2013 25\u00b0C.<\/li>\n<li><strong>V\u1eadn chuy\u1ec3n:<\/strong> Nhi\u1ec7t \u0111\u1ed9 m\u00f4i tr\u01b0\u1eddng.<\/li>\n<li><strong>H\u1ea1n s\u1eed d\u1ee5ng:<\/strong> 12 th\u00e1ng k\u1ec3 t\u1eeb ng\u00e0y s\u1ea3n xu\u1ea5t.<\/li>\n<\/ul>\n","protected":false},"featured_media":3170,"template":"","meta":[],"product_cat":[379],"product_tag":[],"class_list":["post-2433","product","type-product","status-publish","has-post-thumbnail","hentry","product_cat-thuoc-thu-sinh-hoa"],"_links":{"self":[{"href":"https:\/\/labone.vn\/bacterlab\/wp-json\/wp\/v2\/product\/2433","targetHints":{"allow":["GET"]}}],"collection":[{"href":"https:\/\/labone.vn\/bacterlab\/wp-json\/wp\/v2\/product"}],"about":[{"href":"https:\/\/labone.vn\/bacterlab\/wp-json\/wp\/v2\/types\/product"}],"wp:featuredmedia":[{"embeddable":true,"href":"https:\/\/labone.vn\/bacterlab\/wp-json\/wp\/v2\/media\/3170"}],"wp:attachment":[{"href":"https:\/\/labone.vn\/bacterlab\/wp-json\/wp\/v2\/media?parent=2433"}],"wp:term":[{"taxonomy":"product_cat","embeddable":true,"href":"https:\/\/labone.vn\/bacterlab\/wp-json\/wp\/v2\/product_cat?post=2433"},{"taxonomy":"product_tag","embeddable":true,"href":"https:\/\/labone.vn\/bacterlab\/wp-json\/wp\/v2\/product_tag?post=2433"}],"curies":[{"name":"wp","href":"https:\/\/api.w.org\/{rel}","templated":true}]}}