{"id":2717,"date":"2025-03-01T01:05:58","date_gmt":"2025-03-01T01:05:58","guid":{"rendered":"https:\/\/labone.vn\/bacterlab\/?post_type=product&#038;p=2717"},"modified":"2025-04-09T04:20:58","modified_gmt":"2025-04-09T04:20:58","slug":"bacterchrom-y-enterocolitica","status":"publish","type":"product","link":"https:\/\/labone.vn\/bacterlab\/product\/bacterchrom-y-enterocolitica\/","title":{"rendered":"BacterChrom\u2122 Y.enterocolitica"},"content":{"rendered":"<p><span style=\"color: #3366ff;\"><strong>M\u1ee4C \u0110\u00cdCH S\u1eec D\u1ee4NG<\/strong><\/span><\/p>\n<ul>\n<li><strong>BacterChrom\u2122 Y.enterocolitica <\/strong>l\u00e0 m\u1ed9t m\u00f4i tr\u01b0\u1eddng nu\u00f4i c\u1ea5y ch\u1ecdn l\u1ecdc v\u00e0 sinh m\u00e0u (chromogenic), \u0111\u01b0\u1ee3c thi\u1ebft k\u1ebf \u0111\u1ec3 ph\u00e1t hi\u1ec7n \u0111\u1ecbnh t\u00ednh tr\u1ef1c ti\u1ebfp, ph\u00e2n bi\u1ec7t v\u00e0 x\u00e1c \u0111\u1ecbnh s\u01a1 b\u1ed9 c\u00e1c ki\u1ec3u sinh h\u1ecdc g\u00e2y b\u1ec7nh c\u1ee7a <em>Yersinia enterocolitica<\/em>.<\/li>\n<li>M\u00f4i tr\u01b0\u1eddng n\u00e0y c\u0169ng c\u00f3 th\u1ec3 \u0111\u01b0\u1ee3c \u00e1p d\u1ee5ng trong ph\u00e2n t\u00edch th\u1ef1c ph\u1ea9m v\u00e0 m\u00f4i tr\u01b0\u1eddng \u0111\u1ec3 ph\u00e1t hi\u1ec7n <em>Y. enterocolitica<\/em> trong c\u00e1c s\u1ea3n ph\u1ea9m nh\u01b0 n\u01b0\u1edbc gi\u1ea3i tr\u00ed, gia s\u00fac, v\u00e0 th\u1ef1c ph\u1ea9m th\u00f4 ho\u1eb7c \u0111\u00e3 qua ch\u1ebf bi\u1ebfn<\/li>\n<li>Bao g\u00f3i b\u1eb1ng m\u00e0ng b\u00e1n th\u1ea5m Cellophane film gi\u00fap c\u00e2n b\u1eb1ng \u0111\u1ed9 \u1ea9m m\u00f4i tr\u01b0\u1eddng trong qu\u00e1 tr\u00ecnh b\u1ea3o qu\u1ea3n.<\/li>\n<\/ul>\n<p><span style=\"color: #3366ff;\"><strong>NGUY\u00caN T\u1eaeC<\/strong><\/span><\/p>\n<ul>\n<li><strong>BacterChrom\u2122 Y.enterocolitica <\/strong>s\u1eed d\u1ee5ng c\u00e1c c\u01a1 ch\u1ea5t sinh m\u00e0u t\u01b0\u01a1ng t\u00e1c v\u1edbi ho\u1ea1t t\u00ednh enzym \u0111\u1eb7c hi\u1ec7u c\u1ee7a vi khu\u1ea9n m\u1ee5c ti\u00eau, t\u1ea1o ra c\u00e1c m\u00e0u s\u1eafc khu\u1ea9n l\u1ea1c \u0111\u1eb7c tr\u01b0ng \u0111\u1ec3 ph\u00e2n bi\u1ec7t. M\u00f4i tr\u01b0\u1eddng c\u0169ng t\u00edch h\u1ee3p c\u00e1c ch\u1ea5t ch\u1ecdn l\u1ecdc \u0111\u1ec3 \u1ee9c ch\u1ebf s\u1ef1 ph\u00e1t tri\u1ec3n c\u1ee7a c\u00e1c sinh v\u1eadt kh\u00f4ng m\u1ee5c ti\u00eau, \u0111\u1ea3m b\u1ea3o t\u00ednh \u0111\u1eb7c hi\u1ec7u cao. Ph\u01b0\u01a1ng ph\u00e1p n\u00e0y n\u00e2ng cao \u0111\u1ed9 ch\u00ednh x\u00e1c trong ph\u00e1t hi\u1ec7n v\u00e0 \u0111\u01a1n gi\u1ea3n h\u00f3a qu\u00e1 tr\u00ecnh x\u00e1c \u0111\u1ecbnh s\u01a1 b\u1ed9.<\/li>\n<\/ul>\n","protected":false},"excerpt":{"rendered":"<ul>\n<li>M\u00f4i tr\u01b0\u1eddng sinh m\u00e0u s\u1eb5n s\u00e0ng s\u1eed d\u1ee5ng tr\u00ean \u0111\u0129a petri 90mm \u0111\u1ec3 ph\u00e1t hi\u1ec7n v\u00e0 ph\u00e2n bi\u1ec7t c\u00e1c ch\u1ee7ng <em>Yersinia enterocolitica<\/em> \u00a0g\u00e2y b\u1ec7nh.<\/li>\n<li><strong>Code: 01038<\/strong><\/li>\n<li><strong>Quy c\u00e1ch:<\/strong> 10 \u0111\u0129a\/ h\u1ed9p ho\u1eb7c theo y\u00eau c\u1ea7u c\u1ee7a kh\u00e1ch h\u00e0ng.<\/li>\n<li><strong>B\u1ea3o qu\u1ea3n l\u01b0u tr\u1eef:<\/strong> 2 \u2013 8\u00b0C.<\/li>\n<li><strong>V\u1eadn chuy\u1ec3n:<\/strong> Nhi\u1ec7t \u0111\u1ed9 m\u00f4i tr\u01b0\u1eddng.<\/li>\n<li><strong>H\u1ea1n s\u1eed d\u1ee5ng:<\/strong> 03 th\u00e1ng k\u1ec3 t\u1eeb ng\u00e0y s\u1ea3n xu\u1ea5t.<\/li>\n<\/ul>\n","protected":false},"featured_media":2942,"template":"","meta":[],"product_cat":[333],"product_tag":[],"class_list":["post-2717","product","type-product","status-publish","has-post-thumbnail","hentry","product_cat-moi-truong-thach-sinh-mau"],"_links":{"self":[{"href":"https:\/\/labone.vn\/bacterlab\/wp-json\/wp\/v2\/product\/2717","targetHints":{"allow":["GET"]}}],"collection":[{"href":"https:\/\/labone.vn\/bacterlab\/wp-json\/wp\/v2\/product"}],"about":[{"href":"https:\/\/labone.vn\/bacterlab\/wp-json\/wp\/v2\/types\/product"}],"wp:featuredmedia":[{"embeddable":true,"href":"https:\/\/labone.vn\/bacterlab\/wp-json\/wp\/v2\/media\/2942"}],"wp:attachment":[{"href":"https:\/\/labone.vn\/bacterlab\/wp-json\/wp\/v2\/media?parent=2717"}],"wp:term":[{"taxonomy":"product_cat","embeddable":true,"href":"https:\/\/labone.vn\/bacterlab\/wp-json\/wp\/v2\/product_cat?post=2717"},{"taxonomy":"product_tag","embeddable":true,"href":"https:\/\/labone.vn\/bacterlab\/wp-json\/wp\/v2\/product_tag?post=2717"}],"curies":[{"name":"wp","href":"https:\/\/api.w.org\/{rel}","templated":true}]}}