{"id":2996,"date":"2025-03-10T09:50:15","date_gmt":"2025-03-10T09:50:15","guid":{"rendered":"https:\/\/labone.vn\/bacterlab\/?post_type=product&#038;p=2996"},"modified":"2025-03-11T01:50:08","modified_gmt":"2025-03-11T01:50:08","slug":"bactertube-peptone-water","status":"publish","type":"product","link":"https:\/\/labone.vn\/bacterlab\/product\/bactertube-peptone-water\/","title":{"rendered":"BacterTube\u2122 Peptone Water"},"content":{"rendered":"<p><span style=\"color: #3366ff;\"><strong>M\u1ee4C \u0110\u00cdCH S\u1eec D\u1ee4NG<\/strong><\/span><\/p>\n<ul>\n<li><strong>BacterTube\u2122 Peptone Water <\/strong>th\u01b0\u1eddng \u0111\u01b0\u1ee3c s\u1eed d\u1ee5ng \u0111\u1ec3 nu\u00f4i c\u1ea5y vi sinh v\u1eadt kh\u00f4ng c\u00f3 y\u00eau c\u1ea7u t\u0103ng tr\u01b0\u1edfng c\u1ee5 th\u1ec3. M\u00f4i tr\u01b0\u1eddng \u0111\u01b0\u1ee3c s\u1eed d\u1ee5ng cho th\u1eed nghi\u1ec7m Mackenzie kh\u1eb3ng \u0111\u1ecbnh <em>Escherichia coli<\/em> th\u00f4ng qua ph\u1ea3n \u1ee9ng indole.<\/li>\n<\/ul>\n<p><span style=\"color: #3366ff;\"><strong>NGUY\u00caN T\u1eaeC<\/strong><\/span><\/p>\n<ul>\n<li><strong>BacterTube\u2122 Peptone Water<\/strong> Khi ph\u00e1t tri\u1ec3n trong \u0111i\u1ec1u ki\u1ec7n hi\u1ebfu kh\u00ed, <em>Escherichia coli<\/em> th\u1ee7y ph\u00e2n tryptophan th\u00e0nh indole b\u1eb1ng enzyme tryptophanase. S\u1ea3n ph\u1ea9m indole \u0111\u01b0\u1ee3c ph\u00e1t hi\u1ec7n b\u1edfi thu\u1ed1c th\u1eed Kovacs reagent.<\/li>\n<\/ul>\n<p>&nbsp;<\/p>\n","protected":false},"excerpt":{"rendered":"<ul>\n<li>M\u00f4i tr\u01b0\u1eddng t\u0103ng sinh vi sinh v\u1eadt ho\u1eb7c nh\u01b0 m\u1ed9t m\u00f4i tr\u01b0\u1eddng l\u00ean men carbohydrate c\u01a1 b\u1ea3n.<\/li>\n<li><strong>Code: 08040<\/strong><\/li>\n<li><strong>Quy c\u00e1ch:<\/strong>50 \u1ed1ng\/ h\u1ed9p ho\u1eb7c theo y\u00eau c\u1ea7u c\u1ee7a kh\u00e1ch h\u00e0ng.<\/li>\n<li><strong>B\u1ea3o qu\u1ea3n l\u01b0u tr\u1eef:<\/strong> 2 \u2013 8\u00b0C.<\/li>\n<li><strong>V\u1eadn chuy\u1ec3n:<\/strong> Nhi\u1ec7t \u0111\u1ed9 m\u00f4i tr\u01b0\u1eddng.<\/li>\n<li><strong>H\u1ea1n s\u1eed d\u1ee5ng:<\/strong> 06 th\u00e1ng k\u1ec3 t\u1eeb ng\u00e0y s\u1ea3n xu\u1ea5t.<\/li>\n<\/ul>\n","protected":false},"featured_media":3003,"template":"","meta":[],"product_cat":[394],"product_tag":[],"class_list":["post-2996","product","type-product","status-publish","has-post-thumbnail","hentry","product_cat-moi-truong-tang-sinh"],"_links":{"self":[{"href":"https:\/\/labone.vn\/bacterlab\/wp-json\/wp\/v2\/product\/2996","targetHints":{"allow":["GET"]}}],"collection":[{"href":"https:\/\/labone.vn\/bacterlab\/wp-json\/wp\/v2\/product"}],"about":[{"href":"https:\/\/labone.vn\/bacterlab\/wp-json\/wp\/v2\/types\/product"}],"wp:featuredmedia":[{"embeddable":true,"href":"https:\/\/labone.vn\/bacterlab\/wp-json\/wp\/v2\/media\/3003"}],"wp:attachment":[{"href":"https:\/\/labone.vn\/bacterlab\/wp-json\/wp\/v2\/media?parent=2996"}],"wp:term":[{"taxonomy":"product_cat","embeddable":true,"href":"https:\/\/labone.vn\/bacterlab\/wp-json\/wp\/v2\/product_cat?post=2996"},{"taxonomy":"product_tag","embeddable":true,"href":"https:\/\/labone.vn\/bacterlab\/wp-json\/wp\/v2\/product_tag?post=2996"}],"curies":[{"name":"wp","href":"https:\/\/api.w.org\/{rel}","templated":true}]}}