{"id":3058,"date":"2025-03-11T09:22:20","date_gmt":"2025-03-11T09:22:20","guid":{"rendered":"https:\/\/labone.vn\/bacterlab\/?post_type=product&#038;p=3058"},"modified":"2025-03-11T09:23:24","modified_gmt":"2025-03-11T09:23:24","slug":"bactertube-tryptic-soy-broth-tsb-15-glycerol","status":"publish","type":"product","link":"https:\/\/labone.vn\/bacterlab\/product\/bactertube-tryptic-soy-broth-tsb-15-glycerol\/","title":{"rendered":"BacterTube\u2122  Tryptic Soy Broth (TSB) 15% Glycerol"},"content":{"rendered":"<p><span style=\"color: #3366ff;\"><strong>M\u1ee4C \u0110\u00cdCH S\u1eec D\u1ee4NG<\/strong><\/span><\/p>\n<ul>\n<li><strong>BacterTube\u2122 Tryptic Soy Broth (TSB) 15% Glycerol <\/strong>l\u00e0 m\u1ed9t m\u00f4i tr\u01b0\u1eddng l\u1ecfng trong \u0111\u01b0\u1ee3c s\u1eed d\u1ee5ng trong vi\u1ec7c b\u1ea3o qu\u1ea3n vi sinh v\u1eadt \u1edf d\u1ea1ng \u0111\u00f4ng l\u1ea1nh d\u00e0i h\u1ea1n.<\/li>\n<\/ul>\n<p><span style=\"color: #3366ff;\"><strong>NGUY\u00caN T\u1eaeC<\/strong><\/span><\/p>\n<ul>\n<li><strong>BacterTube\u2122 Tryptic Soy Broth (TSB) 15% Glycerol<\/strong> l\u00e0 m\u1ed9t m\u00f4i tr\u01b0\u1eddng gi\u00e0u dinh d\u01b0\u1ee1ng \u0111\u01b0\u1ee3c s\u1eed d\u1ee5ng \u0111\u1ec3 nu\u00f4i c\u1ea5y m\u1ed9t lo\u1ea1t c\u00e1c sinh v\u1eadt. S\u1ef1 k\u1ebft h\u1ee3p gi\u1eefa Tryptone v\u00e0 soya peptone l\u00e0m cho m\u00f4i tr\u01b0\u1eddng tr\u1edf n\u00ean gi\u00e0u dinh d\u01b0\u1ee1ng b\u1eb1ng c\u00e1ch cung c\u1ea5p c\u00e1c ch\u1ea5t c\u00f3 ch\u1ee9a nit\u01a1, cacbon, axit amin v\u00e0 peptide chu\u1ed7i d\u00e0i cho s\u1ef1 ph\u00e1t tri\u1ec3n c\u1ee7a vi sinh v\u1eadt. Dextrose\/glucose \u0111\u00f3ng vai tr\u00f2 l\u00e0 ngu\u1ed3n carbohydrate v\u00e0 dibasic potassium phosphate gi\u00fap \u0111\u1ec7m pH cho m\u00f4i tr\u01b0\u1eddng. Natri clorua duy tr\u00ec c\u00e2n b\u1eb1ng th\u1ea9m th\u1ea5u c\u1ee7a m\u00f4i tr\u01b0\u1eddng. Glycerol \u0111\u00f3ng vai tr\u00f2 quan tr\u1ecdng nh\u01b0 m\u1ed9t t\u00e1c nh\u00e2n ch\u1ed1ng \u0111\u00f4ng. Do \u0111\u00f3, m\u00f4i tr\u01b0\u1eddng n\u00e0y \u0111\u01b0\u1ee3c khuy\u1ebfn ngh\u1ecb s\u1eed d\u1ee5ng \u0111\u1ec3 duy tr\u00ec c\u00e1c gi\u1ed1ng vi sinh v\u1eadt, v\u00ec glycerol ho\u1ea1t \u0111\u1ed9ng nh\u01b0 m\u1ed9t ch\u1ea5t b\u1ea3o qu\u1ea3n \u0111\u00f4ng l\u1ea1nh (cryopreservant).<\/li>\n<\/ul>\n","protected":false},"excerpt":{"rendered":"<ul>\n<li>M\u00f4i tr\u01b0\u1eddng l\u1ecfng \u0111\u01b0\u1ee3c s\u1eed d\u1ee5ng trong \u0111\u01b0\u1ee3c s\u1eed d\u1ee5ng trong vi\u1ec7c b\u1ea3o qu\u1ea3n vi sinh v\u1eadt \u1edf d\u1ea1ng \u0111\u00f4ng l\u1ea1nh d\u00e0i h\u1ea1n.<\/li>\n<li><strong>Code: 08052<\/strong><\/li>\n<li><strong>Quy c\u00e1ch:<\/strong>50 \u1ed1ng\/ h\u1ed9p ho\u1eb7c theo y\u00eau c\u1ea7u c\u1ee7a kh\u00e1ch h\u00e0ng.<\/li>\n<li><strong>B\u1ea3o qu\u1ea3n l\u01b0u tr\u1eef:<\/strong> 2 \u2013 8\u00b0C.<\/li>\n<li><strong>V\u1eadn chuy\u1ec3n:<\/strong> Nhi\u1ec7t \u0111\u1ed9 m\u00f4i tr\u01b0\u1eddng.<\/li>\n<li><strong>H\u1ea1n s\u1eed d\u1ee5ng:<\/strong> 12 th\u00e1ng k\u1ec3 t\u1eeb ng\u00e0y s\u1ea3n xu\u1ea5t.<\/li>\n<\/ul>\n","protected":false},"featured_media":3059,"template":"","meta":[],"product_cat":[394],"product_tag":[],"class_list":["post-3058","product","type-product","status-publish","has-post-thumbnail","hentry","product_cat-moi-truong-tang-sinh"],"_links":{"self":[{"href":"https:\/\/labone.vn\/bacterlab\/wp-json\/wp\/v2\/product\/3058","targetHints":{"allow":["GET"]}}],"collection":[{"href":"https:\/\/labone.vn\/bacterlab\/wp-json\/wp\/v2\/product"}],"about":[{"href":"https:\/\/labone.vn\/bacterlab\/wp-json\/wp\/v2\/types\/product"}],"wp:featuredmedia":[{"embeddable":true,"href":"https:\/\/labone.vn\/bacterlab\/wp-json\/wp\/v2\/media\/3059"}],"wp:attachment":[{"href":"https:\/\/labone.vn\/bacterlab\/wp-json\/wp\/v2\/media?parent=3058"}],"wp:term":[{"taxonomy":"product_cat","embeddable":true,"href":"https:\/\/labone.vn\/bacterlab\/wp-json\/wp\/v2\/product_cat?post=3058"},{"taxonomy":"product_tag","embeddable":true,"href":"https:\/\/labone.vn\/bacterlab\/wp-json\/wp\/v2\/product_tag?post=3058"}],"curies":[{"name":"wp","href":"https:\/\/api.w.org\/{rel}","templated":true}]}}