{"id":3062,"date":"2025-03-11T09:39:16","date_gmt":"2025-03-11T09:39:16","guid":{"rendered":"https:\/\/labone.vn\/bacterlab\/?post_type=product&#038;p=3062"},"modified":"2025-03-11T09:39:16","modified_gmt":"2025-03-11T09:39:16","slug":"bactertube-cary-blair-broth","status":"publish","type":"product","link":"https:\/\/labone.vn\/bacterlab\/product\/bactertube-cary-blair-broth\/","title":{"rendered":"BacterTube\u2122 Cary Blair Broth"},"content":{"rendered":"<p><span style=\"color: #3366ff;\"><strong>M\u1ee4C \u0110\u00cdCH S\u1eec D\u1ee4NG<\/strong><\/span><\/p>\n<ul>\n<li><strong>BacterTube\u2122 Cary Blair Broth<\/strong> \u0111\u01b0\u1ee3c khuy\u1ebfn ngh\u1ecb \u0111\u1ec3 thu th\u1eadp v\u00e0 v\u1eadn chuy\u1ec3n m\u1eabu l\u00e2m s\u00e0ng.<\/li>\n<li>M\u00f4i tr\u01b0\u1eddng n\u00e0y c\u0169ng \u0111\u01b0\u1ee3c s\u1eed d\u1ee5ng \u0111\u1ec3 \u0111\u1ecbnh l\u01b0\u1ee3ng c\u00e1c vi sinh v\u1eadt \u01b0a l\u1ea1nh.<\/li>\n<\/ul>\n<p><span style=\"color: #3366ff;\"><strong>NGUY\u00caN T\u1eaeC<\/strong><\/span><\/p>\n<ul>\n<li><strong>BacterTube\u2122 Cary Blair Broth<\/strong> \u0111\u01b0\u1ee3c chu\u1ea9n b\u1ecb v\u1edbi l\u01b0\u1ee3ng dinh d\u01b0\u1ee1ng t\u1ed1i thi\u1ec3u \u0111\u1ec3 t\u0103ng kh\u1ea3 n\u0103ng s\u1ed1ng s\u00f3t c\u1ee7a vi sinh v\u1eadt m\u00e0 kh\u00f4ng l\u00e0m ch\u00fang ph\u00e1t tri\u1ec3n. Natri thioglycolate \u0111\u01b0\u1ee3c th\u00eam v\u00e0o m\u00f4i tr\u01b0\u1eddng \u0111\u1ec3 t\u1ea1o ra m\u1ed9t th\u1ebf oxy-h\u00f3a th\u1ea5p. pH c\u1ee7a m\u00f4i tr\u01b0\u1eddng kh\u00e1 ki\u1ec1m, gi\u00fap gi\u1ea3m thi\u1ec3u s\u1ef1 ph\u00e1 h\u1ee7y vi khu\u1ea9n do s\u1ef1 h\u00ecnh th\u00e0nh axit. Phenol \u0111\u1ecf \u0111\u01b0\u1ee3c th\u00eam v\u00e0o nh\u01b0 m\u1ed9t ch\u1ea5t ch\u1ec9 th\u1ecb, c\u00f3 m\u00e0u \u0111\u1ecf \u1edf pH ki\u1ec1m v\u00e0 m\u00e0u v\u00e0ng \u1edf pH axit. M\u00f4i tr\u01b0\u1eddng c\u00f3 th\u1ec3 duy tr\u00ec s\u1ef1 s\u1ed1ng c\u1ee7a c\u00e1c vi sinh v\u1eadt kh\u00f3 nu\u00f4i c\u1ea5y ch\u1ec9 trong m\u1ed9t kho\u1ea3ng th\u1eddi gian ng\u1eafn. \u0110\u1ec3 \u0111\u1ea1t k\u1ebft qu\u1ea3 t\u1ed1t nh\u1ea5t, n\u00ean c\u1ea5y tr\u1ef1c ti\u1ebfp m\u1eabu vi khu\u1ea9n v\u00e0o m\u00f4i tr\u01b0\u1eddng gi\u00e0u dinh d\u01b0\u1ee1ng ngay khi m\u1eabu \u0111\u01b0\u1ee3c c\u1ea5y v\u00e0o m\u00f4i tr\u01b0\u1eddng v\u1eadn chuy\u1ec3n.<\/li>\n<\/ul>\n","protected":false},"excerpt":{"rendered":"<ul>\n<li>M\u00f4i tr\u01b0\u1eddng \u0111\u01b0\u1ee3c s\u1eed d\u1ee5ng \u0111\u1ec3 v\u1eadn chuy\u1ec3n m\u1eabu l\u00e2m s\u00e0ng.<\/li>\n<li><strong>Code: 08053<\/strong><\/li>\n<li><strong>Quy c\u00e1ch:<\/strong>50 \u1ed1ng\/ h\u1ed9p ho\u1eb7c theo y\u00eau c\u1ea7u c\u1ee7a kh\u00e1ch h\u00e0ng.<\/li>\n<li><strong>B\u1ea3o qu\u1ea3n l\u01b0u tr\u1eef:<\/strong> 2 \u2013 8\u00b0C.<\/li>\n<li><strong>V\u1eadn chuy\u1ec3n:<\/strong> Nhi\u1ec7t \u0111\u1ed9 m\u00f4i tr\u01b0\u1eddng.<\/li>\n<li><strong>H\u1ea1n s\u1eed d\u1ee5ng:<\/strong> 06 th\u00e1ng k\u1ec3 t\u1eeb ng\u00e0y s\u1ea3n xu\u1ea5t.<\/li>\n<\/ul>\n","protected":false},"featured_media":3063,"template":"","meta":[],"product_cat":[252],"product_tag":[],"class_list":["post-3062","product","type-product","status-publish","has-post-thumbnail","hentry","product_cat-moi-truong-chuyen-cho-van-chuyen"],"_links":{"self":[{"href":"https:\/\/labone.vn\/bacterlab\/wp-json\/wp\/v2\/product\/3062","targetHints":{"allow":["GET"]}}],"collection":[{"href":"https:\/\/labone.vn\/bacterlab\/wp-json\/wp\/v2\/product"}],"about":[{"href":"https:\/\/labone.vn\/bacterlab\/wp-json\/wp\/v2\/types\/product"}],"wp:featuredmedia":[{"embeddable":true,"href":"https:\/\/labone.vn\/bacterlab\/wp-json\/wp\/v2\/media\/3063"}],"wp:attachment":[{"href":"https:\/\/labone.vn\/bacterlab\/wp-json\/wp\/v2\/media?parent=3062"}],"wp:term":[{"taxonomy":"product_cat","embeddable":true,"href":"https:\/\/labone.vn\/bacterlab\/wp-json\/wp\/v2\/product_cat?post=3062"},{"taxonomy":"product_tag","embeddable":true,"href":"https:\/\/labone.vn\/bacterlab\/wp-json\/wp\/v2\/product_tag?post=3062"}],"curies":[{"name":"wp","href":"https:\/\/api.w.org\/{rel}","templated":true}]}}