{"id":1308,"date":"2023-08-23T07:24:28","date_gmt":"2023-08-23T07:24:28","guid":{"rendered":"https:\/\/labone.vn\/huylab\/?page_id=1308"},"modified":"2024-12-23T03:52:44","modified_gmt":"2024-12-23T03:52:44","slug":"tu-an-toan-sinh-hoc","status":"publish","type":"page","link":"https:\/\/labone.vn\/huylab\/tu-an-toan-sinh-hoc\/","title":{"rendered":"T\u1ee7 an to\u00e0n sinh h\u1ecdc"},"content":{"rendered":"\n  <div class=\"banner has-hover\" id=\"banner-1749516294\">\n          <div class=\"banner-inner fill\">\n        <div class=\"banner-bg fill\" >\n            <div class=\"bg fill bg-fill \"><\/div>\n                        <div class=\"overlay\"><\/div>            \n                    <\/div>\n        <div class=\"banner-layers container\">\n            <div class=\"fill banner-link\"><\/div>            \n   <div id=\"text-box-363710679\" class=\"text-box banner-layer x5 md-x5 lg-x5 y50 md-y50 lg-y50 res-text\">\n                                <div class=\"text-box-content text box-shadow-2\">\n              \n              <div class=\"text-inner text-left\">\n                  \n\t<div id=\"text-3860316035\" class=\"text\">\n\t\t\n<h4><a href=\"https:\/\/labone.vn\/tu-an-toan-sinh-hoc\/\"><span style=\"color: #3366ff;\"><strong>T\u1ee7 An To\u00e0n Sinh H\u1ecdc<\/strong><\/span><\/a><\/h4>\n<p><strong>T\u1ee7 An To\u00e0n Sinh H\u1ecdc<\/strong> c\u1ee7a <strong>HUYlab<\/strong> l\u00e0 m\u1ed9t s\u1ea3n ph\u1ea9m ti\u00ean ti\u1ebfn v\u00e0 \u0111\u00e1ng tin c\u1eady, \u0111\u01b0\u1ee3c thi\u1ebft k\u1ebf \u0111\u1eb7c bi\u1ec7t \u0111\u1ec3 \u0111\u1ea3m b\u1ea3o an to\u00e0n tuy\u1ec7t \u0111\u1ed1i trong qu\u00e1 tr\u00ecnh l\u00e0m vi\u1ec7c v\u1edbi c\u00e1c m\u1eabu v\u00e0 t\u00e1c nh\u00e2n sinh h\u1ecdc nguy hi\u1ec3m. \u0110\u01b0\u1ee3c ph\u00e1t tri\u1ec3n b\u1edfi HUYlab, <strong>t\u1ee7 an to\u00e0n sinh h\u1ecdc<\/strong> c\u1ee7a ch\u00fang t\u00f4i mang \u0111\u1ebfn s\u1ef1 k\u1ebft h\u1ee3p ho\u00e0n h\u1ea3o gi\u1eefa t\u00ednh n\u0103ng cao c\u1ea5p v\u00e0 tu\u00e2n th\u1ee7 nghi\u00eam ng\u1eb7t c\u00e1c ti\u00eau chu\u1ea9n an to\u00e0n.<\/p>\n\t\t\n<style>\n#text-3860316035 {\n  font-size: 0.75rem;\n}\n@media (min-width:550px) {\n  #text-3860316035 {\n    font-size: 0.9rem;\n  }\n}\n<\/style>\n\t<\/div>\n\t\n              <\/div>\n           <\/div>\n                            \n<style>\n#text-box-363710679 {\n  margin: 0px 0px 0px -5px;\n  width: 93%;\n}\n#text-box-363710679 .text-box-content {\n  background-color: rgba(245, 245, 245, 0.762);\n  border-radius: 15px;\n  font-size: 100%;\n}\n#text-box-363710679 .text-inner {\n  padding: 5px 5px 5px 5px;\n}\n@media (min-width:550px) {\n  #text-box-363710679 {\n    margin: 0px 0px 0px -30px;\n    width: 50%;\n  }\n  #text-box-363710679 .text-inner {\n    padding: 30px 30px 30px 30px;\n  }\n}\n<\/style>\n    <\/div>\n \n        <\/div>\n      <\/div>\n\n            \n<style>\n#banner-1749516294 {\n  padding-top: 55%;\n  background-color: rgb(255, 255, 255);\n}\n#banner-1749516294 .bg.bg-loaded {\n  background-image: url(https:\/\/labone.vn\/huylab\/wp-content\/uploads\/2024\/12\/BANER-TU-AN-TOAN-SINH-HOC.jpg);\n}\n#banner-1749516294 .overlay {\n  background-color: rgba(190, 190, 190, 0.2);\n}\n#banner-1749516294 .bg {\n  background-position: 93% 0%;\n}\n@media (min-width:550px) {\n  #banner-1749516294 {\n    padding-top: 25%;\n  }\n}\n<\/style>\n  <\/div>\n\n\n\t<section class=\"section\" id=\"section_1573697510\">\n\t\t<div class=\"bg section-bg fill bg-fill  bg-loaded\" >\n\n\t\t\t\n\t\t\t\n\t\t\t\n\n\t\t<\/div>\n\n\t\t<div class=\"section-content relative\">\n\t\t\t\n<div class=\"container section-title-container\" style=\"margin-top:30px;\"><h3 class=\"section-title section-title-center\"><b><\/b><span class=\"section-title-main\" >t\u1ee7 an to\u00e0n sinh h\u1ecdc c\u1ea5p 2, Lo\u1ea1i a2 | huylab<\/span><b><\/b><\/h3><\/div>\n<div class=\"row row-divided\"  id=\"row-1583425154\">\n\n\t<div id=\"col-1065601116\" class=\"col medium-3 small-6 large-3\"  >\n\t\t\t\t<div class=\"col-inner\"  >\n\t\t\t\n\t\t\t\n\t<div class=\"img has-hover x md-x lg-x y md-y lg-y\" id=\"image_1139355622\">\n\t\t\t\t\t\t\t\t<div class=\"img-inner dark\" >\n\t\t\t<img loading=\"lazy\" decoding=\"async\" width=\"900\" height=\"900\" src=\"https:\/\/labone.vn\/huylab\/wp-content\/uploads\/2024\/12\/AVT-ICON-HUYAIR-BIO2ECO-1.jpg\" class=\"attachment-original size-original\" alt=\"\" srcset=\"https:\/\/labone.vn\/huylab\/wp-content\/uploads\/2024\/12\/AVT-ICON-HUYAIR-BIO2ECO-1.jpg 900w, https:\/\/labone.vn\/huylab\/wp-content\/uploads\/2024\/12\/AVT-ICON-HUYAIR-BIO2ECO-1-500x500.jpg 500w, https:\/\/labone.vn\/huylab\/wp-content\/uploads\/2024\/12\/AVT-ICON-HUYAIR-BIO2ECO-1-768x768.jpg 768w, https:\/\/labone.vn\/huylab\/wp-content\/uploads\/2024\/12\/AVT-ICON-HUYAIR-BIO2ECO-1-800x800.jpg 800w, https:\/\/labone.vn\/huylab\/wp-content\/uploads\/2024\/12\/AVT-ICON-HUYAIR-BIO2ECO-1-100x100.jpg 100w\" sizes=\"auto, (max-width: 900px) 100vw, 900px\" \/>\t\t\t\t\t\t\n\t\t\t\t\t<\/div>\n\t\t\t\t\t\t\t\t\n<style>\n#image_1139355622 {\n  width: 100%;\n}\n<\/style>\n\t<\/div>\n\t\n\t<div id=\"text-3365742916\" class=\"text\">\n\t\t\n<h2 style=\"text-align: center;\">\u200eHUYAir Bio2Eco<\/h2>\n<h4 style=\"text-align: center;\" data-animate=\"fadeIn\"><strong><span style=\"color: #3366ff; font-size: 100%;\">M\u00e0n H\u00ecnh C\u1ea3m \u1ee8ng<\/span><\/strong><\/h4>\n<h4 style=\"text-align: center;\"><strong><span style=\"color: #3366ff; font-size: 100%;\" data-animate=\"fadeIn\">\u0110\u1ed9ng C\u01a1 AC<\/span><\/strong><\/h4>\n\t\t\n<style>\n#text-3365742916 {\n  font-size: 0.75rem;\n  text-align: center;\n}\n<\/style>\n\t<\/div>\n\t\n<a href=\"https:\/\/labone.vn\/huylab\/tu-an-toan-sinh-hoc\/tu-an-toan-sinh-hoc-cap-2-loai-a2-huyair-bio2eco\/\" target=\"_self\" class=\"button primary is-outline expand\"  style=\"border-radius:99px;\">\n    <span>s\u1ea3n ph\u1ea9m<\/span>\n  <\/a>\n\n\t\t<\/div>\n\t\t\t\t\n<style>\n#col-1065601116 > .col-inner {\n  margin: 0px 0px 0px 0px;\n  border-radius: 5px;\n}\n@media (min-width:550px) {\n  #col-1065601116 > .col-inner {\n    margin: 20px 0px 0px 0px;\n  }\n}\n<\/style>\n\t<\/div>\n\n\t\n\n\t<div id=\"col-965767724\" class=\"col medium-3 small-6 large-3\"  >\n\t\t\t\t<div class=\"col-inner\"  >\n\t\t\t\n\t\t\t\n\t<div class=\"img has-hover x md-x lg-x y md-y lg-y\" id=\"image_1456044872\">\n\t\t\t\t\t\t\t\t<div class=\"img-inner dark\" >\n\t\t\t<img loading=\"lazy\" decoding=\"async\" width=\"900\" height=\"900\" src=\"https:\/\/labone.vn\/huylab\/wp-content\/uploads\/2024\/12\/AVT-ICON-HUYAIR-BIO2.jpg\" class=\"attachment-original size-original\" alt=\"\" srcset=\"https:\/\/labone.vn\/huylab\/wp-content\/uploads\/2024\/12\/AVT-ICON-HUYAIR-BIO2.jpg 900w, https:\/\/labone.vn\/huylab\/wp-content\/uploads\/2024\/12\/AVT-ICON-HUYAIR-BIO2-500x500.jpg 500w, https:\/\/labone.vn\/huylab\/wp-content\/uploads\/2024\/12\/AVT-ICON-HUYAIR-BIO2-768x768.jpg 768w, https:\/\/labone.vn\/huylab\/wp-content\/uploads\/2024\/12\/AVT-ICON-HUYAIR-BIO2-800x800.jpg 800w, https:\/\/labone.vn\/huylab\/wp-content\/uploads\/2024\/12\/AVT-ICON-HUYAIR-BIO2-100x100.jpg 100w\" sizes=\"auto, (max-width: 900px) 100vw, 900px\" \/>\t\t\t\t\t\t\n\t\t\t\t\t<\/div>\n\t\t\t\t\t\t\t\t\n<style>\n#image_1456044872 {\n  width: 100%;\n}\n<\/style>\n\t<\/div>\n\t\n\t<div id=\"text-331425772\" class=\"text\">\n\t\t\n<h2 style=\"text-align: center;\">\u200eHUYAir Bio2<\/h2>\n<h4 style=\"text-align: center;\" data-animate=\"fadeIn\"><strong><span style=\"color: #3366ff; font-size: 100%;\">M\u00e0n H\u00ecnh C\u1ea3m \u1ee8ng<\/span><\/strong><\/h4>\n<h4 style=\"text-align: center;\"><strong><span style=\"color: #3366ff; font-size: 100%;\" data-animate=\"fadeIn\">\u0110\u1ed9ng C\u01a1 AC<\/span><\/strong><\/h4>\n\t\t\n<style>\n#text-331425772 {\n  font-size: 0.75rem;\n  text-align: center;\n}\n<\/style>\n\t<\/div>\n\t\n<a href=\"https:\/\/labone.vn\/huylab\/tu-an-toan-sinh-hoc\/tu-an-toan-sinh-hoc-cap-2-loai-a2-huyair-bio2\/\" target=\"_self\" class=\"button primary is-outline expand\"  style=\"border-radius:99px;\">\n    <span>s\u1ea3n ph\u1ea9m<\/span>\n  <\/a>\n\n\t\t<\/div>\n\t\t\t\t\n<style>\n#col-965767724 > .col-inner {\n  margin: 0px 0px 0px 0px;\n  border-radius: 5px;\n}\n@media (min-width:550px) {\n  #col-965767724 > .col-inner {\n    margin: 20px 0px 0px 0px;\n  }\n}\n<\/style>\n\t<\/div>\n\n\t\n\n\t<div id=\"col-181818153\" class=\"col medium-3 small-6 large-3\"  >\n\t\t\t\t<div class=\"col-inner\"  >\n\t\t\t\n\t\t\t\n\t<div class=\"img has-hover x md-x lg-x y md-y lg-y\" id=\"image_2090375588\">\n\t\t\t\t\t\t\t\t<div class=\"img-inner dark\" >\n\t\t\t<img loading=\"lazy\" decoding=\"async\" width=\"900\" height=\"900\" src=\"https:\/\/labone.vn\/huylab\/wp-content\/uploads\/2023\/08\/HUYAir-Bio2-Elite-AVT-website-DC-Tourcreen.jpg\" class=\"attachment-original size-original\" alt=\"\" srcset=\"https:\/\/labone.vn\/huylab\/wp-content\/uploads\/2023\/08\/HUYAir-Bio2-Elite-AVT-website-DC-Tourcreen.jpg 900w, https:\/\/labone.vn\/huylab\/wp-content\/uploads\/2023\/08\/HUYAir-Bio2-Elite-AVT-website-DC-Tourcreen-800x800.jpg 800w, https:\/\/labone.vn\/huylab\/wp-content\/uploads\/2023\/08\/HUYAir-Bio2-Elite-AVT-website-DC-Tourcreen-100x100.jpg 100w, https:\/\/labone.vn\/huylab\/wp-content\/uploads\/2023\/08\/HUYAir-Bio2-Elite-AVT-website-DC-Tourcreen-500x500.jpg 500w, https:\/\/labone.vn\/huylab\/wp-content\/uploads\/2023\/08\/HUYAir-Bio2-Elite-AVT-website-DC-Tourcreen-768x768.jpg 768w\" sizes=\"auto, (max-width: 900px) 100vw, 900px\" \/>\t\t\t\t\t\t\n\t\t\t\t\t<\/div>\n\t\t\t\t\t\t\t\t\n<style>\n#image_2090375588 {\n  width: 100%;\n}\n<\/style>\n\t<\/div>\n\t\n\t<div id=\"text-2826447652\" class=\"text\">\n\t\t\n<h2 style=\"text-align: center;\">HUYAir Bio2 Elite<\/h2>\n<h4 style=\"text-align: center;\" data-animate=\"fadeIn\"><strong><span style=\"color: #3366ff; font-size: 100%;\">\u0110i\u1ec1u Khi\u1ec3n <\/span><\/strong><strong><span style=\"color: #3366ff; font-size: 100%;\">C\u1ea3m \u1ee8ng<\/span><\/strong><\/h4>\n<h4 style=\"text-align: center;\"><strong><span style=\"color: #3366ff; font-size: 100%;\" data-animate=\"fadeIn\">\u0110\u1ed9ng C\u01a1 DC<\/span><\/strong><\/h4>\n\t\t\n<style>\n#text-2826447652 {\n  font-size: 0.75rem;\n  text-align: center;\n}\n<\/style>\n\t<\/div>\n\t\n<a href=\"https:\/\/labone.vn\/huylab\/tu-an-toan-sinh-hoc\/tu-an-toan-sinh-hoc-cap-2-loai-a2-huyair-bio2-elite\/\" target=\"_self\" class=\"button primary is-outline expand\"  style=\"border-radius:99px;\">\n    <span>s\u1ea3n ph\u1ea9m<\/span>\n  <\/a>\n\n\t\t<\/div>\n\t\t\t\t\n<style>\n#col-181818153 > .col-inner {\n  margin: 0px 0px 0px 0px;\n  border-radius: 5px;\n}\n@media (min-width:550px) {\n  #col-181818153 > .col-inner {\n    margin: 20px 0px 0px 0px;\n  }\n}\n<\/style>\n\t<\/div>\n\n\t\n\n\t<div id=\"col-1828285241\" class=\"col medium-3 small-6 large-3\"  >\n\t\t\t\t<div class=\"col-inner\"  >\n\t\t\t\n\t\t\t\n\t<div class=\"img has-hover x md-x lg-x y md-y lg-y\" id=\"image_1638014086\">\n\t\t\t\t\t\t\t\t<div class=\"img-inner dark\" >\n\t\t\t<img loading=\"lazy\" decoding=\"async\" width=\"900\" height=\"900\" src=\"https:\/\/labone.vn\/huylab\/wp-content\/uploads\/2023\/08\/HUYAir-Bio2-Prime-Touch-DC-HUYlab-LABone.jpg\" class=\"attachment-original size-original\" alt=\"\" srcset=\"https:\/\/labone.vn\/huylab\/wp-content\/uploads\/2023\/08\/HUYAir-Bio2-Prime-Touch-DC-HUYlab-LABone.jpg 900w, https:\/\/labone.vn\/huylab\/wp-content\/uploads\/2023\/08\/HUYAir-Bio2-Prime-Touch-DC-HUYlab-LABone-800x800.jpg 800w, https:\/\/labone.vn\/huylab\/wp-content\/uploads\/2023\/08\/HUYAir-Bio2-Prime-Touch-DC-HUYlab-LABone-100x100.jpg 100w, https:\/\/labone.vn\/huylab\/wp-content\/uploads\/2023\/08\/HUYAir-Bio2-Prime-Touch-DC-HUYlab-LABone-500x500.jpg 500w, https:\/\/labone.vn\/huylab\/wp-content\/uploads\/2023\/08\/HUYAir-Bio2-Prime-Touch-DC-HUYlab-LABone-768x768.jpg 768w\" sizes=\"auto, (max-width: 900px) 100vw, 900px\" \/>\t\t\t\t\t\t\n\t\t\t\t\t<\/div>\n\t\t\t\t\t\t\t\t\n<style>\n#image_1638014086 {\n  width: 100%;\n}\n<\/style>\n\t<\/div>\n\t\n\t<div id=\"text-427915613\" class=\"text\">\n\t\t\n<h2 style=\"text-align: center;\">\u200eHUYAir Bio2 Prime<\/h2>\n<h4 style=\"text-align: center;\" data-animate=\"fadeIn\"><strong><span style=\"color: #3366ff; font-size: 100%;\">M\u00e0n H\u00ecnh C\u1ea3m \u1ee8ng<\/span><\/strong><\/h4>\n<h4 style=\"text-align: center;\"><strong><span style=\"color: #3366ff; font-size: 100%;\" data-animate=\"fadeIn\">\u0110\u1ed9ng C\u01a1 DC<\/span><\/strong><\/h4>\n\t\t\n<style>\n#text-427915613 {\n  font-size: 0.75rem;\n  text-align: center;\n}\n<\/style>\n\t<\/div>\n\t\n<a href=\"https:\/\/labone.vn\/huylab\/tu-an-toan-sinh-hoc\/tu-an-toan-sinh-hoc-cap-2-loai-a2-huyair-bio2-prime\/\" target=\"_self\" class=\"button primary is-outline expand\"  style=\"border-radius:99px;\">\n    <span>s\u1ea3n ph\u1ea9m<\/span>\n  <\/a>\n\n\t\t<\/div>\n\t\t\t\t\n<style>\n#col-1828285241 > .col-inner {\n  margin: 0px 0px 0px 0px;\n  border-radius: 5px;\n}\n@media (min-width:550px) {\n  #col-1828285241 > .col-inner {\n    margin: 20px 0px 0px 0px;\n  }\n}\n<\/style>\n\t<\/div>\n\n\t\n\n\t<div id=\"col-45502528\" class=\"col medium-3 small-6 large-3\"  >\n\t\t\t\t<div class=\"col-inner\"  >\n\t\t\t\n\t\t\t\n\t<div class=\"img has-hover x md-x lg-x y md-y lg-y\" id=\"image_976876414\">\n\t\t\t\t\t\t\t\t<div class=\"img-inner dark\" >\n\t\t\t<img loading=\"lazy\" decoding=\"async\" width=\"900\" height=\"900\" src=\"https:\/\/labone.vn\/huylab\/wp-content\/uploads\/2023\/08\/HUYAir-Bio2-Dual-Prime-AVT-website-DC-Tourcreen.jpg\" class=\"attachment-original size-original\" alt=\"\" srcset=\"https:\/\/labone.vn\/huylab\/wp-content\/uploads\/2023\/08\/HUYAir-Bio2-Dual-Prime-AVT-website-DC-Tourcreen.jpg 900w, https:\/\/labone.vn\/huylab\/wp-content\/uploads\/2023\/08\/HUYAir-Bio2-Dual-Prime-AVT-website-DC-Tourcreen-800x800.jpg 800w, https:\/\/labone.vn\/huylab\/wp-content\/uploads\/2023\/08\/HUYAir-Bio2-Dual-Prime-AVT-website-DC-Tourcreen-100x100.jpg 100w, https:\/\/labone.vn\/huylab\/wp-content\/uploads\/2023\/08\/HUYAir-Bio2-Dual-Prime-AVT-website-DC-Tourcreen-500x500.jpg 500w, https:\/\/labone.vn\/huylab\/wp-content\/uploads\/2023\/08\/HUYAir-Bio2-Dual-Prime-AVT-website-DC-Tourcreen-768x768.jpg 768w\" sizes=\"auto, (max-width: 900px) 100vw, 900px\" \/>\t\t\t\t\t\t\n\t\t\t\t\t<\/div>\n\t\t\t\t\t\t\t\t\n<style>\n#image_976876414 {\n  width: 100%;\n}\n<\/style>\n\t<\/div>\n\t\n\t<div id=\"text-2874409642\" class=\"text\">\n\t\t\n<h2 style=\"text-align: center;\">HUYAir Bio2 Dual Prime<\/h2>\n<h4 style=\"text-align: center;\" data-animate=\"fadeIn\"><strong><span style=\"color: #3366ff;\">02 C\u1eeda<\/span><\/strong><\/h4>\n<h4 style=\"text-align: center;\" data-animate=\"fadeIn\"><strong><span style=\"color: #3366ff; font-size: 100%;\">\u0110i\u1ec1u Khi\u1ec3n<\/span><\/strong><strong><span style=\"color: #3366ff; font-size: 100%;\"> C\u1ea3m \u1ee8ng<\/span><\/strong><\/h4>\n<h4 style=\"text-align: center;\"><strong><span style=\"color: #3366ff; font-size: 100%;\" data-animate=\"fadeIn\">\u0110\u1ed9ng C\u01a1 DC<\/span><\/strong><\/h4>\n\t\t\n<style>\n#text-2874409642 {\n  font-size: 0.75rem;\n  text-align: center;\n}\n<\/style>\n\t<\/div>\n\t\n<a href=\"https:\/\/labone.vn\/huylab\/tu-an-toan-sinh-hoc\/tu-an-toan-sinh-hoc-cap-2-loai-a2-huyair-bio2-dual-prime\/\" target=\"_self\" class=\"button primary is-outline expand\"  style=\"border-radius:99px;\">\n    <span>s\u1ea3n ph\u1ea9m<\/span>\n  <\/a>\n\n\t\t<\/div>\n\t\t\t\t\n<style>\n#col-45502528 > .col-inner {\n  margin: 0px 0px 0px 0px;\n  border-radius: 5px;\n}\n@media (min-width:550px) {\n  #col-45502528 > .col-inner {\n    margin: 20px 0px 0px 0px;\n  }\n}\n<\/style>\n\t<\/div>\n\n\t\n<\/div>\n\t\t<\/div>\n\n\t\t\n<style>\n#section_1573697510 {\n  padding-top: 0px;\n  padding-bottom: 0px;\n}\n@media (min-width:550px) {\n  #section_1573697510 {\n    padding-top: 30px;\n    padding-bottom: 30px;\n  }\n}\n<\/style>\n\t<\/section>\n\t\n\t<section class=\"section\" id=\"section_1522699559\">\n\t\t<div class=\"bg section-bg fill bg-fill  bg-loaded\" >\n\n\t\t\t\n\t\t\t\n\t\t\t\n\n\t\t<\/div>\n\n\t\t<div class=\"section-content relative\">\n\t\t\t\n<div class=\"container section-title-container\" ><h3 class=\"section-title section-title-center\"><b><\/b><span class=\"section-title-main\" >t\u1ee7 an to\u00e0n sinh h\u1ecdc c\u1ea5p 2, lo\u1ea1i a1 | huylab<\/span><b><\/b><\/h3><\/div>\n<div class=\"row\"  id=\"row-1605770959\">\n\n\t<div id=\"col-1275702890\" class=\"col medium-3 small-6 large-3\"  >\n\t\t\t\t<div class=\"col-inner\"  >\n\t\t\t\n\t\t\t\n\t<div class=\"img has-hover x md-x lg-x y md-y lg-y\" id=\"image_1704179040\">\n\t\t\t\t\t\t\t\t<div class=\"img-inner dark\" >\n\t\t\t<img loading=\"lazy\" decoding=\"async\" width=\"900\" height=\"900\" src=\"https:\/\/labone.vn\/huylab\/wp-content\/uploads\/2023\/08\/HUYAir-Bio2-Prime-Touch-DC-HUYlab-LABone.jpg\" class=\"attachment-original size-original\" alt=\"\" srcset=\"https:\/\/labone.vn\/huylab\/wp-content\/uploads\/2023\/08\/HUYAir-Bio2-Prime-Touch-DC-HUYlab-LABone.jpg 900w, https:\/\/labone.vn\/huylab\/wp-content\/uploads\/2023\/08\/HUYAir-Bio2-Prime-Touch-DC-HUYlab-LABone-800x800.jpg 800w, https:\/\/labone.vn\/huylab\/wp-content\/uploads\/2023\/08\/HUYAir-Bio2-Prime-Touch-DC-HUYlab-LABone-100x100.jpg 100w, https:\/\/labone.vn\/huylab\/wp-content\/uploads\/2023\/08\/HUYAir-Bio2-Prime-Touch-DC-HUYlab-LABone-500x500.jpg 500w, https:\/\/labone.vn\/huylab\/wp-content\/uploads\/2023\/08\/HUYAir-Bio2-Prime-Touch-DC-HUYlab-LABone-768x768.jpg 768w\" sizes=\"auto, (max-width: 900px) 100vw, 900px\" \/>\t\t\t\t\t\t\n\t\t\t\t\t<\/div>\n\t\t\t\t\t\t\t\t\n<style>\n#image_1704179040 {\n  width: 100%;\n}\n<\/style>\n\t<\/div>\n\t\n\t<div id=\"text-1718951321\" class=\"text\">\n\t\t\n<h2 style=\"text-align: center;\">\u200eHUYAir Bio2 A1 Prime<\/h2>\n<h4 style=\"text-align: center;\" data-animate=\"fadeIn\"><strong><span style=\"color: #3366ff; font-size: 100%;\">M\u00e0n H\u00ecnh C\u1ea3m \u1ee8ng<\/span><\/strong><\/h4>\n<h4 style=\"text-align: center;\"><strong><span style=\"color: #3366ff; font-size: 100%;\" data-animate=\"fadeIn\">\u0110\u1ed9ng C\u01a1 DC<\/span><\/strong><\/h4>\n\t\t\n<style>\n#text-1718951321 {\n  font-size: 0.75rem;\n  text-align: center;\n}\n<\/style>\n\t<\/div>\n\t\n<a href=\"https:\/\/labone.vn\/huylab\/tu-an-toan-sinh-hoc\/tu-an-toan-sinh-hoc-cap-2-loai-a1-huyair-bio2-a1-prime\/\" target=\"_self\" class=\"button primary is-outline expand\"  style=\"border-radius:99px;\">\n    <span>s\u1ea3n ph\u1ea9m<\/span>\n  <\/a>\n\n\t\t<\/div>\n\t\t\t\t\n<style>\n#col-1275702890 > .col-inner {\n  margin: 0px 0px 0px 0px;\n  border-radius: 5px;\n}\n@media (min-width:550px) {\n  #col-1275702890 > .col-inner {\n    margin: 20px 0px 0px 0px;\n  }\n}\n<\/style>\n\t<\/div>\n\n\t\n\n\t<div id=\"col-1079389919\" class=\"col medium-3 small-6 large-3\"  >\n\t\t\t\t<div class=\"col-inner\"  >\n\t\t\t\n\t\t\t\n\t\t<\/div>\n\t\t\t\t\t<\/div>\n\n\t\n\n\t<div id=\"col-340195687\" class=\"col medium-3 small-6 large-3\"  >\n\t\t\t\t<div class=\"col-inner\"  >\n\t\t\t\n\t\t\t\n\t\t<\/div>\n\t\t\t\t\t<\/div>\n\n\t\n\n\t<div id=\"col-1233737658\" class=\"col medium-3 small-6 large-3\"  >\n\t\t\t\t<div class=\"col-inner\"  >\n\t\t\t\n\t\t\t\n\t\t<\/div>\n\t\t\t\t\t<\/div>\n\n\t\n<\/div>\n\t\t<\/div>\n\n\t\t\n<style>\n#section_1522699559 {\n  padding-top: 0px;\n  padding-bottom: 0px;\n}\n<\/style>\n\t<\/section>\n\t\n\t<section class=\"section\" id=\"section_1596950678\">\n\t\t<div class=\"bg section-bg fill bg-fill  bg-loaded\" >\n\n\t\t\t\n\t\t\t\n\t\t\t\n\n\t\t<\/div>\n\n\t\t<div class=\"section-content relative\">\n\t\t\t\n<div class=\"container section-title-container\" ><h3 class=\"section-title section-title-center\"><b><\/b><span class=\"section-title-main\" >t\u1ee7 an to\u00e0n sinh h\u1ecdc c\u1ea5p 1 | huylab<\/span><b><\/b><\/h3><\/div>\n<div class=\"row row-divided\"  id=\"row-77884987\">\n\n\t<div id=\"col-1992196223\" class=\"col medium-3 small-6 large-3\"  >\n\t\t\t\t<div class=\"col-inner\"  >\n\t\t\t\n\t\t\t\n\t<div class=\"img has-hover x md-x lg-x y md-y lg-y\" id=\"image_1546767067\">\n\t\t\t\t\t\t\t\t<div class=\"img-inner dark\" >\n\t\t\t<img loading=\"lazy\" decoding=\"async\" width=\"900\" height=\"900\" src=\"https:\/\/labone.vn\/huylab\/wp-content\/uploads\/2024\/10\/huyair-bio1-ac-touch-avt.jpg\" class=\"attachment-original size-original\" alt=\"\" srcset=\"https:\/\/labone.vn\/huylab\/wp-content\/uploads\/2024\/10\/huyair-bio1-ac-touch-avt.jpg 900w, https:\/\/labone.vn\/huylab\/wp-content\/uploads\/2024\/10\/huyair-bio1-ac-touch-avt-500x500.jpg 500w, https:\/\/labone.vn\/huylab\/wp-content\/uploads\/2024\/10\/huyair-bio1-ac-touch-avt-768x768.jpg 768w, https:\/\/labone.vn\/huylab\/wp-content\/uploads\/2024\/10\/huyair-bio1-ac-touch-avt-800x800.jpg 800w, https:\/\/labone.vn\/huylab\/wp-content\/uploads\/2024\/10\/huyair-bio1-ac-touch-avt-100x100.jpg 100w\" sizes=\"auto, (max-width: 900px) 100vw, 900px\" \/>\t\t\t\t\t\t\n\t\t\t\t\t<\/div>\n\t\t\t\t\t\t\t\t\n<style>\n#image_1546767067 {\n  width: 100%;\n}\n<\/style>\n\t<\/div>\n\t\n\t<div id=\"text-1976723490\" class=\"text\">\n\t\t\n<h2 style=\"text-align: center;\">HUYAir Bio1<\/h2>\n<h4 style=\"text-align: center;\" data-animate=\"fadeIn\"><strong><span style=\"color: #3366ff; font-size: 100%;\">M\u00e0n H\u00ecnh C\u1ea3m \u1ee8ng<\/span><\/strong><\/h4>\n<h4 style=\"text-align: center;\"><strong><span style=\"color: #3366ff; font-size: 100%;\" data-animate=\"fadeIn\">\u0110\u1ed9ng C\u01a1 AC<\/span><\/strong><\/h4>\n\t\t\n<style>\n#text-1976723490 {\n  font-size: 0.75rem;\n  text-align: center;\n}\n<\/style>\n\t<\/div>\n\t\n<a href=\"https:\/\/labone.vn\/huylab\/tu-an-toan-sinh-hoc\/tu-an-toan-sinh-hoc-cap-1-huyair-bio1\/\" target=\"_self\" class=\"button primary is-outline expand\"  style=\"border-radius:99px;\">\n    <span>s\u1ea3n ph\u1ea9m<\/span>\n  <\/a>\n\n\t\t<\/div>\n\t\t\t\t\n<style>\n#col-1992196223 > .col-inner {\n  margin: 0px 0px 0px 0px;\n  border-radius: 5px;\n}\n@media (min-width:550px) {\n  #col-1992196223 > .col-inner {\n    margin: 20px 0px 0px 0px;\n  }\n}\n<\/style>\n\t<\/div>\n\n\t\n\n\t<div id=\"col-960578759\" class=\"col medium-3 small-6 large-3\"  >\n\t\t\t\t<div class=\"col-inner\"  >\n\t\t\t\n\t\t\t\n\t<div class=\"img has-hover x md-x lg-x y md-y lg-y\" id=\"image_387090121\">\n\t\t\t\t\t\t\t\t<div class=\"img-inner dark\" >\n\t\t\t<img loading=\"lazy\" decoding=\"async\" width=\"900\" height=\"900\" src=\"https:\/\/labone.vn\/huylab\/wp-content\/uploads\/2024\/10\/huyair-bio1-dc-touch-avt.jpg\" class=\"attachment-original size-original\" alt=\"\" srcset=\"https:\/\/labone.vn\/huylab\/wp-content\/uploads\/2024\/10\/huyair-bio1-dc-touch-avt.jpg 900w, https:\/\/labone.vn\/huylab\/wp-content\/uploads\/2024\/10\/huyair-bio1-dc-touch-avt-500x500.jpg 500w, https:\/\/labone.vn\/huylab\/wp-content\/uploads\/2024\/10\/huyair-bio1-dc-touch-avt-768x768.jpg 768w, https:\/\/labone.vn\/huylab\/wp-content\/uploads\/2024\/10\/huyair-bio1-dc-touch-avt-800x800.jpg 800w, https:\/\/labone.vn\/huylab\/wp-content\/uploads\/2024\/10\/huyair-bio1-dc-touch-avt-100x100.jpg 100w\" sizes=\"auto, (max-width: 900px) 100vw, 900px\" \/>\t\t\t\t\t\t\n\t\t\t\t\t<\/div>\n\t\t\t\t\t\t\t\t\n<style>\n#image_387090121 {\n  width: 100%;\n}\n<\/style>\n\t<\/div>\n\t\n\t<div id=\"text-2898597971\" class=\"text\">\n\t\t\n<h2 style=\"text-align: center;\">HUYAir Bio1 Elite<\/h2>\n<h4 style=\"text-align: center;\" data-animate=\"fadeIn\"><strong><span style=\"color: #3366ff; font-size: 100%;\">M\u00e0n H\u00ecnh C\u1ea3m \u1ee8ng<\/span><\/strong><\/h4>\n<h4 style=\"text-align: center;\"><strong><span style=\"color: #3366ff; font-size: 100%;\" data-animate=\"fadeIn\">\u0110\u1ed9ng C\u01a1 DC<\/span><\/strong><\/h4>\n\t\t\n<style>\n#text-2898597971 {\n  font-size: 0.75rem;\n  text-align: center;\n}\n<\/style>\n\t<\/div>\n\t\n<a href=\"https:\/\/labone.vn\/huylab\/tu-an-toan-sinh-hoc\/tu-an-toan-sinh-hoc-cap-1-huyair-bio1-elite\/\" target=\"_self\" class=\"button primary is-outline expand\"  style=\"border-radius:99px;\">\n    <span>s\u1ea3n ph\u1ea9m<\/span>\n  <\/a>\n\n\t\t<\/div>\n\t\t\t\t\n<style>\n#col-960578759 > .col-inner {\n  margin: 0px 0px 0px 0px;\n  border-radius: 5px;\n}\n@media (min-width:550px) {\n  #col-960578759 > .col-inner {\n    margin: 20px 0px 0px 0px;\n  }\n}\n<\/style>\n\t<\/div>\n\n\t\n<\/div>\n\t\t<\/div>\n\n\t\t\n<style>\n#section_1596950678 {\n  padding-top: 0px;\n  padding-bottom: 0px;\n}\n<\/style>\n\t<\/section>\n\t\n","protected":false},"excerpt":{"rendered":"","protected":false},"author":1,"featured_media":0,"parent":0,"menu_order":0,"comment_status":"closed","ping_status":"closed","template":"page-blank.php","meta":{"footnotes":""},"class_list":["post-1308","page","type-page","status-publish","hentry"],"_links":{"self":[{"href":"https:\/\/labone.vn\/huylab\/wp-json\/wp\/v2\/pages\/1308","targetHints":{"allow":["GET"]}}],"collection":[{"href":"https:\/\/labone.vn\/huylab\/wp-json\/wp\/v2\/pages"}],"about":[{"href":"https:\/\/labone.vn\/huylab\/wp-json\/wp\/v2\/types\/page"}],"author":[{"embeddable":true,"href":"https:\/\/labone.vn\/huylab\/wp-json\/wp\/v2\/users\/1"}],"replies":[{"embeddable":true,"href":"https:\/\/labone.vn\/huylab\/wp-json\/wp\/v2\/comments?post=1308"}],"version-history":[{"count":29,"href":"https:\/\/labone.vn\/huylab\/wp-json\/wp\/v2\/pages\/1308\/revisions"}],"predecessor-version":[{"id":2678,"href":"https:\/\/labone.vn\/huylab\/wp-json\/wp\/v2\/pages\/1308\/revisions\/2678"}],"wp:attachment":[{"href":"https:\/\/labone.vn\/huylab\/wp-json\/wp\/v2\/media?parent=1308"}],"curies":[{"name":"wp","href":"https:\/\/api.w.org\/{rel}","templated":true}]}}