{"id":1343,"date":"2023-08-23T08:35:51","date_gmt":"2023-08-23T08:35:51","guid":{"rendered":"https:\/\/labone.vn\/huylab\/?page_id=1343"},"modified":"2025-04-29T01:19:51","modified_gmt":"2025-04-29T01:19:51","slug":"tu-an-toan-sinh-hoc-cap-2-loai-a2-huyair-bio2","status":"publish","type":"page","link":"https:\/\/labone.vn\/huylab\/tu-an-toan-sinh-hoc\/tu-an-toan-sinh-hoc-cap-2-loai-a2-huyair-bio2\/","title":{"rendered":"T\u1ee7 An To\u00e0n Sinh H\u1ecdc C\u1ea5p 2, Lo\u1ea1i A2 HUYAir Bio2"},"content":{"rendered":"\n  <div class=\"banner has-hover\" id=\"banner-1487476115\">\n          <div class=\"banner-inner fill\">\n        <div class=\"banner-bg fill\" >\n            <div class=\"bg fill bg-fill \"><\/div>\n                        <div class=\"overlay\"><\/div>            \n                    <\/div>\n        <div class=\"banner-layers container\">\n            <div class=\"fill banner-link\"><\/div>            \n   <div id=\"text-box-1747213944\" class=\"text-box banner-layer x5 md-x5 lg-x5 y50 md-y50 lg-y50 res-text\">\n                                <div class=\"text-box-content text \">\n              \n              <div class=\"text-inner text-left\">\n                  \n\t<div id=\"text-1761744375\" class=\"text\">\n\t\t\n<h4 class=\"uppercase\"><span style=\"color: #3366ff;\"><strong>t\u1ee7 an to\u00e0n sinh h\u1ecdc c\u1ea5p 2, Lo\u1ea1i A2<\/strong><\/span><\/h4>\n<hr \/>\n<h4><span style=\"font-weight: 400;\">T\u1ee7 an to\u00e0n sinh h\u1ecdc c\u1ea5p 2, lo\u1ea1i A2 \u2013 HUYAir Bio2 \u2013 1500 \u0111\u01b0\u1ee3c thi\u1ebft k\u1ebf \u0111\u1ec3 b\u1ea3o v\u1ec7 ng\u01b0\u1eddi s\u1eed d\u1ee5ng, m\u1eabu v\u1eadt, v\u00e0 m\u00f4i tr\u01b0\u1eddng trong qu\u00e1 tr\u00ecnh l\u00e0m vi\u1ec7c, th\u01b0\u1eddng \u0111\u01b0\u1ee3c s\u1eed d\u1ee5ng trong c\u00e1c ph\u00f2ng th\u00ed nghi\u1ec7m vi sinh, y t\u1ebf, d\u01b0\u1ee3c ph\u1ea9m v\u00e0 nghi\u00ean c\u1ee9u c\u00f4ng ngh\u1ec7 sinh h\u1ecdc<\/span><\/h4>\n\t\t\n<style>\n#text-1761744375 {\n  font-size: 0.75rem;\n}\n@media (min-width:550px) {\n  #text-1761744375 {\n    font-size: 0.75rem;\n  }\n}\n<\/style>\n\t<\/div>\n\t\n<div class=\"is-divider divider clearfix\" ><\/div>\n              <\/div>\n           <\/div>\n                            \n<style>\n#text-box-1747213944 {\n  width: 60%;\n}\n#text-box-1747213944 .text-box-content {\n  font-size: 100%;\n}\n@media (min-width:550px) {\n  #text-box-1747213944 {\n    width: 40%;\n  }\n}\n<\/style>\n    <\/div>\n \n        <\/div>\n      <\/div>\n\n            \n<style>\n#banner-1487476115 {\n  padding-top: 50%;\n  background-color: rgb(255,255,255);\n}\n#banner-1487476115 .bg.bg-loaded {\n  background-image: url(https:\/\/labone.vn\/huylab\/wp-content\/uploads\/2024\/10\/huyair-bio2-touch-banner.jpg);\n}\n#banner-1487476115 .overlay {\n  background-color: rgba(255, 255, 255, 0.2);\n}\n#banner-1487476115 .bg {\n  background-position: 57% 0%;\n}\n@media (min-width:550px) {\n  #banner-1487476115 {\n    padding-top: 25%;\n  }\n}\n<\/style>\n  <\/div>\n\n\n<div class=\"row row-large row-divided\"  id=\"row-583716125\">\n\n\t<div id=\"col-1398776198\" class=\"col medium-4 small-12 large-4\"  >\n\t\t\t\t<div class=\"col-inner\"  >\n\t\t\t\n\t\t\t\n<div class=\"container section-title-container\" ><h4 class=\"section-title section-title-center\"><b><\/b><span class=\"section-title-main\" >K\u00edch th\u01b0\u1edbc 900<\/span><b><\/b><\/h4><\/div>\n\t<div class=\"img has-hover x md-x lg-x y md-y lg-y\" id=\"image_1165365108\">\n\t\t\t\t\t\t\t\t<div class=\"img-inner dark\" >\n\t\t\t<img loading=\"lazy\" decoding=\"async\" width=\"900\" height=\"900\" src=\"https:\/\/labone.vn\/huylab\/wp-content\/uploads\/2024\/10\/huyair-bio2-900-touch-avt.jpg\" class=\"attachment-original size-original\" alt=\"\" srcset=\"https:\/\/labone.vn\/huylab\/wp-content\/uploads\/2024\/10\/huyair-bio2-900-touch-avt.jpg 900w, https:\/\/labone.vn\/huylab\/wp-content\/uploads\/2024\/10\/huyair-bio2-900-touch-avt-500x500.jpg 500w, https:\/\/labone.vn\/huylab\/wp-content\/uploads\/2024\/10\/huyair-bio2-900-touch-avt-768x768.jpg 768w, https:\/\/labone.vn\/huylab\/wp-content\/uploads\/2024\/10\/huyair-bio2-900-touch-avt-800x800.jpg 800w, https:\/\/labone.vn\/huylab\/wp-content\/uploads\/2024\/10\/huyair-bio2-900-touch-avt-100x100.jpg 100w\" sizes=\"auto, (max-width: 900px) 100vw, 900px\" \/>\t\t\t\t\t\t\n\t\t\t\t\t<\/div>\n\t\t\t\t\t\t\t\t\n<style>\n#image_1165365108 {\n  width: 100%;\n}\n<\/style>\n\t<\/div>\n\t\n<h3><span style=\"color: #3366ff;\">Model HUYAir Bio2-900<\/span> | T\u1ee7 An To\u00e0n Sinh H\u1ecdc C\u1ea5p 2<\/h3>\n<p><span style=\"color: #3366ff;\">\u2714<\/span> <span style=\"color: #000000;\">K\u00edch th\u01b0\u1edbc ngo\u00e0i (RxSxC) R1050 x S850 x C1480 mm<\/span><\/p>\n<p><span style=\"color: #3366ff;\">\u2714<\/span> <span style=\"color: #000000;\">K\u00edch th\u01b0\u1edbc trong (RxSxC) R950 x S580 x C600 mm<\/span><\/p>\n<p><span style=\"color: #3366ff;\">\u2714<\/span> <span style=\"color: #000000;\">M\u00e0n h\u00ecnh c\u1ea3m \u1ee9ng<\/span><\/p>\n<p><span style=\"color: #3366ff;\">\u2714<\/span> <span style=\"color: #000000;\">\u0110\u1ed9ng c\u01a1 AC<\/span><\/p>\n<a href=\"https:\/\/labone.vn\/huylab\/san-pham\/model-huyair-bio2-900-tu-an-toan-sinh-hoc-cap-2-loai-a2\/\" target=\"_self\" class=\"button primary is-outline lowercase expand\"  style=\"border-radius:99px;\">\n    <span>HUYAir Bio2-900 \u2794<\/span>\n  <\/a>\n\n\t\t<\/div>\n\t\t\t\t\n<style>\n#col-1398776198 > .col-inner {\n  border-radius: 5px;\n}\n<\/style>\n\t<\/div>\n\n\t\n\n\t<div id=\"col-491980413\" class=\"col medium-4 small-12 large-4\"  >\n\t\t\t\t<div class=\"col-inner\"  >\n\t\t\t\n\t\t\t\n<div class=\"container section-title-container\" ><h4 class=\"section-title section-title-center\"><b><\/b><span class=\"section-title-main\" >K\u00edch th\u01b0\u1edbc 1200<\/span><b><\/b><\/h4><\/div>\n\t<div class=\"img has-hover x md-x lg-x y md-y lg-y\" id=\"image_1153464222\">\n\t\t\t\t\t\t\t\t<div class=\"img-inner dark\" >\n\t\t\t<img loading=\"lazy\" decoding=\"async\" width=\"900\" height=\"900\" src=\"https:\/\/labone.vn\/huylab\/wp-content\/uploads\/2024\/10\/huyair-bio2-1200-touch-avt.jpg\" class=\"attachment-original size-original\" alt=\"\" srcset=\"https:\/\/labone.vn\/huylab\/wp-content\/uploads\/2024\/10\/huyair-bio2-1200-touch-avt.jpg 900w, https:\/\/labone.vn\/huylab\/wp-content\/uploads\/2024\/10\/huyair-bio2-1200-touch-avt-500x500.jpg 500w, https:\/\/labone.vn\/huylab\/wp-content\/uploads\/2024\/10\/huyair-bio2-1200-touch-avt-768x768.jpg 768w, https:\/\/labone.vn\/huylab\/wp-content\/uploads\/2024\/10\/huyair-bio2-1200-touch-avt-800x800.jpg 800w, https:\/\/labone.vn\/huylab\/wp-content\/uploads\/2024\/10\/huyair-bio2-1200-touch-avt-100x100.jpg 100w\" sizes=\"auto, (max-width: 900px) 100vw, 900px\" \/>\t\t\t\t\t\t\n\t\t\t\t\t<\/div>\n\t\t\t\t\t\t\t\t\n<style>\n#image_1153464222 {\n  width: 100%;\n}\n<\/style>\n\t<\/div>\n\t\n<h3><span style=\"color: #3366ff;\">Model HUYAir Bio2-1200<\/span> | T\u1ee7 An To\u00e0n Sinh H\u1ecdc C\u1ea5p 2<\/h3>\n<p><span style=\"color: #3366ff;\">\u2714<\/span> <span style=\"color: #000000;\">K\u00edch th\u01b0\u1edbc ngo\u00e0i (RxSxC) R1380 x S850 X C1480mm<\/span><\/p>\n<p><span style=\"color: #3366ff;\">\u2714<\/span> <span style=\"color: #000000;\">K\u00edch th\u01b0\u1edbc trong (RxSxC) R1225 x S580 x C600 mm<\/span><\/p>\n<p><span style=\"color: #3366ff;\">\u2714<\/span> <span style=\"color: #000000;\">M\u00e0n h\u00ecnh c\u1ea3m \u1ee9ng<\/span><\/p>\n<p><span style=\"color: #3366ff;\">\u2714<\/span> <span style=\"color: #000000;\">\u0110\u1ed9ng c\u01a1 AC<\/span><\/p>\n<a href=\"https:\/\/labone.vn\/huylab\/san-pham\/model-huyair-bio2-1200-tu-an-toan-sinh-hoc-cap-2-loai-a2\/\" target=\"_self\" class=\"button primary is-outline lowercase expand\"  style=\"border-radius:99px;\">\n    <span>HUYAir Bio2-1200 \u2794<\/span>\n  <\/a>\n\n\t\t<\/div>\n\t\t\t\t\n<style>\n#col-491980413 > .col-inner {\n  border-radius: 5px;\n}\n<\/style>\n\t<\/div>\n\n\t\n\n\t<div id=\"col-1988225374\" class=\"col medium-4 small-12 large-4\"  >\n\t\t\t\t<div class=\"col-inner\"  >\n\t\t\t\n\t\t\t\n<div class=\"container section-title-container\" ><h4 class=\"section-title section-title-center\"><b><\/b><span class=\"section-title-main\" >K\u00edch th\u01b0\u1edbc 1500<\/span><b><\/b><\/h4><\/div>\n\t<div class=\"img has-hover x md-x lg-x y md-y lg-y\" id=\"image_1170367914\">\n\t\t\t\t\t\t\t\t<div class=\"img-inner dark\" >\n\t\t\t<img loading=\"lazy\" decoding=\"async\" width=\"900\" height=\"900\" src=\"https:\/\/labone.vn\/huylab\/wp-content\/uploads\/2024\/10\/huyair-bio2-1500-touch-avt.jpg\" class=\"attachment-original size-original\" alt=\"\" srcset=\"https:\/\/labone.vn\/huylab\/wp-content\/uploads\/2024\/10\/huyair-bio2-1500-touch-avt.jpg 900w, https:\/\/labone.vn\/huylab\/wp-content\/uploads\/2024\/10\/huyair-bio2-1500-touch-avt-500x500.jpg 500w, https:\/\/labone.vn\/huylab\/wp-content\/uploads\/2024\/10\/huyair-bio2-1500-touch-avt-768x768.jpg 768w, https:\/\/labone.vn\/huylab\/wp-content\/uploads\/2024\/10\/huyair-bio2-1500-touch-avt-800x800.jpg 800w, https:\/\/labone.vn\/huylab\/wp-content\/uploads\/2024\/10\/huyair-bio2-1500-touch-avt-100x100.jpg 100w\" sizes=\"auto, (max-width: 900px) 100vw, 900px\" \/>\t\t\t\t\t\t\n\t\t\t\t\t<\/div>\n\t\t\t\t\t\t\t\t\n<style>\n#image_1170367914 {\n  width: 100%;\n}\n<\/style>\n\t<\/div>\n\t\n<h3><span style=\"color: #3366ff;\">Model HUYAir Bio2-1500<\/span> | T\u1ee7 An To\u00e0n Sinh H\u1ecdc C\u1ea5p 2<\/h3>\n<p><span style=\"color: #000000;\"><span style=\"color: #3366ff;\">\u2714<\/span> K\u00edch th\u01b0\u1edbc ngo\u00e0i (RxSxC): R1685 x S850 x C1480 mm<\/span><\/p>\n<p><span style=\"color: #000000;\"><span style=\"color: #3366ff;\">\u2714<\/span> K\u00edch th\u01b0\u1edbc trong (RxSxC) R1560 x S580 x 600 mm<\/span><\/p>\n<p><span style=\"color: #3366ff;\">\u2714<\/span> <span style=\"color: #000000;\">M\u00e0n h\u00ecnh c\u1ea3m \u1ee9ng<\/span><\/p>\n<p><span style=\"color: #3366ff;\">\u2714<\/span> <span style=\"color: #000000;\">\u0110\u1ed9ng c\u01a1 AC<\/span><\/p>\n<a href=\"https:\/\/labone.vn\/huylab\/san-pham\/model-huyair-bio2-1500-tu-an-toan-sinh-hoc-cap-2-loai-a2\/\" target=\"_self\" class=\"button primary is-outline lowercase expand\"  style=\"border-radius:99px;\">\n    <span>HUYAir Bio2-1500 \u2794<\/span>\n  <\/a>\n\n\t\t<\/div>\n\t\t\t\t\n<style>\n#col-1988225374 > .col-inner {\n  border-radius: 5px;\n}\n<\/style>\n\t<\/div>\n\n\t\n\n\t<div id=\"col-1580119033\" class=\"col medium-4 small-12 large-4\"  >\n\t\t\t\t<div class=\"col-inner\"  >\n\t\t\t\n\t\t\t\n<div class=\"container section-title-container\" ><h4 class=\"section-title section-title-center\"><b><\/b><span class=\"section-title-main\" >K\u00edch th\u01b0\u1edbc 1800<\/span><b><\/b><\/h4><\/div>\n\t<div class=\"img has-hover x md-x lg-x y md-y lg-y\" id=\"image_422101031\">\n\t\t\t\t\t\t\t\t<div class=\"img-inner dark\" >\n\t\t\t<img loading=\"lazy\" decoding=\"async\" width=\"900\" height=\"900\" src=\"https:\/\/labone.vn\/huylab\/wp-content\/uploads\/2024\/10\/huyair-bio2-1800-touch-avt.jpg\" class=\"attachment-original size-original\" alt=\"\" srcset=\"https:\/\/labone.vn\/huylab\/wp-content\/uploads\/2024\/10\/huyair-bio2-1800-touch-avt.jpg 900w, https:\/\/labone.vn\/huylab\/wp-content\/uploads\/2024\/10\/huyair-bio2-1800-touch-avt-500x500.jpg 500w, https:\/\/labone.vn\/huylab\/wp-content\/uploads\/2024\/10\/huyair-bio2-1800-touch-avt-768x768.jpg 768w, https:\/\/labone.vn\/huylab\/wp-content\/uploads\/2024\/10\/huyair-bio2-1800-touch-avt-800x800.jpg 800w, https:\/\/labone.vn\/huylab\/wp-content\/uploads\/2024\/10\/huyair-bio2-1800-touch-avt-100x100.jpg 100w\" sizes=\"auto, (max-width: 900px) 100vw, 900px\" \/>\t\t\t\t\t\t\n\t\t\t\t\t<\/div>\n\t\t\t\t\t\t\t\t\n<style>\n#image_422101031 {\n  width: 100%;\n}\n<\/style>\n\t<\/div>\n\t\n<h3><span style=\"color: #3366ff;\">Model HUYAir Bio2-1800<\/span> | T\u1ee7 An To\u00e0n Sinh H\u1ecdc C\u1ea5p 2<\/h3>\n<p><span style=\"color: #000000;\"><span style=\"color: #3366ff;\">\u2714<\/span> K\u00edch th\u01b0\u1edbc ngo\u00e0i (RxSxC): R1990 x S850 x C1480 mm<\/span><\/p>\n<p><span style=\"color: #000000;\"><span style=\"color: #3366ff;\">\u2714<\/span> K\u00edch th\u01b0\u1edbc trong (RxSxC) R1865 x S580 x C600 mm<\/span><\/p>\n<p><span style=\"color: #3366ff;\">\u2714<\/span> <span style=\"color: #000000;\">M\u00e0n h\u00ecnh c\u1ea3m \u1ee9ng<\/span><\/p>\n<p><span style=\"color: #3366ff;\">\u2714<\/span> <span style=\"color: #000000;\">\u0110\u1ed9ng c\u01a1 AC<\/span><\/p>\n<a href=\"https:\/\/labone.vn\/huylab\/san-pham\/model-huyair-bio2-1800-tu-an-toan-sinh-hoc-cap-2-loai-a2\/\" target=\"_self\" class=\"button primary is-outline lowercase expand\"  style=\"border-radius:99px;\">\n    <span>HUYAir Bio2-1800 \u2794<\/span>\n  <\/a>\n\n\t\t<\/div>\n\t\t\t\t\n<style>\n#col-1580119033 > .col-inner {\n  border-radius: 5px;\n}\n<\/style>\n\t<\/div>\n\n\t\n<\/div>\n","protected":false},"excerpt":{"rendered":"","protected":false},"author":1,"featured_media":0,"parent":1308,"menu_order":0,"comment_status":"closed","ping_status":"closed","template":"page-blank.php","meta":{"footnotes":""},"class_list":["post-1343","page","type-page","status-publish","hentry"],"_links":{"self":[{"href":"https:\/\/labone.vn\/huylab\/wp-json\/wp\/v2\/pages\/1343","targetHints":{"allow":["GET"]}}],"collection":[{"href":"https:\/\/labone.vn\/huylab\/wp-json\/wp\/v2\/pages"}],"about":[{"href":"https:\/\/labone.vn\/huylab\/wp-json\/wp\/v2\/types\/page"}],"author":[{"embeddable":true,"href":"https:\/\/labone.vn\/huylab\/wp-json\/wp\/v2\/users\/1"}],"replies":[{"embeddable":true,"href":"https:\/\/labone.vn\/huylab\/wp-json\/wp\/v2\/comments?post=1343"}],"version-history":[{"count":20,"href":"https:\/\/labone.vn\/huylab\/wp-json\/wp\/v2\/pages\/1343\/revisions"}],"predecessor-version":[{"id":2751,"href":"https:\/\/labone.vn\/huylab\/wp-json\/wp\/v2\/pages\/1343\/revisions\/2751"}],"up":[{"embeddable":true,"href":"https:\/\/labone.vn\/huylab\/wp-json\/wp\/v2\/pages\/1308"}],"wp:attachment":[{"href":"https:\/\/labone.vn\/huylab\/wp-json\/wp\/v2\/media?parent=1343"}],"curies":[{"name":"wp","href":"https:\/\/api.w.org\/{rel}","templated":true}]}}