{"id":395,"date":"2023-04-26T04:16:39","date_gmt":"2023-04-26T04:16:39","guid":{"rendered":"https:\/\/labone.vn\/huylab\/?page_id=395"},"modified":"2023-07-26T08:30:18","modified_gmt":"2023-07-26T08:30:18","slug":"ve-huylab","status":"publish","type":"page","link":"https:\/\/labone.vn\/huylab\/ve-huylab\/","title":{"rendered":"V\u1ec1 HuyLab"},"content":{"rendered":"\t<section class=\"section\" id=\"section_299682465\">\n\t\t<div class=\"bg section-bg fill bg-fill  bg-loaded\" >\n\n\t\t\t\n\t\t\t\n\t\t\t\n\n\t\t<\/div>\n\n\t\t<div class=\"section-content relative\">\n\t\t\t\n<div class=\"row\"  id=\"row-316859960\">\n\n\t<div id=\"col-941888312\" class=\"col medium-6 small-12 large-6\"  >\n\t\t\t\t<div class=\"col-inner\"  >\n\t\t\t\n\t\t\t\n\t<div class=\"img has-hover x md-x lg-x y md-y lg-y\" id=\"image_1210642953\">\n\t\t\t\t\t\t\t\t<div class=\"img-inner dark\" >\n\t\t\t<img loading=\"lazy\" decoding=\"async\" width=\"2560\" height=\"1763\" src=\"https:\/\/labone.vn\/huylab\/wp-content\/uploads\/2022\/07\/DSC6786-1-scaled.jpg\" class=\"attachment-original size-original\" alt=\"\" srcset=\"https:\/\/labone.vn\/huylab\/wp-content\/uploads\/2022\/07\/DSC6786-1-scaled.jpg 2560w, https:\/\/labone.vn\/huylab\/wp-content\/uploads\/2022\/07\/DSC6786-1-scaled-800x551.jpg 800w, https:\/\/labone.vn\/huylab\/wp-content\/uploads\/2022\/07\/DSC6786-1-1000x689.jpg 1000w, https:\/\/labone.vn\/huylab\/wp-content\/uploads\/2022\/07\/DSC6786-1-2000x1377.jpg 2000w, https:\/\/labone.vn\/huylab\/wp-content\/uploads\/2022\/07\/DSC6786-1-768x529.jpg 768w, https:\/\/labone.vn\/huylab\/wp-content\/uploads\/2022\/07\/DSC6786-1-1536x1058.jpg 1536w, https:\/\/labone.vn\/huylab\/wp-content\/uploads\/2022\/07\/DSC6786-1-2048x1410.jpg 2048w, https:\/\/labone.vn\/huylab\/wp-content\/uploads\/2022\/07\/DSC6786-1-600x413.jpg 600w\" sizes=\"auto, (max-width: 2560px) 100vw, 2560px\" \/>\t\t\t\t\t\t\n\t\t\t\t\t<\/div>\n\t\t\t\t\t\t\t\t\n<style>\n#image_1210642953 {\n  width: 100%;\n}\n<\/style>\n\t<\/div>\n\t\n\t\t<\/div>\n\t\t\t\t\t<\/div>\n\n\t\n\n\t<div id=\"col-2126843392\" class=\"col medium-6 small-12 large-6\"  >\n\t\t\t\t<div class=\"col-inner\"  >\n\t\t\t\n\t\t\t\n\t<div id=\"text-1840900867\" class=\"text\">\n\t\t\n<h2>V\u1ec1 HUYlab<\/h2>\n\t\t\n<style>\n#text-1840900867 {\n  text-align: left;\n  color: rgb(38, 63, 126);\n}\n#text-1840900867 > * {\n  color: rgb(38, 63, 126);\n}\n<\/style>\n\t<\/div>\n\t\n<p><span style=\"font-size: 85%;\">HUYlab l\u00e0 th\u01b0\u01a1ng hi\u1ec7u c\u1ee7a LABone, m\u1ed9t c\u00f4ng ty chuy\u00ean cung c\u1ea5p gi\u1ea3i ph\u00e1p v\u00e0 thi\u1ebft b\u1ecb cho ph\u00f2ng th\u00ed nghi\u1ec7m. V\u1edbi m\u1ee5c ti\u00eau \u0111em \u0111\u1ebfn cho kh\u00e1ch h\u00e0ng nh\u1eefng s\u1ea3n ph\u1ea9m v\u00e0 d\u1ecbch v\u1ee5 ch\u1ea5t l\u01b0\u1ee3ng, HUYlab \u0111\u00e3 tr\u1edf th\u00e0nh m\u1ed9t trong nh\u1eefng th\u01b0\u01a1ng hi\u1ec7u h\u00e0ng \u0111\u1ea7u trong ng\u00e0nh c\u00f4ng nghi\u1ec7p ph\u00f2ng th\u00ed nghi\u1ec7m. <\/span><span style=\"font-size: 85%;\">HUYlab cung c\u1ea5p c\u00e1c s\u1ea3n ph\u1ea9m ch\u00ednh nh\u01b0 n\u1ed9i th\u1ea5t v\u00e0 thi\u1ebft b\u1ecb ph\u00f2ng th\u00ed nghi\u1ec7m, t\u1ee7 l\u01b0u tr\u1eef ho\u00e1 ch\u1ea5t, h\u1ec7 th\u1ed1ng x\u1eed l\u00fd kh\u00ed v\u00e0 h\u1ec7 th\u1ed1ng c\u1ea5p n\u01b0\u1edbc trong ph\u00f2ng th\u00ed nghi\u1ec7m. T\u1ea5t c\u1ea3 c\u00e1c s\u1ea3n ph\u1ea9m \u0111\u1ec1u \u0111\u01b0\u1ee3c thi\u1ebft k\u1ebf v\u00e0 s\u1ea3n xu\u1ea5t v\u1edbi ti\u00eau chu\u1ea9n cao, \u0111\u1ea3m b\u1ea3o t\u00ednh b\u1ec1n v\u1eefng v\u00e0 \u0111\u1ed9 ch\u00ednh x\u00e1c.<\/span><\/p>\n<p><span style=\"font-size: 85%;\">HUYlab kh\u00f4ng ch\u1ec9 ch\u00fa tr\u1ecdng v\u00e0o ch\u1ea5t l\u01b0\u1ee3ng s\u1ea3n ph\u1ea9m m\u00e0 c\u00f2n \u0111\u1ea7u t\u01b0 v\u00e0o d\u1ecbch v\u1ee5 kh\u00e1ch h\u00e0ng. C\u00f4ng ty c\u00f3 \u0111\u1ed9i ng\u0169 nh\u00e2n vi\u00ean h\u1ed7 tr\u1ee3 kh\u00e1ch h\u00e0ng nhi\u1ec7t t\u00ecnh, chuy\u00ean nghi\u1ec7p v\u00e0 lu\u00f4n s\u1eb5n s\u00e0ng gi\u1ea3i \u0111\u00e1p m\u1ecdi th\u1eafc m\u1eafc c\u1ee7a kh\u00e1ch h\u00e0ng. HUYlab c\u0169ng cam k\u1ebft \u0111\u00e1p \u1ee9ng y\u00eau c\u1ea7u v\u00e0 nhu c\u1ea7u c\u1ee7a kh\u00e1ch h\u00e0ng m\u1ed9t c\u00e1ch nhanh ch\u00f3ng v\u00e0 ch\u00ednh x\u00e1c.<\/span><\/p>\n\t\t<\/div>\n\t\t\t\t\t<\/div>\n\n\t\n\n<style>\n#row-316859960 > .col > .col-inner {\n  padding: 30px 0px 0px 0px;\n}\n<\/style>\n<\/div>\n<div class=\"row\"  id=\"row-1770251720\">\n\n\t<div id=\"col-138561321\" class=\"col small-12 large-12\"  >\n\t\t\t\t<div class=\"col-inner\"  >\n\t\t\t\n\t\t\t\n<div class=\"row row-small align-center\"  id=\"row-2125265926\">\n\n\t<div id=\"col-1787030889\" class=\"col medium-4 small-12 large-4\"  >\n\t\t\t\t<div class=\"col-inner\"  >\n\t\t\t\n\t\t\t\n<div class=\"row align-middle\"  id=\"row-811306594\">\n\n\t<div id=\"col-759971515\" class=\"col small-12 large-12\"  >\n\t\t\t\t<div class=\"col-inner text-center\"  >\n\t\t\t\n\t\t\t\n\t<div class=\"img has-hover x md-x lg-x y md-y lg-y\" id=\"image_723735358\">\n\t\t\t\t\t\t\t\t<div class=\"img-inner dark\" >\n\t\t\t<img loading=\"lazy\" decoding=\"async\" width=\"2085\" height=\"2085\" src=\"https:\/\/labone.vn\/huylab\/wp-content\/uploads\/2023\/04\/icon-8-03.png\" class=\"attachment-original size-original\" alt=\"\" srcset=\"https:\/\/labone.vn\/huylab\/wp-content\/uploads\/2023\/04\/icon-8-03.png 2085w, https:\/\/labone.vn\/huylab\/wp-content\/uploads\/2023\/04\/icon-8-03-800x800.png 800w, https:\/\/labone.vn\/huylab\/wp-content\/uploads\/2023\/04\/icon-8-03-100x100.png 100w, https:\/\/labone.vn\/huylab\/wp-content\/uploads\/2023\/04\/icon-8-03-1000x1000.png 1000w, https:\/\/labone.vn\/huylab\/wp-content\/uploads\/2023\/04\/icon-8-03-2000x2000.png 2000w, https:\/\/labone.vn\/huylab\/wp-content\/uploads\/2023\/04\/icon-8-03-500x500.png 500w, https:\/\/labone.vn\/huylab\/wp-content\/uploads\/2023\/04\/icon-8-03-768x768.png 768w, https:\/\/labone.vn\/huylab\/wp-content\/uploads\/2023\/04\/icon-8-03-1536x1536.png 1536w, https:\/\/labone.vn\/huylab\/wp-content\/uploads\/2023\/04\/icon-8-03-2048x2048.png 2048w, https:\/\/labone.vn\/huylab\/wp-content\/uploads\/2023\/04\/icon-8-03-300x300.png 300w, https:\/\/labone.vn\/huylab\/wp-content\/uploads\/2023\/04\/icon-8-03-600x600.png 600w\" sizes=\"auto, (max-width: 2085px) 100vw, 2085px\" \/>\t\t\t\t\t\t\n\t\t\t\t\t<\/div>\n\t\t\t\t\t\t\t\t\n<style>\n#image_723735358 {\n  width: 50%;\n}\n<\/style>\n\t<\/div>\n\t\n\t<div id=\"text-3384690264\" class=\"text\">\n\t\t\n<h2><span style=\"color: #ffffff;\"><a class=\"button primary is-underline is-large\" style=\"color: #ffffff;\">ch\u1ea5t l\u01b0\u1ee3ng<\/a><\/span><\/h2>\n\t\t\n<style>\n#text-3384690264 {\n  font-size: 0.75rem;\n  color: rgb(255, 255, 255);\n}\n#text-3384690264 > * {\n  color: rgb(255, 255, 255);\n}\n<\/style>\n\t<\/div>\n\t\n<p><span style=\"color: #ffffff;\">Nh\u00e0 m\u00e1y s\u1ea3n xu\u1ea5t c\u1ee7a ch\u00fang t\u00f4i \u0111\u01b0\u1ee3c ch\u1ee9ng nh\u1eadn I<strong>SO 9001, ISO 13485<\/strong>\u00a0v\u00e0 \u0111\u00e3 \u0111\u0103ng k\u00fd\u00a0<strong>CE IVD mark<\/strong>. V\u00ec v\u1eady ch\u00fang t\u00f4i tu\u00e2n th\u1ee7 c\u00e1c nguy\u00ean t\u1eafc ch\u1ea5t l\u01b0\u1ee3ng nghi\u00eam ng\u1eb7t nh\u1ea5t n\u00ean c\u00e1c kh\u00e1ch h\u00e0ng y\u00ean t\u00e2m v\u1ec1 ch\u1ea5t l\u01b0\u1ee3ng v\u00e0 \u0111\u1ed9 \u1ed5n \u0111\u1ecbnh c\u1ee7a s\u1ea3n ph\u1ea9m ch\u00fang t\u00f4i s\u1ea3n xu\u1ea5t.<\/span><\/p>\n\t\t<\/div>\n\t\t\t\t\t<\/div>\n\n\t\n<\/div>\n\t\t<\/div>\n\t\t\t\t\t<\/div>\n\n\t\n\n\t<div id=\"col-1535661213\" class=\"col medium-4 small-12 large-4\"  >\n\t\t\t\t<div class=\"col-inner\"  >\n\t\t\t\n\t\t\t\n<div class=\"row align-middle\"  id=\"row-158361026\">\n\n\t<div id=\"col-1884580733\" class=\"col small-12 large-12\"  >\n\t\t\t\t<div class=\"col-inner text-center\"  >\n\t\t\t\n\t\t\t\n\t<div class=\"img has-hover x md-x lg-x y md-y lg-y\" id=\"image_1640920621\">\n\t\t\t\t\t\t\t\t<div class=\"img-inner dark\" >\n\t\t\t<img loading=\"lazy\" decoding=\"async\" width=\"2085\" height=\"2085\" src=\"https:\/\/labone.vn\/huylab\/wp-content\/uploads\/2023\/04\/icon-6-03.png\" class=\"attachment-original size-original\" alt=\"\" srcset=\"https:\/\/labone.vn\/huylab\/wp-content\/uploads\/2023\/04\/icon-6-03.png 2085w, https:\/\/labone.vn\/huylab\/wp-content\/uploads\/2023\/04\/icon-6-03-800x800.png 800w, https:\/\/labone.vn\/huylab\/wp-content\/uploads\/2023\/04\/icon-6-03-100x100.png 100w, https:\/\/labone.vn\/huylab\/wp-content\/uploads\/2023\/04\/icon-6-03-1000x1000.png 1000w, https:\/\/labone.vn\/huylab\/wp-content\/uploads\/2023\/04\/icon-6-03-2000x2000.png 2000w, https:\/\/labone.vn\/huylab\/wp-content\/uploads\/2023\/04\/icon-6-03-500x500.png 500w, https:\/\/labone.vn\/huylab\/wp-content\/uploads\/2023\/04\/icon-6-03-768x768.png 768w, https:\/\/labone.vn\/huylab\/wp-content\/uploads\/2023\/04\/icon-6-03-1536x1536.png 1536w, https:\/\/labone.vn\/huylab\/wp-content\/uploads\/2023\/04\/icon-6-03-2048x2048.png 2048w, https:\/\/labone.vn\/huylab\/wp-content\/uploads\/2023\/04\/icon-6-03-300x300.png 300w, https:\/\/labone.vn\/huylab\/wp-content\/uploads\/2023\/04\/icon-6-03-600x600.png 600w\" sizes=\"auto, (max-width: 2085px) 100vw, 2085px\" \/>\t\t\t\t\t\t\n\t\t\t\t\t<\/div>\n\t\t\t\t\t\t\t\t\n<style>\n#image_1640920621 {\n  width: 50%;\n}\n<\/style>\n\t<\/div>\n\t\n\t<div id=\"text-1858935532\" class=\"text\">\n\t\t\n<h2><span style=\"color: #ffffff;\"><a class=\"button primary is-underline is-large\" style=\"color: #ffffff;\">N\u0102NG L\u1ef0C NH\u00c0 M\u00c1Y<\/a><\/span><\/h2>\n\t\t\n<style>\n#text-1858935532 {\n  font-size: 0.75rem;\n  color: rgb(255, 255, 255);\n}\n#text-1858935532 > * {\n  color: rgb(255, 255, 255);\n}\n<\/style>\n\t<\/div>\n\t\n<p><span style=\"color: #ffffff;\">Ch\u00fang t\u00f4i c\u00f3 5 ph\u00f2ng s\u1ea1ch \u0111\u1ea1t ISO 6 v\u00e0 ISO 7. C\u00f9ng v\u1edbi 4 h\u1ec7 th\u1ed1ng chi\u1ebft r\u00f3t, \u0111\u00f3ng g\u00f3i t\u1ef1 \u0111\u1ed9ng ho\u00e0n to\u00e0n. Ph\u00f2ng Th\u00ed nghi\u1ec7m QC hi\u1ec7n \u0111\u1ea1i. Trang b\u1ecb kho l\u1ea1nh l\u01b0u tr\u1eef s\u1ea3n ph\u1ea9m theo c\u00e1c ti\u00eau chu\u1ea9n GMP.\u00a0<\/span><\/p>\n\t\t<\/div>\n\t\t\t\t\t<\/div>\n\n\t\n<\/div>\n\t\t<\/div>\n\t\t\t\t\t<\/div>\n\n\t\n\n\t<div id=\"col-581292932\" class=\"col medium-4 small-12 large-4\"  >\n\t\t\t\t<div class=\"col-inner\"  >\n\t\t\t\n\t\t\t\n<div class=\"row align-middle\"  id=\"row-253504188\">\n\n\t<div id=\"col-1805059956\" class=\"col small-12 large-12\"  >\n\t\t\t\t<div class=\"col-inner text-center\"  >\n\t\t\t\n\t\t\t\n\t<div class=\"img has-hover x md-x lg-x y md-y lg-y\" id=\"image_943083699\">\n\t\t\t\t\t\t\t\t<div class=\"img-inner dark\" >\n\t\t\t<img loading=\"lazy\" decoding=\"async\" width=\"2085\" height=\"2085\" src=\"https:\/\/labone.vn\/huylab\/wp-content\/uploads\/2023\/04\/icon-07-03.png\" class=\"attachment-original size-original\" alt=\"\" srcset=\"https:\/\/labone.vn\/huylab\/wp-content\/uploads\/2023\/04\/icon-07-03.png 2085w, https:\/\/labone.vn\/huylab\/wp-content\/uploads\/2023\/04\/icon-07-03-800x800.png 800w, https:\/\/labone.vn\/huylab\/wp-content\/uploads\/2023\/04\/icon-07-03-100x100.png 100w, https:\/\/labone.vn\/huylab\/wp-content\/uploads\/2023\/04\/icon-07-03-1000x1000.png 1000w, https:\/\/labone.vn\/huylab\/wp-content\/uploads\/2023\/04\/icon-07-03-2000x2000.png 2000w, https:\/\/labone.vn\/huylab\/wp-content\/uploads\/2023\/04\/icon-07-03-500x500.png 500w, https:\/\/labone.vn\/huylab\/wp-content\/uploads\/2023\/04\/icon-07-03-768x768.png 768w, https:\/\/labone.vn\/huylab\/wp-content\/uploads\/2023\/04\/icon-07-03-1536x1536.png 1536w, https:\/\/labone.vn\/huylab\/wp-content\/uploads\/2023\/04\/icon-07-03-2048x2048.png 2048w, https:\/\/labone.vn\/huylab\/wp-content\/uploads\/2023\/04\/icon-07-03-300x300.png 300w, https:\/\/labone.vn\/huylab\/wp-content\/uploads\/2023\/04\/icon-07-03-600x600.png 600w\" sizes=\"auto, (max-width: 2085px) 100vw, 2085px\" \/>\t\t\t\t\t\t\n\t\t\t\t\t<\/div>\n\t\t\t\t\t\t\t\t\n<style>\n#image_943083699 {\n  width: 50%;\n}\n<\/style>\n\t<\/div>\n\t\n\t<div id=\"text-569172571\" class=\"text\">\n\t\t\n<h2><span style=\"color: #ffffff;\"><a class=\"button primary is-underline is-large\" style=\"color: #ffffff;\">C\u00d4NG XU\u1ea4T NH\u00c0 M\u00c1Y<\/a><\/span><\/h2>\n\t\t\n<style>\n#text-569172571 {\n  font-size: 0.75rem;\n  color: rgb(255, 255, 255);\n}\n#text-569172571 > * {\n  color: rgb(255, 255, 255);\n}\n<\/style>\n\t<\/div>\n\t\n<p><span style=\"color: #fcfcfc;\">Trang b\u1ecb h\u1ec7 th\u1ed1ng m\u00e1y m\u00f3c thi\u1ebft b\u1ecb t\u1ef1 \u0111\u1ed9ng v\u00e0 \u0111\u1ed3ng b\u1ed9 v\u1edbi vi\u1ec7c c\u00f3 5 ph\u00f2ng s\u1ea1ch theo ISO 7&amp;8. Ch\u00fang t\u00f4i c\u00f3 th\u1ec3 \u0111\u00e1p \u1ee9ng \u0111\u1ea7y \u0111\u1ee7 y\u00eau c\u1ea7u c\u1ee7a qu\u00fd kh\u00e1ch m\u1ed9t c\u00e1ch nhanh ch\u00f3ng v\u00e0 ti\u1ec7n l\u1ee3i nh\u1ea5t.<\/span><\/p>\n\t\t<\/div>\n\t\t\t\t\t<\/div>\n\n\t\n<\/div>\n\t\t<\/div>\n\t\t\t\t\t<\/div>\n\n\t\n<\/div>\n\t\t<\/div>\n\t\t\t\t\t<\/div>\n\n\t\n\n<style>\n#row-1770251720 > .col > .col-inner {\n  padding: 10px 0px 0px 0px;\n  background-color: rgb(38, 63, 126);\n}\n<\/style>\n<\/div>\n\t\t<\/div>\n\n\t\t\n<style>\n#section_299682465 {\n  padding-top: 0px;\n  padding-bottom: 0px;\n}\n<\/style>\n\t<\/section>\n\t\n","protected":false},"excerpt":{"rendered":"","protected":false},"author":1,"featured_media":0,"parent":0,"menu_order":0,"comment_status":"closed","ping_status":"closed","template":"page-blank.php","meta":{"footnotes":""},"class_list":["post-395","page","type-page","status-publish","hentry"],"_links":{"self":[{"href":"https:\/\/labone.vn\/huylab\/wp-json\/wp\/v2\/pages\/395","targetHints":{"allow":["GET"]}}],"collection":[{"href":"https:\/\/labone.vn\/huylab\/wp-json\/wp\/v2\/pages"}],"about":[{"href":"https:\/\/labone.vn\/huylab\/wp-json\/wp\/v2\/types\/page"}],"author":[{"embeddable":true,"href":"https:\/\/labone.vn\/huylab\/wp-json\/wp\/v2\/users\/1"}],"replies":[{"embeddable":true,"href":"https:\/\/labone.vn\/huylab\/wp-json\/wp\/v2\/comments?post=395"}],"version-history":[{"count":10,"href":"https:\/\/labone.vn\/huylab\/wp-json\/wp\/v2\/pages\/395\/revisions"}],"predecessor-version":[{"id":1237,"href":"https:\/\/labone.vn\/huylab\/wp-json\/wp\/v2\/pages\/395\/revisions\/1237"}],"wp:attachment":[{"href":"https:\/\/labone.vn\/huylab\/wp-json\/wp\/v2\/media?parent=395"}],"curies":[{"name":"wp","href":"https:\/\/api.w.org\/{rel}","templated":true}]}}